{"id":940,"date":"2024-06-20T09:55:09","date_gmt":"2024-06-20T09:55:09","guid":{"rendered":"https:\/\/www.in2greece.com\/swedish\/?page_id=940"},"modified":"2024-06-20T09:55:36","modified_gmt":"2024-06-20T09:55:36","slug":"knossos","status":"publish","type":"page","link":"https:\/\/www.in2greece.com\/swedish\/places\/historical\/islands\/knossos.htm","title":{"rendered":"Knossos"},"content":{"rendered":"\n<h2 class=\"wp-block-heading\">Knossos-palatsets historia<\/h2>\n\n\n<p><img decoding=\"async\" class=\"alignleft size-medium wp-image-941\" src=\"https:\/\/www.in2greece.com\/swedish\/wp-content\/uploads\/2024\/06\/knossos-300x221.jpg\" alt=\"Knossos palats\" width=\"300\" height=\"221\" srcset=\"https:\/\/www.in2greece.com\/swedish\/wp-content\/uploads\/2024\/06\/knossos-300x221.jpg 300w, https:\/\/www.in2greece.com\/swedish\/wp-content\/uploads\/2024\/06\/knossos.jpg 594w\" sizes=\"(max-width: 300px) 100vw, 300px\" \/>\u00a0 Knossos \u00e4r f\u00f6rmodligen en av de intressantaste arkeologiska platserna man kan bes\u00f6ka i dagens Grekland. Detta var en g\u00e5ng i tiden centrum f\u00f6r en av den antika v\u00e4rldens m\u00e4ktigaste civilisationer, och genom utgr\u00e4vningar, mytologi och historia ber\u00e4ttar platsen f\u00f6r oss historien om dess folk, Havets H\u00e4rskare, minoerna.<\/p>\n<p>Kretas bes\u00f6mdaste kung var den som gav civilisationen dess namn. Minos kan faktiskt ha varit flera kungar, men enligt traditionen var han Zeus som och en stor h\u00e4rskare, b\u00e5de i livet och i d\u00f6den.<\/p>\n<p>Minos var son till den feniciska prinsessan Europa, som hade bortr\u00f6vats av Zeus i form av en tjur. Han hade f\u00e5tt r\u00e4tten att styra och alla sina lagar av sin gudomlige fader, som han konsulterade vart nionde \u00e5r. Zeus var starkt anknuten till Kreta eftersom han hade v\u00e4xt upp h\u00e4r, och det ans\u00e5gs ibland att han varit \u00f6ns f\u00f6rste regent. Kretensarna hade till och med hans grav h\u00e4r.<\/p>\n<p>Minos var gift med Pasifae. N\u00e4r Kretas folk hade trotsat honom och sagt att tronen inte till-h\u00f6rde honom hade Minos svarat att det var gudens vilja att han regerade. Som ett tecken f\u00f6r detta s\u00e4nde Poseidon en tjur som kungen skulle offra, men den var s\u00e5 vacker att Minos beh\u00f6ll den och offrade en av sina egna tjurar. Detta f\u00f6rargade havsguden, och denne fick Pasifae att f\u00f6r\u00e4lska sig i den helige tjuren, och hon f\u00f6dde den ett barn:Minotauren.<\/p>\n<h3>Den ber\u00f6mde arkitekten och uppfinnaren<\/h3>\n<p><img decoding=\"async\" class=\"alignleft size-medium wp-image-942\" src=\"https:\/\/www.in2greece.com\/swedish\/wp-content\/uploads\/2024\/06\/dedalus-300x232.jpg\" alt=\"dedalus\" width=\"300\" height=\"232\" srcset=\"https:\/\/www.in2greece.com\/swedish\/wp-content\/uploads\/2024\/06\/dedalus-300x232.jpg 300w, https:\/\/www.in2greece.com\/swedish\/wp-content\/uploads\/2024\/06\/dedalus.jpg 600w\" sizes=\"(max-width: 300px) 100vw, 300px\" \/>Daidalos arbetade f\u00f6r Minos, och kungen bad honom nu att konstruera en labyrint d\u00e4r m\u00e4nniskortjuren Minotauros skulle h\u00e5llas. Minos son Androgeos hade \u00e5kt till Athen f\u00f6r att t\u00e4vla i dess spel.<\/p>\n<p>Han vann, men stadens konung skickade iv\u00e4g den unge mannen f\u00f6r att d\u00f6da en tjur i Marathon. Tjuren d\u00f6dade Androgeos, och n\u00e4r Minos fick veta detta f\u00f6rklarade han krig mot Athen. Zeus pl\u00e5gade staden och kungen blev tillsagd att g\u00f6ra vad Minos \u00e4n befallde f\u00f6r att upph\u00e4va f\u00f6rbannelsen.<\/p>\n<p>Minos befallde d\u00e5 att sju unga flickor och sju unga pojkar skulle skickas till Kreta f\u00f6r att offras till Minotauren vart nionde \u00e5r. Detta fortsatte tills Theseus kom med som en av ungdomarna som skulle offras. Minos dotter Ariadne f\u00f6r\u00e4lskade sig i honom, och hon och Daidalos hj\u00e4lpte honom bek\u00e4mpa Minotauren. Efter detta flydde de, och Minos straffade Daidalos genom att st\u00e4nga in honom och hans son Ikaros i labyrinten.<\/p>\n<p>Daidalos flykt \u00e4r en av den grekiska mytologins mest k\u00e4nda ber\u00e4ttelser. Han tillverkade vingar \u00e5t sig sj\u00e4lv och sin son genom att anv\u00e4nda fj\u00e4drar och vax, och de fl\u00f6g iv\u00e4g. Trots att Daidalos hade varnat honom, fl\u00f6g Ikaros f\u00f6r n\u00e4ra solen, och vaxet sm\u00e4lte och han drunknade i havet, som d\u00e4refter kallades det Ikariska havet.<\/p>\n<p>Daidalos fl\u00f6g till Sicilien, och fick asyl vid kung Kokalos hov. Minos hade f\u00f6rf\u00f6ljt honom hit, men n\u00e4r han n\u00e5dde Sicilien d\u00f6dade kung Kokalos d\u00f6ttrar honom. Efter sin d\u00f6d blev Minos en av domarna i underv\u00e4rlden.<\/p>\n<p>De flesta resebyr\u00e5erna erbjuder dagsturer till Knossos, men du kan naturligtvis ta dig hit p\u00e5 egen hand ocks\u00e5. Fr\u00e5n Heraklion g\u00e5r det bussar raka v\u00e4gen.<\/p>","protected":false},"excerpt":{"rendered":"<p>Knossos-palatsets historia \u00a0 Knossos \u00e4r f\u00f6rmodligen en av de intressantaste arkeologiska platserna man kan bes\u00f6ka i dagens Grekland. Detta var en g\u00e5ng i tiden centrum f\u00f6r en av den antika v\u00e4rldens m\u00e4ktigaste civilisationer, och genom utgr\u00e4vningar, mytologi och historia ber\u00e4ttar platsen f\u00f6r oss historien om dess folk, Havets H\u00e4rskare, minoerna. Kretas bes\u00f6mdaste kung var den<br \/><a class=\"moretag\" href=\"https:\/\/www.in2greece.com\/swedish\/places\/historical\/islands\/knossos.htm\">+ L\u00e4s Mer<\/a><\/p>\n","protected":false},"author":1,"featured_media":941,"parent":0,"menu_order":0,"comment_status":"closed","ping_status":"closed","template":"","meta":{"footnotes":""},"class_list":["post-940","page","type-page","status-publish","has-post-thumbnail","hentry"],"yoast_head":"<!-- This site is optimized with the Yoast SEO plugin v27.4 - https:\/\/yoast.com\/product\/yoast-seo-wordpress\/ -->\n<title>Knossos-palatsets historia<\/title>\n<meta name=\"description\" content=\"Knossos \u00e4r f\u00f6rmodligen en av de intressantaste arkeologiska platserna man kan bes\u00f6ka i dagens Grekland.\" \/>\n<meta name=\"robots\" content=\"index, follow, max-snippet:-1, max-image-preview:large, max-video-preview:-1\" \/>\n<link rel=\"canonical\" href=\"https:\/\/www.in2greece.com\/swedish\/places\/historical\/islands\/knossos.htm\" \/>\n<meta property=\"og:locale\" content=\"sv_SE\" \/>\n<meta property=\"og:type\" content=\"article\" \/>\n<meta property=\"og:title\" content=\"Knossos-palatsets historia\" \/>\n<meta property=\"og:description\" content=\"Knossos \u00e4r f\u00f6rmodligen en av de intressantaste arkeologiska platserna man kan bes\u00f6ka i dagens Grekland.\" \/>\n<meta property=\"og:url\" content=\"https:\/\/www.in2greece.com\/swedish\/places\/historical\/islands\/knossos.htm\" \/>\n<meta property=\"og:site_name\" content=\"Grekland\" \/>\n<meta property=\"article:publisher\" content=\"https:\/\/www.facebook.com\/in2greece\" \/>\n<meta property=\"article:modified_time\" content=\"2024-06-20T09:55:36+00:00\" \/>\n<meta property=\"og:image\" content=\"https:\/\/www.in2greece.com\/swedish\/wp-content\/uploads\/2024\/06\/knossos.jpg\" \/>\n\t<meta property=\"og:image:width\" content=\"594\" \/>\n\t<meta property=\"og:image:height\" content=\"437\" \/>\n\t<meta property=\"og:image:type\" content=\"image\/jpeg\" \/>\n<meta name=\"twitter:card\" content=\"summary_large_image\" \/>\n<meta name=\"twitter:label1\" content=\"Ber\u00e4knad l\u00e4stid\" \/>\n\t<meta name=\"twitter:data1\" content=\"4 minuter\" \/>\n<script type=\"application\/ld+json\" class=\"yoast-schema-graph\">{\"@context\":\"https:\\\/\\\/schema.org\",\"@graph\":[{\"@type\":\"WebPage\",\"@id\":\"https:\\\/\\\/www.in2greece.com\\\/swedish\\\/places\\\/historical\\\/islands\\\/knossos.htm\",\"url\":\"https:\\\/\\\/www.in2greece.com\\\/swedish\\\/places\\\/historical\\\/islands\\\/knossos.htm\",\"name\":\"Knossos-palatsets historia\",\"isPartOf\":{\"@id\":\"https:\\\/\\\/www.in2greece.com\\\/swedish\\\/#website\"},\"primaryImageOfPage\":{\"@id\":\"https:\\\/\\\/www.in2greece.com\\\/swedish\\\/places\\\/historical\\\/islands\\\/knossos.htm#primaryimage\"},\"image\":{\"@id\":\"https:\\\/\\\/www.in2greece.com\\\/swedish\\\/places\\\/historical\\\/islands\\\/knossos.htm#primaryimage\"},\"thumbnailUrl\":\"https:\\\/\\\/www.in2greece.com\\\/swedish\\\/wp-content\\\/uploads\\\/2024\\\/06\\\/knossos.jpg\",\"datePublished\":\"2024-06-20T09:55:09+00:00\",\"dateModified\":\"2024-06-20T09:55:36+00:00\",\"description\":\"Knossos \u00e4r f\u00f6rmodligen en av de intressantaste arkeologiska platserna man kan bes\u00f6ka i dagens Grekland.\",\"breadcrumb\":{\"@id\":\"https:\\\/\\\/www.in2greece.com\\\/swedish\\\/places\\\/historical\\\/islands\\\/knossos.htm#breadcrumb\"},\"inLanguage\":\"sv-SE\",\"potentialAction\":[{\"@type\":\"ReadAction\",\"target\":[\"https:\\\/\\\/www.in2greece.com\\\/swedish\\\/places\\\/historical\\\/islands\\\/knossos.htm\"]}]},{\"@type\":\"ImageObject\",\"inLanguage\":\"sv-SE\",\"@id\":\"https:\\\/\\\/www.in2greece.com\\\/swedish\\\/places\\\/historical\\\/islands\\\/knossos.htm#primaryimage\",\"url\":\"https:\\\/\\\/www.in2greece.com\\\/swedish\\\/wp-content\\\/uploads\\\/2024\\\/06\\\/knossos.jpg\",\"contentUrl\":\"https:\\\/\\\/www.in2greece.com\\\/swedish\\\/wp-content\\\/uploads\\\/2024\\\/06\\\/knossos.jpg\",\"width\":594,\"height\":437,\"caption\":\"Knossos palats\"},{\"@type\":\"BreadcrumbList\",\"@id\":\"https:\\\/\\\/www.in2greece.com\\\/swedish\\\/places\\\/historical\\\/islands\\\/knossos.htm#breadcrumb\",\"itemListElement\":[{\"@type\":\"ListItem\",\"position\":1,\"name\":\"Home\",\"item\":\"https:\\\/\\\/www.in2greece.com\\\/swedish\\\/\"},{\"@type\":\"ListItem\",\"position\":2,\"name\":\"Knossos\"}]},{\"@type\":\"WebSite\",\"@id\":\"https:\\\/\\\/www.in2greece.com\\\/swedish\\\/#website\",\"url\":\"https:\\\/\\\/www.in2greece.com\\\/swedish\\\/\",\"name\":\"Grekland\",\"description\":\"Reseguide till Grekland\",\"publisher\":{\"@id\":\"https:\\\/\\\/www.in2greece.com\\\/swedish\\\/#organization\"},\"potentialAction\":[{\"@type\":\"SearchAction\",\"target\":{\"@type\":\"EntryPoint\",\"urlTemplate\":\"https:\\\/\\\/www.in2greece.com\\\/swedish\\\/?s={search_term_string}\"},\"query-input\":{\"@type\":\"PropertyValueSpecification\",\"valueRequired\":true,\"valueName\":\"search_term_string\"}}],\"inLanguage\":\"sv-SE\"},{\"@type\":\"Organization\",\"@id\":\"https:\\\/\\\/www.in2greece.com\\\/swedish\\\/#organization\",\"name\":\"www.in2greece.com\",\"url\":\"https:\\\/\\\/www.in2greece.com\\\/swedish\\\/\",\"logo\":{\"@type\":\"ImageObject\",\"inLanguage\":\"sv-SE\",\"@id\":\"https:\\\/\\\/www.in2greece.com\\\/swedish\\\/#\\\/schema\\\/logo\\\/image\\\/\",\"url\":\"https:\\\/\\\/www.in2greece.com\\\/swedish\\\/wp-content\\\/uploads\\\/2022\\\/02\\\/in2greece.png\",\"contentUrl\":\"https:\\\/\\\/www.in2greece.com\\\/swedish\\\/wp-content\\\/uploads\\\/2022\\\/02\\\/in2greece.png\",\"width\":150,\"height\":149,\"caption\":\"www.in2greece.com\"},\"image\":{\"@id\":\"https:\\\/\\\/www.in2greece.com\\\/swedish\\\/#\\\/schema\\\/logo\\\/image\\\/\"},\"sameAs\":[\"https:\\\/\\\/www.facebook.com\\\/in2greece\"]}]}<\/script>\n<!-- \/ Yoast SEO plugin. -->","yoast_head_json":{"title":"Knossos-palatsets historia","description":"Knossos \u00e4r f\u00f6rmodligen en av de intressantaste arkeologiska platserna man kan bes\u00f6ka i dagens Grekland.","robots":{"index":"index","follow":"follow","max-snippet":"max-snippet:-1","max-image-preview":"max-image-preview:large","max-video-preview":"max-video-preview:-1"},"canonical":"https:\/\/www.in2greece.com\/swedish\/places\/historical\/islands\/knossos.htm","og_locale":"sv_SE","og_type":"article","og_title":"Knossos-palatsets historia","og_description":"Knossos \u00e4r f\u00f6rmodligen en av de intressantaste arkeologiska platserna man kan bes\u00f6ka i dagens Grekland.","og_url":"https:\/\/www.in2greece.com\/swedish\/places\/historical\/islands\/knossos.htm","og_site_name":"Grekland","article_publisher":"https:\/\/www.facebook.com\/in2greece","article_modified_time":"2024-06-20T09:55:36+00:00","og_image":[{"width":594,"height":437,"url":"https:\/\/www.in2greece.com\/swedish\/wp-content\/uploads\/2024\/06\/knossos.jpg","type":"image\/jpeg"}],"twitter_card":"summary_large_image","twitter_misc":{"Ber\u00e4knad l\u00e4stid":"4 minuter"},"schema":{"@context":"https:\/\/schema.org","@graph":[{"@type":"WebPage","@id":"https:\/\/www.in2greece.com\/swedish\/places\/historical\/islands\/knossos.htm","url":"https:\/\/www.in2greece.com\/swedish\/places\/historical\/islands\/knossos.htm","name":"Knossos-palatsets historia","isPartOf":{"@id":"https:\/\/www.in2greece.com\/swedish\/#website"},"primaryImageOfPage":{"@id":"https:\/\/www.in2greece.com\/swedish\/places\/historical\/islands\/knossos.htm#primaryimage"},"image":{"@id":"https:\/\/www.in2greece.com\/swedish\/places\/historical\/islands\/knossos.htm#primaryimage"},"thumbnailUrl":"https:\/\/www.in2greece.com\/swedish\/wp-content\/uploads\/2024\/06\/knossos.jpg","datePublished":"2024-06-20T09:55:09+00:00","dateModified":"2024-06-20T09:55:36+00:00","description":"Knossos \u00e4r f\u00f6rmodligen en av de intressantaste arkeologiska platserna man kan bes\u00f6ka i dagens Grekland.","breadcrumb":{"@id":"https:\/\/www.in2greece.com\/swedish\/places\/historical\/islands\/knossos.htm#breadcrumb"},"inLanguage":"sv-SE","potentialAction":[{"@type":"ReadAction","target":["https:\/\/www.in2greece.com\/swedish\/places\/historical\/islands\/knossos.htm"]}]},{"@type":"ImageObject","inLanguage":"sv-SE","@id":"https:\/\/www.in2greece.com\/swedish\/places\/historical\/islands\/knossos.htm#primaryimage","url":"https:\/\/www.in2greece.com\/swedish\/wp-content\/uploads\/2024\/06\/knossos.jpg","contentUrl":"https:\/\/www.in2greece.com\/swedish\/wp-content\/uploads\/2024\/06\/knossos.jpg","width":594,"height":437,"caption":"Knossos palats"},{"@type":"BreadcrumbList","@id":"https:\/\/www.in2greece.com\/swedish\/places\/historical\/islands\/knossos.htm#breadcrumb","itemListElement":[{"@type":"ListItem","position":1,"name":"Home","item":"https:\/\/www.in2greece.com\/swedish\/"},{"@type":"ListItem","position":2,"name":"Knossos"}]},{"@type":"WebSite","@id":"https:\/\/www.in2greece.com\/swedish\/#website","url":"https:\/\/www.in2greece.com\/swedish\/","name":"Grekland","description":"Reseguide till Grekland","publisher":{"@id":"https:\/\/www.in2greece.com\/swedish\/#organization"},"potentialAction":[{"@type":"SearchAction","target":{"@type":"EntryPoint","urlTemplate":"https:\/\/www.in2greece.com\/swedish\/?s={search_term_string}"},"query-input":{"@type":"PropertyValueSpecification","valueRequired":true,"valueName":"search_term_string"}}],"inLanguage":"sv-SE"},{"@type":"Organization","@id":"https:\/\/www.in2greece.com\/swedish\/#organization","name":"www.in2greece.com","url":"https:\/\/www.in2greece.com\/swedish\/","logo":{"@type":"ImageObject","inLanguage":"sv-SE","@id":"https:\/\/www.in2greece.com\/swedish\/#\/schema\/logo\/image\/","url":"https:\/\/www.in2greece.com\/swedish\/wp-content\/uploads\/2022\/02\/in2greece.png","contentUrl":"https:\/\/www.in2greece.com\/swedish\/wp-content\/uploads\/2022\/02\/in2greece.png","width":150,"height":149,"caption":"www.in2greece.com"},"image":{"@id":"https:\/\/www.in2greece.com\/swedish\/#\/schema\/logo\/image\/"},"sameAs":["https:\/\/www.facebook.com\/in2greece"]}]}},"_links":{"self":[{"href":"https:\/\/www.in2greece.com\/swedish\/wp-json\/wp\/v2\/pages\/940","targetHints":{"allow":["GET"]}}],"collection":[{"href":"https:\/\/www.in2greece.com\/swedish\/wp-json\/wp\/v2\/pages"}],"about":[{"href":"https:\/\/www.in2greece.com\/swedish\/wp-json\/wp\/v2\/types\/page"}],"author":[{"embeddable":true,"href":"https:\/\/www.in2greece.com\/swedish\/wp-json\/wp\/v2\/users\/1"}],"replies":[{"embeddable":true,"href":"https:\/\/www.in2greece.com\/swedish\/wp-json\/wp\/v2\/comments?post=940"}],"version-history":[{"count":0,"href":"https:\/\/www.in2greece.com\/swedish\/wp-json\/wp\/v2\/pages\/940\/revisions"}],"wp:featuredmedia":[{"embeddable":true,"href":"https:\/\/www.in2greece.com\/swedish\/wp-json\/wp\/v2\/media\/941"}],"wp:attachment":[{"href":"https:\/\/www.in2greece.com\/swedish\/wp-json\/wp\/v2\/media?parent=940"}],"curies":[{"name":"wp","href":"https:\/\/api.w.org\/{rel}","templated":true}]}}