{"id":82,"date":"2023-11-25T12:54:52","date_gmt":"2023-11-25T11:54:52","guid":{"rendered":"https:\/\/www.in2greece.com\/swedish\/places\/summer\/islands\/?page_id=82"},"modified":"2024-07-01T08:39:45","modified_gmt":"2024-07-01T08:39:45","slug":"andros-3","status":"publish","type":"page","link":"https:\/\/www.in2greece.com\/swedish\/andros.html","title":{"rendered":"Andros"},"content":{"rendered":"\n<h2 class=\"wp-block-heading\">Andros Saker att g\u00f6ra<\/h2>\n\n\n<p>Andros \u00e4r den st\u00f6rsta av de grekiska Kykladerna, bel\u00e4gen i Egeiska havet, 30 kilometer sydost om fastlandsporten Rafina. \u00d6n har till stor del f\u00f6rbisetts av internationella turister men \u00e4r en favoritutflykt f\u00f6r f\u00f6rm\u00f6gna atenare, m\u00e5nga av vilka \u00e4ger villor h\u00e4r. Du kommer inte att hitta det vilda partylivet fr\u00e5n Mykonos eller Santorini p\u00e5 denna \u00f6, men om det \u00e4r frodiga gr\u00f6na dalar, vattenfall och bergsk\u00e4llor du \u00e4r ute efter, har du kommit till r\u00e4tt plats.<\/p>\n<p><img decoding=\"async\" class=\"alignnone size-full wp-image-1038\" src=\"https:\/\/www.in2greece.com\/swedish\/wp-content\/uploads\/2024\/06\/andros-grekland.jpg\" alt=\"andros-grekland\" width=\"1000\" height=\"394\" srcset=\"https:\/\/www.in2greece.com\/swedish\/wp-content\/uploads\/2024\/06\/andros-grekland.jpg 1000w, https:\/\/www.in2greece.com\/swedish\/wp-content\/uploads\/2024\/06\/andros-grekland-300x118.jpg 300w, https:\/\/www.in2greece.com\/swedish\/wp-content\/uploads\/2024\/06\/andros-grekland-768x303.jpg 768w\" sizes=\"(max-width: 1000px) 100vw, 1000px\" \/><\/p>\n<p>\u00d6n ligger tv\u00e5 timmars f\u00e4rjetur fr\u00e5n Rafina, fastlandets n\u00e4st st\u00f6rsta hamn (en timmes bussresa nordost om Aten). Ta en sv\u00e4vare f\u00f6r att halvera din restid. Det finns ocks\u00e5 regelbundna f\u00e4rje- och snabbb\u00e5tsf\u00f6rbindelser till m\u00e5nga av de n\u00e4rliggande \u00f6arna inklusive Mykonos, Syros, Tinos och Paros.<\/p>\n<p>Andros \u00e4r en av de mest b\u00f6rdiga av alla Kykladerna som vanligtvis k\u00e4nnetecknas av sina n\u00e5got torra och karga landskap. Andros \u00e4r rik p\u00e5 bergsb\u00e4ckar som rinner ner mot kusten. Den rikliga vattentillg\u00e5ngen har lett till odling av oliver, fikon, citrusfrukter och vinrankor.<\/p>\n<p>\u00d6n \u00e4r ett paradis f\u00f6r vandrare \u2013 en plats d\u00e4r du kan vandra i timmar l\u00e4ngs bergsstigarna, stanna vid en taverna vid floden f\u00f6r prisv\u00e4rd grekisk mat medan du lyssnar p\u00e5 n\u00e4ktergalarnas s\u00e5ng utan en annan turist i sikte.<\/p>\n<p>Andros har 110 kilometer kustlinje med inte mindre \u00e4n 300 sandstr\u00e4nder, de flesta or\u00f6rda av turismen. Vissa kan endast n\u00e5s med sm\u00e5b\u00e5t eller moped. \u00d6n har endast ett st\u00f6rre turistomr\u00e5de i Batsi, \u00e5tta kilometer s\u00f6der om hamnen i Gavrio d\u00e4r f\u00e4rjorna och Flying Dolphins anl\u00e4nder.<\/p>\n<p>Batsi \u00e4r platsen att bege sig till om du vill ha alla vanliga turistfaciliteter \u2013 vattensporter, nattliv, boende och matst\u00e4llen i \u00f6verfl\u00f6d. Andros stad, p\u00e5 \u00f6stsidan av \u00f6n, \u00e4r en f\u00f6rtrollande plats p\u00e5 en l\u00e5ng, smal halv\u00f6 \u2013 dyrare \u00e4n Batsi eftersom det \u00e4r h\u00e4r de f\u00f6rm\u00f6gna skepps\u00e4gande familjerna tillbringar natten. Dess imponerande neoklassiska herrg\u00e5rdar fr\u00e5n 1800-talet, en g\u00e5ng hem f\u00f6r v\u00e4lb\u00e4rgade sj\u00f6kaptener, ger \u00f6ns huvudstad en k\u00e4nsla av gammaldags elegans.<\/p>\n<p><img decoding=\"async\" class=\"alignnone size-full wp-image-1035\" src=\"https:\/\/www.in2greece.com\/swedish\/wp-content\/uploads\/2024\/06\/batsi-andrps.jpg\" alt=\"batsi-andros\" width=\"1000\" height=\"394\" srcset=\"https:\/\/www.in2greece.com\/swedish\/wp-content\/uploads\/2024\/06\/batsi-andrps.jpg 1000w, https:\/\/www.in2greece.com\/swedish\/wp-content\/uploads\/2024\/06\/batsi-andrps-300x118.jpg 300w, https:\/\/www.in2greece.com\/swedish\/wp-content\/uploads\/2024\/06\/batsi-andrps-768x303.jpg 768w\" sizes=\"(max-width: 1000px) 100vw, 1000px\" \/><\/p>\n<h3>Aktiviteter och sev\u00e4rdheter<\/h3>\n<p>\u00d6n erbjuder museer att bes\u00f6ka, historiska platser att utforska och ett n\u00e4tverk av landsv\u00e4gar och stigar d\u00e4r du kan vandra genom tallskogar och mullb\u00e4rstr\u00e4d f\u00f6r att hitta vackra inlandbyar och bergsk\u00e4llor. Andros \u00e4r den enda Kykladiska \u00f6n med en k\u00e4lla f\u00f6r naturligt k\u00e4llvatten som tappas p\u00e5 flaska och exporteras \u00f6ver hela Grekland.<\/p>\n<p>De slingrande stenmurar och antika duvslag som pryder \u00f6n \u00e4r bland dess mest utm\u00e4rkande drag. De utsmyckade duvslagen introducerades av venetianerna som hade makten h\u00e4r p\u00e5 1200-talet. Ytterligare bevis p\u00e5 den venetianska ockupationen kan ses i ruinerna av slottet, byggt omkring 1220, som ligger p\u00e5 den lilla \u00f6n vid slutet av halv\u00f6n i Andros stad.<\/p>\n<p><img decoding=\"async\" class=\"alignnone size-full wp-image-1034\" src=\"https:\/\/www.in2greece.com\/swedish\/wp-content\/uploads\/2024\/06\/andros-3.jpg\" alt=\"andros\" width=\"1000\" height=\"394\" srcset=\"https:\/\/www.in2greece.com\/swedish\/wp-content\/uploads\/2024\/06\/andros-3.jpg 1000w, https:\/\/www.in2greece.com\/swedish\/wp-content\/uploads\/2024\/06\/andros-3-300x118.jpg 300w, https:\/\/www.in2greece.com\/swedish\/wp-content\/uploads\/2024\/06\/andros-3-768x303.jpg 768w\" sizes=\"(max-width: 1000px) 100vw, 1000px\" \/><\/p>\n<h3>Arkeologiska platser<\/h3>\n<p>P\u00e5 en arkeologisk niv\u00e5 finns det tv\u00e5 intressanta platser p\u00e5 Andros. Den arkeologiska platsen Zagor\u00e1 var bel\u00e4gen p\u00e5 en plat\u00e5, skyddad p\u00e5 tre sidor p\u00e5 ett naturligt s\u00e4tt. Under den geometriska perioden (10:e \u2013 8:e \u00e5rhundradet f.Kr.) etablerades en blomstrande bos\u00e4ttning p\u00e5 denna plats. N\u00e4r man tittar p\u00e5 resterna \u00e4r s\u00e4rskilt den 110 meter l\u00e5nga f\u00f6rsvarsmuren anm\u00e4rkningsv\u00e4rd \u2013 denna mur brukade vara 7 meter h\u00f6g!<\/p>\n<p>I sl\u00e4tten under dagens by Pale\u00f3polis finns ocks\u00e5 en arkeologisk plats. H\u00e4r hittades rester av Andros tidigare huvudstad, grundad p\u00e5 6 \u2013 7:e \u00e5rhundradet f.Kr. En del av den f\u00f6rsvann i havet under den kraftiga jordb\u00e4vningen p\u00e5 4:e \u00e5rhundradet e.Kr. Det finns rester av en agora och en f\u00f6rsvarsmur. N\u00e4r man tittar ner i vattnet \u2013 s\u00e4rskilt n\u00e4r man st\u00e5r p\u00e5 en h\u00f6jd \u2013 kan man tydligt se resterna av en slags v\u00e5gbrytare.<\/p>\n<p>Resterna fr\u00e5n den geometriska perioden fr\u00e5n Zagor\u00e1 och fynden fr\u00e5n Pale\u00f3polis \u2013 s\u00e4rskilt den vackra statyn av Hermes, som \u00e4r en kopia fr\u00e5n 1:a \u00e5rhundradet f.Kr. av en bronsstaty gjord av Praxiteles \u2013 kan hittas i det vackra arkeologiska museet i Ch\u00f3ra. Det finns ocks\u00e5 ett museum f\u00f6r samtida konst, fr\u00e4mst inneh\u00e5llande grekiska konstn\u00e4rer; bland annat finns det m\u00e5nga skulpturer fr\u00e5n den Andriotiska konstn\u00e4ren Mich\u00e1lis T\u00f3mbros. P\u00e5 sommaren \u00e4r detta museum ocks\u00e5 k\u00e4nt f\u00f6r sina internationella utst\u00e4llningar, till exempel av Picasso, Matisse, Klee, Rodin, Moore, etc.<\/p>\n<h3>Str\u00e4nder<\/h3>\n<p>Trots att st\u00f6rre delen av kusten uppenbarligen \u00e4r klippig, finns det ocks\u00e5 n\u00e5gra riktigt vackra str\u00e4nder p\u00e5 Andros, fr\u00e4mst p\u00e5 v\u00e4stkusten i n\u00e4rheten av G\u00e1vrio och Bats\u00ed. \u00c4nd\u00e5 \u00e4r de mest behagliga och ocks\u00e5 de lugnaste str\u00e4nderna de p\u00e5 \u00f6st- och sydostkusten. H\u00e4r h\u00e4nvisar jag till str\u00e4nderna norr och s\u00f6der om Ch\u00f3ra: Nimbori\u00f3 (mycket trevlig f\u00f6r barn) och Parap\u00f3rti, str\u00e4nderna vid Gi\u00e1lia och K\u00f3rthi samt de ensliga str\u00e4nderna Achla, L\u00e9fka och Agios Io\u00e1nnis \u2013 dessa str\u00e4nder kan endast n\u00e5s till fots!<\/p>\n<p><img decoding=\"async\" class=\"alignnone size-full wp-image-1037\" src=\"https:\/\/www.in2greece.com\/swedish\/wp-content\/uploads\/2024\/06\/andros-strand-1.jpg\" alt=\"andros-strand\" width=\"1000\" height=\"394\" srcset=\"https:\/\/www.in2greece.com\/swedish\/wp-content\/uploads\/2024\/06\/andros-strand-1.jpg 1000w, https:\/\/www.in2greece.com\/swedish\/wp-content\/uploads\/2024\/06\/andros-strand-1-300x118.jpg 300w, https:\/\/www.in2greece.com\/swedish\/wp-content\/uploads\/2024\/06\/andros-strand-1-768x303.jpg 768w\" sizes=\"(max-width: 1000px) 100vw, 1000px\" \/><\/p>\n<h3>Vandring p\u00e5 Andros<\/h3>\n<p>Men naturligtvis \u00e4r den mest intressanta aspekten av Andros m\u00f6jligheten att g\u00f6ra m\u00e5nga underbara vandringar. S\u00e4rskilt i den syd\u00f6stra delen av \u00f6n finns ett helt n\u00e4tverk av stigar. M\u00e5nga av dem \u00e4r underbart stenlagda (riktiga &#8217;kalderimi&#8217;), ofta l\u00f6pande mellan vackra murar. Dessa murar \u00e4r byggda i en typisk Andriotisk stil, alternerande mellan sm\u00e5 stenar och stora, vertikala plattor.<\/p>\n<p>\u00c4nnu mer sl\u00e5ende \u00e4r att det under de senaste \u00e5ren har gjorts en n\u00e4stan unik anstr\u00e4ngning \u2013 med tanke p\u00e5 kykladiska standarder \u2013 att skylta ett antal av dessa stigar. Detta har inte alltid gjorts konsekvent och perfekt, men dessa skyltar \u00e4r fortfarande till stor hj\u00e4lp f\u00f6r den oerfarna vandraren. En f\u00f6rdel \u00e4r ocks\u00e5 att n\u00e4stan alla vandringar utg\u00e5r fr\u00e5n eller anl\u00e4nder till Ch\u00f3ra \u2013 vilket g\u00f6r denna stad till en idealisk bas f\u00f6r vandraren p\u00e5 Andros.<\/p>\n<p><img decoding=\"async\" class=\"alignnone size-full wp-image-1036\" src=\"https:\/\/www.in2greece.com\/swedish\/wp-content\/uploads\/2024\/06\/andros-g.jpg\" alt=\"andros\" width=\"1000\" height=\"394\" srcset=\"https:\/\/www.in2greece.com\/swedish\/wp-content\/uploads\/2024\/06\/andros-g.jpg 1000w, https:\/\/www.in2greece.com\/swedish\/wp-content\/uploads\/2024\/06\/andros-g-300x118.jpg 300w, https:\/\/www.in2greece.com\/swedish\/wp-content\/uploads\/2024\/06\/andros-g-768x303.jpg 768w\" sizes=\"(max-width: 1000px) 100vw, 1000px\" \/><\/p>\n\n<h3>Tar sig dit<\/h3>\n<p><strong>Med flyg<\/strong><\/p>\n<p>Det finns ingen flygplats p\u00e5 Andros. Den n\u00e4rmaste flygplatsen \u00e4r Athens internationella flygplats &#8221;Eleftherios Venizelos&#8221;, som tar emot b\u00e5de inrikes- och utrikesflyg \u00e5ret runt. N\u00e4r du anl\u00e4nder till flygplatsen i Aten beh\u00f6ver du ta dig till Rafina hamn och g\u00e5 ombord p\u00e5 f\u00e4rjan som tar dig till Andros. Som n\u00e4mnts ovan \u00e4r avst\u00e5ndet mellan hamnen och flygplatsen cirka 30 minuter med buss.<\/p>\n<p><strong>Med f\u00e4rja<\/strong><\/p>\n<p>Om du vill resa till Andros fr\u00e5n Aten b\u00f6r du t\u00e4nka p\u00e5 att f\u00e4rjor till Andros avg\u00e5r fr\u00e5n Rafina hamn, inte fr\u00e5n Pireus hamn. Rafina hamn ligger relativt n\u00e4ra Athens internationella flygplats &#8221;Eleftherios Venizelos&#8221;. Bussresan mellan Rafina hamn och flygplatsen i Aten tar cirka 30 minuter.<br \/>Andros \u00e4r ocks\u00e5 f\u00f6rbundet med andra \u00f6ar i Kykladerna med f\u00e4rja, inklusive Tinos och Mykonos.<\/p>","protected":false},"excerpt":{"rendered":"<p>Andros Saker att g\u00f6ra Andros \u00e4r den st\u00f6rsta av de grekiska Kykladerna, bel\u00e4gen i Egeiska havet, 30 kilometer sydost om fastlandsporten Rafina. \u00d6n har till stor del f\u00f6rbisetts av internationella turister men \u00e4r en favoritutflykt f\u00f6r f\u00f6rm\u00f6gna atenare, m\u00e5nga av vilka \u00e4ger villor h\u00e4r. Du kommer inte att hitta det vilda partylivet fr\u00e5n Mykonos eller<br \/><a class=\"moretag\" href=\"https:\/\/www.in2greece.com\/swedish\/andros.html\">+ L\u00e4s Mer<\/a><\/p>\n","protected":false},"author":1,"featured_media":1038,"parent":0,"menu_order":0,"comment_status":"closed","ping_status":"closed","template":"","meta":{"footnotes":""},"class_list":["post-82","page","type-page","status-publish","has-post-thumbnail","hentry"],"yoast_head":"<!-- This site is optimized with the Yoast SEO plugin v27.4 - https:\/\/yoast.com\/product\/yoast-seo-wordpress\/ -->\n<title>Andros, sev\u00e4rdheterna, saker att g\u00f6ra, str\u00e4nder,<\/title>\n<meta name=\"description\" content=\"Andros \u00e4r den st\u00f6rsta av de grekiska Kykladerna, bel\u00e4gen i Egeiska havet, 30 kilometer sydost om fastlandshamnen Rafina. \u00d6n har till stor del f\u00f6rbisetts av internationella turister men \u00e4r en favorit f\u00f6r\" \/>\n<meta name=\"robots\" content=\"index, follow, max-snippet:-1, max-image-preview:large, max-video-preview:-1\" \/>\n<link rel=\"canonical\" href=\"https:\/\/www.in2greece.com\/swedish\/andros.html\" \/>\n<meta property=\"og:locale\" content=\"sv_SE\" \/>\n<meta property=\"og:type\" content=\"article\" \/>\n<meta property=\"og:title\" content=\"Andros, sev\u00e4rdheterna, saker att g\u00f6ra, str\u00e4nder,\" \/>\n<meta property=\"og:description\" content=\"Andros \u00e4r den st\u00f6rsta av de grekiska Kykladerna, bel\u00e4gen i Egeiska havet, 30 kilometer sydost om fastlandshamnen Rafina. \u00d6n har till stor del f\u00f6rbisetts av internationella turister men \u00e4r en favorit f\u00f6r\" \/>\n<meta property=\"og:url\" content=\"https:\/\/www.in2greece.com\/swedish\/andros.html\" \/>\n<meta property=\"og:site_name\" content=\"Grekland\" \/>\n<meta property=\"article:publisher\" content=\"https:\/\/www.facebook.com\/in2greece\" \/>\n<meta property=\"article:modified_time\" content=\"2024-07-01T08:39:45+00:00\" \/>\n<meta property=\"og:image\" content=\"https:\/\/www.in2greece.com\/swedish\/wp-content\/uploads\/2024\/06\/andros-grekland.jpg\" \/>\n\t<meta property=\"og:image:width\" content=\"1000\" \/>\n\t<meta property=\"og:image:height\" content=\"394\" \/>\n\t<meta property=\"og:image:type\" content=\"image\/jpeg\" \/>\n<meta name=\"twitter:card\" content=\"summary_large_image\" \/>\n<meta name=\"twitter:label1\" content=\"Ber\u00e4knad l\u00e4stid\" \/>\n\t<meta name=\"twitter:data1\" content=\"7 minuter\" \/>\n<script type=\"application\/ld+json\" class=\"yoast-schema-graph\">{\"@context\":\"https:\\\/\\\/schema.org\",\"@graph\":[{\"@type\":\"WebPage\",\"@id\":\"https:\\\/\\\/www.in2greece.com\\\/swedish\\\/andros.html\",\"url\":\"https:\\\/\\\/www.in2greece.com\\\/swedish\\\/andros.html\",\"name\":\"Andros, sev\u00e4rdheterna, saker att g\u00f6ra, str\u00e4nder,\",\"isPartOf\":{\"@id\":\"https:\\\/\\\/www.in2greece.com\\\/swedish\\\/#website\"},\"primaryImageOfPage\":{\"@id\":\"https:\\\/\\\/www.in2greece.com\\\/swedish\\\/andros.html#primaryimage\"},\"image\":{\"@id\":\"https:\\\/\\\/www.in2greece.com\\\/swedish\\\/andros.html#primaryimage\"},\"thumbnailUrl\":\"https:\\\/\\\/www.in2greece.com\\\/swedish\\\/wp-content\\\/uploads\\\/2024\\\/06\\\/andros-grekland.jpg\",\"datePublished\":\"2023-11-25T11:54:52+00:00\",\"dateModified\":\"2024-07-01T08:39:45+00:00\",\"description\":\"Andros \u00e4r den st\u00f6rsta av de grekiska Kykladerna, bel\u00e4gen i Egeiska havet, 30 kilometer sydost om fastlandshamnen Rafina. \u00d6n har till stor del f\u00f6rbisetts av internationella turister men \u00e4r en favorit f\u00f6r\",\"breadcrumb\":{\"@id\":\"https:\\\/\\\/www.in2greece.com\\\/swedish\\\/andros.html#breadcrumb\"},\"inLanguage\":\"sv-SE\",\"potentialAction\":[{\"@type\":\"ReadAction\",\"target\":[\"https:\\\/\\\/www.in2greece.com\\\/swedish\\\/andros.html\"]}]},{\"@type\":\"ImageObject\",\"inLanguage\":\"sv-SE\",\"@id\":\"https:\\\/\\\/www.in2greece.com\\\/swedish\\\/andros.html#primaryimage\",\"url\":\"https:\\\/\\\/www.in2greece.com\\\/swedish\\\/wp-content\\\/uploads\\\/2024\\\/06\\\/andros-grekland.jpg\",\"contentUrl\":\"https:\\\/\\\/www.in2greece.com\\\/swedish\\\/wp-content\\\/uploads\\\/2024\\\/06\\\/andros-grekland.jpg\",\"width\":1000,\"height\":394,\"caption\":\"andros-grekland\"},{\"@type\":\"BreadcrumbList\",\"@id\":\"https:\\\/\\\/www.in2greece.com\\\/swedish\\\/andros.html#breadcrumb\",\"itemListElement\":[{\"@type\":\"ListItem\",\"position\":1,\"name\":\"Home\",\"item\":\"https:\\\/\\\/www.in2greece.com\\\/swedish\\\/\"},{\"@type\":\"ListItem\",\"position\":2,\"name\":\"Andros\"}]},{\"@type\":\"WebSite\",\"@id\":\"https:\\\/\\\/www.in2greece.com\\\/swedish\\\/#website\",\"url\":\"https:\\\/\\\/www.in2greece.com\\\/swedish\\\/\",\"name\":\"Grekland\",\"description\":\"Reseguide till Grekland\",\"publisher\":{\"@id\":\"https:\\\/\\\/www.in2greece.com\\\/swedish\\\/#organization\"},\"potentialAction\":[{\"@type\":\"SearchAction\",\"target\":{\"@type\":\"EntryPoint\",\"urlTemplate\":\"https:\\\/\\\/www.in2greece.com\\\/swedish\\\/?s={search_term_string}\"},\"query-input\":{\"@type\":\"PropertyValueSpecification\",\"valueRequired\":true,\"valueName\":\"search_term_string\"}}],\"inLanguage\":\"sv-SE\"},{\"@type\":\"Organization\",\"@id\":\"https:\\\/\\\/www.in2greece.com\\\/swedish\\\/#organization\",\"name\":\"www.in2greece.com\",\"url\":\"https:\\\/\\\/www.in2greece.com\\\/swedish\\\/\",\"logo\":{\"@type\":\"ImageObject\",\"inLanguage\":\"sv-SE\",\"@id\":\"https:\\\/\\\/www.in2greece.com\\\/swedish\\\/#\\\/schema\\\/logo\\\/image\\\/\",\"url\":\"https:\\\/\\\/www.in2greece.com\\\/swedish\\\/wp-content\\\/uploads\\\/2022\\\/02\\\/in2greece.png\",\"contentUrl\":\"https:\\\/\\\/www.in2greece.com\\\/swedish\\\/wp-content\\\/uploads\\\/2022\\\/02\\\/in2greece.png\",\"width\":150,\"height\":149,\"caption\":\"www.in2greece.com\"},\"image\":{\"@id\":\"https:\\\/\\\/www.in2greece.com\\\/swedish\\\/#\\\/schema\\\/logo\\\/image\\\/\"},\"sameAs\":[\"https:\\\/\\\/www.facebook.com\\\/in2greece\"]}]}<\/script>\n<!-- \/ Yoast SEO plugin. -->","yoast_head_json":{"title":"Andros, sev\u00e4rdheterna, saker att g\u00f6ra, str\u00e4nder,","description":"Andros \u00e4r den st\u00f6rsta av de grekiska Kykladerna, bel\u00e4gen i Egeiska havet, 30 kilometer sydost om fastlandshamnen Rafina. \u00d6n har till stor del f\u00f6rbisetts av internationella turister men \u00e4r en favorit f\u00f6r","robots":{"index":"index","follow":"follow","max-snippet":"max-snippet:-1","max-image-preview":"max-image-preview:large","max-video-preview":"max-video-preview:-1"},"canonical":"https:\/\/www.in2greece.com\/swedish\/andros.html","og_locale":"sv_SE","og_type":"article","og_title":"Andros, sev\u00e4rdheterna, saker att g\u00f6ra, str\u00e4nder,","og_description":"Andros \u00e4r den st\u00f6rsta av de grekiska Kykladerna, bel\u00e4gen i Egeiska havet, 30 kilometer sydost om fastlandshamnen Rafina. \u00d6n har till stor del f\u00f6rbisetts av internationella turister men \u00e4r en favorit f\u00f6r","og_url":"https:\/\/www.in2greece.com\/swedish\/andros.html","og_site_name":"Grekland","article_publisher":"https:\/\/www.facebook.com\/in2greece","article_modified_time":"2024-07-01T08:39:45+00:00","og_image":[{"width":1000,"height":394,"url":"https:\/\/www.in2greece.com\/swedish\/wp-content\/uploads\/2024\/06\/andros-grekland.jpg","type":"image\/jpeg"}],"twitter_card":"summary_large_image","twitter_misc":{"Ber\u00e4knad l\u00e4stid":"7 minuter"},"schema":{"@context":"https:\/\/schema.org","@graph":[{"@type":"WebPage","@id":"https:\/\/www.in2greece.com\/swedish\/andros.html","url":"https:\/\/www.in2greece.com\/swedish\/andros.html","name":"Andros, sev\u00e4rdheterna, saker att g\u00f6ra, str\u00e4nder,","isPartOf":{"@id":"https:\/\/www.in2greece.com\/swedish\/#website"},"primaryImageOfPage":{"@id":"https:\/\/www.in2greece.com\/swedish\/andros.html#primaryimage"},"image":{"@id":"https:\/\/www.in2greece.com\/swedish\/andros.html#primaryimage"},"thumbnailUrl":"https:\/\/www.in2greece.com\/swedish\/wp-content\/uploads\/2024\/06\/andros-grekland.jpg","datePublished":"2023-11-25T11:54:52+00:00","dateModified":"2024-07-01T08:39:45+00:00","description":"Andros \u00e4r den st\u00f6rsta av de grekiska Kykladerna, bel\u00e4gen i Egeiska havet, 30 kilometer sydost om fastlandshamnen Rafina. \u00d6n har till stor del f\u00f6rbisetts av internationella turister men \u00e4r en favorit f\u00f6r","breadcrumb":{"@id":"https:\/\/www.in2greece.com\/swedish\/andros.html#breadcrumb"},"inLanguage":"sv-SE","potentialAction":[{"@type":"ReadAction","target":["https:\/\/www.in2greece.com\/swedish\/andros.html"]}]},{"@type":"ImageObject","inLanguage":"sv-SE","@id":"https:\/\/www.in2greece.com\/swedish\/andros.html#primaryimage","url":"https:\/\/www.in2greece.com\/swedish\/wp-content\/uploads\/2024\/06\/andros-grekland.jpg","contentUrl":"https:\/\/www.in2greece.com\/swedish\/wp-content\/uploads\/2024\/06\/andros-grekland.jpg","width":1000,"height":394,"caption":"andros-grekland"},{"@type":"BreadcrumbList","@id":"https:\/\/www.in2greece.com\/swedish\/andros.html#breadcrumb","itemListElement":[{"@type":"ListItem","position":1,"name":"Home","item":"https:\/\/www.in2greece.com\/swedish\/"},{"@type":"ListItem","position":2,"name":"Andros"}]},{"@type":"WebSite","@id":"https:\/\/www.in2greece.com\/swedish\/#website","url":"https:\/\/www.in2greece.com\/swedish\/","name":"Grekland","description":"Reseguide till Grekland","publisher":{"@id":"https:\/\/www.in2greece.com\/swedish\/#organization"},"potentialAction":[{"@type":"SearchAction","target":{"@type":"EntryPoint","urlTemplate":"https:\/\/www.in2greece.com\/swedish\/?s={search_term_string}"},"query-input":{"@type":"PropertyValueSpecification","valueRequired":true,"valueName":"search_term_string"}}],"inLanguage":"sv-SE"},{"@type":"Organization","@id":"https:\/\/www.in2greece.com\/swedish\/#organization","name":"www.in2greece.com","url":"https:\/\/www.in2greece.com\/swedish\/","logo":{"@type":"ImageObject","inLanguage":"sv-SE","@id":"https:\/\/www.in2greece.com\/swedish\/#\/schema\/logo\/image\/","url":"https:\/\/www.in2greece.com\/swedish\/wp-content\/uploads\/2022\/02\/in2greece.png","contentUrl":"https:\/\/www.in2greece.com\/swedish\/wp-content\/uploads\/2022\/02\/in2greece.png","width":150,"height":149,"caption":"www.in2greece.com"},"image":{"@id":"https:\/\/www.in2greece.com\/swedish\/#\/schema\/logo\/image\/"},"sameAs":["https:\/\/www.facebook.com\/in2greece"]}]}},"_links":{"self":[{"href":"https:\/\/www.in2greece.com\/swedish\/wp-json\/wp\/v2\/pages\/82","targetHints":{"allow":["GET"]}}],"collection":[{"href":"https:\/\/www.in2greece.com\/swedish\/wp-json\/wp\/v2\/pages"}],"about":[{"href":"https:\/\/www.in2greece.com\/swedish\/wp-json\/wp\/v2\/types\/page"}],"author":[{"embeddable":true,"href":"https:\/\/www.in2greece.com\/swedish\/wp-json\/wp\/v2\/users\/1"}],"replies":[{"embeddable":true,"href":"https:\/\/www.in2greece.com\/swedish\/wp-json\/wp\/v2\/comments?post=82"}],"version-history":[{"count":0,"href":"https:\/\/www.in2greece.com\/swedish\/wp-json\/wp\/v2\/pages\/82\/revisions"}],"wp:featuredmedia":[{"embeddable":true,"href":"https:\/\/www.in2greece.com\/swedish\/wp-json\/wp\/v2\/media\/1038"}],"wp:attachment":[{"href":"https:\/\/www.in2greece.com\/swedish\/wp-json\/wp\/v2\/media?parent=82"}],"curies":[{"name":"wp","href":"https:\/\/api.w.org\/{rel}","templated":true}]}}