{"id":818,"date":"2024-05-18T11:29:24","date_gmt":"2024-05-18T11:29:24","guid":{"rendered":"https:\/\/www.in2greece.com\/swedish\/?page_id=818"},"modified":"2024-05-18T11:30:12","modified_gmt":"2024-05-18T11:30:12","slug":"rejser-til-graekenland","status":"publish","type":"page","link":"https:\/\/www.in2greece.com\/swedish\/places\/summer\/summer_resorts.htm","title":{"rendered":"Rejser til Gr\u00e6kenland"},"content":{"rendered":"\n<h2 class=\"wp-block-heading\">Gr\u00e6kenland Rejser info<\/h2>\n\n\n<p>N\u00e4r det g\u00e4ller att planera en resa till Grekland kommer din f\u00f6rsta stora utmaning vara att best\u00e4mma var du ska b\u00f6rja. Du kan spendera m\u00e5nader p\u00e5 att resa genom detta fascinerande land och fortfarande k\u00e4nna att du bara har skrapat p\u00e5 ytan av dess skattkammare av naturliga och arkeologiska underverk. Billiga flygresor, prisv\u00e4rda kryssningar runt de grekiska \u00f6arna och paketresor har kombinerats f\u00f6r att ge massorna tillg\u00e5ng till ett land av legender som tidigare l\u00e5g utanf\u00f6r deras r\u00e4ckh\u00e5ll.<\/p>\n<p><img decoding=\"async\" class=\"alignleft size-medium wp-image-820\" src=\"https:\/\/www.in2greece.com\/swedish\/wp-content\/uploads\/2024\/05\/backpackers-300x225.jpg\" alt=\"backpackers\" width=\"300\" height=\"225\" srcset=\"https:\/\/www.in2greece.com\/swedish\/wp-content\/uploads\/2024\/05\/backpackers-300x225.jpg 300w, https:\/\/www.in2greece.com\/swedish\/wp-content\/uploads\/2024\/05\/backpackers.jpg 468w\" sizes=\"(max-width: 300px) 100vw, 300px\" \/>Fram till 1960-talet var det bara rika yachties, hippier och \u00e4ventyrliga backpackers som hade n\u00f6jet att utforska de otaliga n\u00f6jena p\u00e5 det grekiska fastlandet och \u00f6arna. Dessa dagar str\u00f6mmar mer \u00e4n 12 miljoner utl\u00e4ndska bes\u00f6kare in i landet varje \u00e5r, med hj\u00e4lp av ett st\u00e4ndigt \u00f6kande antal researrang\u00f6rer, biluthyrningsfirmor och charterflygbolag som alla faller \u00f6ver sig sj\u00e4lva i ett f\u00f6rs\u00f6k att utnyttja potentialen hos en av v\u00e4rldens mest lockande semesterm\u00e5l.<\/p>\n<p>Grekland har den l\u00e4ngsta kustlinjen av n\u00e5got europeiskt land, dess \u00f6ar \u00e4r fler \u00e4n 2 000 (\u00e4ven om bara cirka 100 \u00e4r bebodda) och dess fantastiska utbud av antika platser \u00e4r o\u00f6vertr\u00e4ffad n\u00e5gonstans i v\u00e4rlden. De underbara arven fr\u00e5n det antika Grekland \u00e4r f\u00f6r m\u00e5nga f\u00f6r att ta in under en tv\u00e5veckors semester, \u00e4ven om du spenderar hela tiden p\u00e5 att rusa fr\u00e5n en arkeologisk plats till en annan.<\/p>\n<p><img decoding=\"async\" class=\"alignleft size-medium wp-image-819\" src=\"https:\/\/www.in2greece.com\/swedish\/wp-content\/uploads\/2024\/05\/rejser-til-grekland-300x216.jpg\" alt=\"rejser-til-grekland\" width=\"300\" height=\"216\" srcset=\"https:\/\/www.in2greece.com\/swedish\/wp-content\/uploads\/2024\/05\/rejser-til-grekland-300x216.jpg 300w, https:\/\/www.in2greece.com\/swedish\/wp-content\/uploads\/2024\/05\/rejser-til-grekland.jpg 476w\" sizes=\"(max-width: 300px) 100vw, 300px\" \/>Det finns Parthenon i Aten, det mest ber\u00f6mda antika monumentet i v\u00e4rlden, Apollontemplet i Delfi, stadion i Olympia d\u00e4r de f\u00f6rsta olympiska spelen h\u00f6lls 776 f.Kr., den n\u00e4stan perfekt bevarade 300-talet f.Kr. amfiteatern Epidaurus.<\/p>\n<p>Faktum \u00e4r att listan \u00e4r o\u00e4ndlig; vart du \u00e4n v\u00e4nder dig i Grekland finns ett annat forntida under som v\u00e4ntar p\u00e5 att ta andan ur dig.<\/p>\n<p>\u00d6verallt finns det p\u00e5minnelser om den guld\u00e5ldern n\u00e4r Grekland f\u00f6dde den v\u00e4sterl\u00e4ndska civilisationen och skapade den antika v\u00e4rldens st\u00f6rsta filosofer, konstn\u00e4rer, poeter, vetenskapsm\u00e4n, helare och krigare.<\/p>\n<p>De grekiska \u00f6arna erbjuder allt till alla m\u00e4nniskor. Det finns de ogenerat hedonistiska partylekplatserna som Mykonos, Kos och Ios. Det finns lugna, or\u00f6rda \u00f6ar d\u00e4r livet p\u00e5 landsbygden forts\u00e4tter ungef\u00e4r som det har gjort i \u00e5rhundraden. Och det finns \u00f6ar som erbjuder n\u00e5got f\u00f6r alla &#8211; som Rhodos och Korfu, d\u00e4r du kan festa dygnet runt eller str\u00f6va omkring p\u00e5 sluttningarna l\u00e5ngt fr\u00e5n de irriterande folkmassorna.<\/p>\n<p>Att resa till Grekland \u00e4r som att kliva in i ett levande museum, d\u00e4r varje h\u00f6rn av landet fylls av ber\u00e4ttelser om antika civilisationer, hisnande landskap och en levande kultur som blandar gammalt med nytt. Detta medelhavsparadis, med sina soliga str\u00e4nder, historiska ruiner, uts\u00f6kt mat och varm g\u00e4stfrihet, erbjuder en o\u00f6vertr\u00e4ffad reseupplevelse.<\/p>\n<p><img decoding=\"async\" class=\"alignleft size-medium wp-image-821\" src=\"https:\/\/www.in2greece.com\/swedish\/wp-content\/uploads\/2024\/05\/Rejser-til-Graekenland-300x201.jpg\" alt=\"Rejser-til-Gr\u00e6kenland\" width=\"300\" height=\"201\" srcset=\"https:\/\/www.in2greece.com\/swedish\/wp-content\/uploads\/2024\/05\/Rejser-til-Graekenland-300x201.jpg 300w, https:\/\/www.in2greece.com\/swedish\/wp-content\/uploads\/2024\/05\/Rejser-til-Graekenland.jpg 531w\" sizes=\"(max-width: 300px) 100vw, 300px\" \/>Greklands huvudstad, Aten, fungerar som porten till landets rika historia och moderna dynamik. Aten domineras av det majest\u00e4tiska Akropolis och \u00e4r en stad d\u00e4r antika monument samexisterar med samtida liv. Parthenon, en symbol f\u00f6r det klassiska Grekland, st\u00e5r stolt p\u00e5 toppen av Akropolis och erbjuder panoramautsikt \u00f6ver staden. Nedanf\u00f6r inbjuder det livliga Plaka-distriktet bes\u00f6kare att vandra genom sina smala gator, kantade av neoklassiska byggnader, pittoreska butiker och traditionella tavernor. National Archaeological Museum, ett av v\u00e4rldens viktigaste museer, rymmer en stor samling artefakter fr\u00e5n den grekiska antiken, som ger djupa insikter i landets historia.<\/p>\n<p>Bortom Aten erbjuder Greklands fastland och \u00f6ar en uppsj\u00f6 av destinationer, alla med sin unika charm och karakt\u00e4r. Peloponnesos halv\u00f6n \u00e4r en skattkammare av antika platser och naturlig sk\u00f6nhet. Bes\u00f6kare kan utforska ruinerna av Mykene, den legendariska staden Agamemnon, och f\u00f6rundras \u00f6ver den v\u00e4lbevarade teatern Epidaurus, k\u00e4nd f\u00f6r sin extraordin\u00e4ra akustik. Den medeltida f\u00e4stningsstaden Monemvasia, uppflugen p\u00e5 en klippa utanf\u00f6r kusten, f\u00f6r bes\u00f6kare tillbaka i tiden med sina kullerstensgator och stenhus.<\/p>\n<p><img decoding=\"async\" class=\"alignleft size-medium wp-image-822\" src=\"https:\/\/www.in2greece.com\/swedish\/wp-content\/uploads\/2024\/05\/delphi-300x211.jpg\" alt=\"delphi\" width=\"300\" height=\"211\" srcset=\"https:\/\/www.in2greece.com\/swedish\/wp-content\/uploads\/2024\/05\/delphi-300x211.jpg 300w, https:\/\/www.in2greece.com\/swedish\/wp-content\/uploads\/2024\/05\/delphi.jpg 489w\" sizes=\"(max-width: 300px) 100vw, 300px\" \/>Centrala Grekland \u00e4r hem f\u00f6r Delphi, som en g\u00e5ng ans\u00e5gs vara v\u00e4rldens centrum i den antika grekiska religionen. Apollontemplet, d\u00e4r oraklet i Delfi profeterade, ligger mot en dramatisk bergig bakgrund, vilket g\u00f6r det till en av de mest respektingivande arkeologiska platserna i Grekland. I n\u00e4rheten erbjuder Meteora-klostren, uppflugna p\u00e5 h\u00f6ga klippformationer, en fridfull och andlig tillflyktsort. Dessa kloster, av vilka n\u00e5gra g\u00e5r tillbaka till 1300-talet, \u00e4r fortfarande bebodda av munkar och nunnor som v\u00e4lkomnar bes\u00f6kare som s\u00f6ker tr\u00f6st och hisnande vyer.<\/p>\n<p>Norra Grekland, med sina m\u00e5ngsidiga landskap och rika kulturarv, f\u00f6rbises ofta av turister men erbjuder en m\u00e4ngd upplevelser. Thessaloniki, Greklands n\u00e4st st\u00f6rsta stad, \u00e4r ett pulserande nav av historia och kultur. Stadens bysantinska murar, ottomanska reliker och livliga strandpromenad speglar dess m\u00e5ngkulturella f\u00f6rflutna. Det n\u00e4rliggande berget Olympus, det legendariska hemmet f\u00f6r de grekiska gudarna, lockar vandrare och naturentusiaster med sina karga stigar och fantastiska vyer.<\/p>\n<p><img decoding=\"async\" class=\"alignleft size-medium wp-image-823\" src=\"https:\/\/www.in2greece.com\/swedish\/wp-content\/uploads\/2024\/05\/zakynthos-300x225.jpg\" alt=\"zakynthos\" width=\"300\" height=\"225\" srcset=\"https:\/\/www.in2greece.com\/swedish\/wp-content\/uploads\/2024\/05\/zakynthos-300x225.jpg 300w, https:\/\/www.in2greece.com\/swedish\/wp-content\/uploads\/2024\/05\/zakynthos.jpg 468w\" sizes=\"(max-width: 300px) 100vw, 300px\" \/>De <a href=\"https:\/\/www.in2greece.com\/swedish\/grekiska-oarna.html\">grekiska \u00f6arna<\/a>, utspridda \u00f6ver Egeiska och Joniska havet, \u00e4r kanske den mest ikoniska aspekten av Greklands lockelse. Varje \u00f6 har sin egen unika smak, fr\u00e5n Mykonos kosmopolitiska glamour till Santorinis vulkaniska sk\u00f6nhet. Mykonos \u00e4r k\u00e4nt f\u00f6r sitt livliga nattliv, or\u00f6rda str\u00e4nder och pittoreska v\u00e4derkvarnar. Promenera genom de charmiga gr\u00e4nderna i Mykonos stad, d\u00e4r vitkalkade byggnader med bl\u00e5 f\u00f6nsterluckor skapar en typiskt grekisk scen. D\u00e4remot erbjuder Santorinis dramatiska kaldera, bildad av ett vulkanutbrott, en fantastisk milj\u00f6 f\u00f6r att se solnedg\u00e5ngarna \u00f6ver Egeiska havet. \u00d6ns vitkalkade hus och kyrkor med bl\u00e5 kupoler uppflugna p\u00e5 klippor skapar ett vykort-perfekt landskap.<\/p>\n<p>Kreta, den st\u00f6rsta av de grekiska \u00f6arna, \u00e4r en v\u00e4rld f\u00f6r sig sj\u00e4lv. \u00d6n \u00e4r rik p\u00e5 historia och stoltserar med det antika minoiska palatset Knossos, som tros vara den mytomspunna Minotaurens labyrint. Den livliga staden Heraklion, med sitt arkeologiska museum och den venetianska hamnen, erbjuder en blandning av historiska och moderna attraktioner. L\u00e4ngre v\u00e4sterut har de charmiga st\u00e4derna Chania och Rethymno en blandning av venetiansk, ottomansk och grekisk arkitektur, med smala gator och livliga marknader.<\/p>\n<p><img decoding=\"async\" class=\"alignleft size-medium wp-image-824\" src=\"https:\/\/www.in2greece.com\/swedish\/wp-content\/uploads\/2024\/05\/Leipsoi-300x191.jpg\" alt=\"Leipsoi\" width=\"300\" height=\"191\" srcset=\"https:\/\/www.in2greece.com\/swedish\/wp-content\/uploads\/2024\/05\/Leipsoi-300x191.jpg 300w, https:\/\/www.in2greece.com\/swedish\/wp-content\/uploads\/2024\/05\/Leipsoi.jpg 564w\" sizes=\"(max-width: 300px) 100vw, 300px\" \/>Dodekaneserna, inklusive Rhodos och Kos, \u00e4r k\u00e4nda f\u00f6r sina medeltida f\u00e4stningar och or\u00f6rda str\u00e4nder. Rhodos gamla stadsdel, som finns med p\u00e5 UNESCO:s v\u00e4rldsarvslista, \u00e4r en labyrint av kullerstensgator och medeltida byggnader, dominerad av Storm\u00e4starens imponerande palats.<\/p>\n<p>\u00d6ns soliga klimat och kristallklara vatten g\u00f6r den till en favoritdestination f\u00f6r b\u00e5de sols\u00f6kande och historieintresserade.<\/p>\n<p>De joniska \u00f6arna, v\u00e4ster om Greklands fastland, erbjuder en frodig och gr\u00f6n kontrast till Kykladernas torra landskap. Korfu, med sin venetiansk influerade arkitektur och smaragdkullar, har l\u00e4nge varit ett popul\u00e4rt resm\u00e5l. \u00d6ns gamla stadsdel, som finns med p\u00e5 UNESCO:s v\u00e4rldsarvslista, har smala gr\u00e4nder, st\u00e5tliga herrg\u00e5rdar och livliga torg. L\u00e4ngre s\u00f6derut \u00e4r Zakynthos k\u00e4nt f\u00f6r sin fantastiska Navagio Beach, \u00e4ven k\u00e4nd som Shipwreck Beach, med sina dramatiska klippor och turkosa vatten.<\/p>\n<p>Det grekiska k\u00f6ket \u00e4r en integrerad del av reseupplevelsen och erbjuder en fest f\u00f6r sinnena. Traditionella r\u00e4tter som moussaka, souvlaki och tzatziki \u00e4r ett m\u00e5ste, men varje region har sina egna specialiteter. F\u00e4rsk fisk och skaldjur finns i \u00f6verfl\u00f6d p\u00e5 \u00f6arna, medan fastlandet erbjuder rej\u00e4la r\u00e4tter som l\u00e5ngsamt tillagat lamm och vilda gr\u00f6nsaker. Grekisk mat avnjuts b\u00e4st p\u00e5 en lokal taverna, tillsammans med ett glas ouzo eller en karaff lokalt vin.<\/p>\n<p><img decoding=\"async\" class=\"alignleft size-medium wp-image-825\" src=\"https:\/\/www.in2greece.com\/swedish\/wp-content\/uploads\/2024\/05\/ruiner-grekland-300x204.jpg\" alt=\"ruiner-grekland\" width=\"300\" height=\"204\" srcset=\"https:\/\/www.in2greece.com\/swedish\/wp-content\/uploads\/2024\/05\/ruiner-grekland-300x204.jpg 300w, https:\/\/www.in2greece.com\/swedish\/wp-content\/uploads\/2024\/05\/ruiner-grekland-400x270.jpg 400w, https:\/\/www.in2greece.com\/swedish\/wp-content\/uploads\/2024\/05\/ruiner-grekland.jpg 452w\" sizes=\"(max-width: 300px) 100vw, 300px\" \/>Att resa i Grekland handlar inte bara om att bes\u00f6ka antika ruiner och vackra str\u00e4nder; det handlar ocks\u00e5 om att uppleva det grekiska folkets v\u00e4rme och g\u00e4stfrihet.<\/p>\n<p>K\u00e4nd som &#8221;philoxenia&#8221;, det grekiska begreppet g\u00e4stfrihet \u00e4r djupt rotat i kulturen. Oavsett om du delar en m\u00e5ltid med en lokal familj, v\u00e4lkomnas till ett byfirande eller helt enkelt f\u00e5r v\u00e4gbeskrivningar fr\u00e5n en f\u00f6rbipasserande, f\u00f6rh\u00f6jer grekernas v\u00e4nlighet och generositet reseupplevelsen.<\/p>\n<p>Grekland \u00e4r ett resm\u00e5l \u00e5ret runt, d\u00e4r varje s\u00e4song erbjuder sina egna f\u00f6rdelar. Sommarm\u00e5naderna, fr\u00e5n juni till september, \u00e4r perfekta f\u00f6r strandsemester och \u00f6hoppning, \u00e4ven om det kan vara tr\u00e5ngt. V\u00e5ren och h\u00f6sten \u00e4r idealiska f\u00f6r att utforska fastlandet och arkeologiska platser, med mildare temperaturer och f\u00e4rre turister. Vintern, \u00e4ven om den \u00e4r svalare, erbjuder chansen att uppleva Greklands kulturst\u00e4der och bergsregioner utan folkmassorna.<\/p>\n<p>Sammanfattningsvis \u00e4r att resa till Grekland ett m\u00e5ngfacetterat \u00e4ventyr som kombinerar historia, kultur, naturlig sk\u00f6nhet och kulinariska l\u00e4ckerheter. Fr\u00e5n de antika underverken i Aten och Delfi till de idylliska \u00f6arna i Egeiska och Joniska havet, Grekland erbjuder en m\u00e5ngsidig och berikande reseupplevelse som l\u00e4mnar bes\u00f6karna med best\u00e5ende minnen och en djup uppskattning f\u00f6r detta extraordin\u00e4ra land.<\/p>\n<p>\u00a0<\/p>","protected":false},"excerpt":{"rendered":"<p>Gr\u00e6kenland Rejser info N\u00e4r det g\u00e4ller att planera en resa till Grekland kommer din f\u00f6rsta stora utmaning vara att best\u00e4mma var du ska b\u00f6rja. Du kan spendera m\u00e5nader p\u00e5 att resa genom detta fascinerande land och fortfarande k\u00e4nna att du bara har skrapat p\u00e5 ytan av dess skattkammare av naturliga och arkeologiska underverk. Billiga flygresor,<br \/><a class=\"moretag\" href=\"https:\/\/www.in2greece.com\/swedish\/places\/summer\/summer_resorts.htm\">+ L\u00e4s Mer<\/a><\/p>\n","protected":false},"author":1,"featured_media":819,"parent":0,"menu_order":0,"comment_status":"closed","ping_status":"closed","template":"","meta":{"footnotes":""},"class_list":["post-818","page","type-page","status-publish","has-post-thumbnail","hentry"],"yoast_head":"<!-- This site is optimized with the Yoast SEO plugin v27.4 - https:\/\/yoast.com\/product\/yoast-seo-wordpress\/ -->\n<title>Rejser til Gr\u00e6kenland<\/title>\n<meta name=\"description\" content=\"N\u00e4r det g\u00e4ller att planera en resa till Grekland kommer din f\u00f6rsta stora utmaning vara att best\u00e4mma var du ska b\u00f6rja. Du kan spendera m\u00e5nader p\u00e5 att resa genom detta fascinerande land\" \/>\n<meta name=\"robots\" content=\"index, follow, max-snippet:-1, max-image-preview:large, max-video-preview:-1\" \/>\n<link rel=\"canonical\" href=\"https:\/\/www.in2greece.com\/swedish\/places\/summer\/summer_resorts.htm\" \/>\n<meta property=\"og:locale\" content=\"sv_SE\" \/>\n<meta property=\"og:type\" content=\"article\" \/>\n<meta property=\"og:title\" content=\"Rejser til Gr\u00e6kenland\" \/>\n<meta property=\"og:description\" content=\"N\u00e4r det g\u00e4ller att planera en resa till Grekland kommer din f\u00f6rsta stora utmaning vara att best\u00e4mma var du ska b\u00f6rja. Du kan spendera m\u00e5nader p\u00e5 att resa genom detta fascinerande land\" \/>\n<meta property=\"og:url\" content=\"https:\/\/www.in2greece.com\/swedish\/places\/summer\/summer_resorts.htm\" \/>\n<meta property=\"og:site_name\" content=\"Grekland\" \/>\n<meta property=\"article:publisher\" content=\"https:\/\/www.facebook.com\/in2greece\" \/>\n<meta property=\"article:modified_time\" content=\"2024-05-18T11:30:12+00:00\" \/>\n<meta property=\"og:image\" content=\"https:\/\/www.in2greece.com\/swedish\/wp-content\/uploads\/2024\/05\/rejser-til-grekland.jpg\" \/>\n\t<meta property=\"og:image:width\" content=\"476\" \/>\n\t<meta property=\"og:image:height\" content=\"342\" \/>\n\t<meta property=\"og:image:type\" content=\"image\/jpeg\" \/>\n<meta name=\"twitter:card\" content=\"summary_large_image\" \/>\n<meta name=\"twitter:label1\" content=\"Ber\u00e4knad l\u00e4stid\" \/>\n\t<meta name=\"twitter:data1\" content=\"9 minuter\" \/>\n<script type=\"application\/ld+json\" class=\"yoast-schema-graph\">{\"@context\":\"https:\\\/\\\/schema.org\",\"@graph\":[{\"@type\":\"WebPage\",\"@id\":\"https:\\\/\\\/www.in2greece.com\\\/swedish\\\/places\\\/summer\\\/summer_resorts.htm\",\"url\":\"https:\\\/\\\/www.in2greece.com\\\/swedish\\\/places\\\/summer\\\/summer_resorts.htm\",\"name\":\"Rejser til Gr\u00e6kenland\",\"isPartOf\":{\"@id\":\"https:\\\/\\\/www.in2greece.com\\\/swedish\\\/#website\"},\"primaryImageOfPage\":{\"@id\":\"https:\\\/\\\/www.in2greece.com\\\/swedish\\\/places\\\/summer\\\/summer_resorts.htm#primaryimage\"},\"image\":{\"@id\":\"https:\\\/\\\/www.in2greece.com\\\/swedish\\\/places\\\/summer\\\/summer_resorts.htm#primaryimage\"},\"thumbnailUrl\":\"https:\\\/\\\/www.in2greece.com\\\/swedish\\\/wp-content\\\/uploads\\\/2024\\\/05\\\/rejser-til-grekland.jpg\",\"datePublished\":\"2024-05-18T11:29:24+00:00\",\"dateModified\":\"2024-05-18T11:30:12+00:00\",\"description\":\"N\u00e4r det g\u00e4ller att planera en resa till Grekland kommer din f\u00f6rsta stora utmaning vara att best\u00e4mma var du ska b\u00f6rja. Du kan spendera m\u00e5nader p\u00e5 att resa genom detta fascinerande land\",\"breadcrumb\":{\"@id\":\"https:\\\/\\\/www.in2greece.com\\\/swedish\\\/places\\\/summer\\\/summer_resorts.htm#breadcrumb\"},\"inLanguage\":\"sv-SE\",\"potentialAction\":[{\"@type\":\"ReadAction\",\"target\":[\"https:\\\/\\\/www.in2greece.com\\\/swedish\\\/places\\\/summer\\\/summer_resorts.htm\"]}]},{\"@type\":\"ImageObject\",\"inLanguage\":\"sv-SE\",\"@id\":\"https:\\\/\\\/www.in2greece.com\\\/swedish\\\/places\\\/summer\\\/summer_resorts.htm#primaryimage\",\"url\":\"https:\\\/\\\/www.in2greece.com\\\/swedish\\\/wp-content\\\/uploads\\\/2024\\\/05\\\/rejser-til-grekland.jpg\",\"contentUrl\":\"https:\\\/\\\/www.in2greece.com\\\/swedish\\\/wp-content\\\/uploads\\\/2024\\\/05\\\/rejser-til-grekland.jpg\",\"width\":476,\"height\":342,\"caption\":\"rejser-til-grekland\"},{\"@type\":\"BreadcrumbList\",\"@id\":\"https:\\\/\\\/www.in2greece.com\\\/swedish\\\/places\\\/summer\\\/summer_resorts.htm#breadcrumb\",\"itemListElement\":[{\"@type\":\"ListItem\",\"position\":1,\"name\":\"Home\",\"item\":\"https:\\\/\\\/www.in2greece.com\\\/swedish\\\/\"},{\"@type\":\"ListItem\",\"position\":2,\"name\":\"Rejser til Gr\u00e6kenland\"}]},{\"@type\":\"WebSite\",\"@id\":\"https:\\\/\\\/www.in2greece.com\\\/swedish\\\/#website\",\"url\":\"https:\\\/\\\/www.in2greece.com\\\/swedish\\\/\",\"name\":\"Grekland\",\"description\":\"Reseguide till Grekland\",\"publisher\":{\"@id\":\"https:\\\/\\\/www.in2greece.com\\\/swedish\\\/#organization\"},\"potentialAction\":[{\"@type\":\"SearchAction\",\"target\":{\"@type\":\"EntryPoint\",\"urlTemplate\":\"https:\\\/\\\/www.in2greece.com\\\/swedish\\\/?s={search_term_string}\"},\"query-input\":{\"@type\":\"PropertyValueSpecification\",\"valueRequired\":true,\"valueName\":\"search_term_string\"}}],\"inLanguage\":\"sv-SE\"},{\"@type\":\"Organization\",\"@id\":\"https:\\\/\\\/www.in2greece.com\\\/swedish\\\/#organization\",\"name\":\"www.in2greece.com\",\"url\":\"https:\\\/\\\/www.in2greece.com\\\/swedish\\\/\",\"logo\":{\"@type\":\"ImageObject\",\"inLanguage\":\"sv-SE\",\"@id\":\"https:\\\/\\\/www.in2greece.com\\\/swedish\\\/#\\\/schema\\\/logo\\\/image\\\/\",\"url\":\"https:\\\/\\\/www.in2greece.com\\\/swedish\\\/wp-content\\\/uploads\\\/2022\\\/02\\\/in2greece.png\",\"contentUrl\":\"https:\\\/\\\/www.in2greece.com\\\/swedish\\\/wp-content\\\/uploads\\\/2022\\\/02\\\/in2greece.png\",\"width\":150,\"height\":149,\"caption\":\"www.in2greece.com\"},\"image\":{\"@id\":\"https:\\\/\\\/www.in2greece.com\\\/swedish\\\/#\\\/schema\\\/logo\\\/image\\\/\"},\"sameAs\":[\"https:\\\/\\\/www.facebook.com\\\/in2greece\"]}]}<\/script>\n<!-- \/ Yoast SEO plugin. -->","yoast_head_json":{"title":"Rejser til Gr\u00e6kenland","description":"N\u00e4r det g\u00e4ller att planera en resa till Grekland kommer din f\u00f6rsta stora utmaning vara att best\u00e4mma var du ska b\u00f6rja. Du kan spendera m\u00e5nader p\u00e5 att resa genom detta fascinerande land","robots":{"index":"index","follow":"follow","max-snippet":"max-snippet:-1","max-image-preview":"max-image-preview:large","max-video-preview":"max-video-preview:-1"},"canonical":"https:\/\/www.in2greece.com\/swedish\/places\/summer\/summer_resorts.htm","og_locale":"sv_SE","og_type":"article","og_title":"Rejser til Gr\u00e6kenland","og_description":"N\u00e4r det g\u00e4ller att planera en resa till Grekland kommer din f\u00f6rsta stora utmaning vara att best\u00e4mma var du ska b\u00f6rja. Du kan spendera m\u00e5nader p\u00e5 att resa genom detta fascinerande land","og_url":"https:\/\/www.in2greece.com\/swedish\/places\/summer\/summer_resorts.htm","og_site_name":"Grekland","article_publisher":"https:\/\/www.facebook.com\/in2greece","article_modified_time":"2024-05-18T11:30:12+00:00","og_image":[{"width":476,"height":342,"url":"https:\/\/www.in2greece.com\/swedish\/wp-content\/uploads\/2024\/05\/rejser-til-grekland.jpg","type":"image\/jpeg"}],"twitter_card":"summary_large_image","twitter_misc":{"Ber\u00e4knad l\u00e4stid":"9 minuter"},"schema":{"@context":"https:\/\/schema.org","@graph":[{"@type":"WebPage","@id":"https:\/\/www.in2greece.com\/swedish\/places\/summer\/summer_resorts.htm","url":"https:\/\/www.in2greece.com\/swedish\/places\/summer\/summer_resorts.htm","name":"Rejser til Gr\u00e6kenland","isPartOf":{"@id":"https:\/\/www.in2greece.com\/swedish\/#website"},"primaryImageOfPage":{"@id":"https:\/\/www.in2greece.com\/swedish\/places\/summer\/summer_resorts.htm#primaryimage"},"image":{"@id":"https:\/\/www.in2greece.com\/swedish\/places\/summer\/summer_resorts.htm#primaryimage"},"thumbnailUrl":"https:\/\/www.in2greece.com\/swedish\/wp-content\/uploads\/2024\/05\/rejser-til-grekland.jpg","datePublished":"2024-05-18T11:29:24+00:00","dateModified":"2024-05-18T11:30:12+00:00","description":"N\u00e4r det g\u00e4ller att planera en resa till Grekland kommer din f\u00f6rsta stora utmaning vara att best\u00e4mma var du ska b\u00f6rja. Du kan spendera m\u00e5nader p\u00e5 att resa genom detta fascinerande land","breadcrumb":{"@id":"https:\/\/www.in2greece.com\/swedish\/places\/summer\/summer_resorts.htm#breadcrumb"},"inLanguage":"sv-SE","potentialAction":[{"@type":"ReadAction","target":["https:\/\/www.in2greece.com\/swedish\/places\/summer\/summer_resorts.htm"]}]},{"@type":"ImageObject","inLanguage":"sv-SE","@id":"https:\/\/www.in2greece.com\/swedish\/places\/summer\/summer_resorts.htm#primaryimage","url":"https:\/\/www.in2greece.com\/swedish\/wp-content\/uploads\/2024\/05\/rejser-til-grekland.jpg","contentUrl":"https:\/\/www.in2greece.com\/swedish\/wp-content\/uploads\/2024\/05\/rejser-til-grekland.jpg","width":476,"height":342,"caption":"rejser-til-grekland"},{"@type":"BreadcrumbList","@id":"https:\/\/www.in2greece.com\/swedish\/places\/summer\/summer_resorts.htm#breadcrumb","itemListElement":[{"@type":"ListItem","position":1,"name":"Home","item":"https:\/\/www.in2greece.com\/swedish\/"},{"@type":"ListItem","position":2,"name":"Rejser til Gr\u00e6kenland"}]},{"@type":"WebSite","@id":"https:\/\/www.in2greece.com\/swedish\/#website","url":"https:\/\/www.in2greece.com\/swedish\/","name":"Grekland","description":"Reseguide till Grekland","publisher":{"@id":"https:\/\/www.in2greece.com\/swedish\/#organization"},"potentialAction":[{"@type":"SearchAction","target":{"@type":"EntryPoint","urlTemplate":"https:\/\/www.in2greece.com\/swedish\/?s={search_term_string}"},"query-input":{"@type":"PropertyValueSpecification","valueRequired":true,"valueName":"search_term_string"}}],"inLanguage":"sv-SE"},{"@type":"Organization","@id":"https:\/\/www.in2greece.com\/swedish\/#organization","name":"www.in2greece.com","url":"https:\/\/www.in2greece.com\/swedish\/","logo":{"@type":"ImageObject","inLanguage":"sv-SE","@id":"https:\/\/www.in2greece.com\/swedish\/#\/schema\/logo\/image\/","url":"https:\/\/www.in2greece.com\/swedish\/wp-content\/uploads\/2022\/02\/in2greece.png","contentUrl":"https:\/\/www.in2greece.com\/swedish\/wp-content\/uploads\/2022\/02\/in2greece.png","width":150,"height":149,"caption":"www.in2greece.com"},"image":{"@id":"https:\/\/www.in2greece.com\/swedish\/#\/schema\/logo\/image\/"},"sameAs":["https:\/\/www.facebook.com\/in2greece"]}]}},"_links":{"self":[{"href":"https:\/\/www.in2greece.com\/swedish\/wp-json\/wp\/v2\/pages\/818","targetHints":{"allow":["GET"]}}],"collection":[{"href":"https:\/\/www.in2greece.com\/swedish\/wp-json\/wp\/v2\/pages"}],"about":[{"href":"https:\/\/www.in2greece.com\/swedish\/wp-json\/wp\/v2\/types\/page"}],"author":[{"embeddable":true,"href":"https:\/\/www.in2greece.com\/swedish\/wp-json\/wp\/v2\/users\/1"}],"replies":[{"embeddable":true,"href":"https:\/\/www.in2greece.com\/swedish\/wp-json\/wp\/v2\/comments?post=818"}],"version-history":[{"count":0,"href":"https:\/\/www.in2greece.com\/swedish\/wp-json\/wp\/v2\/pages\/818\/revisions"}],"wp:featuredmedia":[{"embeddable":true,"href":"https:\/\/www.in2greece.com\/swedish\/wp-json\/wp\/v2\/media\/819"}],"wp:attachment":[{"href":"https:\/\/www.in2greece.com\/swedish\/wp-json\/wp\/v2\/media?parent=818"}],"curies":[{"name":"wp","href":"https:\/\/api.w.org\/{rel}","templated":true}]}}