{"id":810,"date":"2024-05-18T10:40:18","date_gmt":"2024-05-18T10:40:18","guid":{"rendered":"https:\/\/www.in2greece.com\/swedish\/?page_id=810"},"modified":"2024-05-18T10:40:38","modified_gmt":"2024-05-18T10:40:38","slug":"det-onda-ogat","status":"publish","type":"page","link":"https:\/\/www.in2greece.com\/swedish\/factstrivia\/facts\/evil_eye.htm","title":{"rendered":"Det onda \u00f6gat"},"content":{"rendered":"\n<h2 class=\"wp-block-heading\">Det grekiska onda \u00f6gat vidskepelse<\/h2>\n\n\n<p>Onda \u00f6gat tros vara en f\u00f6rbannelse som ges av en bl\u00e4ndning som har negativa intensioner. Alla negativa k\u00e4nslor kan orsaka det onda \u00f6gat (mati) f\u00f6rbannelse, s\u00e5som ilska eller till och med svartsjuka. Man tror att f\u00f6rbannelsen i sig g\u00f6r att d\u00e5liga saker h\u00e4nder med den person som har f\u00e5tt f\u00f6rbannelsen, s\u00e5som huvudv\u00e4rk och till och med en rad &#8221;otur&#8221;. Att b\u00e4ra en speciell onda \u00f6gatberlock, \u00e4ven kallad mati, s\u00e4gs hj\u00e4lpa till att f\u00f6rhindra att f\u00f6rbannelsen ens intr\u00e4ffar. H\u00e4r \u00e4r lite mer information om det grekiska onda \u00f6gat (mati) och vad man ska g\u00f6ra \u00e5t det.<\/p>\n<p>Som det visar sig, g\u00e5r konceptet med det onda \u00f6gat tillbaka till den klassiska antiken, eller den tidsperiod som omfattade den klassiska eran i antikens Grekland. Under denna tid var den grekiska civilisationen p\u00e5 sin intellektuella topp. Ett vanligt tema i litteraturen p\u00e5 den tiden var att \u00f6gonen var en k\u00e4lla till d\u00f6dliga str\u00e5lar som kunde skada andra. Plutarchus, den antike grekiska f\u00f6rfattaren, \u00e4r en av dem som skrev om detta koncept. Tron p\u00e5 det onda \u00f6gat tenderade att spridas n\u00e4r Alexander den store f\u00f6rde den grekiska kulturen till \u00f6st.<\/p>\n<p>Beroende p\u00e5 vem du pratar med har m\u00e4nniskor olika uppfattningar om det onda \u00f6gat. Vissa m\u00e4nniskor tror att det inte bara \u00e4r negativa k\u00e4nslor som kan orsaka det onda \u00f6gat till en annan. \u00c4ven n\u00e5got enkelt, som att beundra ett nyf\u00f6tt barn, kan resultera i f\u00f6rbannelsen. I vissa delar av Grekland tror man att de med bl\u00e5 eller gr\u00f6na \u00f6gon \u00e4r s\u00e4rskilt kapabla att ge f\u00f6rbannelsen till en annan person, vilket \u00e4r en viktig anledning till att talismanerna f\u00f6r det onda \u00f6gat, eller mati-symbolerna, avbildas som ett bl\u00e5tt \u00f6ga.<\/p>\n<p>Enligt m\u00e4nniskorna som tror p\u00e5 det finns det n\u00e5gra saker du kan g\u00f6ra f\u00f6r att skydda dig mot det grekiska onda \u00f6gat (mati). Dessa talismaner kallas &#8221;apotropaiska&#8221; i Grekland och kan h\u00e4nvisa till allt fr\u00e5n det onda \u00f6gat (mati) h\u00e4nge till de ritualer som \u00e4r utformade f\u00f6r att avv\u00e4rja det. Till exempel reciterar vissa m\u00e4nniskor en speciell besv\u00e4rjelse f\u00f6r att avv\u00e4rja den, och de exakta orden \u00e4r en n\u00e4ra skyddad hemlighet som bara ett f\u00e5tal utvalda f\u00e5r veta. Andra taktiker inkluderar att spotta, som vanligtvis g\u00f6rs p\u00e5 ett nyf\u00f6tt barn, och att kasta salt \u00f6ver axeln.<\/p>\n<p>I Grekland g\u00e5r Mati-h\u00e4nget faktiskt \u00e4nda tillbaka till 600-talet f.Kr. i antiken. Processen att kasta bort det onda \u00f6gat kallas &#8221;xematiasma&#8221; och best\u00e5r av en specifik upps\u00e4ttning ritualer. Det hela b\u00f6rjar med besv\u00e4rjelsen, som sedan reciteras tre g\u00e5nger. Om personen \u00e4r drabbad av det onda \u00f6gat kommer b\u00e5da parter, personen som har det och helaren, att b\u00f6rja g\u00e4spa.<\/p>","protected":false},"excerpt":{"rendered":"<p>Det grekiska onda \u00f6gat vidskepelse Onda \u00f6gat tros vara en f\u00f6rbannelse som ges av en bl\u00e4ndning som har negativa intensioner. Alla negativa k\u00e4nslor kan orsaka det onda \u00f6gat (mati) f\u00f6rbannelse, s\u00e5som ilska eller till och med svartsjuka. Man tror att f\u00f6rbannelsen i sig g\u00f6r att d\u00e5liga saker h\u00e4nder med den person som har f\u00e5tt f\u00f6rbannelsen,<br \/><a class=\"moretag\" href=\"https:\/\/www.in2greece.com\/swedish\/factstrivia\/facts\/evil_eye.htm\">+ L\u00e4s Mer<\/a><\/p>\n","protected":false},"author":1,"featured_media":811,"parent":0,"menu_order":0,"comment_status":"closed","ping_status":"closed","template":"","meta":{"footnotes":""},"class_list":["post-810","page","type-page","status-publish","has-post-thumbnail","hentry"],"yoast_head":"<!-- This site is optimized with the Yoast SEO plugin v27.4 - https:\/\/yoast.com\/product\/yoast-seo-wordpress\/ -->\n<title>Det onda \u00f6gat vidskepelse<\/title>\n<meta name=\"description\" content=\"Onda \u00f6gat tros vara en f\u00f6rbannelse som ges av en bl\u00e4ndning som har negativa intensioner. Alla negativa k\u00e4nslor kan orsaka det onda \u00f6gat (mati) f\u00f6rbannelse, s\u00e5som ilska eller till och med svartsjuka.\" \/>\n<meta name=\"robots\" content=\"index, follow, max-snippet:-1, max-image-preview:large, max-video-preview:-1\" \/>\n<link rel=\"canonical\" href=\"https:\/\/www.in2greece.com\/swedish\/factstrivia\/facts\/evil_eye.htm\" \/>\n<meta property=\"og:locale\" content=\"sv_SE\" \/>\n<meta property=\"og:type\" content=\"article\" \/>\n<meta property=\"og:title\" content=\"Det onda \u00f6gat vidskepelse\" \/>\n<meta property=\"og:description\" content=\"Onda \u00f6gat tros vara en f\u00f6rbannelse som ges av en bl\u00e4ndning som har negativa intensioner. Alla negativa k\u00e4nslor kan orsaka det onda \u00f6gat (mati) f\u00f6rbannelse, s\u00e5som ilska eller till och med svartsjuka.\" \/>\n<meta property=\"og:url\" content=\"https:\/\/www.in2greece.com\/swedish\/factstrivia\/facts\/evil_eye.htm\" \/>\n<meta property=\"og:site_name\" content=\"Grekland\" \/>\n<meta property=\"article:publisher\" content=\"https:\/\/www.facebook.com\/in2greece\" \/>\n<meta property=\"article:modified_time\" content=\"2024-05-18T10:40:38+00:00\" \/>\n<meta property=\"og:image\" content=\"https:\/\/www.in2greece.com\/swedish\/wp-content\/uploads\/2024\/05\/onde-ogat.jpg\" \/>\n\t<meta property=\"og:image:width\" content=\"503\" \/>\n\t<meta property=\"og:image:height\" content=\"459\" \/>\n\t<meta property=\"og:image:type\" content=\"image\/jpeg\" \/>\n<meta name=\"twitter:card\" content=\"summary_large_image\" \/>\n<meta name=\"twitter:label1\" content=\"Ber\u00e4knad l\u00e4stid\" \/>\n\t<meta name=\"twitter:data1\" content=\"3 minuter\" \/>\n<script type=\"application\/ld+json\" class=\"yoast-schema-graph\">{\"@context\":\"https:\\\/\\\/schema.org\",\"@graph\":[{\"@type\":\"WebPage\",\"@id\":\"https:\\\/\\\/www.in2greece.com\\\/swedish\\\/factstrivia\\\/facts\\\/evil_eye.htm\",\"url\":\"https:\\\/\\\/www.in2greece.com\\\/swedish\\\/factstrivia\\\/facts\\\/evil_eye.htm\",\"name\":\"Det onda \u00f6gat vidskepelse\",\"isPartOf\":{\"@id\":\"https:\\\/\\\/www.in2greece.com\\\/swedish\\\/#website\"},\"primaryImageOfPage\":{\"@id\":\"https:\\\/\\\/www.in2greece.com\\\/swedish\\\/factstrivia\\\/facts\\\/evil_eye.htm#primaryimage\"},\"image\":{\"@id\":\"https:\\\/\\\/www.in2greece.com\\\/swedish\\\/factstrivia\\\/facts\\\/evil_eye.htm#primaryimage\"},\"thumbnailUrl\":\"https:\\\/\\\/www.in2greece.com\\\/swedish\\\/wp-content\\\/uploads\\\/2024\\\/05\\\/onde-ogat.jpg\",\"datePublished\":\"2024-05-18T10:40:18+00:00\",\"dateModified\":\"2024-05-18T10:40:38+00:00\",\"description\":\"Onda \u00f6gat tros vara en f\u00f6rbannelse som ges av en bl\u00e4ndning som har negativa intensioner. Alla negativa k\u00e4nslor kan orsaka det onda \u00f6gat (mati) f\u00f6rbannelse, s\u00e5som ilska eller till och med svartsjuka.\",\"breadcrumb\":{\"@id\":\"https:\\\/\\\/www.in2greece.com\\\/swedish\\\/factstrivia\\\/facts\\\/evil_eye.htm#breadcrumb\"},\"inLanguage\":\"sv-SE\",\"potentialAction\":[{\"@type\":\"ReadAction\",\"target\":[\"https:\\\/\\\/www.in2greece.com\\\/swedish\\\/factstrivia\\\/facts\\\/evil_eye.htm\"]}]},{\"@type\":\"ImageObject\",\"inLanguage\":\"sv-SE\",\"@id\":\"https:\\\/\\\/www.in2greece.com\\\/swedish\\\/factstrivia\\\/facts\\\/evil_eye.htm#primaryimage\",\"url\":\"https:\\\/\\\/www.in2greece.com\\\/swedish\\\/wp-content\\\/uploads\\\/2024\\\/05\\\/onde-ogat.jpg\",\"contentUrl\":\"https:\\\/\\\/www.in2greece.com\\\/swedish\\\/wp-content\\\/uploads\\\/2024\\\/05\\\/onde-ogat.jpg\",\"width\":503,\"height\":459,\"caption\":\"Onda \u00f6gat\"},{\"@type\":\"BreadcrumbList\",\"@id\":\"https:\\\/\\\/www.in2greece.com\\\/swedish\\\/factstrivia\\\/facts\\\/evil_eye.htm#breadcrumb\",\"itemListElement\":[{\"@type\":\"ListItem\",\"position\":1,\"name\":\"Home\",\"item\":\"https:\\\/\\\/www.in2greece.com\\\/swedish\\\/\"},{\"@type\":\"ListItem\",\"position\":2,\"name\":\"Det onda \u00f6gat\"}]},{\"@type\":\"WebSite\",\"@id\":\"https:\\\/\\\/www.in2greece.com\\\/swedish\\\/#website\",\"url\":\"https:\\\/\\\/www.in2greece.com\\\/swedish\\\/\",\"name\":\"Grekland\",\"description\":\"Reseguide till Grekland\",\"publisher\":{\"@id\":\"https:\\\/\\\/www.in2greece.com\\\/swedish\\\/#organization\"},\"potentialAction\":[{\"@type\":\"SearchAction\",\"target\":{\"@type\":\"EntryPoint\",\"urlTemplate\":\"https:\\\/\\\/www.in2greece.com\\\/swedish\\\/?s={search_term_string}\"},\"query-input\":{\"@type\":\"PropertyValueSpecification\",\"valueRequired\":true,\"valueName\":\"search_term_string\"}}],\"inLanguage\":\"sv-SE\"},{\"@type\":\"Organization\",\"@id\":\"https:\\\/\\\/www.in2greece.com\\\/swedish\\\/#organization\",\"name\":\"www.in2greece.com\",\"url\":\"https:\\\/\\\/www.in2greece.com\\\/swedish\\\/\",\"logo\":{\"@type\":\"ImageObject\",\"inLanguage\":\"sv-SE\",\"@id\":\"https:\\\/\\\/www.in2greece.com\\\/swedish\\\/#\\\/schema\\\/logo\\\/image\\\/\",\"url\":\"https:\\\/\\\/www.in2greece.com\\\/swedish\\\/wp-content\\\/uploads\\\/2022\\\/02\\\/in2greece.png\",\"contentUrl\":\"https:\\\/\\\/www.in2greece.com\\\/swedish\\\/wp-content\\\/uploads\\\/2022\\\/02\\\/in2greece.png\",\"width\":150,\"height\":149,\"caption\":\"www.in2greece.com\"},\"image\":{\"@id\":\"https:\\\/\\\/www.in2greece.com\\\/swedish\\\/#\\\/schema\\\/logo\\\/image\\\/\"},\"sameAs\":[\"https:\\\/\\\/www.facebook.com\\\/in2greece\"]}]}<\/script>\n<!-- \/ Yoast SEO plugin. -->","yoast_head_json":{"title":"Det onda \u00f6gat vidskepelse","description":"Onda \u00f6gat tros vara en f\u00f6rbannelse som ges av en bl\u00e4ndning som har negativa intensioner. Alla negativa k\u00e4nslor kan orsaka det onda \u00f6gat (mati) f\u00f6rbannelse, s\u00e5som ilska eller till och med svartsjuka.","robots":{"index":"index","follow":"follow","max-snippet":"max-snippet:-1","max-image-preview":"max-image-preview:large","max-video-preview":"max-video-preview:-1"},"canonical":"https:\/\/www.in2greece.com\/swedish\/factstrivia\/facts\/evil_eye.htm","og_locale":"sv_SE","og_type":"article","og_title":"Det onda \u00f6gat vidskepelse","og_description":"Onda \u00f6gat tros vara en f\u00f6rbannelse som ges av en bl\u00e4ndning som har negativa intensioner. Alla negativa k\u00e4nslor kan orsaka det onda \u00f6gat (mati) f\u00f6rbannelse, s\u00e5som ilska eller till och med svartsjuka.","og_url":"https:\/\/www.in2greece.com\/swedish\/factstrivia\/facts\/evil_eye.htm","og_site_name":"Grekland","article_publisher":"https:\/\/www.facebook.com\/in2greece","article_modified_time":"2024-05-18T10:40:38+00:00","og_image":[{"width":503,"height":459,"url":"https:\/\/www.in2greece.com\/swedish\/wp-content\/uploads\/2024\/05\/onde-ogat.jpg","type":"image\/jpeg"}],"twitter_card":"summary_large_image","twitter_misc":{"Ber\u00e4knad l\u00e4stid":"3 minuter"},"schema":{"@context":"https:\/\/schema.org","@graph":[{"@type":"WebPage","@id":"https:\/\/www.in2greece.com\/swedish\/factstrivia\/facts\/evil_eye.htm","url":"https:\/\/www.in2greece.com\/swedish\/factstrivia\/facts\/evil_eye.htm","name":"Det onda \u00f6gat vidskepelse","isPartOf":{"@id":"https:\/\/www.in2greece.com\/swedish\/#website"},"primaryImageOfPage":{"@id":"https:\/\/www.in2greece.com\/swedish\/factstrivia\/facts\/evil_eye.htm#primaryimage"},"image":{"@id":"https:\/\/www.in2greece.com\/swedish\/factstrivia\/facts\/evil_eye.htm#primaryimage"},"thumbnailUrl":"https:\/\/www.in2greece.com\/swedish\/wp-content\/uploads\/2024\/05\/onde-ogat.jpg","datePublished":"2024-05-18T10:40:18+00:00","dateModified":"2024-05-18T10:40:38+00:00","description":"Onda \u00f6gat tros vara en f\u00f6rbannelse som ges av en bl\u00e4ndning som har negativa intensioner. Alla negativa k\u00e4nslor kan orsaka det onda \u00f6gat (mati) f\u00f6rbannelse, s\u00e5som ilska eller till och med svartsjuka.","breadcrumb":{"@id":"https:\/\/www.in2greece.com\/swedish\/factstrivia\/facts\/evil_eye.htm#breadcrumb"},"inLanguage":"sv-SE","potentialAction":[{"@type":"ReadAction","target":["https:\/\/www.in2greece.com\/swedish\/factstrivia\/facts\/evil_eye.htm"]}]},{"@type":"ImageObject","inLanguage":"sv-SE","@id":"https:\/\/www.in2greece.com\/swedish\/factstrivia\/facts\/evil_eye.htm#primaryimage","url":"https:\/\/www.in2greece.com\/swedish\/wp-content\/uploads\/2024\/05\/onde-ogat.jpg","contentUrl":"https:\/\/www.in2greece.com\/swedish\/wp-content\/uploads\/2024\/05\/onde-ogat.jpg","width":503,"height":459,"caption":"Onda \u00f6gat"},{"@type":"BreadcrumbList","@id":"https:\/\/www.in2greece.com\/swedish\/factstrivia\/facts\/evil_eye.htm#breadcrumb","itemListElement":[{"@type":"ListItem","position":1,"name":"Home","item":"https:\/\/www.in2greece.com\/swedish\/"},{"@type":"ListItem","position":2,"name":"Det onda \u00f6gat"}]},{"@type":"WebSite","@id":"https:\/\/www.in2greece.com\/swedish\/#website","url":"https:\/\/www.in2greece.com\/swedish\/","name":"Grekland","description":"Reseguide till Grekland","publisher":{"@id":"https:\/\/www.in2greece.com\/swedish\/#organization"},"potentialAction":[{"@type":"SearchAction","target":{"@type":"EntryPoint","urlTemplate":"https:\/\/www.in2greece.com\/swedish\/?s={search_term_string}"},"query-input":{"@type":"PropertyValueSpecification","valueRequired":true,"valueName":"search_term_string"}}],"inLanguage":"sv-SE"},{"@type":"Organization","@id":"https:\/\/www.in2greece.com\/swedish\/#organization","name":"www.in2greece.com","url":"https:\/\/www.in2greece.com\/swedish\/","logo":{"@type":"ImageObject","inLanguage":"sv-SE","@id":"https:\/\/www.in2greece.com\/swedish\/#\/schema\/logo\/image\/","url":"https:\/\/www.in2greece.com\/swedish\/wp-content\/uploads\/2022\/02\/in2greece.png","contentUrl":"https:\/\/www.in2greece.com\/swedish\/wp-content\/uploads\/2022\/02\/in2greece.png","width":150,"height":149,"caption":"www.in2greece.com"},"image":{"@id":"https:\/\/www.in2greece.com\/swedish\/#\/schema\/logo\/image\/"},"sameAs":["https:\/\/www.facebook.com\/in2greece"]}]}},"_links":{"self":[{"href":"https:\/\/www.in2greece.com\/swedish\/wp-json\/wp\/v2\/pages\/810","targetHints":{"allow":["GET"]}}],"collection":[{"href":"https:\/\/www.in2greece.com\/swedish\/wp-json\/wp\/v2\/pages"}],"about":[{"href":"https:\/\/www.in2greece.com\/swedish\/wp-json\/wp\/v2\/types\/page"}],"author":[{"embeddable":true,"href":"https:\/\/www.in2greece.com\/swedish\/wp-json\/wp\/v2\/users\/1"}],"replies":[{"embeddable":true,"href":"https:\/\/www.in2greece.com\/swedish\/wp-json\/wp\/v2\/comments?post=810"}],"version-history":[{"count":0,"href":"https:\/\/www.in2greece.com\/swedish\/wp-json\/wp\/v2\/pages\/810\/revisions"}],"wp:featuredmedia":[{"embeddable":true,"href":"https:\/\/www.in2greece.com\/swedish\/wp-json\/wp\/v2\/media\/811"}],"wp:attachment":[{"href":"https:\/\/www.in2greece.com\/swedish\/wp-json\/wp\/v2\/media?parent=810"}],"curies":[{"name":"wp","href":"https:\/\/api.w.org\/{rel}","templated":true}]}}