{"id":789,"date":"2024-04-27T19:06:43","date_gmt":"2024-04-27T19:06:43","guid":{"rendered":"https:\/\/www.in2greece.com\/swedish\/?page_id=789"},"modified":"2024-05-26T11:42:13","modified_gmt":"2024-05-26T11:42:13","slug":"vinterresorter-i-grekland","status":"publish","type":"page","link":"https:\/\/www.in2greece.com\/swedish\/places\/winter\/winter_resorts.htm","title":{"rendered":"Vinter resorter i Grekland"},"content":{"rendered":"\n<h2 class=\"wp-block-heading\">Semester i Grekland under vintern<\/h2>\n\n\n<p><img decoding=\"async\" class=\"alignleft size-medium wp-image-790\" src=\"https:\/\/www.in2greece.com\/swedish\/wp-content\/uploads\/2024\/04\/Vinterresorter-i-Grekland-300x200.jpg\" alt=\"Vinterresorter-i-Grekland\" width=\"300\" height=\"200\" srcset=\"https:\/\/www.in2greece.com\/swedish\/wp-content\/uploads\/2024\/04\/Vinterresorter-i-Grekland-300x200.jpg 300w, https:\/\/www.in2greece.com\/swedish\/wp-content\/uploads\/2024\/04\/Vinterresorter-i-Grekland.jpg 612w\" sizes=\"(max-width: 300px) 100vw, 300px\" \/>Grekland \u00e4r s\u00e5 mycket mer \u00e4n bara ett sommarresm\u00e5l! V\u00e4lj Grekland f\u00f6r din vintersemester och njut av de m\u00f6jligheter som \u00f6ppnar sig framf\u00f6r dig. tora skogsomr\u00e5den med sn\u00f6t\u00e4ckta toppar, skogsstigar och gamla stigar, snabbt str\u00f6mmande floder kr\u00f6nta med stenbroar och sl\u00e5ende sj\u00f6ar skapar den idealiska milj\u00f6n f\u00f6r en verkligt minnesv\u00e4rd upplevelse under din vintersemester. De st\u00f6rsta skidorterna i landet ligger p\u00e5 Parnassos, Kalavryta, Kaimaktsalan, Vasilitsa, Tria-Pente Pigadia, Pelion och Mainalo-bergen och de kommer att erbjuda dig of\u00f6rgl\u00f6mliga sn\u00f6iga \u00e4ventyr i en helvit milj\u00f6.<\/p>\n<p>Du kommer att njuta av den naturliga sk\u00f6nheten i bergsomr\u00e5dena med de m\u00e5nga molnt\u00e4ckta topparna och det breda n\u00e4tverket av skyltade stigar medan du vandrar eller kl\u00e4ttrar. Om du \u00e4lskar mountainbike, eller om du anv\u00e4nder ett 4WD-fordon, kommer du att uppt\u00e4cka m\u00e5nga terr\u00e4ngrutter som leder dig djupt in i hj\u00e4rtat av den grekiska naturen.<br \/>Du kan ut\u00f6va vattensporter i sj\u00f6ar som Orestiada, Ioanninon, Plastira, Kerkini, Vegoritida eller f\u00e5gelsk\u00e5dning eller helt enkelt ta en romantisk promenad och njuta av utsikten \u00f6ver det sn\u00f6ade landskapet som reflekteras i deras stilla vatten.<br \/>Vinterresor till grekiska, perfekta st\u00e4der<\/p>\n<p>\u00c5rstiderna kan f\u00f6r\u00e4ndras men sk\u00f6nheten hos vissa destinationer f\u00f6rblir of\u00f6rminskad, bara f\u00f6r att f\u00f6rb\u00e4ttras p\u00e5 vintern! Kastoria, Ioannina, Metsovo och Karpenisi \u00e4r fyra st\u00e4der som bevisar ovanst\u00e5ende. I Kastoria, en av Makedoniens \u00e4delst\u00e4der, kommer du att njuta av att g\u00e5 p\u00e5 en rundtur i sj\u00f6ns fridfulla omgivningar. Vandra i stadens traditionella stadsdelar, se de bysantinska monumenten och bes\u00f6k Dispilio (7 km SO om Kastoria), en sj\u00f6bos\u00e4ttning med h\u00f6ghus som g\u00e5r tillbaka till 5000 f.Kr.<\/p>\n<p><img decoding=\"async\" class=\"alignleft size-medium wp-image-791\" src=\"https:\/\/www.in2greece.com\/swedish\/wp-content\/uploads\/2024\/04\/Vinterresorter-Greklands-300x200.jpg\" alt=\"Vinterresorter-Greklands\" width=\"300\" height=\"200\" srcset=\"https:\/\/www.in2greece.com\/swedish\/wp-content\/uploads\/2024\/04\/Vinterresorter-Greklands-300x200.jpg 300w, https:\/\/www.in2greece.com\/swedish\/wp-content\/uploads\/2024\/04\/Vinterresorter-Greklands.jpg 612w\" sizes=\"(max-width: 300px) 100vw, 300px\" \/>Ioannina, huvudstaden i regionen Epirus, \u00e4r en vacker gammal stad med ett fantastiskt kulturarv, imponerande monument och pittoreska stadsdelar. Bes\u00f6k sj\u00f6n Pamvotida, en av omr\u00e5dets fr\u00e4msta sev\u00e4rdheter och den bildsk\u00f6na \u00f6n Kyra Frosyni som ligger mitt i sj\u00f6n. Du kommer att k\u00e4nna dig som transporterad till det f\u00f6rflutna, till en era av hemligheter och legender. Metsovo \u00e4r en traditionell stad, uppflugen p\u00e5 en bergssluttning och byggd enligt Epirus arkitektoniska stil. Bes\u00f6k de imponerande konst- och kulturplatserna, smaka p\u00e5 de ber\u00f6mda lokala r\u00e4tterna och k\u00e4nn hur din energiniv\u00e5 stiger n\u00e4r du ut\u00f6var sport i omr\u00e5dets skogar och berg.<\/p>\n<p>Dessa byar str\u00e4cker sig \u00f6ver den grekiska landsbygden, delvis t\u00e4ckta av moln eller ligger under en kappa av ren vit sn\u00f6, och dessa byar \u00e4r m\u00f6tesplatsen f\u00f6r de jetsetare som vill njuta av sin resa till landsbygden s\u00e5v\u00e4l som vintersporter med stil, och p\u00e5 samtidigt ha mycket roligt p\u00e5 nattklubbar fram till soluppg\u00e5ngen. Arachova i centrala Grekland och Palaios Agios Athanasios, en bildsk\u00f6n traditionell by i Makedonien, \u00e4r de popul\u00e4raste resm\u00e5len ett stenkast fr\u00e5n skidorter.<br \/>Naturens omfamning<\/p>\n<p><img decoding=\"async\" class=\"alignleft size-medium wp-image-792\" src=\"https:\/\/www.in2greece.com\/swedish\/wp-content\/uploads\/2024\/04\/Vinterresorter-i-Greklands-300x200.jpg\" alt=\"Vinterresorter-i-Greklands\" width=\"300\" height=\"200\" srcset=\"https:\/\/www.in2greece.com\/swedish\/wp-content\/uploads\/2024\/04\/Vinterresorter-i-Greklands-300x200.jpg 300w, https:\/\/www.in2greece.com\/swedish\/wp-content\/uploads\/2024\/04\/Vinterresorter-i-Greklands.jpg 612w\" sizes=\"(max-width: 300px) 100vw, 300px\" \/>Urskogar, majest\u00e4tiska berg, imponerande grottor, djupa skuggiga raviner, v\u00e5tmarksmilj\u00f6er av s\u00e4llsynt sk\u00f6nhet och andra anm\u00e4rkningsv\u00e4rda ekosystem f\u00f6rst\u00e4rker den vackra grekiska landsbygden. Du kommer att se den grekiska naturens sk\u00f6nhet utvecklas i nationalparkerna p\u00e5 Pindus, Parnassos, Vikos, Parnitha, Olympus, Mainalo-bergen och i Dadiaskogen, s\u00e5v\u00e4l som i livsmilj\u00f6er som de i sj\u00f6arna Kerkini, Prespes, Vegoritida och i Nestosfloden. Valet \u00e4r ditt\u2026<br \/>Dolda bergsparadis<\/p>\n<p>Skogbevuxna f\u00f6rdjupningar ligger inb\u00e4ddade i bergsomr\u00e5den, de flesta av dem tycks trotsa tyngdlagen och erbjuder en fri utsikt som kan ta andan ur dig. Det finns m\u00e5nga stigar att utforska n\u00e4r landets ol\u00e4ndiga terr\u00e4ng gradvis avsl\u00f6jar det grekiska h\u00f6glandets sk\u00f6nhet f\u00f6r dig och erbjuder m\u00e5nga alternativ till sp\u00e4nningss\u00f6kande.<\/p>\n<p>Det finns ingen motsvarighet till de bergiga delarna av Korinthia och Arcadia p\u00e5 Peloponnesos n\u00e4r det g\u00e4ller omr\u00e5den av naturlig sk\u00f6nhet som ocks\u00e5 delar en rik historia.<br \/>Om du reser till de bergiga delarna av Nafpaktia kommer du att uppt\u00e4cka att det finns mer \u00e4n 40 byar utspridda p\u00e5 omr\u00e5dets sju berg, inb\u00e4ddade i skogkl\u00e4dda toppar, bredvid slingrande stigar i en vild terr\u00e4ng. Bes\u00f6k Zagorochoria, en grupp av 48 traditionella, stenbyggda byar i centrum av Epirus-regionen. Du kommer att f\u00e4ngslas av naturens och m\u00e4nniskornas underverk.<\/p>\n<p>Om du v\u00e4ljer berget Pelion kommer du att njuta av att bes\u00f6ka byarna som ligger uppe p\u00e5 bergssluttningarna, eftersom de \u00e4r fina exempel p\u00e5 den lokala traditionella arkitekturen. Du hittar ocks\u00e5 ett intressant n\u00e4tverk av vandringsleder under det hisnande l\u00f6vtr\u00e4det p\u00e5 berget av de mytomspunna kentaurerna.<br \/>grekisk kultur<\/p>\n<p>Landet \u00e4r fullt av skatter relaterade till dess kultur och vittnar om det antika grekiska f\u00f6rflutna som har erbjudit m\u00e4nskligheten s\u00e5 mycket. Det finns mer \u00e4n 100 imponerande arkeologiska platser, m\u00e5nga monument och hundratals museer, d\u00e4r denna historiska bana utspelar sig &#8211; en som har varit b\u00e5de kontinuerlig och imponerande.<\/p>\n<p>Undvik massorna av turister som str\u00f6mmar hit p\u00e5 sommaren och bes\u00f6k Grekland p\u00e5 vintern! Du kommer att kunna ta dig tid medan du turnerar i landet som har f\u00e5tt namnet &#8221;The Cradle of Western Civilisation&#8221;.<br \/>Grekiska kulinariska skatter<\/p>\n<p>Det grekiska fastlandet \u00e4r ett gastronomiskt paradis. Prova det rika k\u00f6ttet, antingen kolgrillat eller eldkokt eller p\u00e5 spett, traditionella typer av pasta, salta eller s\u00f6ta pajer, l\u00e4ckra mejeriprodukter, n\u00e4ringsrika baljv\u00e4xter, viner gjorda av lokala sorter och destillerad sprit. Ditt val av smaker \u00e4r mycket brett.<\/p>\n<p>Du kommer att uppt\u00e4cka att s\u00f6ta frestelser \u00e4r lika sv\u00e5ra att motst\u00e5! Smaka p\u00e5 den b\u00e4sta vaniljs\u00e5sfyllda bougatsaen i Thessaloniki och Serres, prova kourabiedes (en m\u00f6rdegstyp av konfekt t\u00e4ckt med str\u00f6socker) n\u00e4r du bes\u00f6ker Kavala, sked godis p\u00e5 berget Pelion, ravani (en sirapsliknande konfekt gjord p\u00e5 yoghurt och mannagryn) om du resa till Veria, och bakade s\u00f6ta r\u00e4tter indr\u00e4nkta i sirap om du bes\u00f6ker Ioannina och Xanthi.<br \/>Grekiskt nattliv<\/p>\n<p>Grekland \u00e4r k\u00e4nt \u00f6ver hela v\u00e4rlden f\u00f6r att erbjuda otaliga alternativ n\u00e4r det kommer till nattliv. Det kommer att vara det perfekta resm\u00e5let f\u00f6r alla som v\u00e4ljer det h\u00e4r s\u00e4ttet f\u00f6r att ha en fantastisk tid och l\u00e4mna dina bekymmer och problem bakom dig. N\u00e4tterna varar l\u00e4ngre h\u00e4r och att vara p\u00e5 topp \u00e4r en bra start f\u00f6r att ha det bra! Som v\u00e4ntat \u00e4r Aten, Thessaloniki och Patras, landets tre st\u00f6rsta st\u00e4der, de ledande n\u00e4r det g\u00e4ller nattliv i Grekland. S\u00e5 om klubbverksamhet \u00e4r vad du \u00e4r ute efter, kommer du definitivt att hitta den plats som passar dig b\u00e4st.<br \/>Lokala traditioner och seder<\/p>\n<p>Utan tvekan \u00e4r den st\u00f6rsta semesterperioden p\u00e5 vintern jultid, eftersom m\u00e5nga lokala traditioner och seder kommer i f\u00f6rgrunden blir levande \u00f6ver hela landet. Dekorerade julgranar och sm\u00e5 b\u00e5tar pryder hus och gator. Klockor ringer och barn sjunger juls\u00e5nger i st\u00e4der och byar. Traditionella sedv\u00e4njor kommer i f\u00f6rgrunden som &#8221;Momogeroi&#8221; i m\u00e5nga delar av Makedonien och Thrakien, &#8221;Ragoutsaria&#8221; i staden Kastoria, en sed som \u00e4r kopplad till antika festligheter f\u00f6r att hedra den grekiska guden Dionysos, och b\u00e5l i staden Florina.<\/p>\n<p>P\u00e5 ny\u00e5rsdagen finns det seder f\u00f6r att bringa lycka, som att h\u00e4nga en stor l\u00f6kl\u00f6k vid ytterd\u00f6rren eller sl\u00e5 s\u00f6nder ett granat\u00e4pple vid husets entr\u00e9d\u00f6rr. P\u00e5 Teofanidagen (den tolfte juldagen) helgas rinnande vatten under morgonm\u00e4ssan, d\u00e5 korset kastas av pr\u00e4sten i vattnet, medan m\u00e4n och kvinnor dyker i vattnet och t\u00e4vlar om att f\u00f6rs\u00f6ka f\u00e5nga det!<br \/>Under den grekiska Halloween-perioden (Apokria) \u00e4ger karnevalsparader rum, de st\u00f6rsta i Patras och Xanthi. Se de vanliga reproduktionerna av ett &#8221;vlachbr\u00f6llop&#8221; i Thebe, tzamales i Ioannina, gaitanaki i Livadeia, br\u00e4nningen av tzaros i Xanthi, boule i Naoussa och alevromoutzouromata i Galaxidi.<\/p>\n<p>Om du \u00e4r romantisk av naturen, ta din b\u00e4ttre h\u00e4lft i handen och f\u00f6lj oss:<br \/>Ta en tur till Nafplio, en vacker historisk stad; promenera runt sidogatorna i gamla stan, uppf\u00f6r slottet vid Palamidi och den mycket fotograferade Bourtzi-f\u00e4stningen byggd p\u00e5 \u00f6n Agioi Theodoroi; Bes\u00f6k den bef\u00e4sta staden Monemvasia, g\u00e5 f\u00f6rbi de storslagna stenhusen, de medeltida tornen, historiska byggnader och m\u00e5nghundra\u00e5riga kyrkor; Stanna till Galaxidi, sj\u00f6fartsstaden, och n\u00e4rliggande Nafpaktos; dessa tv\u00e5 st\u00e4der \u00e4r bland de mest romantiska platserna p\u00e5 det grekiska fastlandet.<\/p>\n<p>Byn Nymfaio ligger n\u00e4ra Florina stad, en plats d\u00e4r du kommer att se v\u00e4lsk\u00f6tta herrg\u00e5rdar och slingrande kullerstensgr\u00e4nder, omgiven av en frodig bj\u00f6rkskog. Om en vinterort \u00e4r vad du har i \u00e5tanke, bes\u00f6k Elati och Pertouli, du kommer att njuta av din vistelse i dessa tv\u00e5 vackra byar som \u00e4r sn\u00f6t\u00e4ckta under den kalla \u00e5rstiden. Ett annat alternativ f\u00f6r dig skulle vara Papigo, en av de mest popul\u00e4ra traditionella byarna i v\u00e4stra Zagori-omr\u00e5det.<\/p>\n<p>Sist men inte minst, de stora stadsk\u00e4rnorna: Thessaloniki \u00e4r norra Greklands st\u00f6rsta m\u00e5ngkulturella stad, med en romantisk atmosf\u00e4r \u00f6ver sig; N\u00e4r det g\u00e4ller den grekiska huvudstaden kommer du att finna det om\u00f6jligt att motst\u00e5 tjusningen i Atens historiska stadsk\u00e4rna. V\u00e4lj Grekland f\u00f6r din vintersemester och uppt\u00e4ck vinterns fascinerande aspekter av popul\u00e4ra resm\u00e5l<\/p>","protected":false},"excerpt":{"rendered":"<p>Semester i Grekland under vintern Grekland \u00e4r s\u00e5 mycket mer \u00e4n bara ett sommarresm\u00e5l! V\u00e4lj Grekland f\u00f6r din vintersemester och njut av de m\u00f6jligheter som \u00f6ppnar sig framf\u00f6r dig. tora skogsomr\u00e5den med sn\u00f6t\u00e4ckta toppar, skogsstigar och gamla stigar, snabbt str\u00f6mmande floder kr\u00f6nta med stenbroar och sl\u00e5ende sj\u00f6ar skapar den idealiska milj\u00f6n f\u00f6r en verkligt minnesv\u00e4rd<br \/><a class=\"moretag\" href=\"https:\/\/www.in2greece.com\/swedish\/places\/winter\/winter_resorts.htm\">+ L\u00e4s Mer<\/a><\/p>\n","protected":false},"author":1,"featured_media":790,"parent":0,"menu_order":0,"comment_status":"closed","ping_status":"closed","template":"","meta":{"footnotes":""},"class_list":["post-789","page","type-page","status-publish","has-post-thumbnail","hentry"],"yoast_head":"<!-- This site is optimized with the Yoast SEO plugin v27.4 - https:\/\/yoast.com\/product\/yoast-seo-wordpress\/ -->\n<title>Vinter resorter i Grekland<\/title>\n<meta name=\"description\" content=\"Grekland \u00e4r s\u00e5 mycket mer \u00e4n bara ett sommarresm\u00e5l! V\u00e4lj Grekland f\u00f6r din vintersemester och njut av de m\u00f6jligheter som \u00f6ppnar sig framf\u00f6r dig. tora skogsomr\u00e5den med sn\u00f6t\u00e4ckta toppar, skogsstigar och gamla stigar, snabbt str\u00f6mmande floder kr\u00f6nta med stenbroar och sl\u00e5ende\" \/>\n<meta name=\"robots\" content=\"index, follow, max-snippet:-1, max-image-preview:large, max-video-preview:-1\" \/>\n<link rel=\"canonical\" href=\"https:\/\/www.in2greece.com\/swedish\/places\/winter\/winter_resorts.htm\" \/>\n<meta property=\"og:locale\" content=\"sv_SE\" \/>\n<meta property=\"og:type\" content=\"article\" \/>\n<meta property=\"og:title\" content=\"Vinter resorter i Grekland\" \/>\n<meta property=\"og:description\" content=\"Grekland \u00e4r s\u00e5 mycket mer \u00e4n bara ett sommarresm\u00e5l! V\u00e4lj Grekland f\u00f6r din vintersemester och njut av de m\u00f6jligheter som \u00f6ppnar sig framf\u00f6r dig. tora skogsomr\u00e5den med sn\u00f6t\u00e4ckta toppar, skogsstigar och gamla stigar, snabbt str\u00f6mmande floder kr\u00f6nta med stenbroar och sl\u00e5ende\" \/>\n<meta property=\"og:url\" content=\"https:\/\/www.in2greece.com\/swedish\/places\/winter\/winter_resorts.htm\" \/>\n<meta property=\"og:site_name\" content=\"Grekland\" \/>\n<meta property=\"article:publisher\" content=\"https:\/\/www.facebook.com\/in2greece\" \/>\n<meta property=\"article:modified_time\" content=\"2024-05-26T11:42:13+00:00\" \/>\n<meta property=\"og:image\" content=\"https:\/\/www.in2greece.com\/swedish\/wp-content\/uploads\/2024\/04\/Vinterresorter-i-Grekland.jpg\" \/>\n\t<meta property=\"og:image:width\" content=\"612\" \/>\n\t<meta property=\"og:image:height\" content=\"408\" \/>\n\t<meta property=\"og:image:type\" content=\"image\/jpeg\" \/>\n<meta name=\"twitter:card\" content=\"summary_large_image\" \/>\n<meta name=\"twitter:label1\" content=\"Ber\u00e4knad l\u00e4stid\" \/>\n\t<meta name=\"twitter:data1\" content=\"8 minuter\" \/>\n<script type=\"application\/ld+json\" class=\"yoast-schema-graph\">{\"@context\":\"https:\\\/\\\/schema.org\",\"@graph\":[{\"@type\":\"WebPage\",\"@id\":\"https:\\\/\\\/www.in2greece.com\\\/swedish\\\/places\\\/winter\\\/winter_resorts.htm\",\"url\":\"https:\\\/\\\/www.in2greece.com\\\/swedish\\\/places\\\/winter\\\/winter_resorts.htm\",\"name\":\"Vinter resorter i Grekland\",\"isPartOf\":{\"@id\":\"https:\\\/\\\/www.in2greece.com\\\/swedish\\\/#website\"},\"primaryImageOfPage\":{\"@id\":\"https:\\\/\\\/www.in2greece.com\\\/swedish\\\/places\\\/winter\\\/winter_resorts.htm#primaryimage\"},\"image\":{\"@id\":\"https:\\\/\\\/www.in2greece.com\\\/swedish\\\/places\\\/winter\\\/winter_resorts.htm#primaryimage\"},\"thumbnailUrl\":\"https:\\\/\\\/www.in2greece.com\\\/swedish\\\/wp-content\\\/uploads\\\/2024\\\/04\\\/Vinterresorter-i-Grekland.jpg\",\"datePublished\":\"2024-04-27T19:06:43+00:00\",\"dateModified\":\"2024-05-26T11:42:13+00:00\",\"description\":\"Grekland \u00e4r s\u00e5 mycket mer \u00e4n bara ett sommarresm\u00e5l! V\u00e4lj Grekland f\u00f6r din vintersemester och njut av de m\u00f6jligheter som \u00f6ppnar sig framf\u00f6r dig. tora skogsomr\u00e5den med sn\u00f6t\u00e4ckta toppar, skogsstigar och gamla stigar, snabbt str\u00f6mmande floder kr\u00f6nta med stenbroar och sl\u00e5ende\",\"breadcrumb\":{\"@id\":\"https:\\\/\\\/www.in2greece.com\\\/swedish\\\/places\\\/winter\\\/winter_resorts.htm#breadcrumb\"},\"inLanguage\":\"sv-SE\",\"potentialAction\":[{\"@type\":\"ReadAction\",\"target\":[\"https:\\\/\\\/www.in2greece.com\\\/swedish\\\/places\\\/winter\\\/winter_resorts.htm\"]}]},{\"@type\":\"ImageObject\",\"inLanguage\":\"sv-SE\",\"@id\":\"https:\\\/\\\/www.in2greece.com\\\/swedish\\\/places\\\/winter\\\/winter_resorts.htm#primaryimage\",\"url\":\"https:\\\/\\\/www.in2greece.com\\\/swedish\\\/wp-content\\\/uploads\\\/2024\\\/04\\\/Vinterresorter-i-Grekland.jpg\",\"contentUrl\":\"https:\\\/\\\/www.in2greece.com\\\/swedish\\\/wp-content\\\/uploads\\\/2024\\\/04\\\/Vinterresorter-i-Grekland.jpg\",\"width\":612,\"height\":408,\"caption\":\"Vinterresorter-i-Grekland\"},{\"@type\":\"BreadcrumbList\",\"@id\":\"https:\\\/\\\/www.in2greece.com\\\/swedish\\\/places\\\/winter\\\/winter_resorts.htm#breadcrumb\",\"itemListElement\":[{\"@type\":\"ListItem\",\"position\":1,\"name\":\"Home\",\"item\":\"https:\\\/\\\/www.in2greece.com\\\/swedish\\\/\"},{\"@type\":\"ListItem\",\"position\":2,\"name\":\"Vinter resorter i Grekland\"}]},{\"@type\":\"WebSite\",\"@id\":\"https:\\\/\\\/www.in2greece.com\\\/swedish\\\/#website\",\"url\":\"https:\\\/\\\/www.in2greece.com\\\/swedish\\\/\",\"name\":\"Grekland\",\"description\":\"Reseguide till Grekland\",\"publisher\":{\"@id\":\"https:\\\/\\\/www.in2greece.com\\\/swedish\\\/#organization\"},\"potentialAction\":[{\"@type\":\"SearchAction\",\"target\":{\"@type\":\"EntryPoint\",\"urlTemplate\":\"https:\\\/\\\/www.in2greece.com\\\/swedish\\\/?s={search_term_string}\"},\"query-input\":{\"@type\":\"PropertyValueSpecification\",\"valueRequired\":true,\"valueName\":\"search_term_string\"}}],\"inLanguage\":\"sv-SE\"},{\"@type\":\"Organization\",\"@id\":\"https:\\\/\\\/www.in2greece.com\\\/swedish\\\/#organization\",\"name\":\"www.in2greece.com\",\"url\":\"https:\\\/\\\/www.in2greece.com\\\/swedish\\\/\",\"logo\":{\"@type\":\"ImageObject\",\"inLanguage\":\"sv-SE\",\"@id\":\"https:\\\/\\\/www.in2greece.com\\\/swedish\\\/#\\\/schema\\\/logo\\\/image\\\/\",\"url\":\"https:\\\/\\\/www.in2greece.com\\\/swedish\\\/wp-content\\\/uploads\\\/2022\\\/02\\\/in2greece.png\",\"contentUrl\":\"https:\\\/\\\/www.in2greece.com\\\/swedish\\\/wp-content\\\/uploads\\\/2022\\\/02\\\/in2greece.png\",\"width\":150,\"height\":149,\"caption\":\"www.in2greece.com\"},\"image\":{\"@id\":\"https:\\\/\\\/www.in2greece.com\\\/swedish\\\/#\\\/schema\\\/logo\\\/image\\\/\"},\"sameAs\":[\"https:\\\/\\\/www.facebook.com\\\/in2greece\"]}]}<\/script>\n<!-- \/ Yoast SEO plugin. -->","yoast_head_json":{"title":"Vinter resorter i Grekland","description":"Grekland \u00e4r s\u00e5 mycket mer \u00e4n bara ett sommarresm\u00e5l! V\u00e4lj Grekland f\u00f6r din vintersemester och njut av de m\u00f6jligheter som \u00f6ppnar sig framf\u00f6r dig. tora skogsomr\u00e5den med sn\u00f6t\u00e4ckta toppar, skogsstigar och gamla stigar, snabbt str\u00f6mmande floder kr\u00f6nta med stenbroar och sl\u00e5ende","robots":{"index":"index","follow":"follow","max-snippet":"max-snippet:-1","max-image-preview":"max-image-preview:large","max-video-preview":"max-video-preview:-1"},"canonical":"https:\/\/www.in2greece.com\/swedish\/places\/winter\/winter_resorts.htm","og_locale":"sv_SE","og_type":"article","og_title":"Vinter resorter i Grekland","og_description":"Grekland \u00e4r s\u00e5 mycket mer \u00e4n bara ett sommarresm\u00e5l! V\u00e4lj Grekland f\u00f6r din vintersemester och njut av de m\u00f6jligheter som \u00f6ppnar sig framf\u00f6r dig. tora skogsomr\u00e5den med sn\u00f6t\u00e4ckta toppar, skogsstigar och gamla stigar, snabbt str\u00f6mmande floder kr\u00f6nta med stenbroar och sl\u00e5ende","og_url":"https:\/\/www.in2greece.com\/swedish\/places\/winter\/winter_resorts.htm","og_site_name":"Grekland","article_publisher":"https:\/\/www.facebook.com\/in2greece","article_modified_time":"2024-05-26T11:42:13+00:00","og_image":[{"width":612,"height":408,"url":"https:\/\/www.in2greece.com\/swedish\/wp-content\/uploads\/2024\/04\/Vinterresorter-i-Grekland.jpg","type":"image\/jpeg"}],"twitter_card":"summary_large_image","twitter_misc":{"Ber\u00e4knad l\u00e4stid":"8 minuter"},"schema":{"@context":"https:\/\/schema.org","@graph":[{"@type":"WebPage","@id":"https:\/\/www.in2greece.com\/swedish\/places\/winter\/winter_resorts.htm","url":"https:\/\/www.in2greece.com\/swedish\/places\/winter\/winter_resorts.htm","name":"Vinter resorter i Grekland","isPartOf":{"@id":"https:\/\/www.in2greece.com\/swedish\/#website"},"primaryImageOfPage":{"@id":"https:\/\/www.in2greece.com\/swedish\/places\/winter\/winter_resorts.htm#primaryimage"},"image":{"@id":"https:\/\/www.in2greece.com\/swedish\/places\/winter\/winter_resorts.htm#primaryimage"},"thumbnailUrl":"https:\/\/www.in2greece.com\/swedish\/wp-content\/uploads\/2024\/04\/Vinterresorter-i-Grekland.jpg","datePublished":"2024-04-27T19:06:43+00:00","dateModified":"2024-05-26T11:42:13+00:00","description":"Grekland \u00e4r s\u00e5 mycket mer \u00e4n bara ett sommarresm\u00e5l! V\u00e4lj Grekland f\u00f6r din vintersemester och njut av de m\u00f6jligheter som \u00f6ppnar sig framf\u00f6r dig. tora skogsomr\u00e5den med sn\u00f6t\u00e4ckta toppar, skogsstigar och gamla stigar, snabbt str\u00f6mmande floder kr\u00f6nta med stenbroar och sl\u00e5ende","breadcrumb":{"@id":"https:\/\/www.in2greece.com\/swedish\/places\/winter\/winter_resorts.htm#breadcrumb"},"inLanguage":"sv-SE","potentialAction":[{"@type":"ReadAction","target":["https:\/\/www.in2greece.com\/swedish\/places\/winter\/winter_resorts.htm"]}]},{"@type":"ImageObject","inLanguage":"sv-SE","@id":"https:\/\/www.in2greece.com\/swedish\/places\/winter\/winter_resorts.htm#primaryimage","url":"https:\/\/www.in2greece.com\/swedish\/wp-content\/uploads\/2024\/04\/Vinterresorter-i-Grekland.jpg","contentUrl":"https:\/\/www.in2greece.com\/swedish\/wp-content\/uploads\/2024\/04\/Vinterresorter-i-Grekland.jpg","width":612,"height":408,"caption":"Vinterresorter-i-Grekland"},{"@type":"BreadcrumbList","@id":"https:\/\/www.in2greece.com\/swedish\/places\/winter\/winter_resorts.htm#breadcrumb","itemListElement":[{"@type":"ListItem","position":1,"name":"Home","item":"https:\/\/www.in2greece.com\/swedish\/"},{"@type":"ListItem","position":2,"name":"Vinter resorter i Grekland"}]},{"@type":"WebSite","@id":"https:\/\/www.in2greece.com\/swedish\/#website","url":"https:\/\/www.in2greece.com\/swedish\/","name":"Grekland","description":"Reseguide till Grekland","publisher":{"@id":"https:\/\/www.in2greece.com\/swedish\/#organization"},"potentialAction":[{"@type":"SearchAction","target":{"@type":"EntryPoint","urlTemplate":"https:\/\/www.in2greece.com\/swedish\/?s={search_term_string}"},"query-input":{"@type":"PropertyValueSpecification","valueRequired":true,"valueName":"search_term_string"}}],"inLanguage":"sv-SE"},{"@type":"Organization","@id":"https:\/\/www.in2greece.com\/swedish\/#organization","name":"www.in2greece.com","url":"https:\/\/www.in2greece.com\/swedish\/","logo":{"@type":"ImageObject","inLanguage":"sv-SE","@id":"https:\/\/www.in2greece.com\/swedish\/#\/schema\/logo\/image\/","url":"https:\/\/www.in2greece.com\/swedish\/wp-content\/uploads\/2022\/02\/in2greece.png","contentUrl":"https:\/\/www.in2greece.com\/swedish\/wp-content\/uploads\/2022\/02\/in2greece.png","width":150,"height":149,"caption":"www.in2greece.com"},"image":{"@id":"https:\/\/www.in2greece.com\/swedish\/#\/schema\/logo\/image\/"},"sameAs":["https:\/\/www.facebook.com\/in2greece"]}]}},"_links":{"self":[{"href":"https:\/\/www.in2greece.com\/swedish\/wp-json\/wp\/v2\/pages\/789","targetHints":{"allow":["GET"]}}],"collection":[{"href":"https:\/\/www.in2greece.com\/swedish\/wp-json\/wp\/v2\/pages"}],"about":[{"href":"https:\/\/www.in2greece.com\/swedish\/wp-json\/wp\/v2\/types\/page"}],"author":[{"embeddable":true,"href":"https:\/\/www.in2greece.com\/swedish\/wp-json\/wp\/v2\/users\/1"}],"replies":[{"embeddable":true,"href":"https:\/\/www.in2greece.com\/swedish\/wp-json\/wp\/v2\/comments?post=789"}],"version-history":[{"count":0,"href":"https:\/\/www.in2greece.com\/swedish\/wp-json\/wp\/v2\/pages\/789\/revisions"}],"wp:featuredmedia":[{"embeddable":true,"href":"https:\/\/www.in2greece.com\/swedish\/wp-json\/wp\/v2\/media\/790"}],"wp:attachment":[{"href":"https:\/\/www.in2greece.com\/swedish\/wp-json\/wp\/v2\/media?parent=789"}],"curies":[{"name":"wp","href":"https:\/\/api.w.org\/{rel}","templated":true}]}}