{"id":763,"date":"2024-04-20T08:48:16","date_gmt":"2024-04-20T08:48:16","guid":{"rendered":"https:\/\/www.in2greece.com\/swedish\/?page_id=763"},"modified":"2024-07-02T08:36:08","modified_gmt":"2024-07-02T08:36:08","slug":"donoussa","status":"publish","type":"page","link":"https:\/\/www.in2greece.com\/swedish\/donoussa.html","title":{"rendered":"Donoussa"},"content":{"rendered":"\n<h2 class=\"wp-block-heading\">Donoussa: Saker att g\u00f6ra och se<\/h2>\n\n\n<p>Donoussa \u00e4r en idealisk destination f\u00f6r dem som s\u00f6ker en lugn semester, f\u00f6r att njuta av att simma i dess smaragdgr\u00f6na vatten och promenera p\u00e5 de v\u00e4lbevarade gamla stigarna. F\u00f6r att uppleva lugnet och kvaliteten p\u00e5 en \u00f6 som fram till nyligen var en dold destination som inte p\u00e5verkats av moderna rytmer.<\/p>\n<p>Donousa eller Denousa eller Donoussa har varit dess namn sedan antiken, \u00e4ven om det m\u00e5nga g\u00e5nger \u00e4ndrats \u00f6ver tiden. Enligt forskare n\u00e4mns dock Donoussa i Vergilius verk under namnet &#8221;Viriden&#8221; p\u00e5 grund av dess rikliga vegetation och gr\u00f6na marmor, medan utl\u00e4ndska sj\u00f6m\u00e4n p\u00e5 1800-talet kallade det &#8221;Stenoza&#8221; eller &#8221;Spinosa&#8221;.<\/p>\n<p>I mytologin spelade Donoussa en viktig roll i utvecklingen av Dionysos relation med Ariadne, d\u00e5 guden valde att ta henne dit f\u00f6r att skydda henne fr\u00e5n Theseus, som under tiden hade \u00f6vergivit henne p\u00e5 Naxos. Under romartiden var \u00f6n dock en plats f\u00f6r exil och under medeltiden tj\u00e4nade den som en piratbas.<\/p>\n<p>Donoussa blev \u00e5ter bebodd p\u00e5 1700-talet av inv\u00e5nare fr\u00e5n Amorgos. I Messaria finns den antika bos\u00e4ttningen Donoussa i omr\u00e5det Vathi Limenari, som dateras till 800-900-talet f.Kr.<\/p>\n<p>Hur man tar sig till Donoussa Tillg\u00e5ng till \u00f6n sker med Blue Star Ferries fr\u00e5n hamnen i Piraeus \u00a0\u00e5ret runt. Dessutom kan man ta Skopelitis express via Naxos eller Amorgos tre g\u00e5nger i veckan, vilket ocks\u00e5 f\u00f6rbinder \u00f6n med de andra sm\u00e5 Kykladerna. Det \u00e4r ocks\u00e5 m\u00f6jligt att komma via Syros en g\u00e5ng i veckan med f\u00f6retaget SeaJet som g\u00f6r den intra-Kykladiska linjen.<\/p>\n<p>Allm\u00e4n information om Donoussa Det totala v\u00e4gn\u00e4tet p\u00e5 Donoussa \u00e4r 11 km. P\u00e5 Donoussa finns ingen bensinstation s\u00e5 de som kommer med bil b\u00f6r tanka innan resan. Under turists\u00e4songen g\u00e5r den lokala minibussen fram och tillbaka hela dagen, liksom taxibilar, och vissa str\u00e4nder och sev\u00e4rdheter p\u00e5 \u00f6n kan du bes\u00f6ka dagligen med &#8221;Donoussa Magissa&#8221;. Du kan alltid f\u00f6lja stigarna som f\u00f6rbinder Stavros med bos\u00e4ttningarna Messaria, Mersini eller Kalotaritissa.<\/p>\n<h3>Historia<\/h3>\n<p>Donoussas historia b\u00f6rjar fr\u00e5n f\u00f6rhistorisk tid. Enligt den grekiska mytologin var det till Donoussa som Dionysos, vinets gud, tog Ariadne fr\u00e5n Naxos f\u00f6r att g\u00f6mma henne f\u00f6r Theseus.<\/p>\n<p>Resterna av tv\u00e5 antika bos\u00e4ttningar p\u00e5 Donousa har gett bevis som visar sp\u00e5r av bebyggelse p\u00e5 \u00f6n under den tidiga kykladiska perioden (cirka 3 000 f.Kr.). Den kykladiska civilisationen p\u00e5 \u00f6n n\u00e5r sin h\u00f6jdpunkt under den geometriska eran (1 000-700 f.Kr.), enligt ruinerna av en bef\u00e4st bos\u00e4ttning och kyrkog\u00e5rd som uppt\u00e4cktes vid Vathi Limenari, i det syd\u00f6stra omr\u00e5det av Donoussa.<\/p>\n<p>N\u00e4r vi kommer till den romerska perioden finns det fler faktauppgifter om Donoussa, som n\u00e4mns som en plats dit de landsf\u00f6rvisade skickades. Senare var \u00f6n ett favoritst\u00e4lle f\u00f6r Medelhavspirater. Donoussa kom sedan under venetianskt och turkiskt styre vid olika tidpunkter. Lokal muntlig tradition ber\u00e4ttar att \u00f6borna var tvungna att betala valskatten under den turkiska ockupationen av Kykladerna, som samlades in av ett turkiskt fartyg som brukade ankra utanf\u00f6r Kalotaritisabukten.<\/p>\n<p>Omkring 1830 bosatte sig herdarna i Aegiali, p\u00e5 \u00f6n Amorgos, permanent p\u00e5 Donoussa (som brukade vara deras sommarresidens sedan b\u00f6rjan av 1700-talet) f\u00f6r att hyra marken och odla den. Donoussa var hem f\u00f6r omkring 3 000 m\u00e4nniskor i b\u00f6rjan av 1900-talet, av vilka m\u00e5nga arbetade i j\u00e4rn-, aluminium- och koppargruvorna i Kedros tills de lades ner 1938.<\/p>\n<p>Donoussa blev v\u00e4rldsber\u00f6md genom att spela en framtr\u00e4dande roll i b\u00f6rjan av f\u00f6rsta v\u00e4rldskriget (1914-1918) under slaget vid Gallipoli, i vad som kom att kallas Dardanellesaff\u00e4ren. Den tyska kryssaren Goeben undkom jakten p\u00e5 den brittiska kungliga flottan genom att ta sin tillflykt till hamnen i Donoussa och efter att ha fyllt p\u00e5 br\u00e4nsle lyckades Goeben senare ta sig in i Turkiet i kriget p\u00e5 Tysklands sida. Donoussa kom under italiensk ockupation under andra v\u00e4rldskriget, efter att ha varit en sj\u00e4lvstyrande gemenskap sedan 1929.<\/p>\n<p>P\u00e5 1960-talet k\u00e4mpade Donoussa med fattigdom och med sitt jordbruk (l\u00f6k och tobak) i ruiner orsakade av storskalig emigration och \u00e5tf\u00f6ljande avfolkning. Med turisternas ankomst p\u00e5 1980-talet, redan innan elektricitet och byggandet av en hamn, b\u00f6rjade livet f\u00f6r\u00e4ndras till det b\u00e4ttre f\u00f6r inv\u00e5narna.<\/p>\n<h3>B\u00e4sta tiden att g\u00e5<\/h3>\n<p>V\u00e4dret i Donousa \u00e4r typiskt f\u00f6r resten av Kykladerna. Sommars\u00e4songen \u00e4r varm och torr medan vintrarna \u00e4r relativt milda. \u00d6n Donousa njuter av ljusa soliga dagar under hela \u00e5ret men ibland bl\u00e5ser det v\u00e4ldigt mycket, eftersom den p\u00e5verkas av nordliga vindar. N\u00e5gra droppar nederb\u00f6rd p\u00e5 sommaren och det mesta av regnet faller p\u00e5 h\u00f6sten och vintern. De varmaste m\u00e5naderna \u00e4r juni, juli och augusti med temperaturer som stiger upp till 40\u00b0C mitt p\u00e5 dagen. P\u00e5 eftermiddagen g\u00f6r en l\u00e4tt bris atmosf\u00e4ren mer behaglig. De kallaste m\u00e5naderna \u00e4r januari och februari. Temperaturen p\u00e5 vintern faller s\u00e4llan under 0\u00b0C och det sn\u00f6ar s\u00e4llan.<\/p>\n<h3>Var du kan simma<\/h3>\n<p>P\u00e5 Donoussa \u00e4r det bra att du kan simma \u00f6verallt. Till och med vid hamnen, d\u00e4r stranden heter Stavros och \u00e4r s\u00e5 bl\u00e5 att du knappt kan tro det. Det finns ocks\u00e5 Kedros strand, som ser ut som ett vykort n\u00e4r du ser den fr\u00e5n ovan. Om du vill ha mer lugn och ro, forts\u00e4tt din v\u00e4g eller ta b\u00e5ten till Livadi, Kalotaritissa och den imponerande Fokospilia.<\/p>\n<h3>Var du kan \u00e4ta<\/h3>\n<p>S\u00e4kert kommer du n\u00e5gon dag att \u00e5ka f\u00f6r att bada vid Kalotaritissa, din aptit kommer att v\u00e4ckas och Mitsos taverna (2285051522) med sina enorma portioner kommer att vara precis vad du beh\u00f6ver. Mittemot hamnen i Stavros hittar du Iliovasilema (2285051570) f\u00f6r uts\u00f6kt lokalt getk\u00f6tt och traditionella r\u00e4tter. I Stavros v\u00e4ntar Avli (2285051557) p\u00e5 dig med f\u00e4rsk fisk. Kyma, eller Tsiftis f\u00f6r de gamla (2285051566), \u00e4r den f\u00f6rsta butiken du ser n\u00e4r du anl\u00e4nder till \u00f6n och den \u00e4ldsta (sedan 1948). Den fungerar som caf\u00e9, taverna och livsmedelsbutik och \u00e4r m\u00f6tesplatsen f\u00f6r alla \u2013 b\u00e5de lokalbefolkning och bes\u00f6kare.<\/p>\n\n<h3>Ta Dig runt<\/h3>\n<p>P\u00e5 en liten \u00f6 som Donoussa finns det inget behov av ett brett kollektivtrafikn\u00e4t. T\u00e4nk ocks\u00e5 p\u00e5 att du inte hittar n\u00e5gra biluthyrningar h\u00e4r. Faktum \u00e4r att du s\u00e4llan ser m\u00e4nniskor som anv\u00e4nder fordon p\u00e5 Donoussa. Men det finns n\u00e5gra alternativ f\u00f6r att flytta runt p\u00e5 denna vackra \u00f6!<\/p>\n<p><strong>Allm\u00e4nna bussar<\/strong><\/p>\n<p>Trots det begr\u00e4nsade behovet av att anv\u00e4nda alla transportmedel p\u00e5 Donoussa finns det en buss som k\u00f6r rutter fr\u00e5n Chora till Kalotaritissa.<\/p>\n<p><strong>Taxi\u00a0<\/strong><\/p>\n<p>Eftersom avst\u00e5nden \u00f6verlag \u00e4r korta, kanske du tycker att det \u00e4r ganska l\u00e4tt att f\u00f6rflytta dig till fots. Men om det inte \u00e4r fallet finns det n\u00e5gra taxibilar tillg\u00e4ngliga.<\/p>\n<p><strong>Ta dig dit<\/strong><\/p>\n<p>Donoussa \u00e4r endast tillg\u00e4nglig med f\u00e4rja. F\u00e4rjan till Donoussa g\u00e5r 3 g\u00e5nger i veckan fr\u00e5n Pireus hamn, Atens st\u00f6rsta hamn.<br \/>Det finns ocks\u00e5 dagliga (f\u00f6rutom p\u00e5 s\u00f6ndagar) f\u00e4rjef\u00f6rbindelser fr\u00e5n Naxos och Amorgos till Donoussa med en liten lokal linje, Express Skopelitis.<br \/>Den n\u00e4rmaste flygplatsen \u00e4r p\u00e5 \u00f6n Naxos och tog endast emot inrikesflyg fr\u00e5n Aten.<\/p>\n<p>\u00a0<\/p>","protected":false},"excerpt":{"rendered":"<p>Donoussa: Saker att g\u00f6ra och se Donoussa \u00e4r en idealisk destination f\u00f6r dem som s\u00f6ker en lugn semester, f\u00f6r att njuta av att simma i dess smaragdgr\u00f6na vatten och promenera p\u00e5 de v\u00e4lbevarade gamla stigarna. F\u00f6r att uppleva lugnet och kvaliteten p\u00e5 en \u00f6 som fram till nyligen var en dold destination som inte p\u00e5verkats<br \/><a class=\"moretag\" href=\"https:\/\/www.in2greece.com\/swedish\/donoussa.html\">+ L\u00e4s Mer<\/a><\/p>\n","protected":false},"author":1,"featured_media":767,"parent":522,"menu_order":0,"comment_status":"closed","ping_status":"closed","template":"","meta":{"footnotes":""},"class_list":["post-763","page","type-page","status-publish","has-post-thumbnail","hentry"],"yoast_head":"<!-- This site is optimized with the Yoast SEO plugin v27.4 - https:\/\/yoast.com\/product\/yoast-seo-wordpress\/ -->\n<title>Donoussa, En Idyllisk \u00f6n i Kykladerna Grekland<\/title>\n<meta name=\"description\" content=\"Donoussa \u00e4r den nordligaste \u00f6n i Sm\u00e5 Kykladerna, \u00f6ster om Naxos. Om \u00f6nskan om en lugn semester g\u00e5r f\u00f6re behoven \u00e4r Donoussa med sina f\u00f6rtrollande str\u00e4nder med smaragdgr\u00f6nt vatten och of\u00f6rst\u00f6rd natur det perfekta resm\u00e5let.\" \/>\n<meta name=\"robots\" content=\"index, follow, max-snippet:-1, max-image-preview:large, max-video-preview:-1\" \/>\n<link rel=\"canonical\" href=\"https:\/\/www.in2greece.com\/swedish\/donoussa.html\" \/>\n<meta property=\"og:locale\" content=\"sv_SE\" \/>\n<meta property=\"og:type\" content=\"article\" \/>\n<meta property=\"og:title\" content=\"Donoussa, En Idyllisk \u00f6n i Kykladerna Grekland\" \/>\n<meta property=\"og:description\" content=\"Donoussa \u00e4r den nordligaste \u00f6n i Sm\u00e5 Kykladerna, \u00f6ster om Naxos. Om \u00f6nskan om en lugn semester g\u00e5r f\u00f6re behoven \u00e4r Donoussa med sina f\u00f6rtrollande str\u00e4nder med smaragdgr\u00f6nt vatten och of\u00f6rst\u00f6rd natur det perfekta resm\u00e5let.\" \/>\n<meta property=\"og:url\" content=\"https:\/\/www.in2greece.com\/swedish\/donoussa.html\" \/>\n<meta property=\"og:site_name\" content=\"Grekland\" \/>\n<meta property=\"article:publisher\" content=\"https:\/\/www.facebook.com\/in2greece\" \/>\n<meta property=\"article:modified_time\" content=\"2024-07-02T08:36:08+00:00\" \/>\n<meta property=\"og:image\" content=\"https:\/\/www.in2greece.com\/swedish\/wp-content\/uploads\/2024\/04\/donoussa-grekland.jpg\" \/>\n\t<meta property=\"og:image:width\" content=\"600\" \/>\n\t<meta property=\"og:image:height\" content=\"400\" \/>\n\t<meta property=\"og:image:type\" content=\"image\/jpeg\" \/>\n<meta name=\"twitter:card\" content=\"summary_large_image\" \/>\n<meta name=\"twitter:label1\" content=\"Ber\u00e4knad l\u00e4stid\" \/>\n\t<meta name=\"twitter:data1\" content=\"6 minuter\" \/>\n<script type=\"application\/ld+json\" class=\"yoast-schema-graph\">{\"@context\":\"https:\\\/\\\/schema.org\",\"@graph\":[{\"@type\":\"WebPage\",\"@id\":\"https:\\\/\\\/www.in2greece.com\\\/swedish\\\/donoussa.html\",\"url\":\"https:\\\/\\\/www.in2greece.com\\\/swedish\\\/donoussa.html\",\"name\":\"Donoussa, En Idyllisk \u00f6n i Kykladerna Grekland\",\"isPartOf\":{\"@id\":\"https:\\\/\\\/www.in2greece.com\\\/swedish\\\/#website\"},\"primaryImageOfPage\":{\"@id\":\"https:\\\/\\\/www.in2greece.com\\\/swedish\\\/donoussa.html#primaryimage\"},\"image\":{\"@id\":\"https:\\\/\\\/www.in2greece.com\\\/swedish\\\/donoussa.html#primaryimage\"},\"thumbnailUrl\":\"https:\\\/\\\/www.in2greece.com\\\/swedish\\\/wp-content\\\/uploads\\\/2024\\\/04\\\/donoussa-grekland.jpg\",\"datePublished\":\"2024-04-20T08:48:16+00:00\",\"dateModified\":\"2024-07-02T08:36:08+00:00\",\"description\":\"Donoussa \u00e4r den nordligaste \u00f6n i Sm\u00e5 Kykladerna, \u00f6ster om Naxos. Om \u00f6nskan om en lugn semester g\u00e5r f\u00f6re behoven \u00e4r Donoussa med sina f\u00f6rtrollande str\u00e4nder med smaragdgr\u00f6nt vatten och of\u00f6rst\u00f6rd natur det perfekta resm\u00e5let.\",\"breadcrumb\":{\"@id\":\"https:\\\/\\\/www.in2greece.com\\\/swedish\\\/donoussa.html#breadcrumb\"},\"inLanguage\":\"sv-SE\",\"potentialAction\":[{\"@type\":\"ReadAction\",\"target\":[\"https:\\\/\\\/www.in2greece.com\\\/swedish\\\/donoussa.html\"]}]},{\"@type\":\"ImageObject\",\"inLanguage\":\"sv-SE\",\"@id\":\"https:\\\/\\\/www.in2greece.com\\\/swedish\\\/donoussa.html#primaryimage\",\"url\":\"https:\\\/\\\/www.in2greece.com\\\/swedish\\\/wp-content\\\/uploads\\\/2024\\\/04\\\/donoussa-grekland.jpg\",\"contentUrl\":\"https:\\\/\\\/www.in2greece.com\\\/swedish\\\/wp-content\\\/uploads\\\/2024\\\/04\\\/donoussa-grekland.jpg\",\"width\":600,\"height\":400,\"caption\":\"donoussa-grekland\"},{\"@type\":\"BreadcrumbList\",\"@id\":\"https:\\\/\\\/www.in2greece.com\\\/swedish\\\/donoussa.html#breadcrumb\",\"itemListElement\":[{\"@type\":\"ListItem\",\"position\":1,\"name\":\"Home\",\"item\":\"https:\\\/\\\/www.in2greece.com\\\/swedish\\\/\"},{\"@type\":\"ListItem\",\"position\":2,\"name\":\"Kykladerna\",\"item\":\"https:\\\/\\\/www.in2greece.com\\\/swedish\\\/kykladerna.html\"},{\"@type\":\"ListItem\",\"position\":3,\"name\":\"Donoussa\"}]},{\"@type\":\"WebSite\",\"@id\":\"https:\\\/\\\/www.in2greece.com\\\/swedish\\\/#website\",\"url\":\"https:\\\/\\\/www.in2greece.com\\\/swedish\\\/\",\"name\":\"Grekland\",\"description\":\"Reseguide till Grekland\",\"publisher\":{\"@id\":\"https:\\\/\\\/www.in2greece.com\\\/swedish\\\/#organization\"},\"potentialAction\":[{\"@type\":\"SearchAction\",\"target\":{\"@type\":\"EntryPoint\",\"urlTemplate\":\"https:\\\/\\\/www.in2greece.com\\\/swedish\\\/?s={search_term_string}\"},\"query-input\":{\"@type\":\"PropertyValueSpecification\",\"valueRequired\":true,\"valueName\":\"search_term_string\"}}],\"inLanguage\":\"sv-SE\"},{\"@type\":\"Organization\",\"@id\":\"https:\\\/\\\/www.in2greece.com\\\/swedish\\\/#organization\",\"name\":\"www.in2greece.com\",\"url\":\"https:\\\/\\\/www.in2greece.com\\\/swedish\\\/\",\"logo\":{\"@type\":\"ImageObject\",\"inLanguage\":\"sv-SE\",\"@id\":\"https:\\\/\\\/www.in2greece.com\\\/swedish\\\/#\\\/schema\\\/logo\\\/image\\\/\",\"url\":\"https:\\\/\\\/www.in2greece.com\\\/swedish\\\/wp-content\\\/uploads\\\/2022\\\/02\\\/in2greece.png\",\"contentUrl\":\"https:\\\/\\\/www.in2greece.com\\\/swedish\\\/wp-content\\\/uploads\\\/2022\\\/02\\\/in2greece.png\",\"width\":150,\"height\":149,\"caption\":\"www.in2greece.com\"},\"image\":{\"@id\":\"https:\\\/\\\/www.in2greece.com\\\/swedish\\\/#\\\/schema\\\/logo\\\/image\\\/\"},\"sameAs\":[\"https:\\\/\\\/www.facebook.com\\\/in2greece\"]}]}<\/script>\n<!-- \/ Yoast SEO plugin. -->","yoast_head_json":{"title":"Donoussa, En Idyllisk \u00f6n i Kykladerna Grekland","description":"Donoussa \u00e4r den nordligaste \u00f6n i Sm\u00e5 Kykladerna, \u00f6ster om Naxos. Om \u00f6nskan om en lugn semester g\u00e5r f\u00f6re behoven \u00e4r Donoussa med sina f\u00f6rtrollande str\u00e4nder med smaragdgr\u00f6nt vatten och of\u00f6rst\u00f6rd natur det perfekta resm\u00e5let.","robots":{"index":"index","follow":"follow","max-snippet":"max-snippet:-1","max-image-preview":"max-image-preview:large","max-video-preview":"max-video-preview:-1"},"canonical":"https:\/\/www.in2greece.com\/swedish\/donoussa.html","og_locale":"sv_SE","og_type":"article","og_title":"Donoussa, En Idyllisk \u00f6n i Kykladerna Grekland","og_description":"Donoussa \u00e4r den nordligaste \u00f6n i Sm\u00e5 Kykladerna, \u00f6ster om Naxos. Om \u00f6nskan om en lugn semester g\u00e5r f\u00f6re behoven \u00e4r Donoussa med sina f\u00f6rtrollande str\u00e4nder med smaragdgr\u00f6nt vatten och of\u00f6rst\u00f6rd natur det perfekta resm\u00e5let.","og_url":"https:\/\/www.in2greece.com\/swedish\/donoussa.html","og_site_name":"Grekland","article_publisher":"https:\/\/www.facebook.com\/in2greece","article_modified_time":"2024-07-02T08:36:08+00:00","og_image":[{"width":600,"height":400,"url":"https:\/\/www.in2greece.com\/swedish\/wp-content\/uploads\/2024\/04\/donoussa-grekland.jpg","type":"image\/jpeg"}],"twitter_card":"summary_large_image","twitter_misc":{"Ber\u00e4knad l\u00e4stid":"6 minuter"},"schema":{"@context":"https:\/\/schema.org","@graph":[{"@type":"WebPage","@id":"https:\/\/www.in2greece.com\/swedish\/donoussa.html","url":"https:\/\/www.in2greece.com\/swedish\/donoussa.html","name":"Donoussa, En Idyllisk \u00f6n i Kykladerna Grekland","isPartOf":{"@id":"https:\/\/www.in2greece.com\/swedish\/#website"},"primaryImageOfPage":{"@id":"https:\/\/www.in2greece.com\/swedish\/donoussa.html#primaryimage"},"image":{"@id":"https:\/\/www.in2greece.com\/swedish\/donoussa.html#primaryimage"},"thumbnailUrl":"https:\/\/www.in2greece.com\/swedish\/wp-content\/uploads\/2024\/04\/donoussa-grekland.jpg","datePublished":"2024-04-20T08:48:16+00:00","dateModified":"2024-07-02T08:36:08+00:00","description":"Donoussa \u00e4r den nordligaste \u00f6n i Sm\u00e5 Kykladerna, \u00f6ster om Naxos. Om \u00f6nskan om en lugn semester g\u00e5r f\u00f6re behoven \u00e4r Donoussa med sina f\u00f6rtrollande str\u00e4nder med smaragdgr\u00f6nt vatten och of\u00f6rst\u00f6rd natur det perfekta resm\u00e5let.","breadcrumb":{"@id":"https:\/\/www.in2greece.com\/swedish\/donoussa.html#breadcrumb"},"inLanguage":"sv-SE","potentialAction":[{"@type":"ReadAction","target":["https:\/\/www.in2greece.com\/swedish\/donoussa.html"]}]},{"@type":"ImageObject","inLanguage":"sv-SE","@id":"https:\/\/www.in2greece.com\/swedish\/donoussa.html#primaryimage","url":"https:\/\/www.in2greece.com\/swedish\/wp-content\/uploads\/2024\/04\/donoussa-grekland.jpg","contentUrl":"https:\/\/www.in2greece.com\/swedish\/wp-content\/uploads\/2024\/04\/donoussa-grekland.jpg","width":600,"height":400,"caption":"donoussa-grekland"},{"@type":"BreadcrumbList","@id":"https:\/\/www.in2greece.com\/swedish\/donoussa.html#breadcrumb","itemListElement":[{"@type":"ListItem","position":1,"name":"Home","item":"https:\/\/www.in2greece.com\/swedish\/"},{"@type":"ListItem","position":2,"name":"Kykladerna","item":"https:\/\/www.in2greece.com\/swedish\/kykladerna.html"},{"@type":"ListItem","position":3,"name":"Donoussa"}]},{"@type":"WebSite","@id":"https:\/\/www.in2greece.com\/swedish\/#website","url":"https:\/\/www.in2greece.com\/swedish\/","name":"Grekland","description":"Reseguide till Grekland","publisher":{"@id":"https:\/\/www.in2greece.com\/swedish\/#organization"},"potentialAction":[{"@type":"SearchAction","target":{"@type":"EntryPoint","urlTemplate":"https:\/\/www.in2greece.com\/swedish\/?s={search_term_string}"},"query-input":{"@type":"PropertyValueSpecification","valueRequired":true,"valueName":"search_term_string"}}],"inLanguage":"sv-SE"},{"@type":"Organization","@id":"https:\/\/www.in2greece.com\/swedish\/#organization","name":"www.in2greece.com","url":"https:\/\/www.in2greece.com\/swedish\/","logo":{"@type":"ImageObject","inLanguage":"sv-SE","@id":"https:\/\/www.in2greece.com\/swedish\/#\/schema\/logo\/image\/","url":"https:\/\/www.in2greece.com\/swedish\/wp-content\/uploads\/2022\/02\/in2greece.png","contentUrl":"https:\/\/www.in2greece.com\/swedish\/wp-content\/uploads\/2022\/02\/in2greece.png","width":150,"height":149,"caption":"www.in2greece.com"},"image":{"@id":"https:\/\/www.in2greece.com\/swedish\/#\/schema\/logo\/image\/"},"sameAs":["https:\/\/www.facebook.com\/in2greece"]}]}},"_links":{"self":[{"href":"https:\/\/www.in2greece.com\/swedish\/wp-json\/wp\/v2\/pages\/763","targetHints":{"allow":["GET"]}}],"collection":[{"href":"https:\/\/www.in2greece.com\/swedish\/wp-json\/wp\/v2\/pages"}],"about":[{"href":"https:\/\/www.in2greece.com\/swedish\/wp-json\/wp\/v2\/types\/page"}],"author":[{"embeddable":true,"href":"https:\/\/www.in2greece.com\/swedish\/wp-json\/wp\/v2\/users\/1"}],"replies":[{"embeddable":true,"href":"https:\/\/www.in2greece.com\/swedish\/wp-json\/wp\/v2\/comments?post=763"}],"version-history":[{"count":0,"href":"https:\/\/www.in2greece.com\/swedish\/wp-json\/wp\/v2\/pages\/763\/revisions"}],"up":[{"embeddable":true,"href":"https:\/\/www.in2greece.com\/swedish\/wp-json\/wp\/v2\/pages\/522"}],"wp:featuredmedia":[{"embeddable":true,"href":"https:\/\/www.in2greece.com\/swedish\/wp-json\/wp\/v2\/media\/767"}],"wp:attachment":[{"href":"https:\/\/www.in2greece.com\/swedish\/wp-json\/wp\/v2\/media?parent=763"}],"curies":[{"name":"wp","href":"https:\/\/api.w.org\/{rel}","templated":true}]}}