{"id":711,"date":"2024-04-19T10:22:27","date_gmt":"2024-04-19T10:22:27","guid":{"rendered":"https:\/\/www.in2greece.com\/swedish\/?page_id=711"},"modified":"2024-06-25T18:59:28","modified_gmt":"2024-06-25T18:59:28","slug":"alonissos","status":"publish","type":"page","link":"https:\/\/www.in2greece.com\/swedish\/alonissos.html","title":{"rendered":"Alonissos"},"content":{"rendered":"\n<h2 class=\"wp-block-heading\">Saker att g\u00f6ra i Alonissos<\/h2>\n\n\n<p><img decoding=\"async\" class=\"alignleft size-medium wp-image-1029\" src=\"https:\/\/www.in2greece.com\/swedish\/wp-content\/uploads\/2024\/06\/alonissos-2-300x200.jpg\" alt=\"alonissos\" width=\"300\" height=\"200\" srcset=\"https:\/\/www.in2greece.com\/swedish\/wp-content\/uploads\/2024\/06\/alonissos-2-300x200.jpg 300w, https:\/\/www.in2greece.com\/swedish\/wp-content\/uploads\/2024\/06\/alonissos-2.jpg 600w\" sizes=\"(max-width: 300px) 100vw, 300px\" \/>Alonnisos \u00e4r en av de grekiska Sporaderna, bel\u00e4gen i Egeiska havet 125 kilometer nordost om fastlandsporten Agios Konstantinos (som ligger 166 kilometer norr om Aten).<\/p>\n<p>Det \u00e4r en gr\u00f6n och fridfull \u00f6, \u00e4lskad av vandrare och natur\u00e4lskare som njuter av dess skogskl\u00e4dda vandringsleder, m\u00e5nga avskilda vikar och den robusta obebodda norra regionen.<\/p>\n<p>\u00d6n har hittills undg\u00e5tt massaturismens h\u00e4rjningar, men sj\u00e4lvst\u00e4ndiga \u00f6-hoppare kommer att hitta gott om rum att hyra, ett bra utbud av traditionella tavernor och till och med ett l\u00e5gm\u00e4lt nattliv i huvudstaden Patiri.<\/p>\n<p>Om du letar efter festande hela natten, chica butiker och en livlig strandscen \u00e4r Skiathos ett b\u00e4ttre val. Kom till Alonnisos f\u00f6r att koppla av och njuta av charmen i denna kvintessentiella grekiska \u00f6 d\u00e4r, fram till nyligen, st\u00f6rre delen av kusten endast var tillg\u00e4nglig med b\u00e5t.<\/p>\n<p>Alonnisos ligger i centrum av den nationella marina parken som best\u00e5r av \u00f6n sj\u00e4lv, det omgivande vattnet och 25 obebodda sm\u00e5\u00f6ar i omr\u00e5det. Det \u00e4r den enda ekologiskt skyddade marina reservatet av sitt slag i Grekland, etablerat 1992 med huvudsyftet att r\u00e4dda de medelhavsmunkar som nu \u00e4r en av v\u00e4rldens mest hotade arter. Omkring 50 s\u00e4lar lever i den marina parken tillsammans med m\u00e5nga andra s\u00e4llsynta arter av flora och fauna.<\/p>\n<p>Trots \u00f6ns naturliga sk\u00f6nhet har massresor h\u00e5llits p\u00e5 avst\u00e5nd, delvis p\u00e5 grund av att en planerad flygplats aldrig materialiserats p\u00e5 grund av den bergiga terr\u00e4ngen som hindrar konstruktionen av en tillr\u00e4ckligt l\u00e5ng landningsbana.<\/p>\n<p><img decoding=\"async\" class=\"alignleft size-medium wp-image-1030\" src=\"https:\/\/www.in2greece.com\/swedish\/wp-content\/uploads\/2024\/06\/alonissos-at-gora-300x200.jpg\" alt=\"alonissos-at-gora\" width=\"300\" height=\"200\" srcset=\"https:\/\/www.in2greece.com\/swedish\/wp-content\/uploads\/2024\/06\/alonissos-at-gora-300x200.jpg 300w, https:\/\/www.in2greece.com\/swedish\/wp-content\/uploads\/2024\/06\/alonissos-at-gora.jpg 600w\" sizes=\"(max-width: 300px) 100vw, 300px\" \/>Men du kan flyga till Skiathos fr\u00e5n Aten och flera st\u00f6rre europeiska huvudst\u00e4der. D\u00e4rifr\u00e5n \u00e4r Alonnisos en tv\u00e5 och en halv timmes f\u00e4rjetur eller en timme och 15 minuter med Flying Dolphin. Du kan ocks\u00e5 ta f\u00e4rja eller hydrofoil fr\u00e5n fastlandsportarna Volos och Agios Konstantinos.<\/p>\n<p>Du anl\u00e4nder till huvudstaden Patiri i det syd\u00f6stra h\u00f6rnet av \u00f6n &#8211; en livlig hamn som ligger i en attraktiv vik omgiven av tallkl\u00e4dda klippor. Patiri betyder &#8221;vinpress&#8221; och syftar p\u00e5 de dagar d\u00e5 Alonnisos var ett viktigt centrum f\u00f6r vinproduktion innan en pest p\u00e5 1950-talet f\u00f6rst\u00f6rde praktiskt taget alla \u00f6ns vinstockar. \u00d6ns ursprungliga namn var Evoinos, vilket betyder &#8221;gott vin&#8221;.<\/p>\n<p>F\u00f6r\u00f6delsen av ving\u00e5rdarna och en jordb\u00e4vning som f\u00f6rst\u00f6rde den vackra huvudstaden p\u00e5 kullen (nu kallad Alonnisos stad eller Hora) l\u00e4mnade \u00f6borna omtumlande. Huvudstaden \u00f6vergavs och befolkningen omgrupperades i oinspirerande, hastigt byggda betonghus i Patiri.<\/p>\n<p>Patiri kanske inte \u00e4r den mest attraktiva staden i Sporaderna, men det \u00e4r en bra bas f\u00f6r att utforska resten av \u00f6n och har alla n\u00f6dv\u00e4ndiga turisttj\u00e4nster du kan beh\u00f6va, inklusive en 24-timmars bankomat, internet\u00e5tkomst, bil- och motorcykeluthyrning och det vanliga \u00f6verfl\u00f6det av barer och kaf\u00e9er vid vattnet.<\/p>\n<p>Gamla Alonnisos stad, \u00e5 andra sidan, \u00e4r en av de mest f\u00f6rtjusande bos\u00e4ttningarna i arkipelagen med krokiga, smala gr\u00e4nder (anv\u00e4nda av mulor f\u00f6r att transportera varor f\u00f6re jordb\u00e4vningen) och spektakul\u00e4r 360-graders utsikt \u00f6ver \u00f6n, de n\u00e4rliggande sm\u00e5\u00f6arna och det grekiska fastlandet. Dess traditionella stenhus har k\u00e4rleksfullt restaurerats av utomst\u00e5ende (fr\u00e4mst brittiska och tyska expatriater) som k\u00f6pte byggnaderna billigt fr\u00e5n regeringen efter att staden \u00f6vergivits.<\/p>\n<p>\u00d6stkusten av \u00f6n \u00e4r str\u00f6dd med m\u00e5nga avskilda klapperstensvikar, n\u00e5gra av vilka har vissa turistfaciliteter &#8211; men f\u00f6rv\u00e4nta dig inte bananb\u00e5tar och jetskis ens p\u00e5 de mest popul\u00e4ra str\u00e4nderna. Du kommer inte ha n\u00e5gra problem att hitta en egen tyst vik, g\u00f6md bland klipporna, \u00e4ven under h\u00f6gs\u00e4song.<\/p>\n<p><img decoding=\"async\" class=\"alignnone size-full wp-image-1024\" src=\"https:\/\/www.in2greece.com\/swedish\/wp-content\/uploads\/2024\/06\/alonissos-1.jpg\" alt=\"alonissos\" width=\"1000\" height=\"394\" srcset=\"https:\/\/www.in2greece.com\/swedish\/wp-content\/uploads\/2024\/06\/alonissos-1.jpg 1000w, https:\/\/www.in2greece.com\/swedish\/wp-content\/uploads\/2024\/06\/alonissos-1-300x118.jpg 300w, https:\/\/www.in2greece.com\/swedish\/wp-content\/uploads\/2024\/06\/alonissos-1-768x303.jpg 768w\" sizes=\"(max-width: 1000px) 100vw, 1000px\" \/><\/p>\n<p>Alonnisos historia \u00e4r faktiskt allt annat \u00e4n liten, men h\u00e4r \u00e4r en kort sammanfattning. Bevis p\u00e5 m\u00e4nsklig aktivitet i Cyklopens grotta p\u00e5 \u00f6n Gioura och Kokkinokastro str\u00e4cker sig tillbaka 9 000 \u00e5r till mesolitisk och tidig neolitisk tid.<\/p>\n<p>Senare, under brons\u00e5ldern, koloniserades \u00f6n av minoiska bos\u00e4ttare ledda av den legendariska hj\u00e4lten Stafylos (termen f\u00f6r druva och en indikation p\u00e5 att \u00f6n h\u00f6ll p\u00e5 att bli en viktig knutpunkt f\u00f6r vinframst\u00e4llning).<\/p>\n<p>Under klassisk tid blev Alonnissos k\u00e4nt som Ikos eller Ikios. Kokkinokastro fortsatte som en stor bos\u00e4ttning och en annan v\u00e4xte fram p\u00e5 kullen som nu \u00e4r den &#8217;Gamla Byn&#8217;, ovanf\u00f6r hamnen Patitiri. Vin fortsatte att vara \u00f6ns huvudsakliga inkomstk\u00e4lla \u2013 vid bes\u00f6k p\u00e5 stranden Tsoukalia kommer du att m\u00e4rka att den \u00e4r str\u00f6dd med kruksk\u00e4rvor fr\u00e5n denna tid.<\/p>\n<p>Det \u00e4r h\u00e4r amfororna som anv\u00e4ndes f\u00f6r att lagra vin tillverkades (tsoukalia \u00e4r ett av de grekiska orden f\u00f6r kruka). Rester av ett tempel till\u00e4gnat Aesculapius, l\u00e4kekonstens gud, har gr\u00e4vts fram vid Marpounta p\u00e5 \u00f6ns \u00f6stra spets.<\/p>\n<p>N\u00e4r du vandrar \u00f6ver \u00f6n kommer du att st\u00f6ta p\u00e5 ruiner av vakttorn, rester av kyrkor och kloster samt raserade bos\u00e4ttningar som f\u00f6rst\u00f6rts av naturkatastrofer och invasionsv\u00e5gor. Kokkinokastro s\u00e4gs vara begravningsplatsen f\u00f6r Peleus, den m\u00e4ktiga Akilles far.<\/p>\n<p><img decoding=\"async\" class=\"alignnone size-full wp-image-1026\" src=\"https:\/\/www.in2greece.com\/swedish\/wp-content\/uploads\/2024\/06\/alonissos-grekland.jpg\" alt=\"alonissos-grekland\" width=\"1000\" height=\"394\" srcset=\"https:\/\/www.in2greece.com\/swedish\/wp-content\/uploads\/2024\/06\/alonissos-grekland.jpg 1000w, https:\/\/www.in2greece.com\/swedish\/wp-content\/uploads\/2024\/06\/alonissos-grekland-300x118.jpg 300w, https:\/\/www.in2greece.com\/swedish\/wp-content\/uploads\/2024\/06\/alonissos-grekland-768x303.jpg 768w\" sizes=\"(max-width: 1000px) 100vw, 1000px\" \/><\/p>\n<h3>Vad att se och g\u00f6ra<\/h3>\n<p><strong>Utomhusaktiviteter<\/strong><\/p>\n<p>\u00d6n \u00e4r idealisk f\u00f6r utomhusaktiviteter som cykling, kajakpaddling, segling och vandring. Du kan hyra utrustning och f\u00e5 tr\u00e4ning av h\u00f6gutbildade instrukt\u00f6rer (Bayond Watersports, tel.: 0030 693 748 8700, hemsida). Om du vill uppt\u00e4cka Alonnisos dolda sk\u00f6nheter kan du hyra en b\u00e5t och utforska de andra n\u00e4rliggande Sporaderna eller ta en organiserad dagskryssning (hemsida).<\/p>\n<p><strong>Alonnisos Undervattensmuseum<\/strong><\/p>\n<p>Om du \u00e4lskar dykning och \u00e4r tillr\u00e4ckligt skicklig kan du bes\u00f6ka Alonnisos Undervattensmuseum. Det ligger n\u00e4ra \u00f6n Peristera, p\u00e5 cirka 30 meters djup. Undervattensmuseet \u00f6ppnades 2020 och anses vara det \u00e4ldsta och mest betydelsefulla skeppsvraket som \u00e4r \u00f6ppet f\u00f6r allm\u00e4nheten i v\u00e4rlden.<\/p>\n<p>Det \u00e4r ett av de st\u00f6rsta skeppsvraken fr\u00e5n klassisk tid, 30 meter l\u00e5ngt och 10 meter brett, och uppskattas v\u00e4ga mer \u00e4n 150 ton. Det dateras till cirka 425-450 f.Kr. och dess storlek antyder att det var ett av de st\u00f6rsta handelsskeppen p\u00e5 sin tid, som s\u00e4gs ha transporterat cirka 3 000 vinamforor fr\u00e5n Skopelos.<\/p>\n<p>Museet \u00e4r \u00f6ppet f\u00f6r rekreationsdykare som kan utforska platsen med en erfaren, certifierad dykare.<\/p>\n<p><strong>Informationscenter<\/strong><\/p>\n<p>Om du inte \u00e4r kvalificerad att dyka vid vraket kan du alltid bes\u00f6ka informationscentret, som \u00e4r inrymt i den gamla skolan. H\u00e4r kan bes\u00f6kare ta en givande virtuell tur av vraket, se flora och fauna runt vraket samt krukor och f\u00f6rem\u00e5l fr\u00e5n vraket i 3D, och det finns \u00e4ven amforareplikor att besk\u00e5da.<\/p>\n<p><strong>Marin nationalpark<\/strong><\/p>\n<p>Det \u00e4r den st\u00f6rsta marina parken i Europa och kan bes\u00f6kas med b\u00e5t. \u00d6ppnad 2003, \u00e4r det hem f\u00f6r Medelhavsmunkf\u00e5geln och m\u00e5nga andra skyddade arter. Mer \u00e4n 80 f\u00e5gelarter och 300 fiskarter, samt olika djur och reptiler, med Medelhavsmunkf\u00e5geln som den mest framtr\u00e4dande bland dem, lever i den marina parken.<\/p>\n<p>Medelhavsmunkf\u00e5glarna lever i havsgrottor l\u00e4ngs den klippiga kusten, men det \u00e4r inte s\u00e4kert att du kommer att se en. Det \u00e4r mer troligt att du kommer att se delfiner leka i havet.<\/p>\n<p>En rundtur i parken inkluderar vanligtvis bes\u00f6k till avskilda str\u00e4nder som inte \u00e4r tillg\u00e4ngliga fr\u00e5n land. Under din rundtur kommer du ocks\u00e5 att bes\u00f6ka de sm\u00e5 n\u00e4rliggande \u00f6arna, var och en en unik upplevelse.<\/p>\n<p><strong>Undervattensbr\u00f6llop<\/strong><\/p>\n<p>Om du letar efter en verkligt exceptionell destination d\u00e4r du kan signalera evig k\u00e4rlek till din b\u00e4ttre h\u00e4lft, kan Alonnisos vara platsen f\u00f6r dig. \u00d6n har nu gjort det m\u00f6jligt f\u00f6r par att gifta sig p\u00e5 \u00e5tta meters djup, st\u00e5ende p\u00e5 havsbotten.<\/p>\n<p>Som en internationell dykningsdestination har \u00f6n alla n\u00f6dv\u00e4ndiga faciliteter f\u00f6r undervattensceremonier, som utf\u00f6rs av borgm\u00e4staren och till\u00e5ter endast ett begr\u00e4nsat antal g\u00e4ster.<\/p>\n<p><!--more--><img decoding=\"async\" class=\"alignnone size-full wp-image-1027\" src=\"https:\/\/www.in2greece.com\/swedish\/wp-content\/uploads\/2024\/06\/Undervattensbrollop.jpg\" alt=\"Undervattensbr\u00f6llop\" width=\"1000\" height=\"394\" srcset=\"https:\/\/www.in2greece.com\/swedish\/wp-content\/uploads\/2024\/06\/Undervattensbrollop.jpg 1000w, https:\/\/www.in2greece.com\/swedish\/wp-content\/uploads\/2024\/06\/Undervattensbrollop-300x118.jpg 300w, https:\/\/www.in2greece.com\/swedish\/wp-content\/uploads\/2024\/06\/Undervattensbrollop-768x303.jpg 768w\" sizes=\"(max-width: 1000px) 100vw, 1000px\" \/><\/p>\n<h3>Var man kan bada<\/h3>\n<p><strong>Milia<\/strong>: N\u00e4r du n\u00e4rmar dig stranden genom skogen ser du dess klara bl\u00e5 vatten och vita klapperstenar. Det \u00e4r en servad strand med strandbarer som hyr ut solstolar och parasoller.<\/p>\n<p><strong>Yialia<\/strong>: En lugn, sandig strand med n\u00e5gra fina klapperstenar, bredvid Vrisitsa-stranden. Den \u00e4r l\u00e4ttillg\u00e4nglig via en asfalterad v\u00e4g, men det finns ocks\u00e5 en grusv\u00e4g som leder dit fr\u00e5n Alonia. P\u00e5 en kulle ovanf\u00f6r stranden finns en gammal, restaurerad v\u00e4derkvarn.<\/p>\n<p><strong>Megalos Mourtias<\/strong>: En popul\u00e4r strand som \u00e4r l\u00e4tt att n\u00e5 via en asfalterad v\u00e4g fr\u00e5n Hora. Den \u00e4r servad med tavernor, barer och strandbarer som hyr ut parasoller och solstolar.<\/p>\n<p><strong>Valitsa<\/strong>: Valitsa \u00e4r en liten, l\u00e5gm\u00e4ld strand som \u00e4r n\u00e4stan avskild och t\u00e4ckt med vita klapperstenar. Den ligger n\u00e4ra Megalos Mourtias och \u00e4r tillg\u00e4nglig via en kort stig.<\/p>\n<p><strong>Agios Dimitrios<\/strong>: Den mest k\u00e4nda stranden p\u00e5 \u00f6n, k\u00e4nd f\u00f6r sin distinkta form och kristallklara bl\u00e5 vatten, har en l\u00e5ng, klapperstenskl\u00e4dd kustlinje. En del av strandlinjen har strandbarer som hyr ut parasoller och solstolar, men det finns ocks\u00e5 gott om plats att ligga fritt.<\/p>\n<p><strong>Leftos Yalos<\/strong>: En liten vik omgiven av tallar som n\u00e5r \u00e4nda ner till havet, med en klapperstensstrand. Den har strandbarer och en mycket sp\u00e4nnande havsbotten, idealisk f\u00f6r snorkling i sitt gr\u00f6nbl\u00e5 vatten, vilket g\u00f6r att den lockar m\u00e5nga bes\u00f6kare.<\/p>\n<p><strong>Kokkinokastro<\/strong>: En imponerande milj\u00f6 med ett kalejdoskop av f\u00e4rger: klara bl\u00e5 vatten, gyllene sand, gr\u00f6na tr\u00e4d och r\u00f6da klippor. Den \u00e4r endast tillg\u00e4nglig via trappor (60 steg) s\u00e5 den \u00e4r inte idealisk f\u00f6r personer med r\u00f6rlighetsproblem. Det finns en strandbar med solstolar och parasoller att hyra, samt varma grunda vatten.<\/p>\n<p><strong>Chrissi Milia:<\/strong> Bel\u00e4gen n\u00e4ra Hora och Patitiri, har den finkorniga sandstranden bl\u00e5-gr\u00f6na, grunda vatten och tr\u00e4d som str\u00e4cker sig \u00e4nda ner till havskanten. Idealisk f\u00f6r familjer med sm\u00e5 barn, med en organiserad del med solstolar och parasoller, men som m\u00e5nga str\u00e4nder p\u00e5 Alonnisos finns det gott om plats bortom strandbaren f\u00f6r dem som s\u00f6ker ett mer fridfullt dopp.<\/p>\n<p><img decoding=\"async\" class=\"alignnone size-full wp-image-1028\" src=\"https:\/\/www.in2greece.com\/swedish\/wp-content\/uploads\/2024\/06\/strander.jpg\" alt=\"strander\" width=\"1000\" height=\"394\" srcset=\"https:\/\/www.in2greece.com\/swedish\/wp-content\/uploads\/2024\/06\/strander.jpg 1000w, https:\/\/www.in2greece.com\/swedish\/wp-content\/uploads\/2024\/06\/strander-300x118.jpg 300w, https:\/\/www.in2greece.com\/swedish\/wp-content\/uploads\/2024\/06\/strander-768x303.jpg 768w\" sizes=\"(max-width: 1000px) 100vw, 1000px\" \/><\/p>","protected":false},"excerpt":{"rendered":"<p>Saker att g\u00f6ra i Alonissos Alonnisos \u00e4r en av de grekiska Sporaderna, bel\u00e4gen i Egeiska havet 125 kilometer nordost om fastlandsporten Agios Konstantinos (som ligger 166 kilometer norr om Aten). Det \u00e4r en gr\u00f6n och fridfull \u00f6, \u00e4lskad av vandrare och natur\u00e4lskare som njuter av dess skogskl\u00e4dda vandringsleder, m\u00e5nga avskilda vikar och den robusta obebodda<br \/><a class=\"moretag\" href=\"https:\/\/www.in2greece.com\/swedish\/alonissos.html\">+ L\u00e4s Mer<\/a><\/p>\n","protected":false},"author":1,"featured_media":1030,"parent":522,"menu_order":0,"comment_status":"closed","ping_status":"closed","template":"","meta":{"footnotes":""},"class_list":["post-711","page","type-page","status-publish","has-post-thumbnail","hentry"],"yoast_head":"<!-- This site is optimized with the Yoast SEO plugin v27.4 - https:\/\/yoast.com\/product\/yoast-seo-wordpress\/ -->\n<title>Saker att g\u00f6ra i Alonissos<\/title>\n<meta name=\"description\" content=\"Alonnisos \u00e4r en av de grekiska Sporaderna, bel\u00e4gen i Egeiska havet 125 kilometer nordost om fastlandsporten Agios Konstantinos\" \/>\n<meta name=\"robots\" content=\"index, follow, max-snippet:-1, max-image-preview:large, max-video-preview:-1\" \/>\n<link rel=\"canonical\" href=\"https:\/\/www.in2greece.com\/swedish\/alonissos.html\" \/>\n<meta property=\"og:locale\" content=\"sv_SE\" \/>\n<meta property=\"og:type\" content=\"article\" \/>\n<meta property=\"og:title\" content=\"Saker att g\u00f6ra i Alonissos\" \/>\n<meta property=\"og:description\" content=\"Alonnisos \u00e4r en av de grekiska Sporaderna, bel\u00e4gen i Egeiska havet 125 kilometer nordost om fastlandsporten Agios Konstantinos\" \/>\n<meta property=\"og:url\" content=\"https:\/\/www.in2greece.com\/swedish\/alonissos.html\" \/>\n<meta property=\"og:site_name\" content=\"Grekland\" \/>\n<meta property=\"article:publisher\" content=\"https:\/\/www.facebook.com\/in2greece\" \/>\n<meta property=\"article:modified_time\" content=\"2024-06-25T18:59:28+00:00\" \/>\n<meta property=\"og:image\" content=\"https:\/\/www.in2greece.com\/swedish\/wp-content\/uploads\/2024\/06\/alonissos-at-gora.jpg\" \/>\n\t<meta property=\"og:image:width\" content=\"600\" \/>\n\t<meta property=\"og:image:height\" content=\"400\" \/>\n\t<meta property=\"og:image:type\" content=\"image\/jpeg\" \/>\n<meta name=\"twitter:card\" content=\"summary_large_image\" \/>\n<meta name=\"twitter:label1\" content=\"Ber\u00e4knad l\u00e4stid\" \/>\n\t<meta name=\"twitter:data1\" content=\"9 minuter\" \/>\n<script type=\"application\/ld+json\" class=\"yoast-schema-graph\">{\"@context\":\"https:\\\/\\\/schema.org\",\"@graph\":[{\"@type\":\"WebPage\",\"@id\":\"https:\\\/\\\/www.in2greece.com\\\/swedish\\\/alonissos.html\",\"url\":\"https:\\\/\\\/www.in2greece.com\\\/swedish\\\/alonissos.html\",\"name\":\"Saker att g\u00f6ra i Alonissos\",\"isPartOf\":{\"@id\":\"https:\\\/\\\/www.in2greece.com\\\/swedish\\\/#website\"},\"primaryImageOfPage\":{\"@id\":\"https:\\\/\\\/www.in2greece.com\\\/swedish\\\/alonissos.html#primaryimage\"},\"image\":{\"@id\":\"https:\\\/\\\/www.in2greece.com\\\/swedish\\\/alonissos.html#primaryimage\"},\"thumbnailUrl\":\"https:\\\/\\\/www.in2greece.com\\\/swedish\\\/wp-content\\\/uploads\\\/2024\\\/06\\\/alonissos-at-gora.jpg\",\"datePublished\":\"2024-04-19T10:22:27+00:00\",\"dateModified\":\"2024-06-25T18:59:28+00:00\",\"description\":\"Alonnisos \u00e4r en av de grekiska Sporaderna, bel\u00e4gen i Egeiska havet 125 kilometer nordost om fastlandsporten Agios Konstantinos\",\"breadcrumb\":{\"@id\":\"https:\\\/\\\/www.in2greece.com\\\/swedish\\\/alonissos.html#breadcrumb\"},\"inLanguage\":\"sv-SE\",\"potentialAction\":[{\"@type\":\"ReadAction\",\"target\":[\"https:\\\/\\\/www.in2greece.com\\\/swedish\\\/alonissos.html\"]}]},{\"@type\":\"ImageObject\",\"inLanguage\":\"sv-SE\",\"@id\":\"https:\\\/\\\/www.in2greece.com\\\/swedish\\\/alonissos.html#primaryimage\",\"url\":\"https:\\\/\\\/www.in2greece.com\\\/swedish\\\/wp-content\\\/uploads\\\/2024\\\/06\\\/alonissos-at-gora.jpg\",\"contentUrl\":\"https:\\\/\\\/www.in2greece.com\\\/swedish\\\/wp-content\\\/uploads\\\/2024\\\/06\\\/alonissos-at-gora.jpg\",\"width\":600,\"height\":400,\"caption\":\"alonissos-at-gora\"},{\"@type\":\"BreadcrumbList\",\"@id\":\"https:\\\/\\\/www.in2greece.com\\\/swedish\\\/alonissos.html#breadcrumb\",\"itemListElement\":[{\"@type\":\"ListItem\",\"position\":1,\"name\":\"Home\",\"item\":\"https:\\\/\\\/www.in2greece.com\\\/swedish\\\/\"},{\"@type\":\"ListItem\",\"position\":2,\"name\":\"Kykladerna\",\"item\":\"https:\\\/\\\/www.in2greece.com\\\/swedish\\\/kykladerna.html\"},{\"@type\":\"ListItem\",\"position\":3,\"name\":\"Alonissos\"}]},{\"@type\":\"WebSite\",\"@id\":\"https:\\\/\\\/www.in2greece.com\\\/swedish\\\/#website\",\"url\":\"https:\\\/\\\/www.in2greece.com\\\/swedish\\\/\",\"name\":\"Grekland\",\"description\":\"Reseguide till Grekland\",\"publisher\":{\"@id\":\"https:\\\/\\\/www.in2greece.com\\\/swedish\\\/#organization\"},\"potentialAction\":[{\"@type\":\"SearchAction\",\"target\":{\"@type\":\"EntryPoint\",\"urlTemplate\":\"https:\\\/\\\/www.in2greece.com\\\/swedish\\\/?s={search_term_string}\"},\"query-input\":{\"@type\":\"PropertyValueSpecification\",\"valueRequired\":true,\"valueName\":\"search_term_string\"}}],\"inLanguage\":\"sv-SE\"},{\"@type\":\"Organization\",\"@id\":\"https:\\\/\\\/www.in2greece.com\\\/swedish\\\/#organization\",\"name\":\"www.in2greece.com\",\"url\":\"https:\\\/\\\/www.in2greece.com\\\/swedish\\\/\",\"logo\":{\"@type\":\"ImageObject\",\"inLanguage\":\"sv-SE\",\"@id\":\"https:\\\/\\\/www.in2greece.com\\\/swedish\\\/#\\\/schema\\\/logo\\\/image\\\/\",\"url\":\"https:\\\/\\\/www.in2greece.com\\\/swedish\\\/wp-content\\\/uploads\\\/2022\\\/02\\\/in2greece.png\",\"contentUrl\":\"https:\\\/\\\/www.in2greece.com\\\/swedish\\\/wp-content\\\/uploads\\\/2022\\\/02\\\/in2greece.png\",\"width\":150,\"height\":149,\"caption\":\"www.in2greece.com\"},\"image\":{\"@id\":\"https:\\\/\\\/www.in2greece.com\\\/swedish\\\/#\\\/schema\\\/logo\\\/image\\\/\"},\"sameAs\":[\"https:\\\/\\\/www.facebook.com\\\/in2greece\"]}]}<\/script>\n<!-- \/ Yoast SEO plugin. -->","yoast_head_json":{"title":"Saker att g\u00f6ra i Alonissos","description":"Alonnisos \u00e4r en av de grekiska Sporaderna, bel\u00e4gen i Egeiska havet 125 kilometer nordost om fastlandsporten Agios Konstantinos","robots":{"index":"index","follow":"follow","max-snippet":"max-snippet:-1","max-image-preview":"max-image-preview:large","max-video-preview":"max-video-preview:-1"},"canonical":"https:\/\/www.in2greece.com\/swedish\/alonissos.html","og_locale":"sv_SE","og_type":"article","og_title":"Saker att g\u00f6ra i Alonissos","og_description":"Alonnisos \u00e4r en av de grekiska Sporaderna, bel\u00e4gen i Egeiska havet 125 kilometer nordost om fastlandsporten Agios Konstantinos","og_url":"https:\/\/www.in2greece.com\/swedish\/alonissos.html","og_site_name":"Grekland","article_publisher":"https:\/\/www.facebook.com\/in2greece","article_modified_time":"2024-06-25T18:59:28+00:00","og_image":[{"width":600,"height":400,"url":"https:\/\/www.in2greece.com\/swedish\/wp-content\/uploads\/2024\/06\/alonissos-at-gora.jpg","type":"image\/jpeg"}],"twitter_card":"summary_large_image","twitter_misc":{"Ber\u00e4knad l\u00e4stid":"9 minuter"},"schema":{"@context":"https:\/\/schema.org","@graph":[{"@type":"WebPage","@id":"https:\/\/www.in2greece.com\/swedish\/alonissos.html","url":"https:\/\/www.in2greece.com\/swedish\/alonissos.html","name":"Saker att g\u00f6ra i Alonissos","isPartOf":{"@id":"https:\/\/www.in2greece.com\/swedish\/#website"},"primaryImageOfPage":{"@id":"https:\/\/www.in2greece.com\/swedish\/alonissos.html#primaryimage"},"image":{"@id":"https:\/\/www.in2greece.com\/swedish\/alonissos.html#primaryimage"},"thumbnailUrl":"https:\/\/www.in2greece.com\/swedish\/wp-content\/uploads\/2024\/06\/alonissos-at-gora.jpg","datePublished":"2024-04-19T10:22:27+00:00","dateModified":"2024-06-25T18:59:28+00:00","description":"Alonnisos \u00e4r en av de grekiska Sporaderna, bel\u00e4gen i Egeiska havet 125 kilometer nordost om fastlandsporten Agios Konstantinos","breadcrumb":{"@id":"https:\/\/www.in2greece.com\/swedish\/alonissos.html#breadcrumb"},"inLanguage":"sv-SE","potentialAction":[{"@type":"ReadAction","target":["https:\/\/www.in2greece.com\/swedish\/alonissos.html"]}]},{"@type":"ImageObject","inLanguage":"sv-SE","@id":"https:\/\/www.in2greece.com\/swedish\/alonissos.html#primaryimage","url":"https:\/\/www.in2greece.com\/swedish\/wp-content\/uploads\/2024\/06\/alonissos-at-gora.jpg","contentUrl":"https:\/\/www.in2greece.com\/swedish\/wp-content\/uploads\/2024\/06\/alonissos-at-gora.jpg","width":600,"height":400,"caption":"alonissos-at-gora"},{"@type":"BreadcrumbList","@id":"https:\/\/www.in2greece.com\/swedish\/alonissos.html#breadcrumb","itemListElement":[{"@type":"ListItem","position":1,"name":"Home","item":"https:\/\/www.in2greece.com\/swedish\/"},{"@type":"ListItem","position":2,"name":"Kykladerna","item":"https:\/\/www.in2greece.com\/swedish\/kykladerna.html"},{"@type":"ListItem","position":3,"name":"Alonissos"}]},{"@type":"WebSite","@id":"https:\/\/www.in2greece.com\/swedish\/#website","url":"https:\/\/www.in2greece.com\/swedish\/","name":"Grekland","description":"Reseguide till Grekland","publisher":{"@id":"https:\/\/www.in2greece.com\/swedish\/#organization"},"potentialAction":[{"@type":"SearchAction","target":{"@type":"EntryPoint","urlTemplate":"https:\/\/www.in2greece.com\/swedish\/?s={search_term_string}"},"query-input":{"@type":"PropertyValueSpecification","valueRequired":true,"valueName":"search_term_string"}}],"inLanguage":"sv-SE"},{"@type":"Organization","@id":"https:\/\/www.in2greece.com\/swedish\/#organization","name":"www.in2greece.com","url":"https:\/\/www.in2greece.com\/swedish\/","logo":{"@type":"ImageObject","inLanguage":"sv-SE","@id":"https:\/\/www.in2greece.com\/swedish\/#\/schema\/logo\/image\/","url":"https:\/\/www.in2greece.com\/swedish\/wp-content\/uploads\/2022\/02\/in2greece.png","contentUrl":"https:\/\/www.in2greece.com\/swedish\/wp-content\/uploads\/2022\/02\/in2greece.png","width":150,"height":149,"caption":"www.in2greece.com"},"image":{"@id":"https:\/\/www.in2greece.com\/swedish\/#\/schema\/logo\/image\/"},"sameAs":["https:\/\/www.facebook.com\/in2greece"]}]}},"_links":{"self":[{"href":"https:\/\/www.in2greece.com\/swedish\/wp-json\/wp\/v2\/pages\/711","targetHints":{"allow":["GET"]}}],"collection":[{"href":"https:\/\/www.in2greece.com\/swedish\/wp-json\/wp\/v2\/pages"}],"about":[{"href":"https:\/\/www.in2greece.com\/swedish\/wp-json\/wp\/v2\/types\/page"}],"author":[{"embeddable":true,"href":"https:\/\/www.in2greece.com\/swedish\/wp-json\/wp\/v2\/users\/1"}],"replies":[{"embeddable":true,"href":"https:\/\/www.in2greece.com\/swedish\/wp-json\/wp\/v2\/comments?post=711"}],"version-history":[{"count":0,"href":"https:\/\/www.in2greece.com\/swedish\/wp-json\/wp\/v2\/pages\/711\/revisions"}],"up":[{"embeddable":true,"href":"https:\/\/www.in2greece.com\/swedish\/wp-json\/wp\/v2\/pages\/522"}],"wp:featuredmedia":[{"embeddable":true,"href":"https:\/\/www.in2greece.com\/swedish\/wp-json\/wp\/v2\/media\/1030"}],"wp:attachment":[{"href":"https:\/\/www.in2greece.com\/swedish\/wp-json\/wp\/v2\/media?parent=711"}],"curies":[{"name":"wp","href":"https:\/\/api.w.org\/{rel}","templated":true}]}}