{"id":677,"date":"2024-04-18T17:44:31","date_gmt":"2024-04-18T17:44:31","guid":{"rendered":"https:\/\/www.in2greece.com\/swedish\/?page_id=677"},"modified":"2024-06-25T19:08:09","modified_gmt":"2024-06-25T19:08:09","slug":"agathonisi","status":"publish","type":"page","link":"https:\/\/www.in2greece.com\/swedish\/agathonisi.html","title":{"rendered":"Agathonisi"},"content":{"rendered":"\n<h2 class=\"wp-block-heading\">Saker att g\u00f6ra i Agathonisi<\/h2>\n\n\n<p>Den nordligaste \u00f6n i Dodekaneserna, Agathonisi, \u00e4r en destination f\u00f6r dem som s\u00f6ker lugna och alternativa semestrar, l\u00e5ngt bort fr\u00e5n de livliga folkmassorna som man hittar p\u00e5 de popul\u00e4ra \u00f6arna. Det \u00e4r en karg plats med l\u00e5g, gles vegetation och f\u00e5 tamarisktr\u00e4d som erbjuder skydd fr\u00e5n den heta solen, men reseupplevelsen \u00e4r o\u00f6vertr\u00e4ffad.<\/p>\n<p>\u00d6n ligger mycket n\u00e4ra Samos, men \u00e4nd\u00e5 faller k\u00e4nslan av ett ensligt liv p\u00e5 de f\u00e5 resen\u00e4rer som best\u00e4mmer sig f\u00f6r att s\u00e4tta sin fot i hamnen. P\u00e5 Agathonisi f\u00e5r tid och m\u00e4nsklig kontakt en annan betydelse.<\/p>\n<p>Resen\u00e4rerna blandar sig med lokalbefolkningen p\u00e5 kaf\u00e9erna och tavernorna i en takt som \u00e4r fr\u00e4mmande f\u00f6r stadsbor. H\u00e4r verkar tiden ha stannat i svunna tider, n\u00e4r det enda s\u00e4ttet att n\u00e4tverka socialt var genom grannskap och gemenskaper, som band m\u00e4nniskor samman med traditionens och kollektivitetens lim.<\/p>\n<p>Enligt folkr\u00e4kningen 2011 bor det 186 fasta inv\u00e5nare p\u00e5 \u00f6n, som fr\u00e4mst sysslar med boskapssk\u00f6tsel, jordbruk och fiske, medan vissa av dem p\u00e5 senare \u00e5r ocks\u00e5 har b\u00f6rjat med turism. Turismutvecklingen p\u00e5 Agathonisi kan beskrivas som mild, men anstr\u00e4ngningarna att \u00f6ka den intensifieras st\u00e4ndigt, vilket har resulterat i en liten turistinfrastruktur med cirka 140 b\u00e4ddar i uthyrningsrum.<\/p>\n<p>Dessutom har betydande infrastrukturprojekt genomf\u00f6rts f\u00f6r att utveckla och skydda denna gr\u00e4nsregion, inklusive en h\u00f6gstadieskola med gymnasieklasser, ett medborgarservicecenter (KEP), ett postkontor, en hamnmyndighet och en kommunal tandklinik med mera.<\/p>\n<p>Agathonisi har tv\u00e5 byar: Megalo Chorio som str\u00e4cker sig till hamnen i Agios Georgios, vilken \u00e4r den st\u00f6rsta och \u00e4ldsta. Platsen d\u00e4r byn \u00e4r byggd valdes av de lokala inv\u00e5narna f\u00f6r att skydda mot piratangrepp.<\/p>\n<p>Med \u00e5ren expanderade byn och spred sig till hamnen i Agios Georgios, som har en bred och stor kaj med s\u00f6derl\u00e4ge, vilket skyddar b\u00e5tarna fr\u00e5n de nordliga vindarna. Den andra byn, Mikro Chorio, \u00e4r byggd mittemot Megalo och d\u00e4r bor endast ett f\u00e5tal inv\u00e5nare.<\/p>\n<p>Att bes\u00f6ka Agathonisi \u00e4r enkelt, med regelbundna kommunikationer till och fr\u00e5n Leros, Patmos, Lipsi och Samos, och det finns \u00e4ven en modern helikopterplatta.<\/p>\n<p>\u00a0<\/p>\n<p><img decoding=\"async\" class=\"alignnone size-large wp-image-1019\" src=\"https:\/\/www.in2greece.com\/swedish\/wp-content\/uploads\/2024\/06\/agathonisi-grekland-1024x575.jpg\" alt=\"agathonisi grekland\" width=\"1024\" height=\"575\" srcset=\"https:\/\/www.in2greece.com\/swedish\/wp-content\/uploads\/2024\/06\/agathonisi-grekland-1024x575.jpg 1024w, https:\/\/www.in2greece.com\/swedish\/wp-content\/uploads\/2024\/06\/agathonisi-grekland-300x168.jpg 300w, https:\/\/www.in2greece.com\/swedish\/wp-content\/uploads\/2024\/06\/agathonisi-grekland-768x431.jpg 768w, https:\/\/www.in2greece.com\/swedish\/wp-content\/uploads\/2024\/06\/agathonisi-grekland-1536x863.jpg 1536w, https:\/\/www.in2greece.com\/swedish\/wp-content\/uploads\/2024\/06\/agathonisi-grekland.jpg 2048w\" sizes=\"(max-width: 1024px) 100vw, 1024px\" \/><\/p>\n<p>F<strong>\u00f6r att b\u00e4ttre l\u00e4ra k\u00e4nna \u00f6n och dess sk\u00f6nhet har vi valt ut f\u00f6ljande f\u00f6rslag:<\/strong><\/p>\n<h3>1. Bes\u00f6k den arkeologiska platsen vid Kastraki<\/h3>\n<p>En bef\u00e4st bos\u00e4ttning i Maistr\u00f3s-omr\u00e5det p\u00e5 \u00f6ns nord\u00f6stra del. Murarna \u00e4r byggda av \u00f6ns lokala sten. Bos\u00e4ttningen utvecklades fr\u00e4mst under 400-300 f.Kr. P\u00e5 akropolisen finns en uthuggen cistern i berget f\u00f6r vattenf\u00f6rvaring. Idag (2019) \u00e4r platsen inte tillg\u00e4nglig f\u00f6r bes\u00f6kare, medan byggnaden som uppf\u00f6rdes med EU-finansiering f\u00f6r att hysa \u00f6ns arkeologiska museum \u00e4r en plats som ofta bes\u00f6ks av vilda getter.<\/p>\n<h3>2. Bestigning till Agios Panteleimonas i Mikro Chorio<\/h3>\n<p>F\u00e4rre \u00e4n 15 fasta inv\u00e5nare bor i Mikro Chorio, en av de tv\u00e5 inlandsbyarna p\u00e5 Agathonisi. Huvudattraktionen \u00e4r kyrkan Agios Panteleimonas som st\u00e5r p\u00e5 en liten kulle (100 m) ovanf\u00f6r byn. Till kyrkan g\u00e5r man via en kort cementerad stig fr\u00e5n byns torg. Utsikten fr\u00e5n Agios Panteleimonas \u00f6ver Megalo Chorio (\u00f6sterut) och hamnen Agios Georgios (sydost) \u00e4r mycket vacker.<\/p>\n<h3>3. Promenad i Megalo Chorio<\/h3>\n<p>Den st\u00f6rsta byn p\u00e5 \u00f6n, osynlig fr\u00e5n havet precis som Mikro Chorio. H\u00e4r finns kommunens tj\u00e4nster, v\u00e5rdcentral, skola och postkontor. I den s\u00f6dra delen av byn ligger de tre sm\u00e5 kyrkorna Agios Rafail, Zoodochos Pigi och Agios Ioannis Theologos.<\/p>\n<h3>4. Bestigning till Agios Charalambos och sedan bad vid Tsangari-stranden<\/h3>\n<p>Kyrkorna Agios Ioannis Prodromos och Agia Irini Chrysovalantou ligger 700 meter s\u00f6der om Megalo Chorio i en tr\u00e4dbevuxen milj\u00f6 med vitkalkade stenmurar och terrasser. H\u00e4rifr\u00e5n g\u00e5r en cementerad v\u00e4g som leder till toppen av en kulle (130 meter) med kyrkan Agios Charalambos. H\u00e4rifr\u00e5n kan du njuta av den vackra utsikten \u00f6ver Megalo Chorio, Agios Georgios-viken och Tsangari-stranden.<\/p>\n<h3>5. Den Idyllic Beach vid Spilia<\/h3>\n<p>En av de vackraste str\u00e4nderna p\u00e5 Agathonisi och i kombination med stranden Gaidouravlakos p\u00e5 andra sidan kullen \u00e4r detta definitivt det b\u00e4sta paret. Spilia-stranden \u00e4r l\u00e4ttillg\u00e4nglig fr\u00e5n hamnen Agios Georgios genom att f\u00f6lja v\u00e4gen l\u00e4ngs kusten mot sydv\u00e4st som leder till stranden p\u00e5 500 meter. Stranden \u00e4r vacker med sand och sm\u00e5sten, och har naturlig skugga. Vattnet \u00e4r gr\u00f6nt och bl\u00e5tt som en stor pool. Vid den sydv\u00e4stra \u00e4nden bildas en grotta i klippan, d\u00e4rav strandens namn.<\/p>\n<h3>6. Den sv\u00e5ra kl\u00e4ttringen och njutningen av Gaidouravlakos-stranden<\/h3>\n<p>F\u00f6r m\u00e5nga \u00e4r detta den vackraste stranden p\u00e5 \u00f6n. Det finns tv\u00e5 s\u00e4tt att n\u00e5 den: enklast med b\u00e5t fr\u00e5n hamnen eller genom att kl\u00e4ttra \u00f6ver kullen fr\u00e5n Spilia. Stigen fr\u00e5n Spilia b\u00f6rjar n\u00e5gra meter till h\u00f6ger om grottan. Praktiskt taget kl\u00e4ttrar man tills man n\u00e5r toppen av kullen och sedan g\u00e5r man ner till andra sidan mot stranden. Under nedstigningen \u00e4r det bra att hitta stigen eftersom lutningen \u00e4r ganska brant.<\/p>\n<h3>7. Bes\u00f6k Tholos vid Agios Nikolaos och sedan bad vid Vathy Pigadi<\/h3>\n<p>Kyrkan Agios Nikolaos ligger i omr\u00e5det Tholos, ovanf\u00f6r stranden Vathy Pigadi, p\u00e5 den syd\u00f6stra delen av \u00f6n. V\u00e4gen fr\u00e5n Poros-stranden och fram\u00e5t \u00e4r en grusv\u00e4g, och man beh\u00f6ver \u00f6ppna och st\u00e4nga tv\u00e5 grindar f\u00f6r att komma fram. Efter den andra grinden delar sig v\u00e4gen: till h\u00f6ger mot stranden Vathy Pigadi och till v\u00e4nster mot kyrkan Agios Nikolaos och Tholos.<\/p>\n<h3>8. Poros-stranden<\/h3>\n<p>En mycket vacker liten strand p\u00e5 den syd\u00f6stra delen av \u00f6n i b\u00f6rjan av grusv\u00e4gen som leder till Agios Nikolaos och Vathy Pigadi-stranden. En sandstrand med mycket grunt ljusbl\u00e5tt vatten, som en pool, i den smala Poros-viken. Efter en kort promenad och simtur p\u00e5 cirka 50 meter fr\u00e5n stranden ser vi till h\u00f6ger en insk\u00e4rning &#8211; en \u00f6ppen grotta i klippan.<\/p>\n<h3>9. Palos-stranden<\/h3>\n<p>En avl\u00e4gsen strand vid den v\u00e4stra \u00e4nden av Poros-viken, mittemot Vathy Pigadi-stranden. F\u00f6r att komma hit tar man en stig som b\u00f6rjar \u00f6sterut fr\u00e5n v\u00e4gen som g\u00e5r fr\u00e5n Megalo Chorio mot Metamorfosi tou Sotiros. Stigen \u00e4r ungef\u00e4r 500-600 meter l\u00e5ng och tar cirka 15-20 minuter att g\u00e5.<\/p>\n<h3>10. Den Kustn\u00e4ra Bos\u00e4ttningen Agios Georgios<\/h3>\n<p>Den kustn\u00e4ra bos\u00e4ttningen Agios Georgios, med \u00f6ns hamn, ligger mellan de tv\u00e5 huvudbos\u00e4ttningarna p\u00e5 Agathonisi (Mikro Chorio nordv\u00e4st och Megalo Chorio nordost). Bos\u00e4ttningen har utvecklats fr\u00e4mst p\u00e5 grund av turism och har alla n\u00f6dv\u00e4ndiga faciliteter (uthyrningsrum, tavernor, kaf\u00e9er). I centrum av bos\u00e4ttningen ligger stranden Agios Georgios med sand och sm\u00e5sten och kristallklart vatten, n\u00e4ra uthyrningsrummen vid hamnen.<\/p>\n<p><img decoding=\"async\" class=\"alignnone size-large wp-image-1020\" src=\"https:\/\/www.in2greece.com\/swedish\/wp-content\/uploads\/2024\/06\/agathonisi-1024x575.jpg\" alt=\"agathonisi\" width=\"1024\" height=\"575\" srcset=\"https:\/\/www.in2greece.com\/swedish\/wp-content\/uploads\/2024\/06\/agathonisi-1024x575.jpg 1024w, https:\/\/www.in2greece.com\/swedish\/wp-content\/uploads\/2024\/06\/agathonisi-300x168.jpg 300w, https:\/\/www.in2greece.com\/swedish\/wp-content\/uploads\/2024\/06\/agathonisi-768x431.jpg 768w, https:\/\/www.in2greece.com\/swedish\/wp-content\/uploads\/2024\/06\/agathonisi-1536x863.jpg 1536w, https:\/\/www.in2greece.com\/swedish\/wp-content\/uploads\/2024\/06\/agathonisi.jpg 2048w\" sizes=\"(max-width: 1024px) 100vw, 1024px\" \/><\/p>","protected":false},"excerpt":{"rendered":"<p>Saker att g\u00f6ra i Agathonisi Den nordligaste \u00f6n i Dodekaneserna, Agathonisi, \u00e4r en destination f\u00f6r dem som s\u00f6ker lugna och alternativa semestrar, l\u00e5ngt bort fr\u00e5n de livliga folkmassorna som man hittar p\u00e5 de popul\u00e4ra \u00f6arna. Det \u00e4r en karg plats med l\u00e5g, gles vegetation och f\u00e5 tamarisktr\u00e4d som erbjuder skydd fr\u00e5n den heta solen, men<br \/><a class=\"moretag\" href=\"https:\/\/www.in2greece.com\/swedish\/agathonisi.html\">+ L\u00e4s Mer<\/a><\/p>\n","protected":false},"author":1,"featured_media":1019,"parent":0,"menu_order":0,"comment_status":"closed","ping_status":"closed","template":"","meta":{"footnotes":""},"class_list":["post-677","page","type-page","status-publish","has-post-thumbnail","hentry"],"yoast_head":"<!-- This site is optimized with the Yoast SEO plugin v27.4 - https:\/\/yoast.com\/product\/yoast-seo-wordpress\/ -->\n<title>Saker att g\u00f6ra i Agathonisi<\/title>\n<meta name=\"description\" content=\"Agathonisi \u00e4r den nordligaste \u00f6n i Dodekaneserna Grekland, med skyddade vikar, spetsiga str\u00e4nder och m\u00e5nga sm\u00e5 klipp\u00f6ar. Dess naturliga sk\u00f6nheter kontrasterar mot den vilda steniga naturen, utan tr\u00e4d men med flera buska\" \/>\n<meta name=\"robots\" content=\"index, follow, max-snippet:-1, max-image-preview:large, max-video-preview:-1\" \/>\n<link rel=\"canonical\" href=\"https:\/\/www.in2greece.com\/swedish\/agathonisi.html\" \/>\n<meta property=\"og:locale\" content=\"sv_SE\" \/>\n<meta property=\"og:type\" content=\"article\" \/>\n<meta property=\"og:title\" content=\"Saker att g\u00f6ra i Agathonisi\" \/>\n<meta property=\"og:description\" content=\"Agathonisi \u00e4r den nordligaste \u00f6n i Dodekaneserna Grekland, med skyddade vikar, spetsiga str\u00e4nder och m\u00e5nga sm\u00e5 klipp\u00f6ar. Dess naturliga sk\u00f6nheter kontrasterar mot den vilda steniga naturen, utan tr\u00e4d men med flera buska\" \/>\n<meta property=\"og:url\" content=\"https:\/\/www.in2greece.com\/swedish\/agathonisi.html\" \/>\n<meta property=\"og:site_name\" content=\"Grekland\" \/>\n<meta property=\"article:publisher\" content=\"https:\/\/www.facebook.com\/in2greece\" \/>\n<meta property=\"article:modified_time\" content=\"2024-06-25T19:08:09+00:00\" \/>\n<meta property=\"og:image\" content=\"https:\/\/www.in2greece.com\/swedish\/wp-content\/uploads\/2024\/06\/agathonisi-grekland.jpg\" \/>\n\t<meta property=\"og:image:width\" content=\"2048\" \/>\n\t<meta property=\"og:image:height\" content=\"1150\" \/>\n\t<meta property=\"og:image:type\" content=\"image\/jpeg\" \/>\n<meta name=\"twitter:card\" content=\"summary_large_image\" \/>\n<meta name=\"twitter:label1\" content=\"Ber\u00e4knad l\u00e4stid\" \/>\n\t<meta name=\"twitter:data1\" content=\"6 minuter\" \/>\n<script type=\"application\/ld+json\" class=\"yoast-schema-graph\">{\"@context\":\"https:\\\/\\\/schema.org\",\"@graph\":[{\"@type\":\"WebPage\",\"@id\":\"https:\\\/\\\/www.in2greece.com\\\/swedish\\\/agathonisi.html\",\"url\":\"https:\\\/\\\/www.in2greece.com\\\/swedish\\\/agathonisi.html\",\"name\":\"Saker att g\u00f6ra i Agathonisi\",\"isPartOf\":{\"@id\":\"https:\\\/\\\/www.in2greece.com\\\/swedish\\\/#website\"},\"primaryImageOfPage\":{\"@id\":\"https:\\\/\\\/www.in2greece.com\\\/swedish\\\/agathonisi.html#primaryimage\"},\"image\":{\"@id\":\"https:\\\/\\\/www.in2greece.com\\\/swedish\\\/agathonisi.html#primaryimage\"},\"thumbnailUrl\":\"https:\\\/\\\/www.in2greece.com\\\/swedish\\\/wp-content\\\/uploads\\\/2024\\\/06\\\/agathonisi-grekland.jpg\",\"datePublished\":\"2024-04-18T17:44:31+00:00\",\"dateModified\":\"2024-06-25T19:08:09+00:00\",\"description\":\"Agathonisi \u00e4r den nordligaste \u00f6n i Dodekaneserna Grekland, med skyddade vikar, spetsiga str\u00e4nder och m\u00e5nga sm\u00e5 klipp\u00f6ar. Dess naturliga sk\u00f6nheter kontrasterar mot den vilda steniga naturen, utan tr\u00e4d men med flera buska\",\"breadcrumb\":{\"@id\":\"https:\\\/\\\/www.in2greece.com\\\/swedish\\\/agathonisi.html#breadcrumb\"},\"inLanguage\":\"sv-SE\",\"potentialAction\":[{\"@type\":\"ReadAction\",\"target\":[\"https:\\\/\\\/www.in2greece.com\\\/swedish\\\/agathonisi.html\"]}]},{\"@type\":\"ImageObject\",\"inLanguage\":\"sv-SE\",\"@id\":\"https:\\\/\\\/www.in2greece.com\\\/swedish\\\/agathonisi.html#primaryimage\",\"url\":\"https:\\\/\\\/www.in2greece.com\\\/swedish\\\/wp-content\\\/uploads\\\/2024\\\/06\\\/agathonisi-grekland.jpg\",\"contentUrl\":\"https:\\\/\\\/www.in2greece.com\\\/swedish\\\/wp-content\\\/uploads\\\/2024\\\/06\\\/agathonisi-grekland.jpg\",\"width\":2048,\"height\":1150,\"caption\":\"agathonisi grekland\"},{\"@type\":\"BreadcrumbList\",\"@id\":\"https:\\\/\\\/www.in2greece.com\\\/swedish\\\/agathonisi.html#breadcrumb\",\"itemListElement\":[{\"@type\":\"ListItem\",\"position\":1,\"name\":\"Home\",\"item\":\"https:\\\/\\\/www.in2greece.com\\\/swedish\\\/\"},{\"@type\":\"ListItem\",\"position\":2,\"name\":\"Agathonisi\"}]},{\"@type\":\"WebSite\",\"@id\":\"https:\\\/\\\/www.in2greece.com\\\/swedish\\\/#website\",\"url\":\"https:\\\/\\\/www.in2greece.com\\\/swedish\\\/\",\"name\":\"Grekland\",\"description\":\"Reseguide till Grekland\",\"publisher\":{\"@id\":\"https:\\\/\\\/www.in2greece.com\\\/swedish\\\/#organization\"},\"potentialAction\":[{\"@type\":\"SearchAction\",\"target\":{\"@type\":\"EntryPoint\",\"urlTemplate\":\"https:\\\/\\\/www.in2greece.com\\\/swedish\\\/?s={search_term_string}\"},\"query-input\":{\"@type\":\"PropertyValueSpecification\",\"valueRequired\":true,\"valueName\":\"search_term_string\"}}],\"inLanguage\":\"sv-SE\"},{\"@type\":\"Organization\",\"@id\":\"https:\\\/\\\/www.in2greece.com\\\/swedish\\\/#organization\",\"name\":\"www.in2greece.com\",\"url\":\"https:\\\/\\\/www.in2greece.com\\\/swedish\\\/\",\"logo\":{\"@type\":\"ImageObject\",\"inLanguage\":\"sv-SE\",\"@id\":\"https:\\\/\\\/www.in2greece.com\\\/swedish\\\/#\\\/schema\\\/logo\\\/image\\\/\",\"url\":\"https:\\\/\\\/www.in2greece.com\\\/swedish\\\/wp-content\\\/uploads\\\/2022\\\/02\\\/in2greece.png\",\"contentUrl\":\"https:\\\/\\\/www.in2greece.com\\\/swedish\\\/wp-content\\\/uploads\\\/2022\\\/02\\\/in2greece.png\",\"width\":150,\"height\":149,\"caption\":\"www.in2greece.com\"},\"image\":{\"@id\":\"https:\\\/\\\/www.in2greece.com\\\/swedish\\\/#\\\/schema\\\/logo\\\/image\\\/\"},\"sameAs\":[\"https:\\\/\\\/www.facebook.com\\\/in2greece\"]}]}<\/script>\n<!-- \/ Yoast SEO plugin. -->","yoast_head_json":{"title":"Saker att g\u00f6ra i Agathonisi","description":"Agathonisi \u00e4r den nordligaste \u00f6n i Dodekaneserna Grekland, med skyddade vikar, spetsiga str\u00e4nder och m\u00e5nga sm\u00e5 klipp\u00f6ar. Dess naturliga sk\u00f6nheter kontrasterar mot den vilda steniga naturen, utan tr\u00e4d men med flera buska","robots":{"index":"index","follow":"follow","max-snippet":"max-snippet:-1","max-image-preview":"max-image-preview:large","max-video-preview":"max-video-preview:-1"},"canonical":"https:\/\/www.in2greece.com\/swedish\/agathonisi.html","og_locale":"sv_SE","og_type":"article","og_title":"Saker att g\u00f6ra i Agathonisi","og_description":"Agathonisi \u00e4r den nordligaste \u00f6n i Dodekaneserna Grekland, med skyddade vikar, spetsiga str\u00e4nder och m\u00e5nga sm\u00e5 klipp\u00f6ar. Dess naturliga sk\u00f6nheter kontrasterar mot den vilda steniga naturen, utan tr\u00e4d men med flera buska","og_url":"https:\/\/www.in2greece.com\/swedish\/agathonisi.html","og_site_name":"Grekland","article_publisher":"https:\/\/www.facebook.com\/in2greece","article_modified_time":"2024-06-25T19:08:09+00:00","og_image":[{"width":2048,"height":1150,"url":"https:\/\/www.in2greece.com\/swedish\/wp-content\/uploads\/2024\/06\/agathonisi-grekland.jpg","type":"image\/jpeg"}],"twitter_card":"summary_large_image","twitter_misc":{"Ber\u00e4knad l\u00e4stid":"6 minuter"},"schema":{"@context":"https:\/\/schema.org","@graph":[{"@type":"WebPage","@id":"https:\/\/www.in2greece.com\/swedish\/agathonisi.html","url":"https:\/\/www.in2greece.com\/swedish\/agathonisi.html","name":"Saker att g\u00f6ra i Agathonisi","isPartOf":{"@id":"https:\/\/www.in2greece.com\/swedish\/#website"},"primaryImageOfPage":{"@id":"https:\/\/www.in2greece.com\/swedish\/agathonisi.html#primaryimage"},"image":{"@id":"https:\/\/www.in2greece.com\/swedish\/agathonisi.html#primaryimage"},"thumbnailUrl":"https:\/\/www.in2greece.com\/swedish\/wp-content\/uploads\/2024\/06\/agathonisi-grekland.jpg","datePublished":"2024-04-18T17:44:31+00:00","dateModified":"2024-06-25T19:08:09+00:00","description":"Agathonisi \u00e4r den nordligaste \u00f6n i Dodekaneserna Grekland, med skyddade vikar, spetsiga str\u00e4nder och m\u00e5nga sm\u00e5 klipp\u00f6ar. Dess naturliga sk\u00f6nheter kontrasterar mot den vilda steniga naturen, utan tr\u00e4d men med flera buska","breadcrumb":{"@id":"https:\/\/www.in2greece.com\/swedish\/agathonisi.html#breadcrumb"},"inLanguage":"sv-SE","potentialAction":[{"@type":"ReadAction","target":["https:\/\/www.in2greece.com\/swedish\/agathonisi.html"]}]},{"@type":"ImageObject","inLanguage":"sv-SE","@id":"https:\/\/www.in2greece.com\/swedish\/agathonisi.html#primaryimage","url":"https:\/\/www.in2greece.com\/swedish\/wp-content\/uploads\/2024\/06\/agathonisi-grekland.jpg","contentUrl":"https:\/\/www.in2greece.com\/swedish\/wp-content\/uploads\/2024\/06\/agathonisi-grekland.jpg","width":2048,"height":1150,"caption":"agathonisi grekland"},{"@type":"BreadcrumbList","@id":"https:\/\/www.in2greece.com\/swedish\/agathonisi.html#breadcrumb","itemListElement":[{"@type":"ListItem","position":1,"name":"Home","item":"https:\/\/www.in2greece.com\/swedish\/"},{"@type":"ListItem","position":2,"name":"Agathonisi"}]},{"@type":"WebSite","@id":"https:\/\/www.in2greece.com\/swedish\/#website","url":"https:\/\/www.in2greece.com\/swedish\/","name":"Grekland","description":"Reseguide till Grekland","publisher":{"@id":"https:\/\/www.in2greece.com\/swedish\/#organization"},"potentialAction":[{"@type":"SearchAction","target":{"@type":"EntryPoint","urlTemplate":"https:\/\/www.in2greece.com\/swedish\/?s={search_term_string}"},"query-input":{"@type":"PropertyValueSpecification","valueRequired":true,"valueName":"search_term_string"}}],"inLanguage":"sv-SE"},{"@type":"Organization","@id":"https:\/\/www.in2greece.com\/swedish\/#organization","name":"www.in2greece.com","url":"https:\/\/www.in2greece.com\/swedish\/","logo":{"@type":"ImageObject","inLanguage":"sv-SE","@id":"https:\/\/www.in2greece.com\/swedish\/#\/schema\/logo\/image\/","url":"https:\/\/www.in2greece.com\/swedish\/wp-content\/uploads\/2022\/02\/in2greece.png","contentUrl":"https:\/\/www.in2greece.com\/swedish\/wp-content\/uploads\/2022\/02\/in2greece.png","width":150,"height":149,"caption":"www.in2greece.com"},"image":{"@id":"https:\/\/www.in2greece.com\/swedish\/#\/schema\/logo\/image\/"},"sameAs":["https:\/\/www.facebook.com\/in2greece"]}]}},"_links":{"self":[{"href":"https:\/\/www.in2greece.com\/swedish\/wp-json\/wp\/v2\/pages\/677","targetHints":{"allow":["GET"]}}],"collection":[{"href":"https:\/\/www.in2greece.com\/swedish\/wp-json\/wp\/v2\/pages"}],"about":[{"href":"https:\/\/www.in2greece.com\/swedish\/wp-json\/wp\/v2\/types\/page"}],"author":[{"embeddable":true,"href":"https:\/\/www.in2greece.com\/swedish\/wp-json\/wp\/v2\/users\/1"}],"replies":[{"embeddable":true,"href":"https:\/\/www.in2greece.com\/swedish\/wp-json\/wp\/v2\/comments?post=677"}],"version-history":[{"count":0,"href":"https:\/\/www.in2greece.com\/swedish\/wp-json\/wp\/v2\/pages\/677\/revisions"}],"wp:featuredmedia":[{"embeddable":true,"href":"https:\/\/www.in2greece.com\/swedish\/wp-json\/wp\/v2\/media\/1019"}],"wp:attachment":[{"href":"https:\/\/www.in2greece.com\/swedish\/wp-json\/wp\/v2\/media?parent=677"}],"curies":[{"name":"wp","href":"https:\/\/api.w.org\/{rel}","templated":true}]}}