{"id":618,"date":"2024-06-04T13:13:49","date_gmt":"2024-06-04T12:13:49","guid":{"rendered":"https:\/\/www.in2greece.com\/swedish\/?page_id=618"},"modified":"2024-06-04T13:13:49","modified_gmt":"2024-06-04T12:13:49","slug":"samos-karta-2","status":"publish","type":"page","link":"https:\/\/www.in2greece.com\/swedish\/samos\/karta.html","title":{"rendered":"Samos Karta"},"content":{"rendered":"\n<h2 class=\"wp-block-heading\">Karta \u00f6ver Samos<\/h2>\n\n\n<p>Samos, en \u00f6 i \u00f6stra Egeiska havet n\u00e4ra Turkiets kust, har en distinkt och varierad geomorfologi som k\u00e4nnetecknas av flera framtr\u00e4dande drag. \u00d6ns topografi \u00e4r \u00f6verv\u00e4gande bergig. Tv\u00e5 huvudsakliga bergskedjor, berget Kerkis (eller Kerketeus) och berget Ambelos (eller Karvounis), \u00e4r de mest anm\u00e4rkningsv\u00e4rda. Berget Kerkis, det h\u00f6gre av de tv\u00e5, n\u00e5r en h\u00f6jd av cirka 1 434 meter (4 701 fot), vilket g\u00f6r det till en av de h\u00f6gsta punkterna i Egeiska havet. Denna ol\u00e4ndiga terr\u00e4ng bidrar till \u00f6ns natursk\u00f6na sk\u00f6nhet och har en betydande inverkan p\u00e5 dess klimat och ekologi.<br \/>Samos har en djupt indragen kustlinje med m\u00e5nga vikar, vikar och vikar. Den oregelbundna kustlinjen skapar naturliga hamnar, som den i Vathy (Samos stad), \u00f6ns huvudstad och huvudhamn.<\/p>\n<h3>Samos Karta<\/h3>\n\n\n<figure class=\"wp-block-image size-full\"><img decoding=\"async\" width=\"1000\" height=\"628\" src=\"https:\/\/www.in2greece.com\/swedish\/places\/summer\/islands\/wp-content\/uploads\/2024\/04\/samos-karta.jpg\" alt=\"Samos Karta\" class=\"wp-image-619\" srcset=\"https:\/\/www.in2greece.com\/swedish\/wp-content\/uploads\/2024\/04\/samos-karta.jpg 1000w, https:\/\/www.in2greece.com\/swedish\/wp-content\/uploads\/2024\/04\/samos-karta-300x188.jpg 300w, https:\/\/www.in2greece.com\/swedish\/wp-content\/uploads\/2024\/04\/samos-karta-768x482.jpg 768w\" sizes=\"(max-width: 1000px) 100vw, 1000px\" \/><figcaption class=\"wp-element-caption\"><strong>Karta \u00f6ver Samos<\/strong><\/figcaption><\/figure>\n","protected":false},"excerpt":{"rendered":"<p>Karta \u00f6ver Samos Samos, en \u00f6 i \u00f6stra Egeiska havet n\u00e4ra Turkiets kust, har en distinkt och varierad geomorfologi som k\u00e4nnetecknas av flera framtr\u00e4dande drag. \u00d6ns topografi \u00e4r \u00f6verv\u00e4gande bergig. Tv\u00e5 huvudsakliga bergskedjor, berget Kerkis (eller Kerketeus) och berget Ambelos (eller Karvounis), \u00e4r de mest anm\u00e4rkningsv\u00e4rda. Berget Kerkis, det h\u00f6gre av de tv\u00e5, n\u00e5r en<br \/><a class=\"moretag\" href=\"https:\/\/www.in2greece.com\/swedish\/samos\/karta.html\">+ L\u00e4s Mer<\/a><\/p>\n","protected":false},"author":1,"featured_media":465,"parent":476,"menu_order":0,"comment_status":"closed","ping_status":"closed","template":"","meta":{"footnotes":""},"class_list":["post-618","page","type-page","status-publish","has-post-thumbnail","hentry"],"yoast_head":"<!-- This site is optimized with the Yoast SEO plugin v27.4 - https:\/\/yoast.com\/product\/yoast-seo-wordpress\/ -->\n<title>Karta \u00f6ver Samos<\/title>\n<meta name=\"description\" content=\"Samos, en \u00f6 i \u00f6stra Egeiska havet n\u00e4ra Turkiets kust, har en distinkt och varierad geomorfologi som k\u00e4nnetecknas av flera framtr\u00e4dande drag.\" \/>\n<meta name=\"robots\" content=\"index, follow, max-snippet:-1, max-image-preview:large, max-video-preview:-1\" \/>\n<link rel=\"canonical\" href=\"https:\/\/www.in2greece.com\/swedish\/samos\/karta.html\" \/>\n<meta property=\"og:locale\" content=\"sv_SE\" \/>\n<meta property=\"og:type\" content=\"article\" \/>\n<meta property=\"og:title\" content=\"Karta \u00f6ver Samos\" \/>\n<meta property=\"og:description\" content=\"Samos, en \u00f6 i \u00f6stra Egeiska havet n\u00e4ra Turkiets kust, har en distinkt och varierad geomorfologi som k\u00e4nnetecknas av flera framtr\u00e4dande drag.\" \/>\n<meta property=\"og:url\" content=\"https:\/\/www.in2greece.com\/swedish\/samos\/karta.html\" \/>\n<meta property=\"og:site_name\" content=\"Grekland\" \/>\n<meta property=\"article:publisher\" content=\"https:\/\/www.facebook.com\/in2greece\" \/>\n<meta property=\"og:image\" content=\"https:\/\/www.in2greece.com\/swedish\/wp-content\/uploads\/2024\/01\/samos-karta.jpg\" \/>\n\t<meta property=\"og:image:width\" content=\"1200\" \/>\n\t<meta property=\"og:image:height\" content=\"566\" \/>\n\t<meta property=\"og:image:type\" content=\"image\/jpeg\" \/>\n<meta name=\"twitter:card\" content=\"summary_large_image\" \/>\n<meta name=\"twitter:label1\" content=\"Ber\u00e4knad l\u00e4stid\" \/>\n\t<meta name=\"twitter:data1\" content=\"1 minut\" \/>\n<script type=\"application\/ld+json\" class=\"yoast-schema-graph\">{\"@context\":\"https:\\\/\\\/schema.org\",\"@graph\":[{\"@type\":\"WebPage\",\"@id\":\"https:\\\/\\\/www.in2greece.com\\\/swedish\\\/samos\\\/karta.html\",\"url\":\"https:\\\/\\\/www.in2greece.com\\\/swedish\\\/samos\\\/karta.html\",\"name\":\"Karta \u00f6ver Samos\",\"isPartOf\":{\"@id\":\"https:\\\/\\\/www.in2greece.com\\\/swedish\\\/#website\"},\"primaryImageOfPage\":{\"@id\":\"https:\\\/\\\/www.in2greece.com\\\/swedish\\\/samos\\\/karta.html#primaryimage\"},\"image\":{\"@id\":\"https:\\\/\\\/www.in2greece.com\\\/swedish\\\/samos\\\/karta.html#primaryimage\"},\"thumbnailUrl\":\"https:\\\/\\\/www.in2greece.com\\\/swedish\\\/wp-content\\\/uploads\\\/2024\\\/01\\\/samos-karta.jpg\",\"datePublished\":\"2024-06-04T12:13:49+00:00\",\"description\":\"Samos, en \u00f6 i \u00f6stra Egeiska havet n\u00e4ra Turkiets kust, har en distinkt och varierad geomorfologi som k\u00e4nnetecknas av flera framtr\u00e4dande drag.\",\"breadcrumb\":{\"@id\":\"https:\\\/\\\/www.in2greece.com\\\/swedish\\\/samos\\\/karta.html#breadcrumb\"},\"inLanguage\":\"sv-SE\",\"potentialAction\":[{\"@type\":\"ReadAction\",\"target\":[\"https:\\\/\\\/www.in2greece.com\\\/swedish\\\/samos\\\/karta.html\"]}]},{\"@type\":\"ImageObject\",\"inLanguage\":\"sv-SE\",\"@id\":\"https:\\\/\\\/www.in2greece.com\\\/swedish\\\/samos\\\/karta.html#primaryimage\",\"url\":\"https:\\\/\\\/www.in2greece.com\\\/swedish\\\/wp-content\\\/uploads\\\/2024\\\/01\\\/samos-karta.jpg\",\"contentUrl\":\"https:\\\/\\\/www.in2greece.com\\\/swedish\\\/wp-content\\\/uploads\\\/2024\\\/01\\\/samos-karta.jpg\",\"width\":1200,\"height\":566,\"caption\":\"SAMOS KARTA\"},{\"@type\":\"BreadcrumbList\",\"@id\":\"https:\\\/\\\/www.in2greece.com\\\/swedish\\\/samos\\\/karta.html#breadcrumb\",\"itemListElement\":[{\"@type\":\"ListItem\",\"position\":1,\"name\":\"Home\",\"item\":\"https:\\\/\\\/www.in2greece.com\\\/swedish\\\/\"},{\"@type\":\"ListItem\",\"position\":2,\"name\":\"Samos\",\"item\":\"https:\\\/\\\/www.in2greece.com\\\/swedish\\\/samos.html\"},{\"@type\":\"ListItem\",\"position\":3,\"name\":\"Samos Karta\"}]},{\"@type\":\"WebSite\",\"@id\":\"https:\\\/\\\/www.in2greece.com\\\/swedish\\\/#website\",\"url\":\"https:\\\/\\\/www.in2greece.com\\\/swedish\\\/\",\"name\":\"Grekland\",\"description\":\"Reseguide till Grekland\",\"publisher\":{\"@id\":\"https:\\\/\\\/www.in2greece.com\\\/swedish\\\/#organization\"},\"potentialAction\":[{\"@type\":\"SearchAction\",\"target\":{\"@type\":\"EntryPoint\",\"urlTemplate\":\"https:\\\/\\\/www.in2greece.com\\\/swedish\\\/?s={search_term_string}\"},\"query-input\":{\"@type\":\"PropertyValueSpecification\",\"valueRequired\":true,\"valueName\":\"search_term_string\"}}],\"inLanguage\":\"sv-SE\"},{\"@type\":\"Organization\",\"@id\":\"https:\\\/\\\/www.in2greece.com\\\/swedish\\\/#organization\",\"name\":\"www.in2greece.com\",\"url\":\"https:\\\/\\\/www.in2greece.com\\\/swedish\\\/\",\"logo\":{\"@type\":\"ImageObject\",\"inLanguage\":\"sv-SE\",\"@id\":\"https:\\\/\\\/www.in2greece.com\\\/swedish\\\/#\\\/schema\\\/logo\\\/image\\\/\",\"url\":\"https:\\\/\\\/www.in2greece.com\\\/swedish\\\/wp-content\\\/uploads\\\/2022\\\/02\\\/in2greece.png\",\"contentUrl\":\"https:\\\/\\\/www.in2greece.com\\\/swedish\\\/wp-content\\\/uploads\\\/2022\\\/02\\\/in2greece.png\",\"width\":150,\"height\":149,\"caption\":\"www.in2greece.com\"},\"image\":{\"@id\":\"https:\\\/\\\/www.in2greece.com\\\/swedish\\\/#\\\/schema\\\/logo\\\/image\\\/\"},\"sameAs\":[\"https:\\\/\\\/www.facebook.com\\\/in2greece\"]}]}<\/script>\n<!-- \/ Yoast SEO plugin. -->","yoast_head_json":{"title":"Karta \u00f6ver Samos","description":"Samos, en \u00f6 i \u00f6stra Egeiska havet n\u00e4ra Turkiets kust, har en distinkt och varierad geomorfologi som k\u00e4nnetecknas av flera framtr\u00e4dande drag.","robots":{"index":"index","follow":"follow","max-snippet":"max-snippet:-1","max-image-preview":"max-image-preview:large","max-video-preview":"max-video-preview:-1"},"canonical":"https:\/\/www.in2greece.com\/swedish\/samos\/karta.html","og_locale":"sv_SE","og_type":"article","og_title":"Karta \u00f6ver Samos","og_description":"Samos, en \u00f6 i \u00f6stra Egeiska havet n\u00e4ra Turkiets kust, har en distinkt och varierad geomorfologi som k\u00e4nnetecknas av flera framtr\u00e4dande drag.","og_url":"https:\/\/www.in2greece.com\/swedish\/samos\/karta.html","og_site_name":"Grekland","article_publisher":"https:\/\/www.facebook.com\/in2greece","og_image":[{"width":1200,"height":566,"url":"https:\/\/www.in2greece.com\/swedish\/wp-content\/uploads\/2024\/01\/samos-karta.jpg","type":"image\/jpeg"}],"twitter_card":"summary_large_image","twitter_misc":{"Ber\u00e4knad l\u00e4stid":"1 minut"},"schema":{"@context":"https:\/\/schema.org","@graph":[{"@type":"WebPage","@id":"https:\/\/www.in2greece.com\/swedish\/samos\/karta.html","url":"https:\/\/www.in2greece.com\/swedish\/samos\/karta.html","name":"Karta \u00f6ver Samos","isPartOf":{"@id":"https:\/\/www.in2greece.com\/swedish\/#website"},"primaryImageOfPage":{"@id":"https:\/\/www.in2greece.com\/swedish\/samos\/karta.html#primaryimage"},"image":{"@id":"https:\/\/www.in2greece.com\/swedish\/samos\/karta.html#primaryimage"},"thumbnailUrl":"https:\/\/www.in2greece.com\/swedish\/wp-content\/uploads\/2024\/01\/samos-karta.jpg","datePublished":"2024-06-04T12:13:49+00:00","description":"Samos, en \u00f6 i \u00f6stra Egeiska havet n\u00e4ra Turkiets kust, har en distinkt och varierad geomorfologi som k\u00e4nnetecknas av flera framtr\u00e4dande drag.","breadcrumb":{"@id":"https:\/\/www.in2greece.com\/swedish\/samos\/karta.html#breadcrumb"},"inLanguage":"sv-SE","potentialAction":[{"@type":"ReadAction","target":["https:\/\/www.in2greece.com\/swedish\/samos\/karta.html"]}]},{"@type":"ImageObject","inLanguage":"sv-SE","@id":"https:\/\/www.in2greece.com\/swedish\/samos\/karta.html#primaryimage","url":"https:\/\/www.in2greece.com\/swedish\/wp-content\/uploads\/2024\/01\/samos-karta.jpg","contentUrl":"https:\/\/www.in2greece.com\/swedish\/wp-content\/uploads\/2024\/01\/samos-karta.jpg","width":1200,"height":566,"caption":"SAMOS KARTA"},{"@type":"BreadcrumbList","@id":"https:\/\/www.in2greece.com\/swedish\/samos\/karta.html#breadcrumb","itemListElement":[{"@type":"ListItem","position":1,"name":"Home","item":"https:\/\/www.in2greece.com\/swedish\/"},{"@type":"ListItem","position":2,"name":"Samos","item":"https:\/\/www.in2greece.com\/swedish\/samos.html"},{"@type":"ListItem","position":3,"name":"Samos Karta"}]},{"@type":"WebSite","@id":"https:\/\/www.in2greece.com\/swedish\/#website","url":"https:\/\/www.in2greece.com\/swedish\/","name":"Grekland","description":"Reseguide till Grekland","publisher":{"@id":"https:\/\/www.in2greece.com\/swedish\/#organization"},"potentialAction":[{"@type":"SearchAction","target":{"@type":"EntryPoint","urlTemplate":"https:\/\/www.in2greece.com\/swedish\/?s={search_term_string}"},"query-input":{"@type":"PropertyValueSpecification","valueRequired":true,"valueName":"search_term_string"}}],"inLanguage":"sv-SE"},{"@type":"Organization","@id":"https:\/\/www.in2greece.com\/swedish\/#organization","name":"www.in2greece.com","url":"https:\/\/www.in2greece.com\/swedish\/","logo":{"@type":"ImageObject","inLanguage":"sv-SE","@id":"https:\/\/www.in2greece.com\/swedish\/#\/schema\/logo\/image\/","url":"https:\/\/www.in2greece.com\/swedish\/wp-content\/uploads\/2022\/02\/in2greece.png","contentUrl":"https:\/\/www.in2greece.com\/swedish\/wp-content\/uploads\/2022\/02\/in2greece.png","width":150,"height":149,"caption":"www.in2greece.com"},"image":{"@id":"https:\/\/www.in2greece.com\/swedish\/#\/schema\/logo\/image\/"},"sameAs":["https:\/\/www.facebook.com\/in2greece"]}]}},"_links":{"self":[{"href":"https:\/\/www.in2greece.com\/swedish\/wp-json\/wp\/v2\/pages\/618","targetHints":{"allow":["GET"]}}],"collection":[{"href":"https:\/\/www.in2greece.com\/swedish\/wp-json\/wp\/v2\/pages"}],"about":[{"href":"https:\/\/www.in2greece.com\/swedish\/wp-json\/wp\/v2\/types\/page"}],"author":[{"embeddable":true,"href":"https:\/\/www.in2greece.com\/swedish\/wp-json\/wp\/v2\/users\/1"}],"replies":[{"embeddable":true,"href":"https:\/\/www.in2greece.com\/swedish\/wp-json\/wp\/v2\/comments?post=618"}],"version-history":[{"count":0,"href":"https:\/\/www.in2greece.com\/swedish\/wp-json\/wp\/v2\/pages\/618\/revisions"}],"up":[{"embeddable":true,"href":"https:\/\/www.in2greece.com\/swedish\/wp-json\/wp\/v2\/pages\/476"}],"wp:featuredmedia":[{"embeddable":true,"href":"https:\/\/www.in2greece.com\/swedish\/wp-json\/wp\/v2\/media\/465"}],"wp:attachment":[{"href":"https:\/\/www.in2greece.com\/swedish\/wp-json\/wp\/v2\/media?parent=618"}],"curies":[{"name":"wp","href":"https:\/\/api.w.org\/{rel}","templated":true}]}}