{"id":478,"date":"2024-01-06T13:04:25","date_gmt":"2024-01-06T12:04:25","guid":{"rendered":"https:\/\/www.in2greece.com\/swedish\/places\/summer\/islands\/?page_id=100"},"modified":"2024-01-06T13:04:25","modified_gmt":"2024-01-06T12:04:25","slug":"samos-historia","status":"publish","type":"page","link":"https:\/\/www.in2greece.com\/swedish\/samos\/historia.html","title":{"rendered":"Samos Historia"},"content":{"rendered":"\n<h2 class=\"wp-block-heading\">Historia om Samos<\/h2>\n\n\n<p><img decoding=\"async\" class=\"alignleft size-medium\" src=\"https:\/\/www.in2greece.com\/english\/places\/summer\/islands\/wp-content\/uploads\/2023\/11\/samos-history-300x226.jpg\" alt=\"samos historia\" width=\"300\" height=\"226\" \/>Samos har varit bebott sedan det tredje \u00e5rtusendet f.Kr., men fram till det sj\u00e4tte \u00e5rhundradet f.Kr. finns det endast traditioner och myter som talar om \u00f6ns h\u00e4rlighet i forna dagar, d\u00e5 den var centrum f\u00f6r den joniska civilisationen och en stor sj\u00f6farts- och handelsmakt.<\/p>\n<p>Under tiden f\u00f6r Polycrates styre \u00f6ver \u00f6n blev Samos ett av de st\u00f6rsta centrumen f\u00f6r den joniska civilisationen, med stora verk och viktiga monument, bland annat Eupalineo-kanalen, Heratempel, men \u00e4ven teatrar, palats och mycket mer.<\/p>\n<p>Under Polycrates tid grundades \u00e4ven det ber\u00f6mda biblioteket, som inneh\u00f6ll alla viktiga verk fr\u00e5n den tiden, med resultatet att bibliotekets g\u00e5rd blev ett s\u00e4rskilt anm\u00e4rkningsv\u00e4rt intellektuellt centrum och inhyste tidens st\u00f6rsta intellektuella.<\/p>\n<p>Men Polycrates \u00e4gnade ocks\u00e5 s\u00e4rskild uppm\u00e4rksamhet \u00e5t milit\u00e4ra fr\u00e5gor och snart hade Samos en mycket kraftfull arm\u00e9 och dess flotta med de ber\u00f6mda och mycket snabba Samenerna dominerade Egeiska havet tills den tid d\u00e5 Aten d\u00f6k upp med de nyaste och mest sofistikerade atenska triremerna. Som Herodotos typiskt skrev, fanns det tre viktiga st\u00e4der som dominerade Egeiska havet och Medelhavet fram till hans dagar.<\/p>\n<p>Efter Polycrates d\u00f6d 522 f.Kr. blev Samos inblandat i krigen mellan grekerna och perserna, f\u00f6rsvagades milit\u00e4rt och slutligen 439 f.Kr. f\u00f6rst\u00f6rdes det av sina rivaler atenarna efter en l\u00e5ng och ih\u00e4rdig bel\u00e4gring. Genom hela antiken framh\u00e4vde Samos viktiga personligheter inom litteratur och konst, med den mest k\u00e4nda och globalt erk\u00e4nda filosofen och matematikern Pythagoras samt matematikern och astronomen Aristarchus, k\u00e4nd f\u00f6r sin heliocentriska teori.<\/p>\n<p>Andra viktiga namn var den stora m\u00e5laren Agatharchos, den ber\u00f6mda arkitekten Theodoros, den ber\u00f6mda Aesop med sina v\u00e4lk\u00e4nda fabler, den dj\u00e4rva sj\u00f6fararen Coleus som, s\u00e4gs det, var den f\u00f6rsta som v\u00e5gade och lyckades resa \u00f6ver Atlanten och slutligen antikens stolthet, den stora filosofen Damo, dotter till Pythagoras.<\/p>\n<p>Under de f\u00f6ljande \u00e5ren f\u00f6rf\u00f6ll Samos och f\u00f6ljde helt enkelt \u00f6det f\u00f6r resten av Grekland, f\u00f6ll i h\u00e4nderna p\u00e5 makedonierna, romarna och bysantinerna, vid vilken tidpunkt det, liksom hela Egeiska havet, utsattes f\u00f6r piratattacker. Efter Konstantinopels fall och f\u00f6rst\u00f6relse av korsfararna passerade \u00f6n till venetianerna, \u00e5terockuperades f\u00f6r en tid av bysantinerna och slutligen 1346 kom den under Genovas styre.<\/p>\n<h3>Bysantinsk period<\/h3>\n<p>De skriftliga vittnesm\u00e5len om Bysantinska Samos \u00e4r s\u00e4rskilt begr\u00e4nsade. N\u00e4r kristendomen ersatte polyteismen p\u00e5 \u00f6n \u00e4r ok\u00e4nt. Det faktum att den ligger mycket n\u00e4ra Efesos bidrog f\u00f6rmodligen till dess tidiga kristnande. Ett typexempel \u00e4r basilikan som byggdes p\u00e5 400-talet i omr\u00e5det Tigani.<\/p>\n<p>Tidiga kristna basilikor kan hittas p\u00e5 olika delar av \u00f6n, i urbana centrum och p\u00e5 landsbygden. Majoriteten av dessa basilikor visar under andra halvan av 500-talet en andra byggnadsfas, medan det finns rester av till\u00e4gg, varav n\u00e5gra var avsedda f\u00f6r produktion av olja och vin. P\u00e5 600-talet blomstrade Samos och handlade med sina varor till sj\u00f6ss till avl\u00e4gsna regioner. Bland annat ger de tyska skolans utgr\u00e4vningar i Pythagoras-basilikan bevis f\u00f6r tidig Bysantinsk Samos.<\/p>\n<p>Samos har varit ett stift sedan 400-talet med en hj\u00e4lpbiskop i Rhodos och beh\u00f6ll denna position till 1100-talet.<br \/>I slutet av den tidiga bysantinska perioden \u00f6vergavs m\u00e5nga omr\u00e5den l\u00e4ngs dess kuster och inv\u00e5narna flyttade in\u00e5t landet. Vid den tiden beboddes Kastrovouni, som ligger mellan Karlovasos och Vourliotes. Byggnaden av Lazarus slott i Vourliotes tillskrivs ocks\u00e5 700-talet.<\/p>\n<p>Under den mellersta bysantinska perioden var Samos i hj\u00e4rtat av det medeltida Bysantinska riket. Dess strategiska position ledde centralmakten att bef\u00e4sta \u00f6n och skapa det maritima temat Samos. Inr\u00e4ttandet av temat dateras till 700- och 800-talet, medan referenserna till temats generaler forts\u00e4tter till 1000- och 1100-talet.<\/p>\n<p>Redan fr\u00e5n 300-talet var Egeiska omr\u00e5det centrum i Medelhavet p\u00e5 grund av Konstantinopel. \u00c4ven efter krisen p\u00e5 700-talet f\u00f6rblev dess ekonomiska n\u00e4tverk komplext medan det fanns direkt kommunikation mellan \u00f6arna och fastlandet, vilket inte var fallet f\u00f6r resten av Medelhavet.<\/p>\n<p>Under korst\u00e5gens tid passerade \u00f6n till venetianerna, \u00e5terv\u00e4nde sedan till bysantinerna och hamnade slutligen 1346 under Genuas styre. Samos var troligen ett av de f\u00f6rsta offren f\u00f6r arabernas attacker p\u00e5 600-talet, en era som \u00e4r k\u00e4nd f\u00f6r forskare f\u00f6r det arabiska kalifatet i Damaskus maritima expansion.<\/p>\n<p>Datumet f\u00f6r denna f\u00f6rsta attack baserades p\u00e5 arkeologiska bevis, vilket sammanfaller med en h\u00e4nvisning till en arabisk k\u00e4lla. Enligt Elisabeth Malamut \u00e4gde attacken p\u00e5 \u00f6n rum \u00e5r 665. Detta r\u00e4d \u00e4r en paus i en serie er\u00f6vringar av nyckelpunkter p\u00e5 v\u00e4gen till Konstantinopel, som slutf\u00f6rdes av Moabius I, guvern\u00f6r i Damaskus och Syrien och senare den f\u00f6rsta kalifen i Umayyaderna.<\/p>\n<p>Fr\u00e5n \u00e5r 648 till \u00e5r 675 e.Kr. ockuperas Cypern, Arad vid den syriska kusten, Asiens kust, Rhodos, Kos, Kreta, Samos, Kyzikos, Smyrna och Lykiens kust i f\u00f6ljande ordning, medan ett nytt anfall g\u00f6rs p\u00e5 Rhodos och, slutligen, p\u00e5 Kreta. Dock n\u00e4mner Theophanes inte Samos n\u00e5gonstans i sitt arbete i samband med operationerna 665, till skillnad fr\u00e5n kr\u00f6nikan av Al-Baladhuri, den persiske kr\u00f6nik\u00f6ren fr\u00e5n de tidiga \u00e5ren av den arabiska staten och deras spridning.<\/p>\n<p>Denna rapport av Al-Baladhuri \u00e4r mycket viktig, eftersom den \u00f6verensst\u00e4mmer med fynden fr\u00e5n Eupalinian Trench, som vittnar om att gr\u00e4vningen fungerade som en skydd under r\u00e4den 665\/6 e.Kr. Dock \u00e4r sambandet mellan de f\u00f6rsta muslimska r\u00e4derna fr\u00e5n andra h\u00e4lften av 600-talet med monument fr\u00e5n denna period, s\u00e5som Lazarus slott, samt olika kloster, fortfarande problematiskt.<\/p>\n<p>P\u00e5 grund av de m\u00e5nga piratattackerna b\u00f6rjade inv\u00e5narna l\u00e4mna \u00f6n tills 1476 d\u00e5 de sista l\u00e4mnade den tillsammans med genuesarna. Samos f\u00f6rblev n\u00e4stan \u00f6de, med f\u00e5 inv\u00e5nare som bodde i bergen.<\/p>\n<h3>Turkiskt styre<\/h3>\n<p>Men krig och upprepade r\u00e4der hade f\u00f6rst\u00f6rt Samos och det \u00f6vergavs l\u00e5ngsamt av alla inv\u00e5nare och av de genuesiska er\u00f6vrarna sj\u00e4lva. Sedan dess, omkring 1476 och under n\u00e4stan ett \u00e5rhundrade, var Samos bebott av n\u00e5gra f\u00e5 herdar i bergen. \u00c5r 1549 passerade den osmanska flottan genom Samos under ledning av amiral Kilic Ali Pasha, en tidigare fransk f\u00e5nge som stigit till h\u00f6ga milit\u00e4ra positioner, som fascinerades av den underbara milj\u00f6n p\u00e5 den \u00f6vergivna \u00f6n och bad sultanen att ge den till honom.<\/p>\n<p>S\u00e5 Pashan blev herre \u00f6ver Samos och f\u00f6rs\u00f6kte locka nya inv\u00e5nare till den \u00f6vergivna \u00f6n genom att erbjuda viktiga och aldrig tidigare sk\u00e5dade privilegier till de nya inv\u00e5narna som endast beh\u00f6vde uppfylla kravet att vara grekiska och kristna ortodoxa.<\/p>\n<p>D\u00e5 kom m\u00e5nga nya inv\u00e5nare fr\u00e5n alla n\u00e4rliggande \u00f6ar, Mindre Asien. F\u00f6ljande \u00e5r \u00e4ven fr\u00e5n Peloponnesos och Kreta. D\u00e5 skapades de f\u00f6rsta byarna, ungef\u00e4r de vi k\u00e4nner till idag. Efter d\u00f6den av den turkiske amiralen som \u00e4lskade \u00f6n mycket, installerades en turkisk bef\u00e4lhavare, men \u00e5terigen med de privilegier som samianerna lyckades bibeh\u00e5lla, var de i en f\u00f6rdelaktig position j\u00e4mf\u00f6rt med situationen f\u00f6r andra folk i regionen.<\/p>\n<p>Samos f\u00f6rlorade under \u00e5rhundradena efter Bysantinska rikets fall sin befolkning och f\u00f6rblev under en l\u00e5ng period relativt \u00f6vergivet. Bos\u00e4ttningar bevarades i de bergiga omr\u00e5dena Kerkis och Ambelos. P\u00e5 1500-talet skapades de flesta av dagens bos\u00e4ttningar. Under 1700-talet spreds ett n\u00e4tverk av byar \u00f6ver hela l\u00e4ngden av \u00f6n. Huvudstaden var Chora och den viktigaste hamnen var Tigani (dagens Pythagorion). Gradvis b\u00f6rjade Vathi och Karlovasi utvecklas, som ett \u00e5rhundrade senare blev urbana centrum.<\/p>\n<p>Den turkiska flottan passerade till Samos \u00e5r 1549 med Kilits Ali Pasha som amiral. Pashan, som beundrade \u00f6ns sk\u00f6nhet, ville \u00e5terbefolka \u00f6n. &#8221;H\u00f6ga porten&#8221; gav aldrig tidigare sk\u00e5dade privilegier till de nya inv\u00e5narna, som m\u00e5ste vara grekiska och kristna ortodoxa.<\/p>\n<p>S\u00e5 b\u00f6rjade Samos fyllas med nya inv\u00e5nare som kom fr\u00e5n de omgivande \u00f6arna, Mindre Asien och lite senare fr\u00e5n Peloponnesos och Kreta, och skapade de f\u00f6rsta byarna.<\/p>\n<h3>Nylig Historia<\/h3>\n<p>1821 gjorde \u00e4ven Samos uppror mot turkarna och trots de upprepade f\u00f6rs\u00f6ken av den turkiska flottan att er\u00f6vra \u00f6n lyckades de inte. Efter etableringen av den grekiska staten 1827 inkluderade d\u00e5varande stormakter (England, Frankrike och Ryssland) inte Samos i den, trots att den var fri.<\/p>\n<p>\u00c5r 1834 reagerade samierna och stormakterna gav \u00f6n en form av autonomi, Hegemoni, och placerade den under deras skydd, med skyldigheten att betala tribut till Turkiet. Detta system uppr\u00e4tth\u00f6lls fram till 1912 d\u00e5 den f\u00f6renades med Grekland. Under denna period upplevde Samos en mycket stor ekonomisk boom.<\/p>\n<h3>Grekiska revolutionen<\/h3>\n<p>Samos f\u00f6rklarade revolutionen den 20 april 1821 under ledning av Constantis Lachanas. Administrationen av revolutionen p\u00e5 \u00f6n \u00f6vertogs av Lykourgos Logothetis. Samos gick inte med i det nya Grekiska kungariket. Det blev ett sj\u00e4lvst\u00e4ndigt furstend\u00f6me under namnet Samos Hegemoni. Styraren uts\u00e5gs av sultanen, hade titeln prins, var en ortodox kristen och en h\u00f6gt uppsatt medlem av Osmanska riket. Huvudstaden i furstend\u00f6met var f\u00f6rst Chora och sedan flyttades huvudstaden till Vathi.<\/p>\n<h3>F\u00f6renande med Grekland<\/h3>\n<p>Samos inf\u00f6rlivades i Grekland 1912. Under andra v\u00e4rldskriget var \u00f6n till en b\u00f6rjan under italiensk ockupation. I november 1943 genomf\u00f6rde tyskarna bombningar. \u00d6n \u00f6vergick till tysk f\u00f6rvaltning tills Greklands befrielse.<\/p>","protected":false},"excerpt":{"rendered":"<p>Historia om Samos Samos har varit bebott sedan det tredje \u00e5rtusendet f.Kr., men fram till det sj\u00e4tte \u00e5rhundradet f.Kr. finns det endast traditioner och myter som talar om \u00f6ns h\u00e4rlighet i forna dagar, d\u00e5 den var centrum f\u00f6r den joniska civilisationen och en stor sj\u00f6farts- och handelsmakt. Under tiden f\u00f6r Polycrates styre \u00f6ver \u00f6n blev<br \/><a class=\"moretag\" href=\"https:\/\/www.in2greece.com\/swedish\/samos\/historia.html\">+ L\u00e4s Mer<\/a><\/p>\n","protected":false},"author":1,"featured_media":464,"parent":476,"menu_order":0,"comment_status":"closed","ping_status":"closed","template":"","meta":{"footnotes":""},"class_list":["post-478","page","type-page","status-publish","has-post-thumbnail","hentry"],"yoast_head":"<!-- This site is optimized with the Yoast SEO plugin v27.4 - https:\/\/yoast.com\/product\/yoast-seo-wordpress\/ -->\n<title>Samos Historia, fr\u00e5n antiken till modern tid<\/title>\n<meta name=\"description\" content=\"Fr\u00e5n antiken har Samos varit ett betydelsefullt centrum i Egeiska havet. \u00d6ns historia str\u00e4cker sig fr\u00e5n tredje \u00e5rtusendet f.Kr., d\u00e5 den f\u00f6rst befolkades, genom dess blomstrande roll under det joniska civilisationen och den framst\u00e5ende perioden under Polycrates styre p\u00e5 500-talet f.Kr.\" \/>\n<meta name=\"robots\" content=\"index, follow, max-snippet:-1, max-image-preview:large, max-video-preview:-1\" \/>\n<link rel=\"canonical\" href=\"https:\/\/www.in2greece.com\/swedish\/samos\/historia.html\" \/>\n<meta property=\"og:locale\" content=\"sv_SE\" \/>\n<meta property=\"og:type\" content=\"article\" \/>\n<meta property=\"og:title\" content=\"Samos Historia, fr\u00e5n antiken till modern tid\" \/>\n<meta property=\"og:description\" content=\"Fr\u00e5n antiken har Samos varit ett betydelsefullt centrum i Egeiska havet. \u00d6ns historia str\u00e4cker sig fr\u00e5n tredje \u00e5rtusendet f.Kr., d\u00e5 den f\u00f6rst befolkades, genom dess blomstrande roll under det joniska civilisationen och den framst\u00e5ende perioden under Polycrates styre p\u00e5 500-talet f.Kr.\" \/>\n<meta property=\"og:url\" content=\"https:\/\/www.in2greece.com\/swedish\/samos\/historia.html\" \/>\n<meta property=\"og:site_name\" content=\"Grekland\" \/>\n<meta property=\"article:publisher\" content=\"https:\/\/www.facebook.com\/in2greece\" \/>\n<meta property=\"og:image\" content=\"https:\/\/www.in2greece.com\/swedish\/wp-content\/uploads\/2024\/01\/samos-history-300x2261-1.jpg\" \/>\n\t<meta property=\"og:image:width\" content=\"300\" \/>\n\t<meta property=\"og:image:height\" content=\"226\" \/>\n\t<meta property=\"og:image:type\" content=\"image\/jpeg\" \/>\n<meta name=\"twitter:card\" content=\"summary_large_image\" \/>\n<meta name=\"twitter:label1\" content=\"Ber\u00e4knad l\u00e4stid\" \/>\n\t<meta name=\"twitter:data1\" content=\"8 minuter\" \/>\n<script type=\"application\/ld+json\" class=\"yoast-schema-graph\">{\"@context\":\"https:\\\/\\\/schema.org\",\"@graph\":[{\"@type\":\"WebPage\",\"@id\":\"https:\\\/\\\/www.in2greece.com\\\/swedish\\\/samos\\\/historia.html\",\"url\":\"https:\\\/\\\/www.in2greece.com\\\/swedish\\\/samos\\\/historia.html\",\"name\":\"Samos Historia, fr\u00e5n antiken till modern tid\",\"isPartOf\":{\"@id\":\"https:\\\/\\\/www.in2greece.com\\\/swedish\\\/#website\"},\"primaryImageOfPage\":{\"@id\":\"https:\\\/\\\/www.in2greece.com\\\/swedish\\\/samos\\\/historia.html#primaryimage\"},\"image\":{\"@id\":\"https:\\\/\\\/www.in2greece.com\\\/swedish\\\/samos\\\/historia.html#primaryimage\"},\"thumbnailUrl\":\"https:\\\/\\\/www.in2greece.com\\\/swedish\\\/wp-content\\\/uploads\\\/2024\\\/01\\\/samos-history-300x2261-1.jpg\",\"datePublished\":\"2024-01-06T12:04:25+00:00\",\"description\":\"Fr\u00e5n antiken har Samos varit ett betydelsefullt centrum i Egeiska havet. \u00d6ns historia str\u00e4cker sig fr\u00e5n tredje \u00e5rtusendet f.Kr., d\u00e5 den f\u00f6rst befolkades, genom dess blomstrande roll under det joniska civilisationen och den framst\u00e5ende perioden under Polycrates styre p\u00e5 500-talet f.Kr.\",\"breadcrumb\":{\"@id\":\"https:\\\/\\\/www.in2greece.com\\\/swedish\\\/samos\\\/historia.html#breadcrumb\"},\"inLanguage\":\"sv-SE\",\"potentialAction\":[{\"@type\":\"ReadAction\",\"target\":[\"https:\\\/\\\/www.in2greece.com\\\/swedish\\\/samos\\\/historia.html\"]}]},{\"@type\":\"ImageObject\",\"inLanguage\":\"sv-SE\",\"@id\":\"https:\\\/\\\/www.in2greece.com\\\/swedish\\\/samos\\\/historia.html#primaryimage\",\"url\":\"https:\\\/\\\/www.in2greece.com\\\/swedish\\\/wp-content\\\/uploads\\\/2024\\\/01\\\/samos-history-300x2261-1.jpg\",\"contentUrl\":\"https:\\\/\\\/www.in2greece.com\\\/swedish\\\/wp-content\\\/uploads\\\/2024\\\/01\\\/samos-history-300x2261-1.jpg\",\"width\":300,\"height\":226,\"caption\":\"samos historia\"},{\"@type\":\"BreadcrumbList\",\"@id\":\"https:\\\/\\\/www.in2greece.com\\\/swedish\\\/samos\\\/historia.html#breadcrumb\",\"itemListElement\":[{\"@type\":\"ListItem\",\"position\":1,\"name\":\"Home\",\"item\":\"https:\\\/\\\/www.in2greece.com\\\/swedish\\\/\"},{\"@type\":\"ListItem\",\"position\":2,\"name\":\"Samos\",\"item\":\"https:\\\/\\\/www.in2greece.com\\\/swedish\\\/samos.html\"},{\"@type\":\"ListItem\",\"position\":3,\"name\":\"Samos Historia\"}]},{\"@type\":\"WebSite\",\"@id\":\"https:\\\/\\\/www.in2greece.com\\\/swedish\\\/#website\",\"url\":\"https:\\\/\\\/www.in2greece.com\\\/swedish\\\/\",\"name\":\"Grekland\",\"description\":\"Reseguide till Grekland\",\"publisher\":{\"@id\":\"https:\\\/\\\/www.in2greece.com\\\/swedish\\\/#organization\"},\"potentialAction\":[{\"@type\":\"SearchAction\",\"target\":{\"@type\":\"EntryPoint\",\"urlTemplate\":\"https:\\\/\\\/www.in2greece.com\\\/swedish\\\/?s={search_term_string}\"},\"query-input\":{\"@type\":\"PropertyValueSpecification\",\"valueRequired\":true,\"valueName\":\"search_term_string\"}}],\"inLanguage\":\"sv-SE\"},{\"@type\":\"Organization\",\"@id\":\"https:\\\/\\\/www.in2greece.com\\\/swedish\\\/#organization\",\"name\":\"www.in2greece.com\",\"url\":\"https:\\\/\\\/www.in2greece.com\\\/swedish\\\/\",\"logo\":{\"@type\":\"ImageObject\",\"inLanguage\":\"sv-SE\",\"@id\":\"https:\\\/\\\/www.in2greece.com\\\/swedish\\\/#\\\/schema\\\/logo\\\/image\\\/\",\"url\":\"https:\\\/\\\/www.in2greece.com\\\/swedish\\\/wp-content\\\/uploads\\\/2022\\\/02\\\/in2greece.png\",\"contentUrl\":\"https:\\\/\\\/www.in2greece.com\\\/swedish\\\/wp-content\\\/uploads\\\/2022\\\/02\\\/in2greece.png\",\"width\":150,\"height\":149,\"caption\":\"www.in2greece.com\"},\"image\":{\"@id\":\"https:\\\/\\\/www.in2greece.com\\\/swedish\\\/#\\\/schema\\\/logo\\\/image\\\/\"},\"sameAs\":[\"https:\\\/\\\/www.facebook.com\\\/in2greece\"]}]}<\/script>\n<!-- \/ Yoast SEO plugin. -->","yoast_head_json":{"title":"Samos Historia, fr\u00e5n antiken till modern tid","description":"Fr\u00e5n antiken har Samos varit ett betydelsefullt centrum i Egeiska havet. \u00d6ns historia str\u00e4cker sig fr\u00e5n tredje \u00e5rtusendet f.Kr., d\u00e5 den f\u00f6rst befolkades, genom dess blomstrande roll under det joniska civilisationen och den framst\u00e5ende perioden under Polycrates styre p\u00e5 500-talet f.Kr.","robots":{"index":"index","follow":"follow","max-snippet":"max-snippet:-1","max-image-preview":"max-image-preview:large","max-video-preview":"max-video-preview:-1"},"canonical":"https:\/\/www.in2greece.com\/swedish\/samos\/historia.html","og_locale":"sv_SE","og_type":"article","og_title":"Samos Historia, fr\u00e5n antiken till modern tid","og_description":"Fr\u00e5n antiken har Samos varit ett betydelsefullt centrum i Egeiska havet. \u00d6ns historia str\u00e4cker sig fr\u00e5n tredje \u00e5rtusendet f.Kr., d\u00e5 den f\u00f6rst befolkades, genom dess blomstrande roll under det joniska civilisationen och den framst\u00e5ende perioden under Polycrates styre p\u00e5 500-talet f.Kr.","og_url":"https:\/\/www.in2greece.com\/swedish\/samos\/historia.html","og_site_name":"Grekland","article_publisher":"https:\/\/www.facebook.com\/in2greece","og_image":[{"width":300,"height":226,"url":"https:\/\/www.in2greece.com\/swedish\/wp-content\/uploads\/2024\/01\/samos-history-300x2261-1.jpg","type":"image\/jpeg"}],"twitter_card":"summary_large_image","twitter_misc":{"Ber\u00e4knad l\u00e4stid":"8 minuter"},"schema":{"@context":"https:\/\/schema.org","@graph":[{"@type":"WebPage","@id":"https:\/\/www.in2greece.com\/swedish\/samos\/historia.html","url":"https:\/\/www.in2greece.com\/swedish\/samos\/historia.html","name":"Samos Historia, fr\u00e5n antiken till modern tid","isPartOf":{"@id":"https:\/\/www.in2greece.com\/swedish\/#website"},"primaryImageOfPage":{"@id":"https:\/\/www.in2greece.com\/swedish\/samos\/historia.html#primaryimage"},"image":{"@id":"https:\/\/www.in2greece.com\/swedish\/samos\/historia.html#primaryimage"},"thumbnailUrl":"https:\/\/www.in2greece.com\/swedish\/wp-content\/uploads\/2024\/01\/samos-history-300x2261-1.jpg","datePublished":"2024-01-06T12:04:25+00:00","description":"Fr\u00e5n antiken har Samos varit ett betydelsefullt centrum i Egeiska havet. \u00d6ns historia str\u00e4cker sig fr\u00e5n tredje \u00e5rtusendet f.Kr., d\u00e5 den f\u00f6rst befolkades, genom dess blomstrande roll under det joniska civilisationen och den framst\u00e5ende perioden under Polycrates styre p\u00e5 500-talet f.Kr.","breadcrumb":{"@id":"https:\/\/www.in2greece.com\/swedish\/samos\/historia.html#breadcrumb"},"inLanguage":"sv-SE","potentialAction":[{"@type":"ReadAction","target":["https:\/\/www.in2greece.com\/swedish\/samos\/historia.html"]}]},{"@type":"ImageObject","inLanguage":"sv-SE","@id":"https:\/\/www.in2greece.com\/swedish\/samos\/historia.html#primaryimage","url":"https:\/\/www.in2greece.com\/swedish\/wp-content\/uploads\/2024\/01\/samos-history-300x2261-1.jpg","contentUrl":"https:\/\/www.in2greece.com\/swedish\/wp-content\/uploads\/2024\/01\/samos-history-300x2261-1.jpg","width":300,"height":226,"caption":"samos historia"},{"@type":"BreadcrumbList","@id":"https:\/\/www.in2greece.com\/swedish\/samos\/historia.html#breadcrumb","itemListElement":[{"@type":"ListItem","position":1,"name":"Home","item":"https:\/\/www.in2greece.com\/swedish\/"},{"@type":"ListItem","position":2,"name":"Samos","item":"https:\/\/www.in2greece.com\/swedish\/samos.html"},{"@type":"ListItem","position":3,"name":"Samos Historia"}]},{"@type":"WebSite","@id":"https:\/\/www.in2greece.com\/swedish\/#website","url":"https:\/\/www.in2greece.com\/swedish\/","name":"Grekland","description":"Reseguide till Grekland","publisher":{"@id":"https:\/\/www.in2greece.com\/swedish\/#organization"},"potentialAction":[{"@type":"SearchAction","target":{"@type":"EntryPoint","urlTemplate":"https:\/\/www.in2greece.com\/swedish\/?s={search_term_string}"},"query-input":{"@type":"PropertyValueSpecification","valueRequired":true,"valueName":"search_term_string"}}],"inLanguage":"sv-SE"},{"@type":"Organization","@id":"https:\/\/www.in2greece.com\/swedish\/#organization","name":"www.in2greece.com","url":"https:\/\/www.in2greece.com\/swedish\/","logo":{"@type":"ImageObject","inLanguage":"sv-SE","@id":"https:\/\/www.in2greece.com\/swedish\/#\/schema\/logo\/image\/","url":"https:\/\/www.in2greece.com\/swedish\/wp-content\/uploads\/2022\/02\/in2greece.png","contentUrl":"https:\/\/www.in2greece.com\/swedish\/wp-content\/uploads\/2022\/02\/in2greece.png","width":150,"height":149,"caption":"www.in2greece.com"},"image":{"@id":"https:\/\/www.in2greece.com\/swedish\/#\/schema\/logo\/image\/"},"sameAs":["https:\/\/www.facebook.com\/in2greece"]}]}},"_links":{"self":[{"href":"https:\/\/www.in2greece.com\/swedish\/wp-json\/wp\/v2\/pages\/478","targetHints":{"allow":["GET"]}}],"collection":[{"href":"https:\/\/www.in2greece.com\/swedish\/wp-json\/wp\/v2\/pages"}],"about":[{"href":"https:\/\/www.in2greece.com\/swedish\/wp-json\/wp\/v2\/types\/page"}],"author":[{"embeddable":true,"href":"https:\/\/www.in2greece.com\/swedish\/wp-json\/wp\/v2\/users\/1"}],"replies":[{"embeddable":true,"href":"https:\/\/www.in2greece.com\/swedish\/wp-json\/wp\/v2\/comments?post=478"}],"version-history":[{"count":0,"href":"https:\/\/www.in2greece.com\/swedish\/wp-json\/wp\/v2\/pages\/478\/revisions"}],"up":[{"embeddable":true,"href":"https:\/\/www.in2greece.com\/swedish\/wp-json\/wp\/v2\/pages\/476"}],"wp:featuredmedia":[{"embeddable":true,"href":"https:\/\/www.in2greece.com\/swedish\/wp-json\/wp\/v2\/media\/464"}],"wp:attachment":[{"href":"https:\/\/www.in2greece.com\/swedish\/wp-json\/wp\/v2\/media?parent=478"}],"curies":[{"name":"wp","href":"https:\/\/api.w.org\/{rel}","templated":true}]}}