{"id":471,"date":"2023-04-25T14:01:26","date_gmt":"2023-04-25T12:01:26","guid":{"rendered":"https:\/\/www.in2greece.com\/swedish\/places\/summer\/islands\/?page_id=57"},"modified":"2023-04-25T14:01:26","modified_gmt":"2023-04-25T12:01:26","slug":"panteli-leros","status":"publish","type":"page","link":"https:\/\/www.in2greece.com\/swedish\/leros\/panteli-leros.html","title":{"rendered":"Panteli Leros"},"content":{"rendered":"\n<h2 class=\"wp-block-heading\">Den vackra kustbyn Panteli i Leros<\/h2>\n\n\n<p><img decoding=\"async\" class=\"alignleft size-full wp-image-53\" src=\"https:\/\/www.in2greece.com\/swedish\/places\/summer\/islands\/wp-content\/uploads\/2023\/04\/panteli.jpg\" alt=\"panteli\" width=\"294\" height=\"225\">Panteli, en traditionell fiskeby i Leros, med en s\u00e4rskilt vacker strand, \u00e4r den mest pittoreska kustbyn p\u00e5 Leros. Semesterorten Panteli ligger i bukten med samma namn, mycket n\u00e4ra Agia Marina, \u00f6ns st\u00f6rsta stad.<\/p>\n<p>Panteli \u00e4r en liten, pittoresk by med en genuin \u00f6-karakt\u00e4r med gamla traditionella hus, b\u00e5tar, fiskkrogar som utg\u00f6r en idyllisk bild med bakgrund av det bl\u00e5 havet! Ovanf\u00f6r Panteli ligger det imponerande bysantinska slottet Panagia och v\u00e4derkvarnarna, som du definitivt b\u00f6r bes\u00f6ka. I denna kustby hittar du den n\u00e4st popul\u00e4raste stranden i Leros.<\/p>\n<p>Den har en relativt liten strand, med kustens l\u00e4ngd p\u00e5 200-250 meter och bredden 5-6 meter. Stranden \u00e4r t\u00e4ckt av fin sand och sm\u00e5 stenar, som forts\u00e4tter l\u00e4ngst ner i havet. Dess bl\u00e5 kristallklara vatten \u00e4r ganska grunt de f\u00f6rsta metrarna, vilket g\u00f6r den idealisk f\u00f6r familjer med sm\u00e5 barn.<\/p>\n<h3>Stranden i Panteli<\/h3>\n<p><img decoding=\"async\" class=\"alignleft size-medium wp-image-59\" src=\"https:\/\/www.in2greece.com\/swedish\/places\/summer\/islands\/wp-content\/uploads\/2023\/04\/strand-panteli-300x225.jpg\" alt=\"strand-panteli\" width=\"300\" height=\"225\" srcset=\"https:\/\/www.in2greece.com\/swedish\/wp-content\/uploads\/2023\/04\/strand-panteli-300x225.jpg 300w, https:\/\/www.in2greece.com\/swedish\/wp-content\/uploads\/2023\/04\/strand-panteli.jpg 340w\" sizes=\"(max-width: 300px) 100vw, 300px\" \/>En del av stranden \u00e4r organiserad och tillhandah\u00e5ller all n\u00f6dv\u00e4ndig serviceinfrastruktur f\u00f6r badg\u00e4ster. Du hittar parasoll och solstolar, men ocks\u00e5 ledigt utrymme f\u00f6r den som vill placera sin egen utrustning p\u00e5 stranden, duschar, omkl\u00e4dningsrum, strandbarer f\u00f6r uppfriskande drinkar och cocktails, restauranger och fiskkrogar d\u00e4r du kan prova f\u00e4rsk fisk och skaldjur.<\/p>\n<p>Intill stranden hittar du \u00e4ven hotellenheter och hyresboenden om du vill bo p\u00e5 omr\u00e5det. Snorkelentusiaster, gl\u00f6m inte att ta med r\u00e4tt utrustning f\u00f6r att njuta av havsbottens sk\u00f6nhet. I centrum av stranden finns bryggor f\u00f6r f\u00f6rt\u00f6jning av sm\u00e5b\u00e5tar och i dess \u00f6stra \u00e4nde ligger fiske och sm\u00e5 fritidsb\u00e5tar f\u00f6rt\u00f6jda.<\/p>\n<p>Tillg\u00e5ng till stranden i Panteli \u00e4r p\u00e5 v\u00e4g via huvudv\u00e4gen, medan du ocks\u00e5 kan n\u00e5 den till fots eftersom det bara \u00e4r 1,6 kilometer fr\u00e5n Agia Marina och n\u00e5gra hundra meter fr\u00e5n Platanos.<\/p>\n<h3>Vad ska man g\u00f6ra<\/h3>\n<p><img decoding=\"async\" class=\"alignleft size-medium wp-image-60\" src=\"https:\/\/www.in2greece.com\/swedish\/places\/summer\/islands\/wp-content\/uploads\/2023\/04\/panteli-leros-300x222.jpg\" alt=\"panteli-leros\" width=\"300\" height=\"222\" srcset=\"https:\/\/www.in2greece.com\/swedish\/wp-content\/uploads\/2023\/04\/panteli-leros-300x222.jpg 300w, https:\/\/www.in2greece.com\/swedish\/wp-content\/uploads\/2023\/04\/panteli-leros.jpg 711w\" sizes=\"(max-width: 300px) 100vw, 300px\" \/>Njut av det lokala k\u00f6ket i Panteli p\u00e5 restaurangerna i Psaropoula, Zorbas, Patimenos och Pyrofani. Ta ett mellanm\u00e5l p\u00e5 Tzoumas Cafe. K\u00f6p \u00e4kta grekisk design f\u00f6r damkl\u00e4der fr\u00e5n boutiue Ageri.<\/p>\n<p>G\u00e5 l\u00e4ngs strandpromenaden p\u00e5 morgontimmarna och se fiskarna sprida ut sina n\u00e4t, kroka sina linor eller m\u00e5la sina b\u00e5tar. Senare kan du njuta av din ouzo med mezes p\u00e5 kaf\u00e9erna p\u00e5 stranden.<\/p>\n<p>Om du gillar att fiska med sp\u00f6, g\u00e5 till kanten av sm\u00e5b\u00e5tshamnen p\u00e5 eftermiddagen och fiska efter multe och braxen som finns i \u00f6verfl\u00f6d vid denna tid!<\/p>\n<p>P\u00e5 natten n\u00e4r havet \u00e4r varmare \u00e4r ett kv\u00e4llsdopp det b\u00e4sta s\u00e4ttet att svalka sig p\u00e5 varma sommarkv\u00e4llar!<\/p>\n<h3>Var de ska bo<\/h3>\n<p>P\u00e5 Panteli hittar du strandhotellet Panteli, l\u00e4ngre fram p\u00e5 v\u00e4gen erbjuder Rosas rum budgetboende och Kavos l\u00e4genheter i slutet av stranden erbjuder l\u00e4genheter med fantastisk utsikt \u00f6ver hela Pantelibukten.<\/p>\n<h3>Aktiviteter<\/h3>\n<p>Om du \u00e4r en bra simmare kan du simma till n\u00e4sta strand i Vromolithos som \u00e4r g\u00f6md bakom klipporna p\u00e5 v\u00e4stra sidan av stranden precis bakom kafeterian Kastelo. En liten stig leder ocks\u00e5 till den stranden.<br>Det finns ett litet basketomr\u00e5de p\u00e5 v\u00e4gen som leder till Platanos.<br>Du kan ta dig upp till slottet Leros fr\u00e5n Panteli med bil eller g\u00e5 upp de 300 trappstegen fr\u00e5n Platanos.<\/p>","protected":false},"excerpt":{"rendered":"<p>Den vackra kustbyn Panteli i Leros Panteli, en traditionell fiskeby i Leros, med en s\u00e4rskilt vacker strand, \u00e4r den mest pittoreska kustbyn p\u00e5 Leros. Semesterorten Panteli ligger i bukten med samma namn, mycket n\u00e4ra Agia Marina, \u00f6ns st\u00f6rsta stad. Panteli \u00e4r en liten, pittoresk by med en genuin \u00f6-karakt\u00e4r med gamla traditionella hus, b\u00e5tar, fiskkrogar<br \/><a class=\"moretag\" href=\"https:\/\/www.in2greece.com\/swedish\/leros\/panteli-leros.html\">+ L\u00e4s Mer<\/a><\/p>\n","protected":false},"author":1,"featured_media":60,"parent":469,"menu_order":0,"comment_status":"closed","ping_status":"closed","template":"","meta":{"footnotes":""},"class_list":["post-471","page","type-page","status-publish","has-post-thumbnail","hentry"],"yoast_head":"<!-- This site is optimized with the Yoast SEO plugin v27.3 - https:\/\/yoast.com\/product\/yoast-seo-wordpress\/ -->\n<title>Panteli, den vackra kustbyn i Leros<\/title>\n<meta name=\"description\" content=\"Panteli, en traditionell fiskeby i Leros, med en s\u00e4rskilt vacker strand, \u00e4r den mest pittoreska kustbyn p\u00e5 Leros. Semesterorten Panteli ligger i bukten med samma namn, mycket n\u00e4ra Agia Marina, \u00f6ns st\u00f6rsta stad.\" \/>\n<meta name=\"robots\" content=\"index, follow, max-snippet:-1, max-image-preview:large, max-video-preview:-1\" \/>\n<link rel=\"canonical\" href=\"https:\/\/www.in2greece.com\/swedish\/leros\/panteli-leros.html\" \/>\n<meta property=\"og:locale\" content=\"sv_SE\" \/>\n<meta property=\"og:type\" content=\"article\" \/>\n<meta property=\"og:title\" content=\"Panteli, den vackra kustbyn i Leros\" \/>\n<meta property=\"og:description\" content=\"Panteli, en traditionell fiskeby i Leros, med en s\u00e4rskilt vacker strand, \u00e4r den mest pittoreska kustbyn p\u00e5 Leros. Semesterorten Panteli ligger i bukten med samma namn, mycket n\u00e4ra Agia Marina, \u00f6ns st\u00f6rsta stad.\" \/>\n<meta property=\"og:url\" content=\"https:\/\/www.in2greece.com\/swedish\/leros\/panteli-leros.html\" \/>\n<meta property=\"og:site_name\" content=\"Grekland\" \/>\n<meta property=\"article:publisher\" content=\"https:\/\/www.facebook.com\/in2greece\" \/>\n<meta property=\"og:image\" content=\"https:\/\/www.in2greece.com\/swedish\/wp-content\/uploads\/2023\/04\/panteli-leros.jpg\" \/>\n\t<meta property=\"og:image:width\" content=\"711\" \/>\n\t<meta property=\"og:image:height\" content=\"526\" \/>\n\t<meta property=\"og:image:type\" content=\"image\/jpeg\" \/>\n<meta name=\"twitter:card\" content=\"summary_large_image\" \/>\n<meta name=\"twitter:label1\" content=\"Ber\u00e4knad l\u00e4stid\" \/>\n\t<meta name=\"twitter:data1\" content=\"4 minuter\" \/>\n<script type=\"application\/ld+json\" class=\"yoast-schema-graph\">{\"@context\":\"https:\\\/\\\/schema.org\",\"@graph\":[{\"@type\":\"WebPage\",\"@id\":\"https:\\\/\\\/www.in2greece.com\\\/swedish\\\/leros\\\/panteli-leros.html\",\"url\":\"https:\\\/\\\/www.in2greece.com\\\/swedish\\\/leros\\\/panteli-leros.html\",\"name\":\"Panteli, den vackra kustbyn i Leros\",\"isPartOf\":{\"@id\":\"https:\\\/\\\/www.in2greece.com\\\/swedish\\\/#website\"},\"primaryImageOfPage\":{\"@id\":\"https:\\\/\\\/www.in2greece.com\\\/swedish\\\/leros\\\/panteli-leros.html#primaryimage\"},\"image\":{\"@id\":\"https:\\\/\\\/www.in2greece.com\\\/swedish\\\/leros\\\/panteli-leros.html#primaryimage\"},\"thumbnailUrl\":\"https:\\\/\\\/www.in2greece.com\\\/swedish\\\/wp-content\\\/uploads\\\/2023\\\/04\\\/panteli-leros.jpg\",\"datePublished\":\"2023-04-25T12:01:26+00:00\",\"description\":\"Panteli, en traditionell fiskeby i Leros, med en s\u00e4rskilt vacker strand, \u00e4r den mest pittoreska kustbyn p\u00e5 Leros. Semesterorten Panteli ligger i bukten med samma namn, mycket n\u00e4ra Agia Marina, \u00f6ns st\u00f6rsta stad.\",\"breadcrumb\":{\"@id\":\"https:\\\/\\\/www.in2greece.com\\\/swedish\\\/leros\\\/panteli-leros.html#breadcrumb\"},\"inLanguage\":\"sv-SE\",\"potentialAction\":[{\"@type\":\"ReadAction\",\"target\":[\"https:\\\/\\\/www.in2greece.com\\\/swedish\\\/leros\\\/panteli-leros.html\"]}]},{\"@type\":\"ImageObject\",\"inLanguage\":\"sv-SE\",\"@id\":\"https:\\\/\\\/www.in2greece.com\\\/swedish\\\/leros\\\/panteli-leros.html#primaryimage\",\"url\":\"https:\\\/\\\/www.in2greece.com\\\/swedish\\\/wp-content\\\/uploads\\\/2023\\\/04\\\/panteli-leros.jpg\",\"contentUrl\":\"https:\\\/\\\/www.in2greece.com\\\/swedish\\\/wp-content\\\/uploads\\\/2023\\\/04\\\/panteli-leros.jpg\",\"width\":711,\"height\":526,\"caption\":\"panteli-leros\"},{\"@type\":\"BreadcrumbList\",\"@id\":\"https:\\\/\\\/www.in2greece.com\\\/swedish\\\/leros\\\/panteli-leros.html#breadcrumb\",\"itemListElement\":[{\"@type\":\"ListItem\",\"position\":1,\"name\":\"Home\",\"item\":\"https:\\\/\\\/www.in2greece.com\\\/swedish\\\/\"},{\"@type\":\"ListItem\",\"position\":2,\"name\":\"Dodekaneserna\",\"item\":\"https:\\\/\\\/www.in2greece.com\\\/swedish\\\/dodekaneserna.html\"},{\"@type\":\"ListItem\",\"position\":3,\"name\":\"Leros\",\"item\":\"https:\\\/\\\/www.in2greece.com\\\/swedish\\\/leros.html\"},{\"@type\":\"ListItem\",\"position\":4,\"name\":\"Panteli Leros\"}]},{\"@type\":\"WebSite\",\"@id\":\"https:\\\/\\\/www.in2greece.com\\\/swedish\\\/#website\",\"url\":\"https:\\\/\\\/www.in2greece.com\\\/swedish\\\/\",\"name\":\"Grekland\",\"description\":\"Reseguide till Grekland\",\"publisher\":{\"@id\":\"https:\\\/\\\/www.in2greece.com\\\/swedish\\\/#organization\"},\"potentialAction\":[{\"@type\":\"SearchAction\",\"target\":{\"@type\":\"EntryPoint\",\"urlTemplate\":\"https:\\\/\\\/www.in2greece.com\\\/swedish\\\/?s={search_term_string}\"},\"query-input\":{\"@type\":\"PropertyValueSpecification\",\"valueRequired\":true,\"valueName\":\"search_term_string\"}}],\"inLanguage\":\"sv-SE\"},{\"@type\":\"Organization\",\"@id\":\"https:\\\/\\\/www.in2greece.com\\\/swedish\\\/#organization\",\"name\":\"www.in2greece.com\",\"url\":\"https:\\\/\\\/www.in2greece.com\\\/swedish\\\/\",\"logo\":{\"@type\":\"ImageObject\",\"inLanguage\":\"sv-SE\",\"@id\":\"https:\\\/\\\/www.in2greece.com\\\/swedish\\\/#\\\/schema\\\/logo\\\/image\\\/\",\"url\":\"https:\\\/\\\/www.in2greece.com\\\/swedish\\\/wp-content\\\/uploads\\\/2022\\\/02\\\/in2greece.png\",\"contentUrl\":\"https:\\\/\\\/www.in2greece.com\\\/swedish\\\/wp-content\\\/uploads\\\/2022\\\/02\\\/in2greece.png\",\"width\":150,\"height\":149,\"caption\":\"www.in2greece.com\"},\"image\":{\"@id\":\"https:\\\/\\\/www.in2greece.com\\\/swedish\\\/#\\\/schema\\\/logo\\\/image\\\/\"},\"sameAs\":[\"https:\\\/\\\/www.facebook.com\\\/in2greece\"]}]}<\/script>\n<!-- \/ Yoast SEO plugin. -->","yoast_head_json":{"title":"Panteli, den vackra kustbyn i Leros","description":"Panteli, en traditionell fiskeby i Leros, med en s\u00e4rskilt vacker strand, \u00e4r den mest pittoreska kustbyn p\u00e5 Leros. Semesterorten Panteli ligger i bukten med samma namn, mycket n\u00e4ra Agia Marina, \u00f6ns st\u00f6rsta stad.","robots":{"index":"index","follow":"follow","max-snippet":"max-snippet:-1","max-image-preview":"max-image-preview:large","max-video-preview":"max-video-preview:-1"},"canonical":"https:\/\/www.in2greece.com\/swedish\/leros\/panteli-leros.html","og_locale":"sv_SE","og_type":"article","og_title":"Panteli, den vackra kustbyn i Leros","og_description":"Panteli, en traditionell fiskeby i Leros, med en s\u00e4rskilt vacker strand, \u00e4r den mest pittoreska kustbyn p\u00e5 Leros. Semesterorten Panteli ligger i bukten med samma namn, mycket n\u00e4ra Agia Marina, \u00f6ns st\u00f6rsta stad.","og_url":"https:\/\/www.in2greece.com\/swedish\/leros\/panteli-leros.html","og_site_name":"Grekland","article_publisher":"https:\/\/www.facebook.com\/in2greece","og_image":[{"width":711,"height":526,"url":"https:\/\/www.in2greece.com\/swedish\/wp-content\/uploads\/2023\/04\/panteli-leros.jpg","type":"image\/jpeg"}],"twitter_card":"summary_large_image","twitter_misc":{"Ber\u00e4knad l\u00e4stid":"4 minuter"},"schema":{"@context":"https:\/\/schema.org","@graph":[{"@type":"WebPage","@id":"https:\/\/www.in2greece.com\/swedish\/leros\/panteli-leros.html","url":"https:\/\/www.in2greece.com\/swedish\/leros\/panteli-leros.html","name":"Panteli, den vackra kustbyn i Leros","isPartOf":{"@id":"https:\/\/www.in2greece.com\/swedish\/#website"},"primaryImageOfPage":{"@id":"https:\/\/www.in2greece.com\/swedish\/leros\/panteli-leros.html#primaryimage"},"image":{"@id":"https:\/\/www.in2greece.com\/swedish\/leros\/panteli-leros.html#primaryimage"},"thumbnailUrl":"https:\/\/www.in2greece.com\/swedish\/wp-content\/uploads\/2023\/04\/panteli-leros.jpg","datePublished":"2023-04-25T12:01:26+00:00","description":"Panteli, en traditionell fiskeby i Leros, med en s\u00e4rskilt vacker strand, \u00e4r den mest pittoreska kustbyn p\u00e5 Leros. Semesterorten Panteli ligger i bukten med samma namn, mycket n\u00e4ra Agia Marina, \u00f6ns st\u00f6rsta stad.","breadcrumb":{"@id":"https:\/\/www.in2greece.com\/swedish\/leros\/panteli-leros.html#breadcrumb"},"inLanguage":"sv-SE","potentialAction":[{"@type":"ReadAction","target":["https:\/\/www.in2greece.com\/swedish\/leros\/panteli-leros.html"]}]},{"@type":"ImageObject","inLanguage":"sv-SE","@id":"https:\/\/www.in2greece.com\/swedish\/leros\/panteli-leros.html#primaryimage","url":"https:\/\/www.in2greece.com\/swedish\/wp-content\/uploads\/2023\/04\/panteli-leros.jpg","contentUrl":"https:\/\/www.in2greece.com\/swedish\/wp-content\/uploads\/2023\/04\/panteli-leros.jpg","width":711,"height":526,"caption":"panteli-leros"},{"@type":"BreadcrumbList","@id":"https:\/\/www.in2greece.com\/swedish\/leros\/panteli-leros.html#breadcrumb","itemListElement":[{"@type":"ListItem","position":1,"name":"Home","item":"https:\/\/www.in2greece.com\/swedish\/"},{"@type":"ListItem","position":2,"name":"Dodekaneserna","item":"https:\/\/www.in2greece.com\/swedish\/dodekaneserna.html"},{"@type":"ListItem","position":3,"name":"Leros","item":"https:\/\/www.in2greece.com\/swedish\/leros.html"},{"@type":"ListItem","position":4,"name":"Panteli Leros"}]},{"@type":"WebSite","@id":"https:\/\/www.in2greece.com\/swedish\/#website","url":"https:\/\/www.in2greece.com\/swedish\/","name":"Grekland","description":"Reseguide till Grekland","publisher":{"@id":"https:\/\/www.in2greece.com\/swedish\/#organization"},"potentialAction":[{"@type":"SearchAction","target":{"@type":"EntryPoint","urlTemplate":"https:\/\/www.in2greece.com\/swedish\/?s={search_term_string}"},"query-input":{"@type":"PropertyValueSpecification","valueRequired":true,"valueName":"search_term_string"}}],"inLanguage":"sv-SE"},{"@type":"Organization","@id":"https:\/\/www.in2greece.com\/swedish\/#organization","name":"www.in2greece.com","url":"https:\/\/www.in2greece.com\/swedish\/","logo":{"@type":"ImageObject","inLanguage":"sv-SE","@id":"https:\/\/www.in2greece.com\/swedish\/#\/schema\/logo\/image\/","url":"https:\/\/www.in2greece.com\/swedish\/wp-content\/uploads\/2022\/02\/in2greece.png","contentUrl":"https:\/\/www.in2greece.com\/swedish\/wp-content\/uploads\/2022\/02\/in2greece.png","width":150,"height":149,"caption":"www.in2greece.com"},"image":{"@id":"https:\/\/www.in2greece.com\/swedish\/#\/schema\/logo\/image\/"},"sameAs":["https:\/\/www.facebook.com\/in2greece"]}]}},"_links":{"self":[{"href":"https:\/\/www.in2greece.com\/swedish\/wp-json\/wp\/v2\/pages\/471","targetHints":{"allow":["GET"]}}],"collection":[{"href":"https:\/\/www.in2greece.com\/swedish\/wp-json\/wp\/v2\/pages"}],"about":[{"href":"https:\/\/www.in2greece.com\/swedish\/wp-json\/wp\/v2\/types\/page"}],"author":[{"embeddable":true,"href":"https:\/\/www.in2greece.com\/swedish\/wp-json\/wp\/v2\/users\/1"}],"replies":[{"embeddable":true,"href":"https:\/\/www.in2greece.com\/swedish\/wp-json\/wp\/v2\/comments?post=471"}],"version-history":[{"count":0,"href":"https:\/\/www.in2greece.com\/swedish\/wp-json\/wp\/v2\/pages\/471\/revisions"}],"up":[{"embeddable":true,"href":"https:\/\/www.in2greece.com\/swedish\/wp-json\/wp\/v2\/pages\/469"}],"wp:featuredmedia":[{"embeddable":true,"href":"https:\/\/www.in2greece.com\/swedish\/wp-json\/wp\/v2\/media\/60"}],"wp:attachment":[{"href":"https:\/\/www.in2greece.com\/swedish\/wp-json\/wp\/v2\/media?parent=471"}],"curies":[{"name":"wp","href":"https:\/\/api.w.org\/{rel}","templated":true}]}}