{"id":358,"date":"2023-11-01T12:47:03","date_gmt":"2023-11-01T12:47:03","guid":{"rendered":"https:\/\/www.in2greece.com\/swedish\/?page_id=358"},"modified":"2023-11-01T12:52:42","modified_gmt":"2023-11-01T12:52:42","slug":"fjarilar-i-grekland","status":"publish","type":"page","link":"https:\/\/www.in2greece.com\/swedish\/animals_plants\/butterflies.htm","title":{"rendered":"Fj\u00e4rilar i Grekland"},"content":{"rendered":"\n<h2 class=\"wp-block-heading\">Vilka arter av fj\u00e4rilar finns i Grekland<\/h2>\n\n\n<p><img decoding=\"async\" class=\"alignleft size-medium wp-image-359\" src=\"https:\/\/www.in2greece.com\/swedish\/wp-content\/uploads\/2023\/11\/grekisktFjarilar-300x208.jpg\" alt=\"grekisktFj\u00e4rilar\" width=\"300\" height=\"208\" srcset=\"https:\/\/www.in2greece.com\/swedish\/wp-content\/uploads\/2023\/11\/grekisktFjarilar-300x208.jpg 300w, https:\/\/www.in2greece.com\/swedish\/wp-content\/uploads\/2023\/11\/grekisktFjarilar.jpg 518w\" sizes=\"(max-width: 300px) 100vw, 300px\" \/>Grekland, med sina olika livsmilj\u00f6er som str\u00e4cker sig fr\u00e5n kustomr\u00e5den till bergsregioner, \u00e4r hem f\u00f6r en m\u00e4ngd olika fj\u00e4rilsarter. Medan m\u00e5nga fj\u00e4rilsarter i Grekland m\u00e5r bra, m\u00f6ter vissa hot fr\u00e5n f\u00f6rlust av livsmilj\u00f6er, klimatf\u00f6r\u00e4ndringar och andra m\u00e4nskliga aktiviteter.<\/p>\n<p>Anstr\u00e4ngningar p\u00e5g\u00e5r f\u00f6r att bevara livsmilj\u00f6er, s\u00e4rskilt kritiska s\u00e5dana som v\u00e5tmarker och endemiskt rika bergsomr\u00e5den.<br \/>Grekland har omkring 235 arter av fj\u00e4rilar, vilket \u00e4r en hel del f\u00f6r ett europeiskt land. Dess position vid korsningen av Europa, Asien och Afrika g\u00f6r det till en hotspot f\u00f6r biologisk m\u00e5ngfald, s\u00e4rskilt f\u00f6r fj\u00e4rilar.<\/p>\n<p>Sk\u00f6nheten och m\u00e5ngfalden av fj\u00e4rilar i Grekland har inte g\u00e5tt obem\u00e4rkt f\u00f6rbi. De finns ofta i lokal konst, litteratur och till och med mytologi. Till exempel \u00e4r det antika grekiska ordet f\u00f6r fj\u00e4ril &#8221;psyke&#8221;, som ocks\u00e5 betyder &#8221;sj\u00e4l&#8221;.<\/p>\n<p>Kom ih\u00e5g att n\u00e4r du observerar eller fotograferar fj\u00e4rilar \u00e4r det viktigt att g\u00f6ra det med f\u00f6rsiktighet. Undvik att st\u00f6ra deras livsmilj\u00f6er och f\u00e5nga eller hantera dem inte om det inte \u00e4r absolut n\u00f6dv\u00e4ndigt (och till\u00e5ts av lokala best\u00e4mmelser).<\/p>\n<p>Om du \u00e4r intresserad av att utforska Greklands fj\u00e4rilar kan det vara v\u00e4rt att kontakta lokala naturforskare eller anlita en guide som \u00e4r specialiserad p\u00e5 fj\u00e4rilsturer. De kan ge mer specifika platser och insikter om de b\u00e4sta tiderna f\u00f6r att se specifika arter.<\/p>\n<h3>Fj\u00e4rilar i Grekland kan hittas i olika livsmilj\u00f6er<\/h3>\n<p>Kustomr\u00e5den: Dessa \u00e4r hem f\u00f6r salttoleranta arter och arter som f\u00f6redrar sandiga livsmilj\u00f6er.<br \/>Bergsregioner: M\u00e5nga endemiska arter och arter anpassade till kalla och alpina f\u00f6rh\u00e5llanden finns h\u00e4r.<br \/>Skogar: B\u00e5de l\u00f6vskogar och vintergr\u00f6na skogar i Grekland hyser fj\u00e4rilsarter som f\u00f6redrar skuggade och svala f\u00f6rh\u00e5llanden.<br \/>Gr\u00e4smarker och \u00e4ngar: Dessa solbelysta livsmilj\u00f6er st\u00f6der ett stort antal arter som livn\u00e4r sig p\u00e5 blommande v\u00e4xter.<\/p>\n<h3>Anm\u00e4rkningsv\u00e4rda arter<\/h3>\n<p><strong>Amiral (Vanessa atalanta)<\/strong><\/p>\n<p><img decoding=\"async\" class=\"alignleft size-full wp-image-360\" src=\"https:\/\/www.in2greece.com\/swedish\/wp-content\/uploads\/2023\/11\/admiral.gif\" alt=\"admiral\" width=\"100\" height=\"53\" \/>Storlek: 7cm<br \/>Beskrivning: svarta vingar med via fl\u00e4ckar och r\u00f6da r\u00e4nder<br \/>Milj\u00f6: tr\u00e4dg\u00e5rdar och skogsbryn<\/p>\n<p><strong>Segelfj\u00e4ril (Iphiclides podalirius)<\/strong><\/p>\n<p><img decoding=\"async\" class=\"alignleft size-full wp-image-361\" src=\"https:\/\/www.in2greece.com\/swedish\/wp-content\/uploads\/2023\/11\/segelfjaril.gif\" alt=\"segelfjaril\" width=\"100\" height=\"58\" \/>Storlek: 10cm<br \/>Beskrivning: blekgul med bl\u00e5 r\u00e4nder l\u00e4ngst ut<br \/>Milj\u00f6: Bergiga, kalkhaltiga omr\u00e5den<\/p>\n<p><strong>Bastardv\u00e4rmare (Zygaena carniolica)<\/strong><\/p>\n<p><img decoding=\"async\" class=\"alignleft size-full wp-image-362\" src=\"https:\/\/www.in2greece.com\/swedish\/wp-content\/uploads\/2023\/11\/bastardvarmare.gif\" alt=\"bastardvarmare\" width=\"100\" height=\"60\" \/>Storlek: 3,5cm<br \/>Beskrivning: m\u00f6rkgr\u00e5 med gulr\u00f6da fl\u00e4ckar<br \/>Milj\u00f6: Kalkrika omr\u00e5den, olika milj\u00f6er<\/p>\n<p><strong>Bl\u00e5vinge (Maculinea arion)<\/strong><\/p>\n<p><img decoding=\"async\" class=\"alignleft size-full wp-image-363\" src=\"https:\/\/www.in2greece.com\/swedish\/wp-content\/uploads\/2023\/11\/bluewing.gif\" alt=\"bluewing\" width=\"100\" height=\"52\" \/>Storlek: gr\u00e5bl\u00e5a vingar med m\u00f6rkgr\u00e5a spetsar<br \/>Milj\u00f6: Buskiga omr\u00e5den, s\u00e4rskilt d\u00e4r timjan v\u00e4xer.<\/p>\n<p><strong>P\u00e4rlemorfj\u00e4ril (Argynnis paphia)<\/strong><\/p>\n<p><img decoding=\"async\" class=\"alignleft size-full wp-image-364\" src=\"https:\/\/www.in2greece.com\/swedish\/wp-content\/uploads\/2023\/11\/parlemorfjaril.gif\" alt=\"parlemorfjaril\" width=\"100\" height=\"60\" \/>Storlek: orangebrun med m\u00f6rkt m\u00f6nster, silvergr\u00f6n under<br \/>Milj\u00f6: F\u00e4lt, skogsbryn<\/p>\n<p><strong>Tistelfj\u00e4ril (Vanessa cardui)<\/strong><\/p>\n<p><img decoding=\"async\" class=\"alignleft size-full wp-image-365\" src=\"https:\/\/www.in2greece.com\/swedish\/wp-content\/uploads\/2023\/11\/tistelfjaril.gif\" alt=\"tistelfjaril\" width=\"100\" height=\"69\" \/>Storlek: ljus orange med svarta och kr\u00e4mvita fl\u00e4ckar<br \/>Milj\u00f6: Buskar<\/p>\n<p>\u00c4ven om det \u00e4r sv\u00e5rt att lista alla fj\u00e4rilsarter i Grekland, inkluderar n\u00e5gra anm\u00e4rkningsv\u00e4rda:<\/p>\n<p>Parnasius apollo: En ikonisk europeisk fj\u00e4ril, den k\u00e4nns igen p\u00e5 sina sl\u00e5ende r\u00f6da fl\u00e4ckar p\u00e5 en vit bakgrund.<br \/>Lycaena phlaeas: Allm\u00e4nt k\u00e4nd som den lilla kopparn, det \u00e4r en f\u00e4rgglad fj\u00e4ril som finns i olika livsmilj\u00f6er.<br \/>Maniola jurtina: Denna fj\u00e4ril \u00e4r k\u00e4nd som \u00e4ngsbrun och ses ofta i gr\u00e4smarker.<br \/>Limenitis reducta: Den s\u00f6dra vita amiralen, denna fj\u00e4ril f\u00f6redrar skogsmarker och skogsomr\u00e5den.<\/p>\n<p>Grekland har ett f\u00e5tal endemiska arter (arter som inte finns n\u00e5gon annanstans i v\u00e4rlden), fr\u00e4mst p\u00e5 grund av dess isolerade bergskedjor och \u00f6ar. N\u00e5gra exempel \u00e4r:<\/p>\n<p>Hipparchia cretica: Finns p\u00e5 \u00f6n Kreta.<br \/>Tomares nesimachus: Detta \u00e4r en utrotningshotad art som bara finns i s\u00f6dra Grekland.<\/p>\n<h3>B\u00e4sta tiderna f\u00f6r fj\u00e4rilssk\u00e5dning<\/h3>\n<p>Sen v\u00e5r till f\u00f6rsommar (maj till juli) \u00e4r vanligtvis den b\u00e4sta perioden f\u00f6r fj\u00e4rilssk\u00e5dning i Grekland. Under dessa m\u00e5nader kommer du att hitta m\u00e5nga arter i sina vuxna flygstadier.<\/p>\n<p><strong>Rekommenderade omr\u00e5den f\u00f6r fj\u00e4rilssk\u00e5dning<\/strong><\/p>\n<p>Mount Olympus, Greklands h\u00f6gsta berg, det \u00e4r en hotspot f\u00f6r olika arter. \u00d6n Rhodos: Denna \u00f6, s\u00e4rskilt Fj\u00e4rilarnas dal, lockar tusentals Panaxia quadripunctaria-fj\u00e4rilar p\u00e5 sommaren.<\/p>","protected":false},"excerpt":{"rendered":"<p>Vilka arter av fj\u00e4rilar finns i Grekland Grekland, med sina olika livsmilj\u00f6er som str\u00e4cker sig fr\u00e5n kustomr\u00e5den till bergsregioner, \u00e4r hem f\u00f6r en m\u00e4ngd olika fj\u00e4rilsarter. Medan m\u00e5nga fj\u00e4rilsarter i Grekland m\u00e5r bra, m\u00f6ter vissa hot fr\u00e5n f\u00f6rlust av livsmilj\u00f6er, klimatf\u00f6r\u00e4ndringar och andra m\u00e4nskliga aktiviteter. Anstr\u00e4ngningar p\u00e5g\u00e5r f\u00f6r att bevara livsmilj\u00f6er, s\u00e4rskilt kritiska s\u00e5dana som<br \/><a class=\"moretag\" href=\"https:\/\/www.in2greece.com\/swedish\/animals_plants\/butterflies.htm\">+ L\u00e4s Mer<\/a><\/p>\n","protected":false},"author":1,"featured_media":359,"parent":0,"menu_order":0,"comment_status":"closed","ping_status":"closed","template":"","meta":{"footnotes":""},"class_list":["post-358","page","type-page","status-publish","has-post-thumbnail","hentry"],"yoast_head":"<!-- This site is optimized with the Yoast SEO plugin v27.4 - https:\/\/yoast.com\/product\/yoast-seo-wordpress\/ -->\n<title>Vilka arter av fj\u00e4rilar finns i Grekland<\/title>\n<meta name=\"description\" content=\"Grekland, med sina olika livsmilj\u00f6er som str\u00e4cker sig fr\u00e5n kustomr\u00e5den till bergsregioner, \u00e4r hem f\u00f6r en m\u00e4ngd olika fj\u00e4rilsarter. Medan m\u00e5nga fj\u00e4rilsarter i Grekland m\u00e5r bra, m\u00f6ter vissa hot fr\u00e5n f\u00f6rlust av livsmilj\u00f6er\" \/>\n<meta name=\"robots\" content=\"index, follow, max-snippet:-1, max-image-preview:large, max-video-preview:-1\" \/>\n<link rel=\"canonical\" href=\"https:\/\/www.in2greece.com\/swedish\/animals_plants\/butterflies.htm\" \/>\n<meta property=\"og:locale\" content=\"sv_SE\" \/>\n<meta property=\"og:type\" content=\"article\" \/>\n<meta property=\"og:title\" content=\"Vilka arter av fj\u00e4rilar finns i Grekland\" \/>\n<meta property=\"og:description\" content=\"Grekland, med sina olika livsmilj\u00f6er som str\u00e4cker sig fr\u00e5n kustomr\u00e5den till bergsregioner, \u00e4r hem f\u00f6r en m\u00e4ngd olika fj\u00e4rilsarter. Medan m\u00e5nga fj\u00e4rilsarter i Grekland m\u00e5r bra, m\u00f6ter vissa hot fr\u00e5n f\u00f6rlust av livsmilj\u00f6er\" \/>\n<meta property=\"og:url\" content=\"https:\/\/www.in2greece.com\/swedish\/animals_plants\/butterflies.htm\" \/>\n<meta property=\"og:site_name\" content=\"Grekland\" \/>\n<meta property=\"article:publisher\" content=\"https:\/\/www.facebook.com\/in2greece\" \/>\n<meta property=\"article:modified_time\" content=\"2023-11-01T12:52:42+00:00\" \/>\n<meta property=\"og:image\" content=\"https:\/\/www.in2greece.com\/swedish\/wp-content\/uploads\/2023\/11\/grekisktFjarilar.jpg\" \/>\n\t<meta property=\"og:image:width\" content=\"518\" \/>\n\t<meta property=\"og:image:height\" content=\"360\" \/>\n\t<meta property=\"og:image:type\" content=\"image\/jpeg\" \/>\n<meta name=\"twitter:card\" content=\"summary_large_image\" \/>\n<meta name=\"twitter:label1\" content=\"Ber\u00e4knad l\u00e4stid\" \/>\n\t<meta name=\"twitter:data1\" content=\"5 minuter\" \/>\n<script type=\"application\/ld+json\" class=\"yoast-schema-graph\">{\"@context\":\"https:\\\/\\\/schema.org\",\"@graph\":[{\"@type\":\"WebPage\",\"@id\":\"https:\\\/\\\/www.in2greece.com\\\/swedish\\\/animals_plants\\\/butterflies.htm\",\"url\":\"https:\\\/\\\/www.in2greece.com\\\/swedish\\\/animals_plants\\\/butterflies.htm\",\"name\":\"Vilka arter av fj\u00e4rilar finns i Grekland\",\"isPartOf\":{\"@id\":\"https:\\\/\\\/www.in2greece.com\\\/swedish\\\/#website\"},\"primaryImageOfPage\":{\"@id\":\"https:\\\/\\\/www.in2greece.com\\\/swedish\\\/animals_plants\\\/butterflies.htm#primaryimage\"},\"image\":{\"@id\":\"https:\\\/\\\/www.in2greece.com\\\/swedish\\\/animals_plants\\\/butterflies.htm#primaryimage\"},\"thumbnailUrl\":\"https:\\\/\\\/www.in2greece.com\\\/swedish\\\/wp-content\\\/uploads\\\/2023\\\/11\\\/grekisktFjarilar.jpg\",\"datePublished\":\"2023-11-01T12:47:03+00:00\",\"dateModified\":\"2023-11-01T12:52:42+00:00\",\"description\":\"Grekland, med sina olika livsmilj\u00f6er som str\u00e4cker sig fr\u00e5n kustomr\u00e5den till bergsregioner, \u00e4r hem f\u00f6r en m\u00e4ngd olika fj\u00e4rilsarter. Medan m\u00e5nga fj\u00e4rilsarter i Grekland m\u00e5r bra, m\u00f6ter vissa hot fr\u00e5n f\u00f6rlust av livsmilj\u00f6er\",\"breadcrumb\":{\"@id\":\"https:\\\/\\\/www.in2greece.com\\\/swedish\\\/animals_plants\\\/butterflies.htm#breadcrumb\"},\"inLanguage\":\"sv-SE\",\"potentialAction\":[{\"@type\":\"ReadAction\",\"target\":[\"https:\\\/\\\/www.in2greece.com\\\/swedish\\\/animals_plants\\\/butterflies.htm\"]}]},{\"@type\":\"ImageObject\",\"inLanguage\":\"sv-SE\",\"@id\":\"https:\\\/\\\/www.in2greece.com\\\/swedish\\\/animals_plants\\\/butterflies.htm#primaryimage\",\"url\":\"https:\\\/\\\/www.in2greece.com\\\/swedish\\\/wp-content\\\/uploads\\\/2023\\\/11\\\/grekisktFjarilar.jpg\",\"contentUrl\":\"https:\\\/\\\/www.in2greece.com\\\/swedish\\\/wp-content\\\/uploads\\\/2023\\\/11\\\/grekisktFjarilar.jpg\",\"width\":518,\"height\":360,\"caption\":\"grekisktFj\u00e4rilar\"},{\"@type\":\"BreadcrumbList\",\"@id\":\"https:\\\/\\\/www.in2greece.com\\\/swedish\\\/animals_plants\\\/butterflies.htm#breadcrumb\",\"itemListElement\":[{\"@type\":\"ListItem\",\"position\":1,\"name\":\"Home\",\"item\":\"https:\\\/\\\/www.in2greece.com\\\/swedish\\\/\"},{\"@type\":\"ListItem\",\"position\":2,\"name\":\"Fj\u00e4rilar i Grekland\"}]},{\"@type\":\"WebSite\",\"@id\":\"https:\\\/\\\/www.in2greece.com\\\/swedish\\\/#website\",\"url\":\"https:\\\/\\\/www.in2greece.com\\\/swedish\\\/\",\"name\":\"Grekland\",\"description\":\"Reseguide till Grekland\",\"publisher\":{\"@id\":\"https:\\\/\\\/www.in2greece.com\\\/swedish\\\/#organization\"},\"potentialAction\":[{\"@type\":\"SearchAction\",\"target\":{\"@type\":\"EntryPoint\",\"urlTemplate\":\"https:\\\/\\\/www.in2greece.com\\\/swedish\\\/?s={search_term_string}\"},\"query-input\":{\"@type\":\"PropertyValueSpecification\",\"valueRequired\":true,\"valueName\":\"search_term_string\"}}],\"inLanguage\":\"sv-SE\"},{\"@type\":\"Organization\",\"@id\":\"https:\\\/\\\/www.in2greece.com\\\/swedish\\\/#organization\",\"name\":\"www.in2greece.com\",\"url\":\"https:\\\/\\\/www.in2greece.com\\\/swedish\\\/\",\"logo\":{\"@type\":\"ImageObject\",\"inLanguage\":\"sv-SE\",\"@id\":\"https:\\\/\\\/www.in2greece.com\\\/swedish\\\/#\\\/schema\\\/logo\\\/image\\\/\",\"url\":\"https:\\\/\\\/www.in2greece.com\\\/swedish\\\/wp-content\\\/uploads\\\/2022\\\/02\\\/in2greece.png\",\"contentUrl\":\"https:\\\/\\\/www.in2greece.com\\\/swedish\\\/wp-content\\\/uploads\\\/2022\\\/02\\\/in2greece.png\",\"width\":150,\"height\":149,\"caption\":\"www.in2greece.com\"},\"image\":{\"@id\":\"https:\\\/\\\/www.in2greece.com\\\/swedish\\\/#\\\/schema\\\/logo\\\/image\\\/\"},\"sameAs\":[\"https:\\\/\\\/www.facebook.com\\\/in2greece\"]}]}<\/script>\n<!-- \/ Yoast SEO plugin. -->","yoast_head_json":{"title":"Vilka arter av fj\u00e4rilar finns i Grekland","description":"Grekland, med sina olika livsmilj\u00f6er som str\u00e4cker sig fr\u00e5n kustomr\u00e5den till bergsregioner, \u00e4r hem f\u00f6r en m\u00e4ngd olika fj\u00e4rilsarter. Medan m\u00e5nga fj\u00e4rilsarter i Grekland m\u00e5r bra, m\u00f6ter vissa hot fr\u00e5n f\u00f6rlust av livsmilj\u00f6er","robots":{"index":"index","follow":"follow","max-snippet":"max-snippet:-1","max-image-preview":"max-image-preview:large","max-video-preview":"max-video-preview:-1"},"canonical":"https:\/\/www.in2greece.com\/swedish\/animals_plants\/butterflies.htm","og_locale":"sv_SE","og_type":"article","og_title":"Vilka arter av fj\u00e4rilar finns i Grekland","og_description":"Grekland, med sina olika livsmilj\u00f6er som str\u00e4cker sig fr\u00e5n kustomr\u00e5den till bergsregioner, \u00e4r hem f\u00f6r en m\u00e4ngd olika fj\u00e4rilsarter. Medan m\u00e5nga fj\u00e4rilsarter i Grekland m\u00e5r bra, m\u00f6ter vissa hot fr\u00e5n f\u00f6rlust av livsmilj\u00f6er","og_url":"https:\/\/www.in2greece.com\/swedish\/animals_plants\/butterflies.htm","og_site_name":"Grekland","article_publisher":"https:\/\/www.facebook.com\/in2greece","article_modified_time":"2023-11-01T12:52:42+00:00","og_image":[{"width":518,"height":360,"url":"https:\/\/www.in2greece.com\/swedish\/wp-content\/uploads\/2023\/11\/grekisktFjarilar.jpg","type":"image\/jpeg"}],"twitter_card":"summary_large_image","twitter_misc":{"Ber\u00e4knad l\u00e4stid":"5 minuter"},"schema":{"@context":"https:\/\/schema.org","@graph":[{"@type":"WebPage","@id":"https:\/\/www.in2greece.com\/swedish\/animals_plants\/butterflies.htm","url":"https:\/\/www.in2greece.com\/swedish\/animals_plants\/butterflies.htm","name":"Vilka arter av fj\u00e4rilar finns i Grekland","isPartOf":{"@id":"https:\/\/www.in2greece.com\/swedish\/#website"},"primaryImageOfPage":{"@id":"https:\/\/www.in2greece.com\/swedish\/animals_plants\/butterflies.htm#primaryimage"},"image":{"@id":"https:\/\/www.in2greece.com\/swedish\/animals_plants\/butterflies.htm#primaryimage"},"thumbnailUrl":"https:\/\/www.in2greece.com\/swedish\/wp-content\/uploads\/2023\/11\/grekisktFjarilar.jpg","datePublished":"2023-11-01T12:47:03+00:00","dateModified":"2023-11-01T12:52:42+00:00","description":"Grekland, med sina olika livsmilj\u00f6er som str\u00e4cker sig fr\u00e5n kustomr\u00e5den till bergsregioner, \u00e4r hem f\u00f6r en m\u00e4ngd olika fj\u00e4rilsarter. Medan m\u00e5nga fj\u00e4rilsarter i Grekland m\u00e5r bra, m\u00f6ter vissa hot fr\u00e5n f\u00f6rlust av livsmilj\u00f6er","breadcrumb":{"@id":"https:\/\/www.in2greece.com\/swedish\/animals_plants\/butterflies.htm#breadcrumb"},"inLanguage":"sv-SE","potentialAction":[{"@type":"ReadAction","target":["https:\/\/www.in2greece.com\/swedish\/animals_plants\/butterflies.htm"]}]},{"@type":"ImageObject","inLanguage":"sv-SE","@id":"https:\/\/www.in2greece.com\/swedish\/animals_plants\/butterflies.htm#primaryimage","url":"https:\/\/www.in2greece.com\/swedish\/wp-content\/uploads\/2023\/11\/grekisktFjarilar.jpg","contentUrl":"https:\/\/www.in2greece.com\/swedish\/wp-content\/uploads\/2023\/11\/grekisktFjarilar.jpg","width":518,"height":360,"caption":"grekisktFj\u00e4rilar"},{"@type":"BreadcrumbList","@id":"https:\/\/www.in2greece.com\/swedish\/animals_plants\/butterflies.htm#breadcrumb","itemListElement":[{"@type":"ListItem","position":1,"name":"Home","item":"https:\/\/www.in2greece.com\/swedish\/"},{"@type":"ListItem","position":2,"name":"Fj\u00e4rilar i Grekland"}]},{"@type":"WebSite","@id":"https:\/\/www.in2greece.com\/swedish\/#website","url":"https:\/\/www.in2greece.com\/swedish\/","name":"Grekland","description":"Reseguide till Grekland","publisher":{"@id":"https:\/\/www.in2greece.com\/swedish\/#organization"},"potentialAction":[{"@type":"SearchAction","target":{"@type":"EntryPoint","urlTemplate":"https:\/\/www.in2greece.com\/swedish\/?s={search_term_string}"},"query-input":{"@type":"PropertyValueSpecification","valueRequired":true,"valueName":"search_term_string"}}],"inLanguage":"sv-SE"},{"@type":"Organization","@id":"https:\/\/www.in2greece.com\/swedish\/#organization","name":"www.in2greece.com","url":"https:\/\/www.in2greece.com\/swedish\/","logo":{"@type":"ImageObject","inLanguage":"sv-SE","@id":"https:\/\/www.in2greece.com\/swedish\/#\/schema\/logo\/image\/","url":"https:\/\/www.in2greece.com\/swedish\/wp-content\/uploads\/2022\/02\/in2greece.png","contentUrl":"https:\/\/www.in2greece.com\/swedish\/wp-content\/uploads\/2022\/02\/in2greece.png","width":150,"height":149,"caption":"www.in2greece.com"},"image":{"@id":"https:\/\/www.in2greece.com\/swedish\/#\/schema\/logo\/image\/"},"sameAs":["https:\/\/www.facebook.com\/in2greece"]}]}},"_links":{"self":[{"href":"https:\/\/www.in2greece.com\/swedish\/wp-json\/wp\/v2\/pages\/358","targetHints":{"allow":["GET"]}}],"collection":[{"href":"https:\/\/www.in2greece.com\/swedish\/wp-json\/wp\/v2\/pages"}],"about":[{"href":"https:\/\/www.in2greece.com\/swedish\/wp-json\/wp\/v2\/types\/page"}],"author":[{"embeddable":true,"href":"https:\/\/www.in2greece.com\/swedish\/wp-json\/wp\/v2\/users\/1"}],"replies":[{"embeddable":true,"href":"https:\/\/www.in2greece.com\/swedish\/wp-json\/wp\/v2\/comments?post=358"}],"version-history":[{"count":0,"href":"https:\/\/www.in2greece.com\/swedish\/wp-json\/wp\/v2\/pages\/358\/revisions"}],"wp:featuredmedia":[{"embeddable":true,"href":"https:\/\/www.in2greece.com\/swedish\/wp-json\/wp\/v2\/media\/359"}],"wp:attachment":[{"href":"https:\/\/www.in2greece.com\/swedish\/wp-json\/wp\/v2\/media?parent=358"}],"curies":[{"name":"wp","href":"https:\/\/api.w.org\/{rel}","templated":true}]}}