{"id":331,"date":"2023-10-17T11:44:14","date_gmt":"2023-10-17T11:44:14","guid":{"rendered":"https:\/\/www.in2greece.com\/swedish\/?page_id=331"},"modified":"2023-10-17T11:45:00","modified_gmt":"2023-10-17T11:45:00","slug":"daggdjur-i-grekland","status":"publish","type":"page","link":"https:\/\/www.in2greece.com\/swedish\/animals_plants\/mammals.htm","title":{"rendered":"D\u00e4ggdjur i Grekland"},"content":{"rendered":"\n<h2 class=\"wp-block-heading\" id=\"h-grekiska-daggdjur\">grekiska d\u00e4ggdjur<\/h2>\n\n\n<p>D\u00e4ggdjur i Grekland \u00e4r den mest varierande gruppen av ryggradsdjur n\u00e4r det g\u00e4ller antalet livsmilj\u00f6er de har er\u00f6vrat. Vi hittar dem \u00f6ver hela jorden p\u00e5 land, hav och luft. Som n\u00e4mnts i motsvarande kapitel om reptiler \u00f6kar systematisk forskning dagligen antalet arter vi k\u00e4nner till \u00e4ven om d\u00e4ggdjur. I b\u00f6rjan av 80-talet uppskattade vi antalet d\u00e4ggdjur i Europa till cirka 147 arter, medan den senaste atlasen (1999) registrerar cirka 200 arter. Eftersom de \u00e4r en s\u00e5 heterogen grupp behandlas de s\u00e4llan som en helhet. Till exempel n\u00e4mner Europas d\u00e4ggdjursatlas inte n\u00e5gra valar.<\/p>\n<p>Tv\u00e4rtom h\u00e4nvisas systematiskt till pinniped k\u00f6tt\u00e4tare, det vill s\u00e4ga s\u00e4lar. Det b\u00f6r noteras att kriterierna i varje listning \u00e4r olika: vissa f\u00f6rfattare listar arter som har transporterats av m\u00e4nniskor men som har skapat &#8221;naturliga&#8221; populationer, andra l\u00e4gger till domesticerade arter osv. Vi kan inte acceptera en uppfattning som mer korrekt \u00e4n den andra. Varje g\u00e5ng det spelar roll vad fr\u00e5gan \u00e4r, varf\u00f6r listar vi d\u00e4ggdjur? I just det h\u00e4r fallet \u00e4r m\u00e5let att f\u00e5 en s\u00e5 bred kunskap som m\u00f6jligt om de djur som lever i v\u00e5rt land.<\/p>\n<p>Ett exempel (av m\u00e5nga som skulle kunna v\u00e4ljas f\u00f6r att g\u00f6ra den sista observationen begriplig) \u00e4r h\u00e4sten (Equus caballus). Denna art var naturligt spridd i Europa. Men m\u00e4nsklig aktivitet har n\u00e4stan utpl\u00e5nat de naturliga populationerna. Och om de finns s\u00e5 finns de i minimalt skyddade omr\u00e5den och det \u00e4r inte s\u00e4kert att de inte kom fr\u00e5n tidigare domesticerade populationer.<\/p>\n\n<h3>GREKLANDS D\u00c4GGD\u00d6RSFAUNA PER KLASS<\/h3>\n<p>Insekt\u00e4tare: Det finns 12 arter i Grekland f\u00f6rdelade p\u00e5 6 sl\u00e4kten. Karakteristisk representanter: Erinaceus concolor (igelkott), Crocidura suaveolens (mus), Suncus etruscus (Nanomygali). Chiroptera: En av de mest talrika grupperna av d\u00e4ggdjur. I Grekland representeras av 32 arter indelade i 11 sl\u00e4kten. Typiska medel: Rhinolophus hipposideros, Pipistrellus pipistrellus, Tadarida teniotis\u00a0 Lemurer: Tv\u00e5 arter i Grekland i tv\u00e5 sl\u00e4kten: Lepus europaeus, Oryctolagus cuniculus<\/p>\n<p>Gnagare: Den mest talrika gruppen av d\u00e4ggdjur i v\u00e4rlden. Greklands gnagare klassificeras i 32 arter och 20 sl\u00e4kten. Typiska representanter: Glis glis, (Myoxus) Sciurus vulgaris, (Ekorre) Nannospalax leucodon, (Mullvadar) Apodemus sylvaticus, (F\u00e4ltmus) Mus domesticus, (R\u00e5tta) Rattus rattus (R\u00e5tta).\u00a0 <\/p>\n<p>K\u00f6tt\u00e4tare: Tretton arter i Grekland tillh\u00f6rande 10 sl\u00e4kten: Karakteristisk representanter: Canis lupus (Varg), Vulpes vulpes (r\u00e4v), Ursus arctos (bj\u00f6rn), Felis silvestris (vildkatt), lodjur (varg), lutra lutra (utter), Meles meles (gr\u00e4vling), Mustela nivalis (Vessel), Martes foina (M\u00e5rd).<\/p>\n<p>Pinnipeds: I Grekland finns bara arten Monachus monachus Medelhavet s\u00e4lar \u00e4r det mest hotade d\u00e4ggdjuret i Europa och ett av de mest hotade i m\u00e4nniskor.<\/p>\n<p>Valar: Det finns mycket f\u00e5 tillf\u00f6rlitliga uppgifter om valarna i Grekland. Endast under under det senaste decenniet har man systematiskt kontaktat dem. Tretton arter i Grekland att tillh\u00f6r 10 sl\u00e4kten: Typiska representanter: Tursiops truncatus, Physeter catodon. Extrafingrar: Tv\u00e5 tama arter: Equus caballus H\u00e4st, Equus asinus.<\/p>\n<p>\u00c5sna Artiodactyls: Vi k\u00e4nner igen tv\u00e5 klasser av artiodactyls i Grekland: Grisarna (en art av Sus scrofa, vildsvin) och idisslare. I den andra kategorin de flesta arter \u00e4r domesticerade. Karakteristiska icke-tama arter \u00e4r Rupicapra rupicapra, (Vildget) Capreolus capreolus, (r\u00e5djur) och Capra aegagrus, (kretensisk get &#8211; Agrimi)<\/p>\n\n<h3>Munks\u00e4l (Monachus monachus)<\/h3>\n<p><img decoding=\"async\" class=\"alignleft size-full wp-image-332\" src=\"https:\/\/www.in2greece.com\/swedish\/wp-content\/uploads\/2023\/10\/monkseal.gif\" alt=\"\" width=\"180\" height=\"60\" \/>Storlek: 3,8m<br \/>Beskrivning: brun eller brungr\u00e5 med vit, fl\u00e4ckad mage<br \/>Milj\u00f6: N\u00e4ra vatten p\u00e5 str\u00e4nder, klippor och grottor<br \/>Intressant fakta: Utrotningshotad, skyddas i det Joniska havet &amp; Norra Sporaderna, valparna svarta, kan simma d\u00e5 de \u00e4r fyra dagar gamla, dyker till 30m djup och h\u00e5lla andan i fem minuter. \u00c4ter fisk, bl\u00e4ckfisk, \u00e5l.<\/p>\n<h3>Flimmern\u00e4bbmus (Suncus etruscus)<\/h3>\n<p><img decoding=\"async\" class=\"alignleft size-full wp-image-333\" src=\"https:\/\/www.in2greece.com\/swedish\/wp-content\/uploads\/2023\/10\/mouse.gif\" alt=\"mouse\" width=\"45\" height=\"70\" \/>Storlek: 4,5cm<br \/>Beskrivning: brungr\u00e5, stora \u00f6gon, l\u00e5nga morrh\u00e5r<br \/>Milj\u00f6: Torra platser, buskar<br \/>Intressant fakta: V\u00e4rldens minsta d\u00e4ggdjur. \u00a0<\/p>\n<h3>Svartr\u00e5tta (Rattos rattus)<\/h3>\n<p><img decoding=\"async\" class=\"alignleft size-full wp-image-334\" src=\"https:\/\/www.in2greece.com\/swedish\/wp-content\/uploads\/2023\/10\/rat.gif\" alt=\"rat\" width=\"100\" height=\"78\" \/>Storlek: 23,5cm<br \/>Beskrivning: brun med l\u00e5ng svans<br \/>Milj\u00f6: Hus, b\u00e5tar, tr\u00e4d<br \/>Intressant fakta: \u00c4ter fr\u00e4mst vegetabilier, men kan \u00e4ven \u00e4ta k\u00f6tt, pipande l\u00e4te, parar sig \u00e5ret runt, lever i sju \u00e5r.<\/p>\n<h3>Stor h\u00e4stskon\u00e4sa (Rhinolphus ferrumeguinum)<\/h3>\n<p><img decoding=\"async\" class=\"alignleft size-full wp-image-335\" src=\"https:\/\/www.in2greece.com\/swedish\/wp-content\/uploads\/2023\/10\/bat.gif\" alt=\"bat\" width=\"90\" height=\"66\" \/>Storlek: 9cm<br \/>Beskrivning: brun, med h\u00e4stskoformad n\u00e4sa<br \/>Milj\u00f6: Grottor och skyddade milj\u00f6er.<br \/>Intressant fakta: Genomtr\u00e4ngande l\u00e4te, kan vara stilla i luften medan den dricke t.ex., flyger l\u00e5gt (ca.0,5-1m)<br \/>aktiv Mars-Oktober, kan leva i 23 \u00e5r.<\/p>\n<h3>F\u00e4lthare (Lepus europaeus)<\/h3>\n<p><img decoding=\"async\" class=\"alignleft size-full wp-image-336\" src=\"https:\/\/www.in2greece.com\/swedish\/wp-content\/uploads\/2023\/10\/brownhare.gif\" alt=\"brownhare\" width=\"100\" height=\"125\" \/>Storlek: 65cm Beskrivning: brun med m\u00f6rk rygg, v\u00e4ger upp till 7kg<br \/>Milj\u00f6: Gr\u00e4sf\u00e4lt och odlade omr\u00e5den, skogar<br \/>Intressant fakta: Gnager tr\u00e4dbark, \u00e4ter sitt eget exkrement, kan simma, springer 65km\/h, parar sig p\u00e5 v\u00e5ren, kan leva i 13 \u00e5r.<\/p>\n<h3>Vildsvin (Sus scrofa<\/h3>\n<p><img decoding=\"async\" class=\"alignleft size-full wp-image-337\" src=\"https:\/\/www.in2greece.com\/swedish\/wp-content\/uploads\/2023\/10\/wildboar.gif\" alt=\"wildboar\" width=\"140\" height=\"92\" \/>Storlek: 1,8m<br \/>Beskrivning: h\u00e5rig, gr\u00e5brun, ungarna r\u00f6daktiga<br \/>Milj\u00f6: Skogar, \u00e4lskar gyttjav Intressant fakta: Kan bli aggressiv!<\/p>\n<h3>Vildkatt (Felis silvestris)<\/h3>\n<p><img decoding=\"async\" class=\"alignleft size-full wp-image-338\" src=\"https:\/\/www.in2greece.com\/swedish\/wp-content\/uploads\/2023\/10\/wildcat.gif\" alt=\"wildcat\" width=\"130\" height=\"65\" \/>Storlek: 5-10kg<br \/>Beskrivning: randig, st\u00f6rre \u00e4n tamkatter med tjockare svans<br \/>Milj\u00f6: Skogar, n\u00e4ra sj\u00f6ar och floder.<br \/>Intressant fakta: Kan leva p\u00e5 berg upp till 2000m h\u00f6jd, skymnings- och nattaktiv, kan simma men helst inte.active at dusk and night. can swim but rather not<\/p>","protected":false},"excerpt":{"rendered":"<p>grekiska d\u00e4ggdjur D\u00e4ggdjur i Grekland \u00e4r den mest varierande gruppen av ryggradsdjur n\u00e4r det g\u00e4ller antalet livsmilj\u00f6er de har er\u00f6vrat. Vi hittar dem \u00f6ver hela jorden p\u00e5 land, hav och luft. Som n\u00e4mnts i motsvarande kapitel om reptiler \u00f6kar systematisk forskning dagligen antalet arter vi k\u00e4nner till \u00e4ven om d\u00e4ggdjur. I b\u00f6rjan av 80-talet uppskattade<br \/><a class=\"moretag\" href=\"https:\/\/www.in2greece.com\/swedish\/animals_plants\/mammals.htm\">+ L\u00e4s Mer<\/a><\/p>\n","protected":false},"author":1,"featured_media":336,"parent":0,"menu_order":0,"comment_status":"closed","ping_status":"closed","template":"","meta":{"footnotes":""},"class_list":["post-331","page","type-page","status-publish","has-post-thumbnail","hentry"],"yoast_head":"<!-- This site is optimized with the Yoast SEO plugin v27.4 - https:\/\/yoast.com\/product\/yoast-seo-wordpress\/ -->\n<title>D\u00e4ggdjur i Grekland<\/title>\n<meta name=\"robots\" content=\"index, follow, max-snippet:-1, max-image-preview:large, max-video-preview:-1\" \/>\n<link rel=\"canonical\" href=\"https:\/\/www.in2greece.com\/swedish\/animals_plants\/mammals.htm\" \/>\n<meta property=\"og:locale\" content=\"sv_SE\" \/>\n<meta property=\"og:type\" content=\"article\" \/>\n<meta property=\"og:title\" content=\"D\u00e4ggdjur i Grekland\" \/>\n<meta property=\"og:description\" content=\"grekiska d\u00e4ggdjur D\u00e4ggdjur i Grekland \u00e4r den mest varierande gruppen av ryggradsdjur n\u00e4r det g\u00e4ller antalet livsmilj\u00f6er de har er\u00f6vrat. Vi hittar dem \u00f6ver hela jorden p\u00e5 land, hav och luft. Som n\u00e4mnts i motsvarande kapitel om reptiler \u00f6kar systematisk forskning dagligen antalet arter vi k\u00e4nner till \u00e4ven om d\u00e4ggdjur. I b\u00f6rjan av 80-talet uppskattade+ L\u00e4s Mer\" \/>\n<meta property=\"og:url\" content=\"https:\/\/www.in2greece.com\/swedish\/animals_plants\/mammals.htm\" \/>\n<meta property=\"og:site_name\" content=\"Grekland\" \/>\n<meta property=\"article:publisher\" content=\"https:\/\/www.facebook.com\/in2greece\" \/>\n<meta property=\"article:modified_time\" content=\"2023-10-17T11:45:00+00:00\" \/>\n<meta property=\"og:image\" content=\"https:\/\/www.in2greece.com\/swedish\/wp-content\/uploads\/2023\/10\/brownhare.gif\" \/>\n\t<meta property=\"og:image:width\" content=\"100\" \/>\n\t<meta property=\"og:image:height\" content=\"125\" \/>\n\t<meta property=\"og:image:type\" content=\"image\/gif\" \/>\n<meta name=\"twitter:card\" content=\"summary_large_image\" \/>\n<meta name=\"twitter:label1\" content=\"Ber\u00e4knad l\u00e4stid\" \/>\n\t<meta name=\"twitter:data1\" content=\"4 minuter\" \/>\n<script type=\"application\/ld+json\" class=\"yoast-schema-graph\">{\"@context\":\"https:\\\/\\\/schema.org\",\"@graph\":[{\"@type\":\"WebPage\",\"@id\":\"https:\\\/\\\/www.in2greece.com\\\/swedish\\\/animals_plants\\\/mammals.htm\",\"url\":\"https:\\\/\\\/www.in2greece.com\\\/swedish\\\/animals_plants\\\/mammals.htm\",\"name\":\"D\u00e4ggdjur i Grekland\",\"isPartOf\":{\"@id\":\"https:\\\/\\\/www.in2greece.com\\\/swedish\\\/#website\"},\"primaryImageOfPage\":{\"@id\":\"https:\\\/\\\/www.in2greece.com\\\/swedish\\\/animals_plants\\\/mammals.htm#primaryimage\"},\"image\":{\"@id\":\"https:\\\/\\\/www.in2greece.com\\\/swedish\\\/animals_plants\\\/mammals.htm#primaryimage\"},\"thumbnailUrl\":\"https:\\\/\\\/www.in2greece.com\\\/swedish\\\/wp-content\\\/uploads\\\/2023\\\/10\\\/brownhare.gif\",\"datePublished\":\"2023-10-17T11:44:14+00:00\",\"dateModified\":\"2023-10-17T11:45:00+00:00\",\"breadcrumb\":{\"@id\":\"https:\\\/\\\/www.in2greece.com\\\/swedish\\\/animals_plants\\\/mammals.htm#breadcrumb\"},\"inLanguage\":\"sv-SE\",\"potentialAction\":[{\"@type\":\"ReadAction\",\"target\":[\"https:\\\/\\\/www.in2greece.com\\\/swedish\\\/animals_plants\\\/mammals.htm\"]}]},{\"@type\":\"ImageObject\",\"inLanguage\":\"sv-SE\",\"@id\":\"https:\\\/\\\/www.in2greece.com\\\/swedish\\\/animals_plants\\\/mammals.htm#primaryimage\",\"url\":\"https:\\\/\\\/www.in2greece.com\\\/swedish\\\/wp-content\\\/uploads\\\/2023\\\/10\\\/brownhare.gif\",\"contentUrl\":\"https:\\\/\\\/www.in2greece.com\\\/swedish\\\/wp-content\\\/uploads\\\/2023\\\/10\\\/brownhare.gif\",\"width\":100,\"height\":125,\"caption\":\"D\u00e4ggdjur i Grekland\"},{\"@type\":\"BreadcrumbList\",\"@id\":\"https:\\\/\\\/www.in2greece.com\\\/swedish\\\/animals_plants\\\/mammals.htm#breadcrumb\",\"itemListElement\":[{\"@type\":\"ListItem\",\"position\":1,\"name\":\"Home\",\"item\":\"https:\\\/\\\/www.in2greece.com\\\/swedish\\\/\"},{\"@type\":\"ListItem\",\"position\":2,\"name\":\"D\u00e4ggdjur i Grekland\"}]},{\"@type\":\"WebSite\",\"@id\":\"https:\\\/\\\/www.in2greece.com\\\/swedish\\\/#website\",\"url\":\"https:\\\/\\\/www.in2greece.com\\\/swedish\\\/\",\"name\":\"Grekland\",\"description\":\"Reseguide till Grekland\",\"publisher\":{\"@id\":\"https:\\\/\\\/www.in2greece.com\\\/swedish\\\/#organization\"},\"potentialAction\":[{\"@type\":\"SearchAction\",\"target\":{\"@type\":\"EntryPoint\",\"urlTemplate\":\"https:\\\/\\\/www.in2greece.com\\\/swedish\\\/?s={search_term_string}\"},\"query-input\":{\"@type\":\"PropertyValueSpecification\",\"valueRequired\":true,\"valueName\":\"search_term_string\"}}],\"inLanguage\":\"sv-SE\"},{\"@type\":\"Organization\",\"@id\":\"https:\\\/\\\/www.in2greece.com\\\/swedish\\\/#organization\",\"name\":\"www.in2greece.com\",\"url\":\"https:\\\/\\\/www.in2greece.com\\\/swedish\\\/\",\"logo\":{\"@type\":\"ImageObject\",\"inLanguage\":\"sv-SE\",\"@id\":\"https:\\\/\\\/www.in2greece.com\\\/swedish\\\/#\\\/schema\\\/logo\\\/image\\\/\",\"url\":\"https:\\\/\\\/www.in2greece.com\\\/swedish\\\/wp-content\\\/uploads\\\/2022\\\/02\\\/in2greece.png\",\"contentUrl\":\"https:\\\/\\\/www.in2greece.com\\\/swedish\\\/wp-content\\\/uploads\\\/2022\\\/02\\\/in2greece.png\",\"width\":150,\"height\":149,\"caption\":\"www.in2greece.com\"},\"image\":{\"@id\":\"https:\\\/\\\/www.in2greece.com\\\/swedish\\\/#\\\/schema\\\/logo\\\/image\\\/\"},\"sameAs\":[\"https:\\\/\\\/www.facebook.com\\\/in2greece\"]}]}<\/script>\n<!-- \/ Yoast SEO plugin. -->","yoast_head_json":{"title":"D\u00e4ggdjur i Grekland","robots":{"index":"index","follow":"follow","max-snippet":"max-snippet:-1","max-image-preview":"max-image-preview:large","max-video-preview":"max-video-preview:-1"},"canonical":"https:\/\/www.in2greece.com\/swedish\/animals_plants\/mammals.htm","og_locale":"sv_SE","og_type":"article","og_title":"D\u00e4ggdjur i Grekland","og_description":"grekiska d\u00e4ggdjur D\u00e4ggdjur i Grekland \u00e4r den mest varierande gruppen av ryggradsdjur n\u00e4r det g\u00e4ller antalet livsmilj\u00f6er de har er\u00f6vrat. Vi hittar dem \u00f6ver hela jorden p\u00e5 land, hav och luft. Som n\u00e4mnts i motsvarande kapitel om reptiler \u00f6kar systematisk forskning dagligen antalet arter vi k\u00e4nner till \u00e4ven om d\u00e4ggdjur. I b\u00f6rjan av 80-talet uppskattade+ L\u00e4s Mer","og_url":"https:\/\/www.in2greece.com\/swedish\/animals_plants\/mammals.htm","og_site_name":"Grekland","article_publisher":"https:\/\/www.facebook.com\/in2greece","article_modified_time":"2023-10-17T11:45:00+00:00","og_image":[{"width":100,"height":125,"url":"https:\/\/www.in2greece.com\/swedish\/wp-content\/uploads\/2023\/10\/brownhare.gif","type":"image\/gif"}],"twitter_card":"summary_large_image","twitter_misc":{"Ber\u00e4knad l\u00e4stid":"4 minuter"},"schema":{"@context":"https:\/\/schema.org","@graph":[{"@type":"WebPage","@id":"https:\/\/www.in2greece.com\/swedish\/animals_plants\/mammals.htm","url":"https:\/\/www.in2greece.com\/swedish\/animals_plants\/mammals.htm","name":"D\u00e4ggdjur i Grekland","isPartOf":{"@id":"https:\/\/www.in2greece.com\/swedish\/#website"},"primaryImageOfPage":{"@id":"https:\/\/www.in2greece.com\/swedish\/animals_plants\/mammals.htm#primaryimage"},"image":{"@id":"https:\/\/www.in2greece.com\/swedish\/animals_plants\/mammals.htm#primaryimage"},"thumbnailUrl":"https:\/\/www.in2greece.com\/swedish\/wp-content\/uploads\/2023\/10\/brownhare.gif","datePublished":"2023-10-17T11:44:14+00:00","dateModified":"2023-10-17T11:45:00+00:00","breadcrumb":{"@id":"https:\/\/www.in2greece.com\/swedish\/animals_plants\/mammals.htm#breadcrumb"},"inLanguage":"sv-SE","potentialAction":[{"@type":"ReadAction","target":["https:\/\/www.in2greece.com\/swedish\/animals_plants\/mammals.htm"]}]},{"@type":"ImageObject","inLanguage":"sv-SE","@id":"https:\/\/www.in2greece.com\/swedish\/animals_plants\/mammals.htm#primaryimage","url":"https:\/\/www.in2greece.com\/swedish\/wp-content\/uploads\/2023\/10\/brownhare.gif","contentUrl":"https:\/\/www.in2greece.com\/swedish\/wp-content\/uploads\/2023\/10\/brownhare.gif","width":100,"height":125,"caption":"D\u00e4ggdjur i Grekland"},{"@type":"BreadcrumbList","@id":"https:\/\/www.in2greece.com\/swedish\/animals_plants\/mammals.htm#breadcrumb","itemListElement":[{"@type":"ListItem","position":1,"name":"Home","item":"https:\/\/www.in2greece.com\/swedish\/"},{"@type":"ListItem","position":2,"name":"D\u00e4ggdjur i Grekland"}]},{"@type":"WebSite","@id":"https:\/\/www.in2greece.com\/swedish\/#website","url":"https:\/\/www.in2greece.com\/swedish\/","name":"Grekland","description":"Reseguide till Grekland","publisher":{"@id":"https:\/\/www.in2greece.com\/swedish\/#organization"},"potentialAction":[{"@type":"SearchAction","target":{"@type":"EntryPoint","urlTemplate":"https:\/\/www.in2greece.com\/swedish\/?s={search_term_string}"},"query-input":{"@type":"PropertyValueSpecification","valueRequired":true,"valueName":"search_term_string"}}],"inLanguage":"sv-SE"},{"@type":"Organization","@id":"https:\/\/www.in2greece.com\/swedish\/#organization","name":"www.in2greece.com","url":"https:\/\/www.in2greece.com\/swedish\/","logo":{"@type":"ImageObject","inLanguage":"sv-SE","@id":"https:\/\/www.in2greece.com\/swedish\/#\/schema\/logo\/image\/","url":"https:\/\/www.in2greece.com\/swedish\/wp-content\/uploads\/2022\/02\/in2greece.png","contentUrl":"https:\/\/www.in2greece.com\/swedish\/wp-content\/uploads\/2022\/02\/in2greece.png","width":150,"height":149,"caption":"www.in2greece.com"},"image":{"@id":"https:\/\/www.in2greece.com\/swedish\/#\/schema\/logo\/image\/"},"sameAs":["https:\/\/www.facebook.com\/in2greece"]}]}},"_links":{"self":[{"href":"https:\/\/www.in2greece.com\/swedish\/wp-json\/wp\/v2\/pages\/331","targetHints":{"allow":["GET"]}}],"collection":[{"href":"https:\/\/www.in2greece.com\/swedish\/wp-json\/wp\/v2\/pages"}],"about":[{"href":"https:\/\/www.in2greece.com\/swedish\/wp-json\/wp\/v2\/types\/page"}],"author":[{"embeddable":true,"href":"https:\/\/www.in2greece.com\/swedish\/wp-json\/wp\/v2\/users\/1"}],"replies":[{"embeddable":true,"href":"https:\/\/www.in2greece.com\/swedish\/wp-json\/wp\/v2\/comments?post=331"}],"version-history":[{"count":0,"href":"https:\/\/www.in2greece.com\/swedish\/wp-json\/wp\/v2\/pages\/331\/revisions"}],"wp:featuredmedia":[{"embeddable":true,"href":"https:\/\/www.in2greece.com\/swedish\/wp-json\/wp\/v2\/media\/336"}],"wp:attachment":[{"href":"https:\/\/www.in2greece.com\/swedish\/wp-json\/wp\/v2\/media?parent=331"}],"curies":[{"name":"wp","href":"https:\/\/api.w.org\/{rel}","templated":true}]}}