{"id":309,"date":"2023-10-09T10:23:58","date_gmt":"2023-10-09T10:23:58","guid":{"rendered":"https:\/\/www.in2greece.com\/swedish\/?page_id=309"},"modified":"2023-11-01T10:33:51","modified_gmt":"2023-11-01T10:33:51","slug":"hellenistiska-perioden","status":"publish","type":"page","link":"https:\/\/www.in2greece.com\/swedish\/historymyth\/history\/general\/hellenistic.htm","title":{"rendered":"Hellenistiska Grekland"},"content":{"rendered":"\n<h2 class=\"wp-block-heading\" id=\"h-den-hellenistiska-perioden-i-grekland\">Den hellenistiska perioden i Grekland<\/h2>\n\n\n<p><img decoding=\"async\" class=\"alignleft size-full wp-image-310\" src=\"https:\/\/www.in2greece.com\/swedish\/wp-content\/uploads\/2023\/10\/hellenistika-perioden.png\" alt=\"hellenistika perioden\" width=\"300\" height=\"221\" \/>Den hellenistiska perioden i Grekland startar n\u00e4r Alexander den Store l\u00e4mnade sitt omfattande er\u00f6vrade territorium utan en tydlig f\u00f6ljdlinje och hans starkaste generaler delade upp det i flera stora kungad\u00f6men. De nya oberoende regeringarna, tillsammans med spridningen av den grekiska kulturen s\u00e5 l\u00e5ngt bort som i Indien, banade v\u00e4g f\u00f6r dramatiska f\u00f6r\u00e4ndringar i hur grekerna s\u00e5g p\u00e5 sig sj\u00e4lva och v\u00e4rlden omkring dem.<\/p>\n<p>Grekisk konst och liv hade alltid p\u00e5verkats av andra kulturer, men utvidgningen av territoriet under Alexander den stores er\u00f6vringar medf\u00f6rde st\u00f6rre m\u00f6jligheter till \u00f6msesidigt kulturutbyte. Dessa utbyten ledde till en ny kosmopolitism i den grekiska v\u00e4rlden och p\u00e5verkade \u00f6nskan att f\u00f6rst\u00e5, uppskatta och representera m\u00e5ngfalden hos enskilda folk. St\u00f6rre r\u00f6rlighet m\u00f6jliggjord av territoriell expansion uppmuntrade ocks\u00e5 m\u00e4nniskor att s\u00f6ka en k\u00e4nsla av syfte och tillh\u00f6righet. Filosofi och andra intellektuella syssels\u00e4ttningar, som utvecklades i stora framsteg under den hellenistiska perioden, gav ett s\u00e4tt att utforska sina k\u00e4nslor och se v\u00e4rlden och det var under denna tid som filosofer som Epicurus (341-270 f.Kr.) och Diogenes fr\u00e5n Sinope (c. 404-323 f.Kr.) fann deras efterf\u00f6ljare och p\u00e5verkade de efterf\u00f6ljande generationerna.<\/p>\n<p>Sociala och kulturella f\u00f6r\u00e4ndringar medf\u00f6rde ocks\u00e5 f\u00f6r\u00e4ndringar i grekiska religi\u00f6sa sedv\u00e4njor. Individualistiska k\u00e4nslor bidrog till en ny fascination f\u00f6r mysteriekulter, som ofta utlovade bel\u00f6ning i form av ett b\u00e4ttre liv efter detta. Nya gudar introducerades till Grekland fr\u00e5n omr\u00e5den som Egypten och Syrien, ett resultat av kosmopolitism och kulturellt utbyte. H\u00e4rskarkulter blev vanliga n\u00e4r hellenistiska kungar och drottningar b\u00f6rjade dyrkas tillsammans med gudar. I vissa delar av den hellenistiska v\u00e4rlden, s\u00e5som Egypten, som styrdes under den hellenistiska perioden av en familj som kallades Ptolem\u00e9erna, hade en l\u00e5ng tradition av h\u00e4rskardyrkan redan funnits, men i andra omr\u00e5den, som inte hade n\u00e5gon s\u00e5dan tradition, gjorde h\u00e4rskardyrkan. inte f\u00e5ngas lika snabbt eller starkt.<\/p>\n<p>Konsten blomstrade under den hellenistiska perioden n\u00e4r konstn\u00e4rer utforskade nya s\u00e4tt att representera k\u00e4nslom\u00e4ssiga effekter, individuella upplevelser och utsmyckade detaljer. Arkitekturen blev ett s\u00e4tt att uttrycka intresse f\u00f6r det dramatiska (4) genom enorma byggnader, s\u00e5v\u00e4l som \u00f6verraskande vyer, som vid helgedomen Athena p\u00e5 \u00f6n Lindos, och innovativ design, som vid Apollons helgedom vid Didyma. Religi\u00f6sa byggnader utformades ofta f\u00f6r att ge bes\u00f6karna en fysisk och k\u00e4nslom\u00e4ssig upplevelse som matchade deras religi\u00f6sa upplevelse; de var menade att framkalla k\u00e4nslor av v\u00f6rdnad, uppenbarelse och f\u00f6rtjusning.<\/p>\n<p>Hellenistisk skulptur speglade en ny medvetenhet om personlighet och introspektion genom att visa realism och m\u00e4nskliga k\u00e4nslor, snarare \u00e4n den frist\u00e5ende idealism som var uppenbar i konsten under den klassiska perioden. Skulpt\u00f6rer utforskade ocks\u00e5 virvlande draperier, som exemplifieras i den ber\u00f6mda Nike fr\u00e5n Samothrace, och den kvinnliga naken, som i Afrodite av Knidos. Dessutom blev skulpturen mer engagerad i utrymmet runt sig: snarare \u00e4n att framst\u00e5 som statiska figurer som bara var avsedda att ses framifr\u00e5n, utvecklades den hellenistiska skulpturen till n\u00e5got mer dynamiskt, som str\u00e4ckte ut i betraktarens utrymme och inbjudande vyer fr\u00e5n alla h\u00e5ll. Ludovisi Gallien, till exempel, uppvisar den h\u00f6ga dramatik som k\u00e4nnetecknar den hellenistiska perioden samtidigt som den uppmuntrar, till och med tvingar betraktaren att kringg\u00e5 den f\u00f6r att ta in allt.<\/p>\n<p>\u00c4ven i de mindre konsterna, s\u00e5som keramik, under den hellenistiska perioden visade en f\u00f6r\u00e4ndring i konstn\u00e4rlig k\u00e4nslighet och smak. Vissa typer av hellenistisk grekisk keramik blev mer utsmyckad och f\u00e4rgstark, parallellt med utvecklingen inom skulptur inom arkitektur. Andra stilar av keramik imiterade i lera de lyxiga serviserna av brons, silver och guld som anv\u00e4ndes av kejserliga familjer och andra elitmedlemmar i samh\u00e4llet .<\/p>\n<p>Trots uppblomstringen av kulturellt utbyte och konstn\u00e4rlig innovation \u00e4r den hellenistiska perioden den sista eran av oberoende grekisk civilisation, som n\u00e5r slutet av sin dominans n\u00e4r en ny makt v\u00e4xte fram i v\u00e4st. Rom hade redan er\u00f6vrat de grekiska st\u00e4derna och st\u00e4derna i s\u00f6dra Italien och Sicilien, inklusive Paestum och Syrakusa, och var angel\u00e4gen om att l\u00e4gga fastlandet Grekland och resten av de hellenistiska kungad\u00f6mena till dess expanderande imperium. \u00c5r 146 f.v.t. plundrade romarna Korinth och 86 f.v.t. f\u00f6ll Aten i en bel\u00e4gring av romerska trupper. \u00c4ven om Grekland var ett er\u00f6vrat territorium, respekterade romarna och efterliknade faktiskt m\u00e5nga aspekter av den grekiska kulturen. Konst flyttades i stora m\u00e4ngder fr\u00e5n Grekland till Rom och kopierades i stor utstr\u00e4ckning av romerska konstn\u00e4rer inom skulptur, m\u00e5lning och arkitektur.<\/p>\n<p><a href=\"https:\/\/www.in2greece.com\/english\/historymyth\/history\/general\/hellenistic.htm\"><img decoding=\"async\" class=\"alignleft wp-image-114 size-full\" src=\"https:\/\/www.in2greece.com\/swedish\/wp-content\/uploads\/2022\/05\/en.jpg\" alt=\"en\" width=\"53\" height=\"29\" \/><\/a><\/p>","protected":false},"excerpt":{"rendered":"<p>Den hellenistiska perioden i Grekland Den hellenistiska perioden i Grekland startar n\u00e4r Alexander den Store l\u00e4mnade sitt omfattande er\u00f6vrade territorium utan en tydlig f\u00f6ljdlinje och hans starkaste generaler delade upp det i flera stora kungad\u00f6men. De nya oberoende regeringarna, tillsammans med spridningen av den grekiska kulturen s\u00e5 l\u00e5ngt bort som i Indien, banade v\u00e4g f\u00f6r<br \/><a class=\"moretag\" href=\"https:\/\/www.in2greece.com\/swedish\/historymyth\/history\/general\/hellenistic.htm\">+ L\u00e4s Mer<\/a><\/p>\n","protected":false},"author":1,"featured_media":310,"parent":216,"menu_order":0,"comment_status":"closed","ping_status":"closed","template":"","meta":{"footnotes":""},"class_list":["post-309","page","type-page","status-publish","has-post-thumbnail","hentry"],"yoast_head":"<!-- This site is optimized with the Yoast SEO plugin v27.4 - https:\/\/yoast.com\/product\/yoast-seo-wordpress\/ -->\n<title>Hellenistiska Grekland och hellenistiska tiden<\/title>\n<meta name=\"description\" content=\"Den hellenistiska tid i Grekland startar n\u00e4r Alexander den Store l\u00e4mnade sitt omfattande er\u00f6vrade territorium utan en tydlig f\u00f6ljdlinje och hans starkaste generaler delade upp det i flera stora kungad\u00f6men\" \/>\n<meta name=\"robots\" content=\"index, follow, max-snippet:-1, max-image-preview:large, max-video-preview:-1\" \/>\n<link rel=\"canonical\" href=\"https:\/\/www.in2greece.com\/swedish\/historymyth\/history\/general\/hellenistic.htm\" \/>\n<meta property=\"og:locale\" content=\"sv_SE\" \/>\n<meta property=\"og:type\" content=\"article\" \/>\n<meta property=\"og:title\" content=\"Hellenistiska Grekland och hellenistiska tiden\" \/>\n<meta property=\"og:description\" content=\"Den hellenistiska tid i Grekland startar n\u00e4r Alexander den Store l\u00e4mnade sitt omfattande er\u00f6vrade territorium utan en tydlig f\u00f6ljdlinje och hans starkaste generaler delade upp det i flera stora kungad\u00f6men\" \/>\n<meta property=\"og:url\" content=\"https:\/\/www.in2greece.com\/swedish\/historymyth\/history\/general\/hellenistic.htm\" \/>\n<meta property=\"og:site_name\" content=\"Grekland\" \/>\n<meta property=\"article:publisher\" content=\"https:\/\/www.facebook.com\/in2greece\" \/>\n<meta property=\"article:modified_time\" content=\"2023-11-01T10:33:51+00:00\" \/>\n<meta property=\"og:image\" content=\"https:\/\/www.in2greece.com\/swedish\/wp-content\/uploads\/2023\/10\/hellenistika-perioden.png\" \/>\n\t<meta property=\"og:image:width\" content=\"300\" \/>\n\t<meta property=\"og:image:height\" content=\"221\" \/>\n\t<meta property=\"og:image:type\" content=\"image\/png\" \/>\n<meta name=\"twitter:card\" content=\"summary_large_image\" \/>\n<meta name=\"twitter:label1\" content=\"Ber\u00e4knad l\u00e4stid\" \/>\n\t<meta name=\"twitter:data1\" content=\"4 minuter\" \/>\n<script type=\"application\/ld+json\" class=\"yoast-schema-graph\">{\"@context\":\"https:\\\/\\\/schema.org\",\"@graph\":[{\"@type\":\"WebPage\",\"@id\":\"https:\\\/\\\/www.in2greece.com\\\/swedish\\\/historymyth\\\/history\\\/general\\\/hellenistic.htm\",\"url\":\"https:\\\/\\\/www.in2greece.com\\\/swedish\\\/historymyth\\\/history\\\/general\\\/hellenistic.htm\",\"name\":\"Hellenistiska Grekland och hellenistiska tiden\",\"isPartOf\":{\"@id\":\"https:\\\/\\\/www.in2greece.com\\\/swedish\\\/#website\"},\"primaryImageOfPage\":{\"@id\":\"https:\\\/\\\/www.in2greece.com\\\/swedish\\\/historymyth\\\/history\\\/general\\\/hellenistic.htm#primaryimage\"},\"image\":{\"@id\":\"https:\\\/\\\/www.in2greece.com\\\/swedish\\\/historymyth\\\/history\\\/general\\\/hellenistic.htm#primaryimage\"},\"thumbnailUrl\":\"https:\\\/\\\/www.in2greece.com\\\/swedish\\\/wp-content\\\/uploads\\\/2023\\\/10\\\/hellenistika-perioden.png\",\"datePublished\":\"2023-10-09T10:23:58+00:00\",\"dateModified\":\"2023-11-01T10:33:51+00:00\",\"description\":\"Den hellenistiska tid i Grekland startar n\u00e4r Alexander den Store l\u00e4mnade sitt omfattande er\u00f6vrade territorium utan en tydlig f\u00f6ljdlinje och hans starkaste generaler delade upp det i flera stora kungad\u00f6men\",\"breadcrumb\":{\"@id\":\"https:\\\/\\\/www.in2greece.com\\\/swedish\\\/historymyth\\\/history\\\/general\\\/hellenistic.htm#breadcrumb\"},\"inLanguage\":\"sv-SE\",\"potentialAction\":[{\"@type\":\"ReadAction\",\"target\":[\"https:\\\/\\\/www.in2greece.com\\\/swedish\\\/historymyth\\\/history\\\/general\\\/hellenistic.htm\"]}]},{\"@type\":\"ImageObject\",\"inLanguage\":\"sv-SE\",\"@id\":\"https:\\\/\\\/www.in2greece.com\\\/swedish\\\/historymyth\\\/history\\\/general\\\/hellenistic.htm#primaryimage\",\"url\":\"https:\\\/\\\/www.in2greece.com\\\/swedish\\\/wp-content\\\/uploads\\\/2023\\\/10\\\/hellenistika-perioden.png\",\"contentUrl\":\"https:\\\/\\\/www.in2greece.com\\\/swedish\\\/wp-content\\\/uploads\\\/2023\\\/10\\\/hellenistika-perioden.png\",\"width\":300,\"height\":221,\"caption\":\"hellenistika perioden\"},{\"@type\":\"BreadcrumbList\",\"@id\":\"https:\\\/\\\/www.in2greece.com\\\/swedish\\\/historymyth\\\/history\\\/general\\\/hellenistic.htm#breadcrumb\",\"itemListElement\":[{\"@type\":\"ListItem\",\"position\":1,\"name\":\"Home\",\"item\":\"https:\\\/\\\/www.in2greece.com\\\/swedish\\\/\"},{\"@type\":\"ListItem\",\"position\":2,\"name\":\"Greklands Historia\",\"item\":\"https:\\\/\\\/www.in2greece.com\\\/swedish\\\/historymyth\\\/ancient_hist_and_myth.htm\"},{\"@type\":\"ListItem\",\"position\":3,\"name\":\"Hellenistiska Grekland\"}]},{\"@type\":\"WebSite\",\"@id\":\"https:\\\/\\\/www.in2greece.com\\\/swedish\\\/#website\",\"url\":\"https:\\\/\\\/www.in2greece.com\\\/swedish\\\/\",\"name\":\"Grekland\",\"description\":\"Reseguide till Grekland\",\"publisher\":{\"@id\":\"https:\\\/\\\/www.in2greece.com\\\/swedish\\\/#organization\"},\"potentialAction\":[{\"@type\":\"SearchAction\",\"target\":{\"@type\":\"EntryPoint\",\"urlTemplate\":\"https:\\\/\\\/www.in2greece.com\\\/swedish\\\/?s={search_term_string}\"},\"query-input\":{\"@type\":\"PropertyValueSpecification\",\"valueRequired\":true,\"valueName\":\"search_term_string\"}}],\"inLanguage\":\"sv-SE\"},{\"@type\":\"Organization\",\"@id\":\"https:\\\/\\\/www.in2greece.com\\\/swedish\\\/#organization\",\"name\":\"www.in2greece.com\",\"url\":\"https:\\\/\\\/www.in2greece.com\\\/swedish\\\/\",\"logo\":{\"@type\":\"ImageObject\",\"inLanguage\":\"sv-SE\",\"@id\":\"https:\\\/\\\/www.in2greece.com\\\/swedish\\\/#\\\/schema\\\/logo\\\/image\\\/\",\"url\":\"https:\\\/\\\/www.in2greece.com\\\/swedish\\\/wp-content\\\/uploads\\\/2022\\\/02\\\/in2greece.png\",\"contentUrl\":\"https:\\\/\\\/www.in2greece.com\\\/swedish\\\/wp-content\\\/uploads\\\/2022\\\/02\\\/in2greece.png\",\"width\":150,\"height\":149,\"caption\":\"www.in2greece.com\"},\"image\":{\"@id\":\"https:\\\/\\\/www.in2greece.com\\\/swedish\\\/#\\\/schema\\\/logo\\\/image\\\/\"},\"sameAs\":[\"https:\\\/\\\/www.facebook.com\\\/in2greece\"]}]}<\/script>\n<!-- \/ Yoast SEO plugin. -->","yoast_head_json":{"title":"Hellenistiska Grekland och hellenistiska tiden","description":"Den hellenistiska tid i Grekland startar n\u00e4r Alexander den Store l\u00e4mnade sitt omfattande er\u00f6vrade territorium utan en tydlig f\u00f6ljdlinje och hans starkaste generaler delade upp det i flera stora kungad\u00f6men","robots":{"index":"index","follow":"follow","max-snippet":"max-snippet:-1","max-image-preview":"max-image-preview:large","max-video-preview":"max-video-preview:-1"},"canonical":"https:\/\/www.in2greece.com\/swedish\/historymyth\/history\/general\/hellenistic.htm","og_locale":"sv_SE","og_type":"article","og_title":"Hellenistiska Grekland och hellenistiska tiden","og_description":"Den hellenistiska tid i Grekland startar n\u00e4r Alexander den Store l\u00e4mnade sitt omfattande er\u00f6vrade territorium utan en tydlig f\u00f6ljdlinje och hans starkaste generaler delade upp det i flera stora kungad\u00f6men","og_url":"https:\/\/www.in2greece.com\/swedish\/historymyth\/history\/general\/hellenistic.htm","og_site_name":"Grekland","article_publisher":"https:\/\/www.facebook.com\/in2greece","article_modified_time":"2023-11-01T10:33:51+00:00","og_image":[{"width":300,"height":221,"url":"https:\/\/www.in2greece.com\/swedish\/wp-content\/uploads\/2023\/10\/hellenistika-perioden.png","type":"image\/png"}],"twitter_card":"summary_large_image","twitter_misc":{"Ber\u00e4knad l\u00e4stid":"4 minuter"},"schema":{"@context":"https:\/\/schema.org","@graph":[{"@type":"WebPage","@id":"https:\/\/www.in2greece.com\/swedish\/historymyth\/history\/general\/hellenistic.htm","url":"https:\/\/www.in2greece.com\/swedish\/historymyth\/history\/general\/hellenistic.htm","name":"Hellenistiska Grekland och hellenistiska tiden","isPartOf":{"@id":"https:\/\/www.in2greece.com\/swedish\/#website"},"primaryImageOfPage":{"@id":"https:\/\/www.in2greece.com\/swedish\/historymyth\/history\/general\/hellenistic.htm#primaryimage"},"image":{"@id":"https:\/\/www.in2greece.com\/swedish\/historymyth\/history\/general\/hellenistic.htm#primaryimage"},"thumbnailUrl":"https:\/\/www.in2greece.com\/swedish\/wp-content\/uploads\/2023\/10\/hellenistika-perioden.png","datePublished":"2023-10-09T10:23:58+00:00","dateModified":"2023-11-01T10:33:51+00:00","description":"Den hellenistiska tid i Grekland startar n\u00e4r Alexander den Store l\u00e4mnade sitt omfattande er\u00f6vrade territorium utan en tydlig f\u00f6ljdlinje och hans starkaste generaler delade upp det i flera stora kungad\u00f6men","breadcrumb":{"@id":"https:\/\/www.in2greece.com\/swedish\/historymyth\/history\/general\/hellenistic.htm#breadcrumb"},"inLanguage":"sv-SE","potentialAction":[{"@type":"ReadAction","target":["https:\/\/www.in2greece.com\/swedish\/historymyth\/history\/general\/hellenistic.htm"]}]},{"@type":"ImageObject","inLanguage":"sv-SE","@id":"https:\/\/www.in2greece.com\/swedish\/historymyth\/history\/general\/hellenistic.htm#primaryimage","url":"https:\/\/www.in2greece.com\/swedish\/wp-content\/uploads\/2023\/10\/hellenistika-perioden.png","contentUrl":"https:\/\/www.in2greece.com\/swedish\/wp-content\/uploads\/2023\/10\/hellenistika-perioden.png","width":300,"height":221,"caption":"hellenistika perioden"},{"@type":"BreadcrumbList","@id":"https:\/\/www.in2greece.com\/swedish\/historymyth\/history\/general\/hellenistic.htm#breadcrumb","itemListElement":[{"@type":"ListItem","position":1,"name":"Home","item":"https:\/\/www.in2greece.com\/swedish\/"},{"@type":"ListItem","position":2,"name":"Greklands Historia","item":"https:\/\/www.in2greece.com\/swedish\/historymyth\/ancient_hist_and_myth.htm"},{"@type":"ListItem","position":3,"name":"Hellenistiska Grekland"}]},{"@type":"WebSite","@id":"https:\/\/www.in2greece.com\/swedish\/#website","url":"https:\/\/www.in2greece.com\/swedish\/","name":"Grekland","description":"Reseguide till Grekland","publisher":{"@id":"https:\/\/www.in2greece.com\/swedish\/#organization"},"potentialAction":[{"@type":"SearchAction","target":{"@type":"EntryPoint","urlTemplate":"https:\/\/www.in2greece.com\/swedish\/?s={search_term_string}"},"query-input":{"@type":"PropertyValueSpecification","valueRequired":true,"valueName":"search_term_string"}}],"inLanguage":"sv-SE"},{"@type":"Organization","@id":"https:\/\/www.in2greece.com\/swedish\/#organization","name":"www.in2greece.com","url":"https:\/\/www.in2greece.com\/swedish\/","logo":{"@type":"ImageObject","inLanguage":"sv-SE","@id":"https:\/\/www.in2greece.com\/swedish\/#\/schema\/logo\/image\/","url":"https:\/\/www.in2greece.com\/swedish\/wp-content\/uploads\/2022\/02\/in2greece.png","contentUrl":"https:\/\/www.in2greece.com\/swedish\/wp-content\/uploads\/2022\/02\/in2greece.png","width":150,"height":149,"caption":"www.in2greece.com"},"image":{"@id":"https:\/\/www.in2greece.com\/swedish\/#\/schema\/logo\/image\/"},"sameAs":["https:\/\/www.facebook.com\/in2greece"]}]}},"_links":{"self":[{"href":"https:\/\/www.in2greece.com\/swedish\/wp-json\/wp\/v2\/pages\/309","targetHints":{"allow":["GET"]}}],"collection":[{"href":"https:\/\/www.in2greece.com\/swedish\/wp-json\/wp\/v2\/pages"}],"about":[{"href":"https:\/\/www.in2greece.com\/swedish\/wp-json\/wp\/v2\/types\/page"}],"author":[{"embeddable":true,"href":"https:\/\/www.in2greece.com\/swedish\/wp-json\/wp\/v2\/users\/1"}],"replies":[{"embeddable":true,"href":"https:\/\/www.in2greece.com\/swedish\/wp-json\/wp\/v2\/comments?post=309"}],"version-history":[{"count":0,"href":"https:\/\/www.in2greece.com\/swedish\/wp-json\/wp\/v2\/pages\/309\/revisions"}],"up":[{"embeddable":true,"href":"https:\/\/www.in2greece.com\/swedish\/wp-json\/wp\/v2\/pages\/216"}],"wp:featuredmedia":[{"embeddable":true,"href":"https:\/\/www.in2greece.com\/swedish\/wp-json\/wp\/v2\/media\/310"}],"wp:attachment":[{"href":"https:\/\/www.in2greece.com\/swedish\/wp-json\/wp\/v2\/media?parent=309"}],"curies":[{"name":"wp","href":"https:\/\/api.w.org\/{rel}","templated":true}]}}