{"id":203,"date":"2023-04-24T12:37:20","date_gmt":"2023-04-24T12:37:20","guid":{"rendered":"https:\/\/www.in2greece.com\/swedish\/?page_id=203"},"modified":"2023-04-24T12:38:16","modified_gmt":"2023-04-24T12:38:16","slug":"grekland-karta","status":"publish","type":"page","link":"https:\/\/www.in2greece.com\/swedish\/grekland-karta.html","title":{"rendered":"Grekland karta"},"content":{"rendered":"\n<h2 class=\"wp-block-heading\" id=\"h-karta-over-grekland\">Karta \u00f6ver Grekland<\/h2>\n\n\n<p>Grekland ligger p\u00e5 den syd\u00f6stra spetsen av Europa och har en yta p\u00e5 131 957 kvadratkilometer. Dess huvudstad \u00e4r Aten med en befolkning p\u00e5 4 340 634 inv\u00e5nare. Landets huvudhamn ligger i Pireus, som nu \u00e4r f\u00f6renat med Aten. Thessaloniki \u00e4r den n\u00e4st st\u00f6rsta staden i Grekland med en befolkning p\u00e5 786 212 permanenta inv\u00e5nare.<\/p>\n<p>Grekland \u00e4r uppdelat i 13 administrativa regioner och en &#8221;autonom klosterstat&#8221; som ligger p\u00e5 berget Athos. Det senare best\u00e5r av 20 kloster d\u00e4r cirka 1900 munkar bor. Hela halv\u00f6n Athos i Halkidiki d\u00e4r Athos-bergets kloster har byggts \u00e4r f\u00f6rbjudet f\u00f6r kvinnor.<\/p>\n<p>De \u00e5terst\u00e5ende regionerna i Grekland \u00e4r \u00f6stra Makedonien och Thrakien, Attika d\u00e4r huvudstaden ligger, norra Egeiska havet (som presenteras via v\u00e5r webbportal), v\u00e4stra Grekland, v\u00e4stra Makedonien, Epirus, Thessalien, Joniska \u00f6arna, centrala Makedonien d\u00e4r samhuvudstaden \u00e4r Thessaloniki ligger, Kreta, s\u00f6dra Egeiska havet, Peloponnesos och centrala Grekland.<\/p>\n\n\n<h2 class=\"wp-block-heading has-text-align-center\" id=\"h-karta-grekland\">Karta Grekland<\/h2>\n\n\n<div class=\"wp-block-image\">\n<figure class=\"aligncenter size-large\"><img decoding=\"async\" width=\"1024\" height=\"920\" src=\"https:\/\/www.in2greece.com\/swedish\/wp-content\/uploads\/2023\/04\/grekland-1024x920.jpg\" alt=\"karta grekland\" class=\"wp-image-204\" srcset=\"https:\/\/www.in2greece.com\/swedish\/wp-content\/uploads\/2023\/04\/grekland-1024x920.jpg 1024w, https:\/\/www.in2greece.com\/swedish\/wp-content\/uploads\/2023\/04\/grekland-300x270.jpg 300w, https:\/\/www.in2greece.com\/swedish\/wp-content\/uploads\/2023\/04\/grekland-768x690.jpg 768w, https:\/\/www.in2greece.com\/swedish\/wp-content\/uploads\/2023\/04\/grekland.jpg 1200w\" sizes=\"(max-width: 1024px) 100vw, 1024px\" \/><figcaption class=\"wp-element-caption\"><strong>Karta Grekland<\/strong><\/figcaption><\/figure>\n<\/div>","protected":false},"excerpt":{"rendered":"<p>Karta \u00f6ver Grekland Grekland ligger p\u00e5 den syd\u00f6stra spetsen av Europa och har en yta p\u00e5 131 957 kvadratkilometer. Dess huvudstad \u00e4r Aten med en befolkning p\u00e5 4 340 634 inv\u00e5nare. Landets huvudhamn ligger i Pireus, som nu \u00e4r f\u00f6renat med Aten. Thessaloniki \u00e4r den n\u00e4st st\u00f6rsta staden i Grekland med en befolkning p\u00e5 786<br \/><a class=\"moretag\" href=\"https:\/\/www.in2greece.com\/swedish\/grekland-karta.html\">+ L\u00e4s Mer<\/a><\/p>\n","protected":false},"author":1,"featured_media":204,"parent":0,"menu_order":0,"comment_status":"closed","ping_status":"closed","template":"","meta":{"footnotes":""},"class_list":["post-203","page","type-page","status-publish","has-post-thumbnail","hentry"],"yoast_head":"<!-- This site is optimized with the Yoast SEO plugin v27.4 - https:\/\/yoast.com\/product\/yoast-seo-wordpress\/ -->\n<title>Karta \u00f6ver Grekland<\/title>\n<meta name=\"description\" content=\"Grekland ligger p\u00e5 den syd\u00f6stra spetsen av Europa och har en yta p\u00e5 131 957 kvadratkilometer. Dess huvudstad \u00e4r Aten med en befolkning p\u00e5 4 340 634 inv\u00e5nare. Landets huvudhamn ligger i Pireus, som nu \u00e4r f\u00f6renat med Aten.\" \/>\n<meta name=\"robots\" content=\"index, follow, max-snippet:-1, max-image-preview:large, max-video-preview:-1\" \/>\n<link rel=\"canonical\" href=\"https:\/\/www.in2greece.com\/swedish\/grekland-karta.html\" \/>\n<meta property=\"og:locale\" content=\"sv_SE\" \/>\n<meta property=\"og:type\" content=\"article\" \/>\n<meta property=\"og:title\" content=\"Karta \u00f6ver Grekland\" \/>\n<meta property=\"og:description\" content=\"Grekland ligger p\u00e5 den syd\u00f6stra spetsen av Europa och har en yta p\u00e5 131 957 kvadratkilometer. Dess huvudstad \u00e4r Aten med en befolkning p\u00e5 4 340 634 inv\u00e5nare. Landets huvudhamn ligger i Pireus, som nu \u00e4r f\u00f6renat med Aten.\" \/>\n<meta property=\"og:url\" content=\"https:\/\/www.in2greece.com\/swedish\/grekland-karta.html\" \/>\n<meta property=\"og:site_name\" content=\"Grekland\" \/>\n<meta property=\"article:publisher\" content=\"https:\/\/www.facebook.com\/in2greece\" \/>\n<meta property=\"article:modified_time\" content=\"2023-04-24T12:38:16+00:00\" \/>\n<meta property=\"og:image\" content=\"https:\/\/www.in2greece.com\/swedish\/wp-content\/uploads\/2023\/04\/grekland.jpg\" \/>\n\t<meta property=\"og:image:width\" content=\"1200\" \/>\n\t<meta property=\"og:image:height\" content=\"1078\" \/>\n\t<meta property=\"og:image:type\" content=\"image\/jpeg\" \/>\n<meta name=\"twitter:card\" content=\"summary_large_image\" \/>\n<meta name=\"twitter:label1\" content=\"Ber\u00e4knad l\u00e4stid\" \/>\n\t<meta name=\"twitter:data1\" content=\"1 minut\" \/>\n<script type=\"application\/ld+json\" class=\"yoast-schema-graph\">{\"@context\":\"https:\\\/\\\/schema.org\",\"@graph\":[{\"@type\":\"WebPage\",\"@id\":\"https:\\\/\\\/www.in2greece.com\\\/swedish\\\/grekland-karta.html\",\"url\":\"https:\\\/\\\/www.in2greece.com\\\/swedish\\\/grekland-karta.html\",\"name\":\"Karta \u00f6ver Grekland\",\"isPartOf\":{\"@id\":\"https:\\\/\\\/www.in2greece.com\\\/swedish\\\/#website\"},\"primaryImageOfPage\":{\"@id\":\"https:\\\/\\\/www.in2greece.com\\\/swedish\\\/grekland-karta.html#primaryimage\"},\"image\":{\"@id\":\"https:\\\/\\\/www.in2greece.com\\\/swedish\\\/grekland-karta.html#primaryimage\"},\"thumbnailUrl\":\"https:\\\/\\\/www.in2greece.com\\\/swedish\\\/wp-content\\\/uploads\\\/2023\\\/04\\\/grekland.jpg\",\"datePublished\":\"2023-04-24T12:37:20+00:00\",\"dateModified\":\"2023-04-24T12:38:16+00:00\",\"description\":\"Grekland ligger p\u00e5 den syd\u00f6stra spetsen av Europa och har en yta p\u00e5 131 957 kvadratkilometer. Dess huvudstad \u00e4r Aten med en befolkning p\u00e5 4 340 634 inv\u00e5nare. Landets huvudhamn ligger i Pireus, som nu \u00e4r f\u00f6renat med Aten.\",\"breadcrumb\":{\"@id\":\"https:\\\/\\\/www.in2greece.com\\\/swedish\\\/grekland-karta.html#breadcrumb\"},\"inLanguage\":\"sv-SE\",\"potentialAction\":[{\"@type\":\"ReadAction\",\"target\":[\"https:\\\/\\\/www.in2greece.com\\\/swedish\\\/grekland-karta.html\"]}]},{\"@type\":\"ImageObject\",\"inLanguage\":\"sv-SE\",\"@id\":\"https:\\\/\\\/www.in2greece.com\\\/swedish\\\/grekland-karta.html#primaryimage\",\"url\":\"https:\\\/\\\/www.in2greece.com\\\/swedish\\\/wp-content\\\/uploads\\\/2023\\\/04\\\/grekland.jpg\",\"contentUrl\":\"https:\\\/\\\/www.in2greece.com\\\/swedish\\\/wp-content\\\/uploads\\\/2023\\\/04\\\/grekland.jpg\",\"width\":1200,\"height\":1078,\"caption\":\"Karta Grekland\"},{\"@type\":\"BreadcrumbList\",\"@id\":\"https:\\\/\\\/www.in2greece.com\\\/swedish\\\/grekland-karta.html#breadcrumb\",\"itemListElement\":[{\"@type\":\"ListItem\",\"position\":1,\"name\":\"Home\",\"item\":\"https:\\\/\\\/www.in2greece.com\\\/swedish\\\/\"},{\"@type\":\"ListItem\",\"position\":2,\"name\":\"Grekland karta\"}]},{\"@type\":\"WebSite\",\"@id\":\"https:\\\/\\\/www.in2greece.com\\\/swedish\\\/#website\",\"url\":\"https:\\\/\\\/www.in2greece.com\\\/swedish\\\/\",\"name\":\"Grekland\",\"description\":\"Reseguide till Grekland\",\"publisher\":{\"@id\":\"https:\\\/\\\/www.in2greece.com\\\/swedish\\\/#organization\"},\"potentialAction\":[{\"@type\":\"SearchAction\",\"target\":{\"@type\":\"EntryPoint\",\"urlTemplate\":\"https:\\\/\\\/www.in2greece.com\\\/swedish\\\/?s={search_term_string}\"},\"query-input\":{\"@type\":\"PropertyValueSpecification\",\"valueRequired\":true,\"valueName\":\"search_term_string\"}}],\"inLanguage\":\"sv-SE\"},{\"@type\":\"Organization\",\"@id\":\"https:\\\/\\\/www.in2greece.com\\\/swedish\\\/#organization\",\"name\":\"www.in2greece.com\",\"url\":\"https:\\\/\\\/www.in2greece.com\\\/swedish\\\/\",\"logo\":{\"@type\":\"ImageObject\",\"inLanguage\":\"sv-SE\",\"@id\":\"https:\\\/\\\/www.in2greece.com\\\/swedish\\\/#\\\/schema\\\/logo\\\/image\\\/\",\"url\":\"https:\\\/\\\/www.in2greece.com\\\/swedish\\\/wp-content\\\/uploads\\\/2022\\\/02\\\/in2greece.png\",\"contentUrl\":\"https:\\\/\\\/www.in2greece.com\\\/swedish\\\/wp-content\\\/uploads\\\/2022\\\/02\\\/in2greece.png\",\"width\":150,\"height\":149,\"caption\":\"www.in2greece.com\"},\"image\":{\"@id\":\"https:\\\/\\\/www.in2greece.com\\\/swedish\\\/#\\\/schema\\\/logo\\\/image\\\/\"},\"sameAs\":[\"https:\\\/\\\/www.facebook.com\\\/in2greece\"]}]}<\/script>\n<!-- \/ Yoast SEO plugin. -->","yoast_head_json":{"title":"Karta \u00f6ver Grekland","description":"Grekland ligger p\u00e5 den syd\u00f6stra spetsen av Europa och har en yta p\u00e5 131 957 kvadratkilometer. Dess huvudstad \u00e4r Aten med en befolkning p\u00e5 4 340 634 inv\u00e5nare. Landets huvudhamn ligger i Pireus, som nu \u00e4r f\u00f6renat med Aten.","robots":{"index":"index","follow":"follow","max-snippet":"max-snippet:-1","max-image-preview":"max-image-preview:large","max-video-preview":"max-video-preview:-1"},"canonical":"https:\/\/www.in2greece.com\/swedish\/grekland-karta.html","og_locale":"sv_SE","og_type":"article","og_title":"Karta \u00f6ver Grekland","og_description":"Grekland ligger p\u00e5 den syd\u00f6stra spetsen av Europa och har en yta p\u00e5 131 957 kvadratkilometer. Dess huvudstad \u00e4r Aten med en befolkning p\u00e5 4 340 634 inv\u00e5nare. Landets huvudhamn ligger i Pireus, som nu \u00e4r f\u00f6renat med Aten.","og_url":"https:\/\/www.in2greece.com\/swedish\/grekland-karta.html","og_site_name":"Grekland","article_publisher":"https:\/\/www.facebook.com\/in2greece","article_modified_time":"2023-04-24T12:38:16+00:00","og_image":[{"width":1200,"height":1078,"url":"https:\/\/www.in2greece.com\/swedish\/wp-content\/uploads\/2023\/04\/grekland.jpg","type":"image\/jpeg"}],"twitter_card":"summary_large_image","twitter_misc":{"Ber\u00e4knad l\u00e4stid":"1 minut"},"schema":{"@context":"https:\/\/schema.org","@graph":[{"@type":"WebPage","@id":"https:\/\/www.in2greece.com\/swedish\/grekland-karta.html","url":"https:\/\/www.in2greece.com\/swedish\/grekland-karta.html","name":"Karta \u00f6ver Grekland","isPartOf":{"@id":"https:\/\/www.in2greece.com\/swedish\/#website"},"primaryImageOfPage":{"@id":"https:\/\/www.in2greece.com\/swedish\/grekland-karta.html#primaryimage"},"image":{"@id":"https:\/\/www.in2greece.com\/swedish\/grekland-karta.html#primaryimage"},"thumbnailUrl":"https:\/\/www.in2greece.com\/swedish\/wp-content\/uploads\/2023\/04\/grekland.jpg","datePublished":"2023-04-24T12:37:20+00:00","dateModified":"2023-04-24T12:38:16+00:00","description":"Grekland ligger p\u00e5 den syd\u00f6stra spetsen av Europa och har en yta p\u00e5 131 957 kvadratkilometer. Dess huvudstad \u00e4r Aten med en befolkning p\u00e5 4 340 634 inv\u00e5nare. Landets huvudhamn ligger i Pireus, som nu \u00e4r f\u00f6renat med Aten.","breadcrumb":{"@id":"https:\/\/www.in2greece.com\/swedish\/grekland-karta.html#breadcrumb"},"inLanguage":"sv-SE","potentialAction":[{"@type":"ReadAction","target":["https:\/\/www.in2greece.com\/swedish\/grekland-karta.html"]}]},{"@type":"ImageObject","inLanguage":"sv-SE","@id":"https:\/\/www.in2greece.com\/swedish\/grekland-karta.html#primaryimage","url":"https:\/\/www.in2greece.com\/swedish\/wp-content\/uploads\/2023\/04\/grekland.jpg","contentUrl":"https:\/\/www.in2greece.com\/swedish\/wp-content\/uploads\/2023\/04\/grekland.jpg","width":1200,"height":1078,"caption":"Karta Grekland"},{"@type":"BreadcrumbList","@id":"https:\/\/www.in2greece.com\/swedish\/grekland-karta.html#breadcrumb","itemListElement":[{"@type":"ListItem","position":1,"name":"Home","item":"https:\/\/www.in2greece.com\/swedish\/"},{"@type":"ListItem","position":2,"name":"Grekland karta"}]},{"@type":"WebSite","@id":"https:\/\/www.in2greece.com\/swedish\/#website","url":"https:\/\/www.in2greece.com\/swedish\/","name":"Grekland","description":"Reseguide till Grekland","publisher":{"@id":"https:\/\/www.in2greece.com\/swedish\/#organization"},"potentialAction":[{"@type":"SearchAction","target":{"@type":"EntryPoint","urlTemplate":"https:\/\/www.in2greece.com\/swedish\/?s={search_term_string}"},"query-input":{"@type":"PropertyValueSpecification","valueRequired":true,"valueName":"search_term_string"}}],"inLanguage":"sv-SE"},{"@type":"Organization","@id":"https:\/\/www.in2greece.com\/swedish\/#organization","name":"www.in2greece.com","url":"https:\/\/www.in2greece.com\/swedish\/","logo":{"@type":"ImageObject","inLanguage":"sv-SE","@id":"https:\/\/www.in2greece.com\/swedish\/#\/schema\/logo\/image\/","url":"https:\/\/www.in2greece.com\/swedish\/wp-content\/uploads\/2022\/02\/in2greece.png","contentUrl":"https:\/\/www.in2greece.com\/swedish\/wp-content\/uploads\/2022\/02\/in2greece.png","width":150,"height":149,"caption":"www.in2greece.com"},"image":{"@id":"https:\/\/www.in2greece.com\/swedish\/#\/schema\/logo\/image\/"},"sameAs":["https:\/\/www.facebook.com\/in2greece"]}]}},"_links":{"self":[{"href":"https:\/\/www.in2greece.com\/swedish\/wp-json\/wp\/v2\/pages\/203","targetHints":{"allow":["GET"]}}],"collection":[{"href":"https:\/\/www.in2greece.com\/swedish\/wp-json\/wp\/v2\/pages"}],"about":[{"href":"https:\/\/www.in2greece.com\/swedish\/wp-json\/wp\/v2\/types\/page"}],"author":[{"embeddable":true,"href":"https:\/\/www.in2greece.com\/swedish\/wp-json\/wp\/v2\/users\/1"}],"replies":[{"embeddable":true,"href":"https:\/\/www.in2greece.com\/swedish\/wp-json\/wp\/v2\/comments?post=203"}],"version-history":[{"count":0,"href":"https:\/\/www.in2greece.com\/swedish\/wp-json\/wp\/v2\/pages\/203\/revisions"}],"wp:featuredmedia":[{"embeddable":true,"href":"https:\/\/www.in2greece.com\/swedish\/wp-json\/wp\/v2\/media\/204"}],"wp:attachment":[{"href":"https:\/\/www.in2greece.com\/swedish\/wp-json\/wp\/v2\/media?parent=203"}],"curies":[{"name":"wp","href":"https:\/\/api.w.org\/{rel}","templated":true}]}}