{"id":195,"date":"2022-11-17T13:26:02","date_gmt":"2022-11-17T13:26:02","guid":{"rendered":"https:\/\/www.in2greece.com\/swedish\/?page_id=195"},"modified":"2022-11-17T13:27:11","modified_gmt":"2022-11-17T13:27:11","slug":"fakta-om-grekland","status":"publish","type":"page","link":"https:\/\/www.in2greece.com\/swedish\/factstrivia\/facts_trivia.htm","title":{"rendered":"Fakta om Grekland"},"content":{"rendered":"\n<h2 class=\"wp-block-heading\" id=\"h-intressanta-fakta-och-trivia-om-grekland\"><strong>Intressanta fakta och trivia om Grekland<\/strong><\/h2>\n\n\n<p>N\u00e4r det kommer till fakta om Grekland t\u00e4nker alla p\u00e5 antikens Grekland, Akropolis och \u00f6arna. Det \u00e4r inte bara det. F\u00f6rutom historia har grekisk kultur och livsstil en del intressanta saker som m\u00e5ste s\u00e4gas.<\/p>\n<p>I det h\u00e4r inl\u00e4gget kommer vi att kategorisera fakta om Grekland i delar: allm\u00e4nna fakta, intressanta fakta och roliga fakta om Grekland, s\u00e5 att du kan f\u00e5 en bild av vad att bo i Grekland betyder i verkligheten, hj\u00e4rta och sj\u00e4l.<\/p>\n<p>Tillsammans med att vara ett av v\u00e5ra favoritl\u00e4nder att bes\u00f6ka, \u00e4r Grekland ocks\u00e5 en helt och h\u00e5llet fascinerande plats att l\u00e4ra sig om.<br>Med en l\u00e5ng och rik historia \u00e4r det ingen \u00f6verraskning att det finns massor av intressanta fakta om Grekland!<br><strong>H\u00e4r \u00e4r n\u00e5gra intressanta fakta och trivia om Grekland<\/strong><\/p>\n<h4>Grekiska flaggan<\/h4>\n<p>Den grekiska flaggan inneh\u00e5ller nio bl\u00e5-vita horisontella r\u00e4nder, vilket st\u00e5r f\u00f6r de nio stavelserna i det grekiska mottot &#8221;Eleftheria i Thanatos&#8221; eller &#8221;Frihet eller d\u00f6d&#8221;. Bl\u00e5tt representerar Greklands hav och himmel, medan vitt st\u00e5r f\u00f6r renheten i frihetskampen. I det \u00f6vre v\u00e4nstra h\u00f6rnet finns det traditionella grekisk-ortodoxa korset.<\/p>\n<h4>Grekiska Namn<\/h4>\n<p>N\u00e4r det g\u00e4ller namn \u00e4r namnsdagar i det grekiska samh\u00e4llet lika viktiga f\u00f6r f\u00f6delsedagar. De flesta av de grekiska namnen kommer fr\u00e5n religi\u00f6sa helgon och namnsdagen \u00e4r en stor fest f\u00f6r familjen.<\/p>\n<p>Nyf\u00f6dda f\u00e5r inget namn vid f\u00f6dseln, utan d\u00f6ps runt sin f\u00f6rsta f\u00f6delsedag. Namnet som kommer att ges till barnet \u00e4r en viktig fr\u00e5ga f\u00f6r den grekiska familjen.<\/p>\n<p>Vanligtvis \u00e4r barnet uppkallat efter namnet p\u00e5 en farf\u00f6r\u00e4lder, s\u00e5 att arvet fr\u00e5n familjen forts\u00e4tter. Det \u00e4r anledningen till att en familj kan ha 3 barn uppkallade efter farfar<\/p>\n<h4>Grekland heter inte Grekland<\/h4>\n<p>Den engelsktalande v\u00e4rlden kan referera till landet som Grekland, men dess officiella namn \u00e4r Grekland. Grekerna sj\u00e4lva refererar oftast till namnet som Hellas (gammaldags term) eller Hellada uttalas med ett tyst &#8221;H&#8221;.<\/p>\n<h4>Grekerna skapade demokrati<\/h4>\n<p>De antika atenarna utvecklade en demokrati p\u00e5 500-talet f.Kr. \u00c4ven om endast manliga greker fick r\u00f6sta kunde de r\u00f6sta om lagar och beslut.<\/p>\n<p>En av de konstiga fakta om det antika Grekland, var att de ocks\u00e5 hade ett system d\u00e4r de kunde r\u00f6sta f\u00f6r att utest\u00e4nga n\u00e5gon fr\u00e5n samh\u00e4llet om de k\u00e4nde att den personen f\u00f6rtj\u00e4nade det!<\/p>\n<p>Det borde ocks\u00e5 vara sj\u00e4lvklart att det engelska ordet Democracy kommer fr\u00e5n grekiskan.<\/p>\n<h4>Grekland har hundratals arkeologiska museer<\/h4>\n<p>Gr\u00e4v ner n\u00e5gra meter n\u00e4stan var som helst i Grekland, och du kommer att snubbla \u00f6ver resterna av antika civilisationer! Under m\u00e5nga \u00e5r har hundratals arkeologiska platser uppt\u00e4ckts i Grekland och museer byggt bredvid dem.<\/p>\n<p>Mina personliga favoritarkeologiska museer i Grekland \u00e4r National Archaeological Museum i Aten och Delphi Museum.<\/p>\n<h4>Marathon uppfanns i Grekland<\/h4>\n<p>Enligt grekisk historia sprang en soldat vid namn Pheidippides en str\u00e4cka p\u00e5 n\u00e4stan 25 miles fr\u00e5n ett slagf\u00e4lt n\u00e4ra staden Marathon, Grekland, till Aten \u00e5r 490 f.Kr. Han levererade nyheter om persernas nederlag till atenarna, och kollapsade och dog direkt efter\u00e5t.<\/p>\n<p>Det var kanske inte f\u00f6rv\u00e5nande, eftersom han under dagarna f\u00f6re denna h\u00e4ndelse hade sprungit \u00f6ver 300 mil som budb\u00e4rare mellan Sparta och Aten! Nedan kan du se ett foto av m\u00e4nniskor som njuter av att springa Modern Marathon i Aten i ett mycket mer avslappnat tempo!<\/p>\n<h4>Politik<\/h4>\n<p>Greklands officiella namn \u00e4r Hellas eller Hellenic Republic. N\u00e4r det g\u00e4ller dess politiska regim \u00e4r landet en parlamentarisk republik, med Hellenska republikens president som statschef och en lagstiftande f\u00f6rsamling med 300 personer.<br>Val i Grekland \u00e4ger vanligtvis rum en g\u00e5ng vart fj\u00e4rde \u00e5r.<\/p>\n<h4>P\u00e5sklov<\/h4>\n<p>P\u00e5skhelgen \u00e4r viktigare \u00e4n julhelgen. F\u00f6r den ortodoxa kyrkan \u00e4r Kristi uppst\u00e5ndelse \u00e5rets st\u00f6rsta h\u00f6gtid. Hela landet beklagar Kristi d\u00f6d, innan st\u00e4mningen blir festlig med p\u00e5skdagen som h\u00f6jdpunkten f\u00f6r firandet.<\/p>\n<h4>Grekiskt kaffe<\/h4>\n<p>Grekiskt kaffe g\u00f6rs med en finmalet kaffe som kokas i en h\u00f6g, smal gryta som kallas briki.<br>De tre huvuddelarna av grekiskt kaffe \u00e4r sumpen, det tjocka och starka flytande kaffet och det kr\u00e4miga skummet p\u00e5 toppen eller crema.Det \u00e4r t\u00e4nkt att smuttas l\u00e5ngsamt med marken som sakta l\u00e4gger sig p\u00e5 botten. Det \u00e5tf\u00f6ljs vanligtvis av en traditionell sked s\u00f6t konserv. Drick inte den nedre dele<\/p>\n<h4>Filosofen<\/h4>\n<p>Den f\u00f6rsta filosofen anses vara Thales fr\u00e5n Miletus (ca 624 \u2013 425 f.Kr.). Han anses ha gett den f\u00f6rsta f\u00f6rklaringen till v\u00e4rldens ursprung som inte var mytologisk.<\/p>\n<h4>Historikern<\/h4>\n<p>Den f\u00f6rsta historikern anses vara f\u00f6rfattaren Herodotos (ca 484 \u2013 425 f.Kr.). Han \u00e4r f\u00f6rfattare till den f\u00f6rsta stora historieboken om de grekisk-persiska krigen.<\/p>\n<h4>Det onda \u00f6gat<\/h4>\n<p>Det onda \u00f6gat \u00e4r en vanlig vidskepelse. Du hittar smycken och andra prydnader i form av ett stort bl\u00e5tt \u00f6ga \u00f6verallt. Att b\u00e4ra bl\u00e5\u00f6gonberlocker eller bl\u00e5 p\u00e4rlor kan avv\u00e4rja det &#8221;onda \u00f6gat&#8221;. Detsamma g\u00e4ller de bl\u00e5m\u00e5lade hustopparna i kykladisk arkitektur. De m\u00e5lade taken och luckorna i den bl\u00e5 f\u00e4rgen f\u00f6r att h\u00e5lla det onda borta.<\/p>\n<h4>Akropolis<\/h4>\n<p>Akropolis blev n\u00e4stan ett av de &#8221;nya 7 underverken i v\u00e4rlden&#8221;<br>Men en av de \u00f6verraskande Greklandsfakta \u00e4r att medan den kinesiska muren stod p\u00e5 listan, gjorde inte Akropolis det.<\/p>\n<p>Hur som helst \u00e4r det fortfarande en av v\u00e4rldens mest fantastiska UNESCO: s v\u00e4rldsarv.<br>Och om du beh\u00f6ver en p\u00e5minnelse: skynda inte bara in och ut ur Aten p\u00e5 v\u00e4g till de grekiska \u00f6arna!<\/p>\n<p>Eftersom Akropolis och dess 2 450+ \u00e5r av historia kommer att l\u00e4mna dig gapande av v\u00f6rdnad \u00f6ver vad m\u00e4nskligheten kan \u00e5stadkomma konstn\u00e4rligt, kulturellt och politiskt. F\u00f6r att inte tala om de andra attraktionerna som Aten erbjuder.<\/p>\n<h4>Grekland har 18 Unesco-platser<\/h4>\n<p>Om du \u00e4lskar antika historiska platser, kommer du verkligen att vilja bes\u00f6ka Grekland! Det finns 18 UNESCO-platser \u00f6ver hela landet, inklusive otroliga monument och landm\u00e4rken som Akropolis, Delphi, Epidaurus och Meteroa.<\/p>\n<h4>Den grekiska kusten \u00e4r enorm<\/h4>\n<p>F\u00f6r ett s\u00e5 litet land har Grekland en enorm kustlinje, delvis tack vare dess m\u00e5nga \u00f6ar. De senaste ber\u00e4kningarna s\u00e4ger att Grekland har 13 676 kilometer eller 8 498 miles kustlinje. Det skulle f\u00f6rklara varf\u00f6r det finns s\u00e5 m\u00e5nga fantastiska str\u00e4nder i Grekland<\/p>\n<h4>Att g\u00f6mma pengar i en t\u00e5rta \u00e4r en grekisk tradition<\/h4>\n<p>En annan av de intressanta fakta om Grekland har att g\u00f6ra med ny\u00e5r. F\u00f6r att hj\u00e4lpa till att ringa in det nya \u00e5ret firar grekerna genom att \u00e4ta en traditionell t\u00e5rta som heter &#8221;vasilopita&#8221;, som \u00e4r uppkallad efter Saint Basil.<\/p>\n<p>Att sk\u00e4ra vasilopita \u00e4r en grekisk kulturell tradition p\u00e5 ny\u00e5rsdagen Det r\u00e5kar vara s\u00e5 att Basilikans namnsdag firas den 1 januari.<\/p>\n<p>Personen som f\u00f6rbereder kakan l\u00e4gger till ett mynt i smeten innan gr\u00e4ddningen. N\u00e4r kakan \u00e4r klar att \u00e4tas sk\u00e4rs den i skivor, och serveras sedan i en viss ordning, som kan variera fr\u00e5n familj till familj.<\/p>\n<p>I allm\u00e4nhet sk\u00e4rs ytterligare skivor p\u00e5 ett symboliskt s\u00e4tt f\u00f6r familj eller v\u00e4nner som inte kunde delta i evenemanget. Personen som hittar myntet i sin t\u00e5rtskiva tros ha tur under hela det kommande \u00e5ret.<\/p>\n<h4>De antika grekiska statyerna var faktiskt m\u00e5lade<\/h4>\n<p>En annan av de coola fakta om Grekland som folk ibland inte \u00e4r medvetna om, \u00e4r att de ber\u00f6mda grekiska statyerna aldrig var menade att vara helt vita!<\/p>\n<p>Ist\u00e4llet skulle de ha m\u00e5lats i klara f\u00e4rger, vilket skulle ha v\u00e4ckt dem till liv \u00e4nnu mer. Om du bes\u00f6ker Aten och spenderar lite tid p\u00e5 Akropolismuseet kommer du att se hur statyerna ursprungligen kan ha sett ut.<\/p>\n<h4>Det finns en helig triangel i Grekland<\/h4>\n<p>De flesta skolbarn vet att den grekiske filosofen Pythagoras har ett samband med trianglar! Vad som kanske \u00e4r mindre k\u00e4nt \u00e4r att det kan finnas en helig triangel av antika grekiska tempel.<\/p>\n<p>Templen i Parthenon p\u00e5 Akropolis, Temple of Posiedon i Sounion och Temple of Aphaia p\u00e5 \u00f6n Aegina s\u00e4gs bilda en likbent triangel n\u00e4r de ses p\u00e5 en karta. Fakta eller myt? Ta en titt p\u00e5 en karta och g\u00f6r din egen slutsats!<\/p>\n<h4>Ordf\u00f6randevakterna m\u00e5ste st\u00e5 helt stilla<\/h4>\n<p>Evzonerna \u00e4r en elitgrupp av soldater som fungerar som vakt f\u00f6r den ok\u00e4nde soldatens grav i Aten.<\/p>\n<p>Varje timme, varje timme, \u00e4ger en ceremoni f\u00f6r vaktbyte rum i Aten. N\u00e4r de nya soldaterna flyttar in i position m\u00e5ste de sedan st\u00e5 helt stilla i en timme tills n\u00e4sta ceremoni.<br>Ceremonin f\u00f6r vaktbyte \u00e4r rolig att se f\u00f6r alla som bes\u00f6ker Aten.<\/p>\n<h4>Turism \u00e4r verkligen viktigt<\/h4>\n<p>En av de roliga fakta om Grekland \u00e4r att turismen st\u00e5r f\u00f6r 20% av landets BNP. Detta \u00e4r den h\u00f6gsta andelen av n\u00e5got land i Europa, och av n\u00e5got industriland n\u00e5gonstans i v\u00e4rlden.<\/p>\n<h4>Det finns 179 miljoner olivtr\u00e4d i Grekland!<\/h4>\n<p>Oliver har odlats i Grekland i tusentals \u00e5r, och det \u00e4r den tredje st\u00f6rsta producenten av oliver i v\u00e4rlden.<\/p>\n<p>Olivtr\u00e4d tros t\u00e4cka \u00f6ver 20 % av den odlade marken i Grekland, med antalet tr\u00e4d som uppskattas till 179 miljoner!<\/p>\n<p>Det betyder att det finns n\u00e4stan 17 olivtr\u00e4d f\u00f6r varje person som bor i landet. Slumpm\u00e4ssiga fakta om Grekland blir inte mycket mer slumpm\u00e4ssiga \u00e4n s\u00e5 h\u00e4r!<\/p>\n<p>F\u00f6rresten, Kalamata-oliver kan vara en av de mest k\u00e4nda typerna i v\u00e4rlden, men det finns bokstavligen hundratals andra sorter av oliver i Grekland.<\/p>\n<h4>Det \u00e4ldsta skriftspr\u00e5ket i Europa anv\u00e4nds fortfarande<\/h4>\n<p>En intressant del av Greklands trivia \u00e4r att grekiska \u00e4r att grekiska \u00e4r det \u00e4ldsta skriftspr\u00e5k som fortfarande anv\u00e4nds i Europa. Enligt vissa kanske till och med v\u00e4rlden.<\/p>\n<p>Det grekiska alfabetet har varit i bruk sedan omkring 1450 f.Kr. Mykenska grekiska tabletter har hittats p\u00e5 platsen f\u00f6r Knossos p\u00e5 Kreta fr\u00e5n denna period.<\/p>","protected":false},"excerpt":{"rendered":"<p>Intressanta fakta och trivia om Grekland N\u00e4r det kommer till fakta om Grekland t\u00e4nker alla p\u00e5 antikens Grekland, Akropolis och \u00f6arna. Det \u00e4r inte bara det. F\u00f6rutom historia har grekisk kultur och livsstil en del intressanta saker som m\u00e5ste s\u00e4gas. I det h\u00e4r inl\u00e4gget kommer vi att kategorisera fakta om Grekland i delar: allm\u00e4nna fakta,<br \/><a class=\"moretag\" href=\"https:\/\/www.in2greece.com\/swedish\/factstrivia\/facts_trivia.htm\">+ L\u00e4s Mer<\/a><\/p>\n","protected":false},"author":1,"featured_media":196,"parent":0,"menu_order":0,"comment_status":"closed","ping_status":"closed","template":"","meta":{"footnotes":""},"class_list":["post-195","page","type-page","status-publish","has-post-thumbnail","hentry"],"yoast_head":"<!-- This site is optimized with the Yoast SEO plugin v27.4 - https:\/\/yoast.com\/product\/yoast-seo-wordpress\/ -->\n<title>Fakta om Grekland<\/title>\n<meta name=\"description\" content=\"N\u00e4r det kommer till fakta om Grekland t\u00e4nker alla p\u00e5 antikens Grekland, Akropolis och \u00f6arna. Det \u00e4r inte bara det. F\u00f6rutom historia har grekisk kultur och livsstil en del intressanta saker som m\u00e5ste s\u00e4gas.\" \/>\n<meta name=\"robots\" content=\"index, follow, max-snippet:-1, max-image-preview:large, max-video-preview:-1\" \/>\n<link rel=\"canonical\" href=\"https:\/\/www.in2greece.com\/swedish\/factstrivia\/facts_trivia.htm\" \/>\n<meta property=\"og:locale\" content=\"sv_SE\" \/>\n<meta property=\"og:type\" content=\"article\" \/>\n<meta property=\"og:title\" content=\"Fakta om Grekland\" \/>\n<meta property=\"og:description\" content=\"N\u00e4r det kommer till fakta om Grekland t\u00e4nker alla p\u00e5 antikens Grekland, Akropolis och \u00f6arna. Det \u00e4r inte bara det. F\u00f6rutom historia har grekisk kultur och livsstil en del intressanta saker som m\u00e5ste s\u00e4gas.\" \/>\n<meta property=\"og:url\" content=\"https:\/\/www.in2greece.com\/swedish\/factstrivia\/facts_trivia.htm\" \/>\n<meta property=\"og:site_name\" content=\"Grekland\" \/>\n<meta property=\"article:publisher\" content=\"https:\/\/www.facebook.com\/in2greece\" \/>\n<meta property=\"article:modified_time\" content=\"2022-11-17T13:27:11+00:00\" \/>\n<meta property=\"og:image\" content=\"https:\/\/www.in2greece.com\/swedish\/wp-content\/uploads\/2022\/11\/FAKTA-OM-GREKLAND.jpg\" \/>\n\t<meta property=\"og:image:width\" content=\"400\" \/>\n\t<meta property=\"og:image:height\" content=\"378\" \/>\n\t<meta property=\"og:image:type\" content=\"image\/jpeg\" \/>\n<meta name=\"twitter:card\" content=\"summary_large_image\" \/>\n<meta name=\"twitter:label1\" content=\"Ber\u00e4knad l\u00e4stid\" \/>\n\t<meta name=\"twitter:data1\" content=\"8 minuter\" \/>\n<script type=\"application\/ld+json\" class=\"yoast-schema-graph\">{\"@context\":\"https:\\\/\\\/schema.org\",\"@graph\":[{\"@type\":\"WebPage\",\"@id\":\"https:\\\/\\\/www.in2greece.com\\\/swedish\\\/factstrivia\\\/facts_trivia.htm\",\"url\":\"https:\\\/\\\/www.in2greece.com\\\/swedish\\\/factstrivia\\\/facts_trivia.htm\",\"name\":\"Fakta om Grekland\",\"isPartOf\":{\"@id\":\"https:\\\/\\\/www.in2greece.com\\\/swedish\\\/#website\"},\"primaryImageOfPage\":{\"@id\":\"https:\\\/\\\/www.in2greece.com\\\/swedish\\\/factstrivia\\\/facts_trivia.htm#primaryimage\"},\"image\":{\"@id\":\"https:\\\/\\\/www.in2greece.com\\\/swedish\\\/factstrivia\\\/facts_trivia.htm#primaryimage\"},\"thumbnailUrl\":\"https:\\\/\\\/www.in2greece.com\\\/swedish\\\/wp-content\\\/uploads\\\/2022\\\/11\\\/FAKTA-OM-GREKLAND.jpg\",\"datePublished\":\"2022-11-17T13:26:02+00:00\",\"dateModified\":\"2022-11-17T13:27:11+00:00\",\"description\":\"N\u00e4r det kommer till fakta om Grekland t\u00e4nker alla p\u00e5 antikens Grekland, Akropolis och \u00f6arna. Det \u00e4r inte bara det. F\u00f6rutom historia har grekisk kultur och livsstil en del intressanta saker som m\u00e5ste s\u00e4gas.\",\"breadcrumb\":{\"@id\":\"https:\\\/\\\/www.in2greece.com\\\/swedish\\\/factstrivia\\\/facts_trivia.htm#breadcrumb\"},\"inLanguage\":\"sv-SE\",\"potentialAction\":[{\"@type\":\"ReadAction\",\"target\":[\"https:\\\/\\\/www.in2greece.com\\\/swedish\\\/factstrivia\\\/facts_trivia.htm\"]}]},{\"@type\":\"ImageObject\",\"inLanguage\":\"sv-SE\",\"@id\":\"https:\\\/\\\/www.in2greece.com\\\/swedish\\\/factstrivia\\\/facts_trivia.htm#primaryimage\",\"url\":\"https:\\\/\\\/www.in2greece.com\\\/swedish\\\/wp-content\\\/uploads\\\/2022\\\/11\\\/FAKTA-OM-GREKLAND.jpg\",\"contentUrl\":\"https:\\\/\\\/www.in2greece.com\\\/swedish\\\/wp-content\\\/uploads\\\/2022\\\/11\\\/FAKTA-OM-GREKLAND.jpg\",\"width\":400,\"height\":378,\"caption\":\"FAKTA-OM-GREKLAND\"},{\"@type\":\"BreadcrumbList\",\"@id\":\"https:\\\/\\\/www.in2greece.com\\\/swedish\\\/factstrivia\\\/facts_trivia.htm#breadcrumb\",\"itemListElement\":[{\"@type\":\"ListItem\",\"position\":1,\"name\":\"Home\",\"item\":\"https:\\\/\\\/www.in2greece.com\\\/swedish\\\/\"},{\"@type\":\"ListItem\",\"position\":2,\"name\":\"Fakta om Grekland\"}]},{\"@type\":\"WebSite\",\"@id\":\"https:\\\/\\\/www.in2greece.com\\\/swedish\\\/#website\",\"url\":\"https:\\\/\\\/www.in2greece.com\\\/swedish\\\/\",\"name\":\"Grekland\",\"description\":\"Reseguide till Grekland\",\"publisher\":{\"@id\":\"https:\\\/\\\/www.in2greece.com\\\/swedish\\\/#organization\"},\"potentialAction\":[{\"@type\":\"SearchAction\",\"target\":{\"@type\":\"EntryPoint\",\"urlTemplate\":\"https:\\\/\\\/www.in2greece.com\\\/swedish\\\/?s={search_term_string}\"},\"query-input\":{\"@type\":\"PropertyValueSpecification\",\"valueRequired\":true,\"valueName\":\"search_term_string\"}}],\"inLanguage\":\"sv-SE\"},{\"@type\":\"Organization\",\"@id\":\"https:\\\/\\\/www.in2greece.com\\\/swedish\\\/#organization\",\"name\":\"www.in2greece.com\",\"url\":\"https:\\\/\\\/www.in2greece.com\\\/swedish\\\/\",\"logo\":{\"@type\":\"ImageObject\",\"inLanguage\":\"sv-SE\",\"@id\":\"https:\\\/\\\/www.in2greece.com\\\/swedish\\\/#\\\/schema\\\/logo\\\/image\\\/\",\"url\":\"https:\\\/\\\/www.in2greece.com\\\/swedish\\\/wp-content\\\/uploads\\\/2022\\\/02\\\/in2greece.png\",\"contentUrl\":\"https:\\\/\\\/www.in2greece.com\\\/swedish\\\/wp-content\\\/uploads\\\/2022\\\/02\\\/in2greece.png\",\"width\":150,\"height\":149,\"caption\":\"www.in2greece.com\"},\"image\":{\"@id\":\"https:\\\/\\\/www.in2greece.com\\\/swedish\\\/#\\\/schema\\\/logo\\\/image\\\/\"},\"sameAs\":[\"https:\\\/\\\/www.facebook.com\\\/in2greece\"]}]}<\/script>\n<!-- \/ Yoast SEO plugin. -->","yoast_head_json":{"title":"Fakta om Grekland","description":"N\u00e4r det kommer till fakta om Grekland t\u00e4nker alla p\u00e5 antikens Grekland, Akropolis och \u00f6arna. Det \u00e4r inte bara det. F\u00f6rutom historia har grekisk kultur och livsstil en del intressanta saker som m\u00e5ste s\u00e4gas.","robots":{"index":"index","follow":"follow","max-snippet":"max-snippet:-1","max-image-preview":"max-image-preview:large","max-video-preview":"max-video-preview:-1"},"canonical":"https:\/\/www.in2greece.com\/swedish\/factstrivia\/facts_trivia.htm","og_locale":"sv_SE","og_type":"article","og_title":"Fakta om Grekland","og_description":"N\u00e4r det kommer till fakta om Grekland t\u00e4nker alla p\u00e5 antikens Grekland, Akropolis och \u00f6arna. Det \u00e4r inte bara det. F\u00f6rutom historia har grekisk kultur och livsstil en del intressanta saker som m\u00e5ste s\u00e4gas.","og_url":"https:\/\/www.in2greece.com\/swedish\/factstrivia\/facts_trivia.htm","og_site_name":"Grekland","article_publisher":"https:\/\/www.facebook.com\/in2greece","article_modified_time":"2022-11-17T13:27:11+00:00","og_image":[{"width":400,"height":378,"url":"https:\/\/www.in2greece.com\/swedish\/wp-content\/uploads\/2022\/11\/FAKTA-OM-GREKLAND.jpg","type":"image\/jpeg"}],"twitter_card":"summary_large_image","twitter_misc":{"Ber\u00e4knad l\u00e4stid":"8 minuter"},"schema":{"@context":"https:\/\/schema.org","@graph":[{"@type":"WebPage","@id":"https:\/\/www.in2greece.com\/swedish\/factstrivia\/facts_trivia.htm","url":"https:\/\/www.in2greece.com\/swedish\/factstrivia\/facts_trivia.htm","name":"Fakta om Grekland","isPartOf":{"@id":"https:\/\/www.in2greece.com\/swedish\/#website"},"primaryImageOfPage":{"@id":"https:\/\/www.in2greece.com\/swedish\/factstrivia\/facts_trivia.htm#primaryimage"},"image":{"@id":"https:\/\/www.in2greece.com\/swedish\/factstrivia\/facts_trivia.htm#primaryimage"},"thumbnailUrl":"https:\/\/www.in2greece.com\/swedish\/wp-content\/uploads\/2022\/11\/FAKTA-OM-GREKLAND.jpg","datePublished":"2022-11-17T13:26:02+00:00","dateModified":"2022-11-17T13:27:11+00:00","description":"N\u00e4r det kommer till fakta om Grekland t\u00e4nker alla p\u00e5 antikens Grekland, Akropolis och \u00f6arna. Det \u00e4r inte bara det. F\u00f6rutom historia har grekisk kultur och livsstil en del intressanta saker som m\u00e5ste s\u00e4gas.","breadcrumb":{"@id":"https:\/\/www.in2greece.com\/swedish\/factstrivia\/facts_trivia.htm#breadcrumb"},"inLanguage":"sv-SE","potentialAction":[{"@type":"ReadAction","target":["https:\/\/www.in2greece.com\/swedish\/factstrivia\/facts_trivia.htm"]}]},{"@type":"ImageObject","inLanguage":"sv-SE","@id":"https:\/\/www.in2greece.com\/swedish\/factstrivia\/facts_trivia.htm#primaryimage","url":"https:\/\/www.in2greece.com\/swedish\/wp-content\/uploads\/2022\/11\/FAKTA-OM-GREKLAND.jpg","contentUrl":"https:\/\/www.in2greece.com\/swedish\/wp-content\/uploads\/2022\/11\/FAKTA-OM-GREKLAND.jpg","width":400,"height":378,"caption":"FAKTA-OM-GREKLAND"},{"@type":"BreadcrumbList","@id":"https:\/\/www.in2greece.com\/swedish\/factstrivia\/facts_trivia.htm#breadcrumb","itemListElement":[{"@type":"ListItem","position":1,"name":"Home","item":"https:\/\/www.in2greece.com\/swedish\/"},{"@type":"ListItem","position":2,"name":"Fakta om Grekland"}]},{"@type":"WebSite","@id":"https:\/\/www.in2greece.com\/swedish\/#website","url":"https:\/\/www.in2greece.com\/swedish\/","name":"Grekland","description":"Reseguide till Grekland","publisher":{"@id":"https:\/\/www.in2greece.com\/swedish\/#organization"},"potentialAction":[{"@type":"SearchAction","target":{"@type":"EntryPoint","urlTemplate":"https:\/\/www.in2greece.com\/swedish\/?s={search_term_string}"},"query-input":{"@type":"PropertyValueSpecification","valueRequired":true,"valueName":"search_term_string"}}],"inLanguage":"sv-SE"},{"@type":"Organization","@id":"https:\/\/www.in2greece.com\/swedish\/#organization","name":"www.in2greece.com","url":"https:\/\/www.in2greece.com\/swedish\/","logo":{"@type":"ImageObject","inLanguage":"sv-SE","@id":"https:\/\/www.in2greece.com\/swedish\/#\/schema\/logo\/image\/","url":"https:\/\/www.in2greece.com\/swedish\/wp-content\/uploads\/2022\/02\/in2greece.png","contentUrl":"https:\/\/www.in2greece.com\/swedish\/wp-content\/uploads\/2022\/02\/in2greece.png","width":150,"height":149,"caption":"www.in2greece.com"},"image":{"@id":"https:\/\/www.in2greece.com\/swedish\/#\/schema\/logo\/image\/"},"sameAs":["https:\/\/www.facebook.com\/in2greece"]}]}},"_links":{"self":[{"href":"https:\/\/www.in2greece.com\/swedish\/wp-json\/wp\/v2\/pages\/195","targetHints":{"allow":["GET"]}}],"collection":[{"href":"https:\/\/www.in2greece.com\/swedish\/wp-json\/wp\/v2\/pages"}],"about":[{"href":"https:\/\/www.in2greece.com\/swedish\/wp-json\/wp\/v2\/types\/page"}],"author":[{"embeddable":true,"href":"https:\/\/www.in2greece.com\/swedish\/wp-json\/wp\/v2\/users\/1"}],"replies":[{"embeddable":true,"href":"https:\/\/www.in2greece.com\/swedish\/wp-json\/wp\/v2\/comments?post=195"}],"version-history":[{"count":0,"href":"https:\/\/www.in2greece.com\/swedish\/wp-json\/wp\/v2\/pages\/195\/revisions"}],"wp:featuredmedia":[{"embeddable":true,"href":"https:\/\/www.in2greece.com\/swedish\/wp-json\/wp\/v2\/media\/196"}],"wp:attachment":[{"href":"https:\/\/www.in2greece.com\/swedish\/wp-json\/wp\/v2\/media?parent=195"}],"curies":[{"name":"wp","href":"https:\/\/api.w.org\/{rel}","templated":true}]}}