{"id":1273,"date":"2024-07-05T12:30:58","date_gmt":"2024-07-05T12:30:58","guid":{"rendered":"https:\/\/www.in2greece.com\/swedish\/?page_id=1273"},"modified":"2024-07-05T12:31:32","modified_gmt":"2024-07-05T12:31:32","slug":"kos-karta","status":"publish","type":"page","link":"https:\/\/www.in2greece.com\/swedish\/kos\/kos-karta.html","title":{"rendered":"Kos Karta"},"content":{"rendered":"\n<h2 class=\"wp-block-heading\">Karta \u00f6ver Kos<\/h2>\n\n\n<p>\u00d6n Kos \u00e4r den tredje st\u00f6rsta \u00f6n i Dodekaneserna, efter \u00f6arna Rhodos och Karpathos. Den ligger s\u00f6der om Kalymnos och norr om Nisyros, mycket n\u00e4ra Turkiets kust och cirka 200 nautiska mil fr\u00e5n Pireus. Denna geografiska plats \u00e4r starkt kopplad till den lokala historien. Kos har en total yta p\u00e5 290 kvadratkilometer, en kustlinje p\u00e5 112 kilometer och en befolkning p\u00e5 cirka 25 000 inv\u00e5nare. \u00d6n \u00e4r mestadels platt och har tv\u00e5 l\u00e5ga berg.<\/p>\n<p>Det h\u00f6gsta \u00e4r Dikaiosberget, som reser sig till en h\u00f6jd av 875 meter, och det andra \u00e4r Simpatroberget, som l\u00f6per l\u00e4ngs den s\u00f6dra kusten av Kos. Huvudstaden och huvudhamnen p\u00e5 Kos, Kos stad, ligger i ett frodigt distrikt. Staden har utsikt \u00f6ver en naturlig hamn (vid en \u00f6ppen bukt) p\u00e5 den nord\u00f6stra delen av \u00f6n. N\u00e4ra staden finns \u00f6ppna varma k\u00e4llor, k\u00e4nda som termalbad, med hett vulkaniskt vatten.<\/p>\n<p>Geografin p\u00e5 Kos utm\u00e4rker sig genom den l\u00e5nga kustlinjen som \u00e4r full av gyllene str\u00e4nder och m\u00e5nga vackra sm\u00e5\u00f6ar precis mittemot, s\u00e5som Kastri\u00f6n mittemot Kefalos strand. Inland p\u00e5 Kos \u00e4r frodigt och otroligt b\u00f6rdigt, v\u00e4lsignat med rik jord och gott om grundvatten.<\/p>\n<div id=\"attachment_1274\" style=\"width: 1010px\" class=\"wp-caption aligncenter\"><img decoding=\"async\" aria-describedby=\"caption-attachment-1274\" class=\"size-full wp-image-1274\" src=\"https:\/\/www.in2greece.com\/swedish\/wp-content\/uploads\/2024\/07\/kos.jpg\" alt=\"Kos Karta\" width=\"1000\" height=\"715\" srcset=\"https:\/\/www.in2greece.com\/swedish\/wp-content\/uploads\/2024\/07\/kos.jpg 1000w, https:\/\/www.in2greece.com\/swedish\/wp-content\/uploads\/2024\/07\/kos-300x215.jpg 300w, https:\/\/www.in2greece.com\/swedish\/wp-content\/uploads\/2024\/07\/kos-768x549.jpg 768w\" sizes=\"(max-width: 1000px) 100vw, 1000px\" \/><p id=\"caption-attachment-1274\" class=\"wp-caption-text\"><strong>KOS KARTA<\/strong><\/p><\/div>","protected":false},"excerpt":{"rendered":"<p>Karta \u00f6ver Kos \u00d6n Kos \u00e4r den tredje st\u00f6rsta \u00f6n i Dodekaneserna, efter \u00f6arna Rhodos och Karpathos. Den ligger s\u00f6der om Kalymnos och norr om Nisyros, mycket n\u00e4ra Turkiets kust och cirka 200 nautiska mil fr\u00e5n Pireus. Denna geografiska plats \u00e4r starkt kopplad till den lokala historien. Kos har en total yta p\u00e5 290 kvadratkilometer,<br \/><a class=\"moretag\" href=\"https:\/\/www.in2greece.com\/swedish\/kos\/kos-karta.html\">+ L\u00e4s Mer<\/a><\/p>\n","protected":false},"author":1,"featured_media":1274,"parent":1270,"menu_order":0,"comment_status":"closed","ping_status":"closed","template":"","meta":{"footnotes":""},"class_list":["post-1273","page","type-page","status-publish","has-post-thumbnail","hentry"],"yoast_head":"<!-- This site is optimized with the Yoast SEO plugin v27.4 - https:\/\/yoast.com\/product\/yoast-seo-wordpress\/ -->\n<title>Kos, Karta \u00f6ver Kos<\/title>\n<meta name=\"description\" content=\"\u00d6n Kos \u00e4r den tredje st\u00f6rsta \u00f6n i Dodekaneserna, efter \u00f6arna Rhodos och Karpathos. Den ligger s\u00f6der om Kalymnos och norr om Nisyros, mycket n\u00e4ra Turkiets kust och cirka 200 nautiska mil fr\u00e5n Pireus\" \/>\n<meta name=\"robots\" content=\"index, follow, max-snippet:-1, max-image-preview:large, max-video-preview:-1\" \/>\n<link rel=\"canonical\" href=\"https:\/\/www.in2greece.com\/swedish\/kos\/kos-karta.html\" \/>\n<meta property=\"og:locale\" content=\"sv_SE\" \/>\n<meta property=\"og:type\" content=\"article\" \/>\n<meta property=\"og:title\" content=\"Kos, Karta \u00f6ver Kos\" \/>\n<meta property=\"og:description\" content=\"\u00d6n Kos \u00e4r den tredje st\u00f6rsta \u00f6n i Dodekaneserna, efter \u00f6arna Rhodos och Karpathos. Den ligger s\u00f6der om Kalymnos och norr om Nisyros, mycket n\u00e4ra Turkiets kust och cirka 200 nautiska mil fr\u00e5n Pireus\" \/>\n<meta property=\"og:url\" content=\"https:\/\/www.in2greece.com\/swedish\/kos\/kos-karta.html\" \/>\n<meta property=\"og:site_name\" content=\"Grekland\" \/>\n<meta property=\"article:publisher\" content=\"https:\/\/www.facebook.com\/in2greece\" \/>\n<meta property=\"article:modified_time\" content=\"2024-07-05T12:31:32+00:00\" \/>\n<meta property=\"og:image\" content=\"https:\/\/www.in2greece.com\/swedish\/wp-content\/uploads\/2024\/07\/kos.jpg\" \/>\n\t<meta property=\"og:image:width\" content=\"1000\" \/>\n\t<meta property=\"og:image:height\" content=\"715\" \/>\n\t<meta property=\"og:image:type\" content=\"image\/jpeg\" \/>\n<meta name=\"twitter:card\" content=\"summary_large_image\" \/>\n<meta name=\"twitter:label1\" content=\"Ber\u00e4knad l\u00e4stid\" \/>\n\t<meta name=\"twitter:data1\" content=\"2 minuter\" \/>\n<script type=\"application\/ld+json\" class=\"yoast-schema-graph\">{\"@context\":\"https:\\\/\\\/schema.org\",\"@graph\":[{\"@type\":\"WebPage\",\"@id\":\"https:\\\/\\\/www.in2greece.com\\\/swedish\\\/kos\\\/kos-karta.html\",\"url\":\"https:\\\/\\\/www.in2greece.com\\\/swedish\\\/kos\\\/kos-karta.html\",\"name\":\"Kos, Karta \u00f6ver Kos\",\"isPartOf\":{\"@id\":\"https:\\\/\\\/www.in2greece.com\\\/swedish\\\/#website\"},\"primaryImageOfPage\":{\"@id\":\"https:\\\/\\\/www.in2greece.com\\\/swedish\\\/kos\\\/kos-karta.html#primaryimage\"},\"image\":{\"@id\":\"https:\\\/\\\/www.in2greece.com\\\/swedish\\\/kos\\\/kos-karta.html#primaryimage\"},\"thumbnailUrl\":\"https:\\\/\\\/www.in2greece.com\\\/swedish\\\/wp-content\\\/uploads\\\/2024\\\/07\\\/kos.jpg\",\"datePublished\":\"2024-07-05T12:30:58+00:00\",\"dateModified\":\"2024-07-05T12:31:32+00:00\",\"description\":\"\u00d6n Kos \u00e4r den tredje st\u00f6rsta \u00f6n i Dodekaneserna, efter \u00f6arna Rhodos och Karpathos. Den ligger s\u00f6der om Kalymnos och norr om Nisyros, mycket n\u00e4ra Turkiets kust och cirka 200 nautiska mil fr\u00e5n Pireus\",\"breadcrumb\":{\"@id\":\"https:\\\/\\\/www.in2greece.com\\\/swedish\\\/kos\\\/kos-karta.html#breadcrumb\"},\"inLanguage\":\"sv-SE\",\"potentialAction\":[{\"@type\":\"ReadAction\",\"target\":[\"https:\\\/\\\/www.in2greece.com\\\/swedish\\\/kos\\\/kos-karta.html\"]}]},{\"@type\":\"ImageObject\",\"inLanguage\":\"sv-SE\",\"@id\":\"https:\\\/\\\/www.in2greece.com\\\/swedish\\\/kos\\\/kos-karta.html#primaryimage\",\"url\":\"https:\\\/\\\/www.in2greece.com\\\/swedish\\\/wp-content\\\/uploads\\\/2024\\\/07\\\/kos.jpg\",\"contentUrl\":\"https:\\\/\\\/www.in2greece.com\\\/swedish\\\/wp-content\\\/uploads\\\/2024\\\/07\\\/kos.jpg\",\"width\":1000,\"height\":715,\"caption\":\"KOS KARTA\"},{\"@type\":\"BreadcrumbList\",\"@id\":\"https:\\\/\\\/www.in2greece.com\\\/swedish\\\/kos\\\/kos-karta.html#breadcrumb\",\"itemListElement\":[{\"@type\":\"ListItem\",\"position\":1,\"name\":\"Home\",\"item\":\"https:\\\/\\\/www.in2greece.com\\\/swedish\\\/\"},{\"@type\":\"ListItem\",\"position\":2,\"name\":\"Dodekaneserna\",\"item\":\"https:\\\/\\\/www.in2greece.com\\\/swedish\\\/dodekaneserna.html\"},{\"@type\":\"ListItem\",\"position\":3,\"name\":\"Kos\",\"item\":\"https:\\\/\\\/www.in2greece.com\\\/swedish\\\/kos.html\"},{\"@type\":\"ListItem\",\"position\":4,\"name\":\"Kos Karta\"}]},{\"@type\":\"WebSite\",\"@id\":\"https:\\\/\\\/www.in2greece.com\\\/swedish\\\/#website\",\"url\":\"https:\\\/\\\/www.in2greece.com\\\/swedish\\\/\",\"name\":\"Grekland\",\"description\":\"Reseguide till Grekland\",\"publisher\":{\"@id\":\"https:\\\/\\\/www.in2greece.com\\\/swedish\\\/#organization\"},\"potentialAction\":[{\"@type\":\"SearchAction\",\"target\":{\"@type\":\"EntryPoint\",\"urlTemplate\":\"https:\\\/\\\/www.in2greece.com\\\/swedish\\\/?s={search_term_string}\"},\"query-input\":{\"@type\":\"PropertyValueSpecification\",\"valueRequired\":true,\"valueName\":\"search_term_string\"}}],\"inLanguage\":\"sv-SE\"},{\"@type\":\"Organization\",\"@id\":\"https:\\\/\\\/www.in2greece.com\\\/swedish\\\/#organization\",\"name\":\"www.in2greece.com\",\"url\":\"https:\\\/\\\/www.in2greece.com\\\/swedish\\\/\",\"logo\":{\"@type\":\"ImageObject\",\"inLanguage\":\"sv-SE\",\"@id\":\"https:\\\/\\\/www.in2greece.com\\\/swedish\\\/#\\\/schema\\\/logo\\\/image\\\/\",\"url\":\"https:\\\/\\\/www.in2greece.com\\\/swedish\\\/wp-content\\\/uploads\\\/2022\\\/02\\\/in2greece.png\",\"contentUrl\":\"https:\\\/\\\/www.in2greece.com\\\/swedish\\\/wp-content\\\/uploads\\\/2022\\\/02\\\/in2greece.png\",\"width\":150,\"height\":149,\"caption\":\"www.in2greece.com\"},\"image\":{\"@id\":\"https:\\\/\\\/www.in2greece.com\\\/swedish\\\/#\\\/schema\\\/logo\\\/image\\\/\"},\"sameAs\":[\"https:\\\/\\\/www.facebook.com\\\/in2greece\"]}]}<\/script>\n<!-- \/ Yoast SEO plugin. -->","yoast_head_json":{"title":"Kos, Karta \u00f6ver Kos","description":"\u00d6n Kos \u00e4r den tredje st\u00f6rsta \u00f6n i Dodekaneserna, efter \u00f6arna Rhodos och Karpathos. Den ligger s\u00f6der om Kalymnos och norr om Nisyros, mycket n\u00e4ra Turkiets kust och cirka 200 nautiska mil fr\u00e5n Pireus","robots":{"index":"index","follow":"follow","max-snippet":"max-snippet:-1","max-image-preview":"max-image-preview:large","max-video-preview":"max-video-preview:-1"},"canonical":"https:\/\/www.in2greece.com\/swedish\/kos\/kos-karta.html","og_locale":"sv_SE","og_type":"article","og_title":"Kos, Karta \u00f6ver Kos","og_description":"\u00d6n Kos \u00e4r den tredje st\u00f6rsta \u00f6n i Dodekaneserna, efter \u00f6arna Rhodos och Karpathos. Den ligger s\u00f6der om Kalymnos och norr om Nisyros, mycket n\u00e4ra Turkiets kust och cirka 200 nautiska mil fr\u00e5n Pireus","og_url":"https:\/\/www.in2greece.com\/swedish\/kos\/kos-karta.html","og_site_name":"Grekland","article_publisher":"https:\/\/www.facebook.com\/in2greece","article_modified_time":"2024-07-05T12:31:32+00:00","og_image":[{"width":1000,"height":715,"url":"https:\/\/www.in2greece.com\/swedish\/wp-content\/uploads\/2024\/07\/kos.jpg","type":"image\/jpeg"}],"twitter_card":"summary_large_image","twitter_misc":{"Ber\u00e4knad l\u00e4stid":"2 minuter"},"schema":{"@context":"https:\/\/schema.org","@graph":[{"@type":"WebPage","@id":"https:\/\/www.in2greece.com\/swedish\/kos\/kos-karta.html","url":"https:\/\/www.in2greece.com\/swedish\/kos\/kos-karta.html","name":"Kos, Karta \u00f6ver Kos","isPartOf":{"@id":"https:\/\/www.in2greece.com\/swedish\/#website"},"primaryImageOfPage":{"@id":"https:\/\/www.in2greece.com\/swedish\/kos\/kos-karta.html#primaryimage"},"image":{"@id":"https:\/\/www.in2greece.com\/swedish\/kos\/kos-karta.html#primaryimage"},"thumbnailUrl":"https:\/\/www.in2greece.com\/swedish\/wp-content\/uploads\/2024\/07\/kos.jpg","datePublished":"2024-07-05T12:30:58+00:00","dateModified":"2024-07-05T12:31:32+00:00","description":"\u00d6n Kos \u00e4r den tredje st\u00f6rsta \u00f6n i Dodekaneserna, efter \u00f6arna Rhodos och Karpathos. Den ligger s\u00f6der om Kalymnos och norr om Nisyros, mycket n\u00e4ra Turkiets kust och cirka 200 nautiska mil fr\u00e5n Pireus","breadcrumb":{"@id":"https:\/\/www.in2greece.com\/swedish\/kos\/kos-karta.html#breadcrumb"},"inLanguage":"sv-SE","potentialAction":[{"@type":"ReadAction","target":["https:\/\/www.in2greece.com\/swedish\/kos\/kos-karta.html"]}]},{"@type":"ImageObject","inLanguage":"sv-SE","@id":"https:\/\/www.in2greece.com\/swedish\/kos\/kos-karta.html#primaryimage","url":"https:\/\/www.in2greece.com\/swedish\/wp-content\/uploads\/2024\/07\/kos.jpg","contentUrl":"https:\/\/www.in2greece.com\/swedish\/wp-content\/uploads\/2024\/07\/kos.jpg","width":1000,"height":715,"caption":"KOS KARTA"},{"@type":"BreadcrumbList","@id":"https:\/\/www.in2greece.com\/swedish\/kos\/kos-karta.html#breadcrumb","itemListElement":[{"@type":"ListItem","position":1,"name":"Home","item":"https:\/\/www.in2greece.com\/swedish\/"},{"@type":"ListItem","position":2,"name":"Dodekaneserna","item":"https:\/\/www.in2greece.com\/swedish\/dodekaneserna.html"},{"@type":"ListItem","position":3,"name":"Kos","item":"https:\/\/www.in2greece.com\/swedish\/kos.html"},{"@type":"ListItem","position":4,"name":"Kos Karta"}]},{"@type":"WebSite","@id":"https:\/\/www.in2greece.com\/swedish\/#website","url":"https:\/\/www.in2greece.com\/swedish\/","name":"Grekland","description":"Reseguide till Grekland","publisher":{"@id":"https:\/\/www.in2greece.com\/swedish\/#organization"},"potentialAction":[{"@type":"SearchAction","target":{"@type":"EntryPoint","urlTemplate":"https:\/\/www.in2greece.com\/swedish\/?s={search_term_string}"},"query-input":{"@type":"PropertyValueSpecification","valueRequired":true,"valueName":"search_term_string"}}],"inLanguage":"sv-SE"},{"@type":"Organization","@id":"https:\/\/www.in2greece.com\/swedish\/#organization","name":"www.in2greece.com","url":"https:\/\/www.in2greece.com\/swedish\/","logo":{"@type":"ImageObject","inLanguage":"sv-SE","@id":"https:\/\/www.in2greece.com\/swedish\/#\/schema\/logo\/image\/","url":"https:\/\/www.in2greece.com\/swedish\/wp-content\/uploads\/2022\/02\/in2greece.png","contentUrl":"https:\/\/www.in2greece.com\/swedish\/wp-content\/uploads\/2022\/02\/in2greece.png","width":150,"height":149,"caption":"www.in2greece.com"},"image":{"@id":"https:\/\/www.in2greece.com\/swedish\/#\/schema\/logo\/image\/"},"sameAs":["https:\/\/www.facebook.com\/in2greece"]}]}},"_links":{"self":[{"href":"https:\/\/www.in2greece.com\/swedish\/wp-json\/wp\/v2\/pages\/1273","targetHints":{"allow":["GET"]}}],"collection":[{"href":"https:\/\/www.in2greece.com\/swedish\/wp-json\/wp\/v2\/pages"}],"about":[{"href":"https:\/\/www.in2greece.com\/swedish\/wp-json\/wp\/v2\/types\/page"}],"author":[{"embeddable":true,"href":"https:\/\/www.in2greece.com\/swedish\/wp-json\/wp\/v2\/users\/1"}],"replies":[{"embeddable":true,"href":"https:\/\/www.in2greece.com\/swedish\/wp-json\/wp\/v2\/comments?post=1273"}],"version-history":[{"count":0,"href":"https:\/\/www.in2greece.com\/swedish\/wp-json\/wp\/v2\/pages\/1273\/revisions"}],"up":[{"embeddable":true,"href":"https:\/\/www.in2greece.com\/swedish\/wp-json\/wp\/v2\/pages\/1270"}],"wp:featuredmedia":[{"embeddable":true,"href":"https:\/\/www.in2greece.com\/swedish\/wp-json\/wp\/v2\/media\/1274"}],"wp:attachment":[{"href":"https:\/\/www.in2greece.com\/swedish\/wp-json\/wp\/v2\/media?parent=1273"}],"curies":[{"name":"wp","href":"https:\/\/api.w.org\/{rel}","templated":true}]}}