{"id":1270,"date":"2024-07-05T12:23:10","date_gmt":"2024-07-05T12:23:10","guid":{"rendered":"https:\/\/www.in2greece.com\/swedish\/?page_id=1270"},"modified":"2024-07-05T12:32:22","modified_gmt":"2024-07-05T12:32:22","slug":"kos","status":"publish","type":"page","link":"https:\/\/www.in2greece.com\/swedish\/kos.html","title":{"rendered":"Kos"},"content":{"rendered":"\n<h2 class=\"wp-block-heading\">Info om Kos Grekland<\/h2>\n\n\n<p><img decoding=\"async\" class=\"alignleft size-medium wp-image-508\" src=\"https:\/\/www.in2greece.com\/swedish\/wp-content\/uploads\/2024\/04\/kos-300x200.jpg\" alt=\"kos\" width=\"300\" height=\"200\" srcset=\"https:\/\/www.in2greece.com\/swedish\/wp-content\/uploads\/2024\/04\/kos-300x200.jpg 300w, https:\/\/www.in2greece.com\/swedish\/wp-content\/uploads\/2024\/04\/kos.jpg 600w\" sizes=\"(max-width: 300px) 100vw, 300px\" \/>Kos \u00e4r en grekisk \u00f6 i Egeiska havet, och det \u00e4r den tredje st\u00f6rsta \u00f6n i Dodekaneserna (Tolv\u00f6arna). Den ligger framf\u00f6r den turkiska kusten, nordv\u00e4st om Rhodos och sydost om Samos. Det finns bra f\u00e4rjef\u00f6rbindelser mellan Kos och andra grekiska \u00f6ar. \u00d6n \u00e4r 40 km l\u00e5ng och 8 km bred. Den har b\u00e5de b\u00f6rdiga sl\u00e4tter och karga berg.<\/p>\n<p>Vid kusten p\u00e5 Kos lever olika typer av havssk\u00f6ldpaddor, inklusive den skyddade Caretta-sk\u00f6ldpaddan. Trots att Kos \u00e4r en \u00f6 finns det relativt lite fisk till f\u00f6rs\u00e4ljning. Under l\u00e5ng tid skedde fisket runt Kos med dynamit. Explosionerna bed\u00f6vade fisken och fick dem att flyta till ytan, vilket gjorde dem l\u00e4tta att f\u00e5nga. Trots att detta \u00e4r ett effektivt s\u00e4tt att fiska p\u00e5, skadade det fiskebest\u00e5nden s\u00e5 allvarligt att fisken runt Kos minskade drastiskt.<\/p>\n<p>P\u00e5 Kos finns flera minnesm\u00e4rken f\u00f6r l\u00e4karen Hippokrates och f\u00f6r l\u00e4kekonstens gud i det grekiska pantheon: Asklepios, som skulle ha varit Hippokrates l\u00e4rare. Ber\u00f6md \u00e4r Hippokrates tr\u00e4d i huvudstaden Kos. Det finns ocks\u00e5 ett Hippokratiskt museum till\u00e4gnat honom. Det finns ocks\u00e5 flera arkeologiska platser i eller n\u00e4ra staden, inklusive en romersk amfiteater och ett gymnasium. Huvudstaden Kos stad \u00e4r \u00f6ns turist- och kulturcentrum. N\u00e4ra hamnen finns en 1300-talsslott som byggdes 1315 av Johanniterriddarna fr\u00e5n Rhodos.<\/p>\n<p>I centrum av Kos stad finns en gammal marknadsplats, en agora. N\u00e5gra av de st\u00f6rre platserna p\u00e5 \u00f6n inkluderar Kos stad, Kefalos, Kardamena, Tigaki, Antimachia, Mastihari, Marmari och Pyli. Mindre orter \u00e4r Zia, Zipari, Platani, Lagoudi och Asfendiou. I Dikeosbergen ligger byn Zia. \u00d6n har en internationell flygplats d\u00e4r m\u00e5nga charterflyg anl\u00e4nder. Turismen \u00e4r en viktig inkomstk\u00e4lla f\u00f6r Kos.<\/p>\n<p>Kos \u00e4r ett mycket l\u00e4mpligt omr\u00e5de f\u00f6r b\u00e5de unga och gamla. Str\u00e4nderna i Kos stad \u00e4r i j\u00e4mf\u00f6relse med m\u00e5nga andra grekiska \u00f6ar utm\u00e4rkta. Kos har ocks\u00e5 ett pulserande nattliv. Big Barstreet \u00e4r platsen att vara p\u00e5 under sommarm\u00e5naderna, \u00e4ven om detta mest \u00e4r f\u00f6r de yngre turisterna. Turisternas nationalitet best\u00e5r fr\u00e4mst av skandinaver och holl\u00e4ndare.<\/p>\n<p>Resten av Kos \u00e4r ganska b\u00f6rdig och Kos har den b\u00e4sta vattentillg\u00e5ngen av alla \u00f6ar i Dodekaneserna. Bussf\u00f6rbindelserna \u00e4r bra och m\u00e5nga, men p\u00e5 grund av antalet turister tenderar bussarna att bli fullsatta. Kos \u00e4r en bra startpunkt f\u00f6r \u00f6-hoppning eftersom det finns m\u00e5nga och bra f\u00e4rjef\u00f6rbindelser till n\u00e4rliggande \u00f6ar. Det finns b\u00e5tar och f\u00e4rjor som avg\u00e5r fr\u00e5n Kos stad, Kardamena, Mastihari och Kamari. Bland destinationerna finns Piraeus, Nisyros, Rhodos, Lesbos, Chios, Syros, Mykonos, Pserimos, Leros och Kalymnos.<\/p>\n<h3>Kos stad<\/h3>\n<p>Kos stad ligger p\u00e5 nord\u00f6stra kusten av \u00f6n och har utsikt \u00f6ver Turkiets fastland. Det finns en strand och d\u00e4r finns antika l\u00e4mningar och en vacker natur. Kos stad skulle ha haft mycket att erbjuda om det inte vore f\u00f6r massturismen.<\/p>\n<p>Vissa gillar butikerna, restaurangerna och nattlivet, men jag f\u00f6redrar de lugna platserna. Stora delar av stadens centrum \u00e5teruppbyggdes i italiensk stil efter en jordb\u00e4vning 1933. Staden har breda boulevarder, ruinbekl\u00e4dda kullar och mycket av stadens centrum \u00e4r endast tillg\u00e4ngligt f\u00f6r fotg\u00e4ngare.<\/p>\n<p>Kusten mellan Lambi &#8211; Kos stad &#8211; Agios Fokas \u00e4r ett hotellomr\u00e5de med m\u00e5nga fina sandstr\u00e4nder som \u00e4r fulla av turister som ligger p\u00e5 sina solstolar under sina parasoller. Den norra delen av \u00f6n Kos \u00e4r relativt platt och d\u00e4rf\u00f6r \u00e4r det ett popul\u00e4rt omr\u00e5de att cykla runt i.<\/p>\n<p><a href=\"https:\/\/www.in2greece.com\/swedish\/kos\/kos-karta.html\"><strong>Kos Karta<\/strong><\/a><\/p>","protected":false},"excerpt":{"rendered":"<p>Info om Kos Grekland Kos \u00e4r en grekisk \u00f6 i Egeiska havet, och det \u00e4r den tredje st\u00f6rsta \u00f6n i Dodekaneserna (Tolv\u00f6arna). Den ligger framf\u00f6r den turkiska kusten, nordv\u00e4st om Rhodos och sydost om Samos. Det finns bra f\u00e4rjef\u00f6rbindelser mellan Kos och andra grekiska \u00f6ar. \u00d6n \u00e4r 40 km l\u00e5ng och 8 km bred. Den<br \/><a class=\"moretag\" href=\"https:\/\/www.in2greece.com\/swedish\/kos.html\">+ L\u00e4s Mer<\/a><\/p>\n","protected":false},"author":1,"featured_media":508,"parent":505,"menu_order":0,"comment_status":"closed","ping_status":"closed","template":"","meta":{"footnotes":""},"class_list":["post-1270","page","type-page","status-publish","has-post-thumbnail","hentry"],"yoast_head":"<!-- This site is optimized with the Yoast SEO plugin v27.3 - https:\/\/yoast.com\/product\/yoast-seo-wordpress\/ -->\n<title>Info om Kos Grekland<\/title>\n<meta name=\"description\" content=\"Kos \u00e4r en grekisk \u00f6 i Egeiska havet, och det \u00e4r den tredje st\u00f6rsta \u00f6n i Dodekaneserna (Tolv\u00f6arna). Den ligger framf\u00f6r den turkiska kusten, nordv\u00e4st om Rhodos och sydost om Samos.\" \/>\n<meta name=\"robots\" content=\"index, follow, max-snippet:-1, max-image-preview:large, max-video-preview:-1\" \/>\n<link rel=\"canonical\" href=\"https:\/\/www.in2greece.com\/swedish\/kos.html\" \/>\n<meta property=\"og:locale\" content=\"sv_SE\" \/>\n<meta property=\"og:type\" content=\"article\" \/>\n<meta property=\"og:title\" content=\"Info om Kos Grekland\" \/>\n<meta property=\"og:description\" content=\"Kos \u00e4r en grekisk \u00f6 i Egeiska havet, och det \u00e4r den tredje st\u00f6rsta \u00f6n i Dodekaneserna (Tolv\u00f6arna). Den ligger framf\u00f6r den turkiska kusten, nordv\u00e4st om Rhodos och sydost om Samos.\" \/>\n<meta property=\"og:url\" content=\"https:\/\/www.in2greece.com\/swedish\/kos.html\" \/>\n<meta property=\"og:site_name\" content=\"Grekland\" \/>\n<meta property=\"article:publisher\" content=\"https:\/\/www.facebook.com\/in2greece\" \/>\n<meta property=\"article:modified_time\" content=\"2024-07-05T12:32:22+00:00\" \/>\n<meta property=\"og:image\" content=\"https:\/\/www.in2greece.com\/swedish\/wp-content\/uploads\/2024\/04\/kos.jpg\" \/>\n\t<meta property=\"og:image:width\" content=\"600\" \/>\n\t<meta property=\"og:image:height\" content=\"400\" \/>\n\t<meta property=\"og:image:type\" content=\"image\/jpeg\" \/>\n<meta name=\"twitter:card\" content=\"summary_large_image\" \/>\n<meta name=\"twitter:label1\" content=\"Ber\u00e4knad l\u00e4stid\" \/>\n\t<meta name=\"twitter:data1\" content=\"4 minuter\" \/>\n<script type=\"application\/ld+json\" class=\"yoast-schema-graph\">{\"@context\":\"https:\\\/\\\/schema.org\",\"@graph\":[{\"@type\":\"WebPage\",\"@id\":\"https:\\\/\\\/www.in2greece.com\\\/swedish\\\/kos.html\",\"url\":\"https:\\\/\\\/www.in2greece.com\\\/swedish\\\/kos.html\",\"name\":\"Info om Kos Grekland\",\"isPartOf\":{\"@id\":\"https:\\\/\\\/www.in2greece.com\\\/swedish\\\/#website\"},\"primaryImageOfPage\":{\"@id\":\"https:\\\/\\\/www.in2greece.com\\\/swedish\\\/kos.html#primaryimage\"},\"image\":{\"@id\":\"https:\\\/\\\/www.in2greece.com\\\/swedish\\\/kos.html#primaryimage\"},\"thumbnailUrl\":\"https:\\\/\\\/www.in2greece.com\\\/swedish\\\/wp-content\\\/uploads\\\/2024\\\/04\\\/kos.jpg\",\"datePublished\":\"2024-07-05T12:23:10+00:00\",\"dateModified\":\"2024-07-05T12:32:22+00:00\",\"description\":\"Kos \u00e4r en grekisk \u00f6 i Egeiska havet, och det \u00e4r den tredje st\u00f6rsta \u00f6n i Dodekaneserna (Tolv\u00f6arna). Den ligger framf\u00f6r den turkiska kusten, nordv\u00e4st om Rhodos och sydost om Samos.\",\"breadcrumb\":{\"@id\":\"https:\\\/\\\/www.in2greece.com\\\/swedish\\\/kos.html#breadcrumb\"},\"inLanguage\":\"sv-SE\",\"potentialAction\":[{\"@type\":\"ReadAction\",\"target\":[\"https:\\\/\\\/www.in2greece.com\\\/swedish\\\/kos.html\"]}]},{\"@type\":\"ImageObject\",\"inLanguage\":\"sv-SE\",\"@id\":\"https:\\\/\\\/www.in2greece.com\\\/swedish\\\/kos.html#primaryimage\",\"url\":\"https:\\\/\\\/www.in2greece.com\\\/swedish\\\/wp-content\\\/uploads\\\/2024\\\/04\\\/kos.jpg\",\"contentUrl\":\"https:\\\/\\\/www.in2greece.com\\\/swedish\\\/wp-content\\\/uploads\\\/2024\\\/04\\\/kos.jpg\",\"width\":600,\"height\":400,\"caption\":\"kos\"},{\"@type\":\"BreadcrumbList\",\"@id\":\"https:\\\/\\\/www.in2greece.com\\\/swedish\\\/kos.html#breadcrumb\",\"itemListElement\":[{\"@type\":\"ListItem\",\"position\":1,\"name\":\"Home\",\"item\":\"https:\\\/\\\/www.in2greece.com\\\/swedish\\\/\"},{\"@type\":\"ListItem\",\"position\":2,\"name\":\"Dodekaneserna\",\"item\":\"https:\\\/\\\/www.in2greece.com\\\/swedish\\\/dodekaneserna.html\"},{\"@type\":\"ListItem\",\"position\":3,\"name\":\"Kos\"}]},{\"@type\":\"WebSite\",\"@id\":\"https:\\\/\\\/www.in2greece.com\\\/swedish\\\/#website\",\"url\":\"https:\\\/\\\/www.in2greece.com\\\/swedish\\\/\",\"name\":\"Grekland\",\"description\":\"Reseguide till Grekland\",\"publisher\":{\"@id\":\"https:\\\/\\\/www.in2greece.com\\\/swedish\\\/#organization\"},\"potentialAction\":[{\"@type\":\"SearchAction\",\"target\":{\"@type\":\"EntryPoint\",\"urlTemplate\":\"https:\\\/\\\/www.in2greece.com\\\/swedish\\\/?s={search_term_string}\"},\"query-input\":{\"@type\":\"PropertyValueSpecification\",\"valueRequired\":true,\"valueName\":\"search_term_string\"}}],\"inLanguage\":\"sv-SE\"},{\"@type\":\"Organization\",\"@id\":\"https:\\\/\\\/www.in2greece.com\\\/swedish\\\/#organization\",\"name\":\"www.in2greece.com\",\"url\":\"https:\\\/\\\/www.in2greece.com\\\/swedish\\\/\",\"logo\":{\"@type\":\"ImageObject\",\"inLanguage\":\"sv-SE\",\"@id\":\"https:\\\/\\\/www.in2greece.com\\\/swedish\\\/#\\\/schema\\\/logo\\\/image\\\/\",\"url\":\"https:\\\/\\\/www.in2greece.com\\\/swedish\\\/wp-content\\\/uploads\\\/2022\\\/02\\\/in2greece.png\",\"contentUrl\":\"https:\\\/\\\/www.in2greece.com\\\/swedish\\\/wp-content\\\/uploads\\\/2022\\\/02\\\/in2greece.png\",\"width\":150,\"height\":149,\"caption\":\"www.in2greece.com\"},\"image\":{\"@id\":\"https:\\\/\\\/www.in2greece.com\\\/swedish\\\/#\\\/schema\\\/logo\\\/image\\\/\"},\"sameAs\":[\"https:\\\/\\\/www.facebook.com\\\/in2greece\"]}]}<\/script>\n<!-- \/ Yoast SEO plugin. -->","yoast_head_json":{"title":"Info om Kos Grekland","description":"Kos \u00e4r en grekisk \u00f6 i Egeiska havet, och det \u00e4r den tredje st\u00f6rsta \u00f6n i Dodekaneserna (Tolv\u00f6arna). Den ligger framf\u00f6r den turkiska kusten, nordv\u00e4st om Rhodos och sydost om Samos.","robots":{"index":"index","follow":"follow","max-snippet":"max-snippet:-1","max-image-preview":"max-image-preview:large","max-video-preview":"max-video-preview:-1"},"canonical":"https:\/\/www.in2greece.com\/swedish\/kos.html","og_locale":"sv_SE","og_type":"article","og_title":"Info om Kos Grekland","og_description":"Kos \u00e4r en grekisk \u00f6 i Egeiska havet, och det \u00e4r den tredje st\u00f6rsta \u00f6n i Dodekaneserna (Tolv\u00f6arna). Den ligger framf\u00f6r den turkiska kusten, nordv\u00e4st om Rhodos och sydost om Samos.","og_url":"https:\/\/www.in2greece.com\/swedish\/kos.html","og_site_name":"Grekland","article_publisher":"https:\/\/www.facebook.com\/in2greece","article_modified_time":"2024-07-05T12:32:22+00:00","og_image":[{"width":600,"height":400,"url":"https:\/\/www.in2greece.com\/swedish\/wp-content\/uploads\/2024\/04\/kos.jpg","type":"image\/jpeg"}],"twitter_card":"summary_large_image","twitter_misc":{"Ber\u00e4knad l\u00e4stid":"4 minuter"},"schema":{"@context":"https:\/\/schema.org","@graph":[{"@type":"WebPage","@id":"https:\/\/www.in2greece.com\/swedish\/kos.html","url":"https:\/\/www.in2greece.com\/swedish\/kos.html","name":"Info om Kos Grekland","isPartOf":{"@id":"https:\/\/www.in2greece.com\/swedish\/#website"},"primaryImageOfPage":{"@id":"https:\/\/www.in2greece.com\/swedish\/kos.html#primaryimage"},"image":{"@id":"https:\/\/www.in2greece.com\/swedish\/kos.html#primaryimage"},"thumbnailUrl":"https:\/\/www.in2greece.com\/swedish\/wp-content\/uploads\/2024\/04\/kos.jpg","datePublished":"2024-07-05T12:23:10+00:00","dateModified":"2024-07-05T12:32:22+00:00","description":"Kos \u00e4r en grekisk \u00f6 i Egeiska havet, och det \u00e4r den tredje st\u00f6rsta \u00f6n i Dodekaneserna (Tolv\u00f6arna). Den ligger framf\u00f6r den turkiska kusten, nordv\u00e4st om Rhodos och sydost om Samos.","breadcrumb":{"@id":"https:\/\/www.in2greece.com\/swedish\/kos.html#breadcrumb"},"inLanguage":"sv-SE","potentialAction":[{"@type":"ReadAction","target":["https:\/\/www.in2greece.com\/swedish\/kos.html"]}]},{"@type":"ImageObject","inLanguage":"sv-SE","@id":"https:\/\/www.in2greece.com\/swedish\/kos.html#primaryimage","url":"https:\/\/www.in2greece.com\/swedish\/wp-content\/uploads\/2024\/04\/kos.jpg","contentUrl":"https:\/\/www.in2greece.com\/swedish\/wp-content\/uploads\/2024\/04\/kos.jpg","width":600,"height":400,"caption":"kos"},{"@type":"BreadcrumbList","@id":"https:\/\/www.in2greece.com\/swedish\/kos.html#breadcrumb","itemListElement":[{"@type":"ListItem","position":1,"name":"Home","item":"https:\/\/www.in2greece.com\/swedish\/"},{"@type":"ListItem","position":2,"name":"Dodekaneserna","item":"https:\/\/www.in2greece.com\/swedish\/dodekaneserna.html"},{"@type":"ListItem","position":3,"name":"Kos"}]},{"@type":"WebSite","@id":"https:\/\/www.in2greece.com\/swedish\/#website","url":"https:\/\/www.in2greece.com\/swedish\/","name":"Grekland","description":"Reseguide till Grekland","publisher":{"@id":"https:\/\/www.in2greece.com\/swedish\/#organization"},"potentialAction":[{"@type":"SearchAction","target":{"@type":"EntryPoint","urlTemplate":"https:\/\/www.in2greece.com\/swedish\/?s={search_term_string}"},"query-input":{"@type":"PropertyValueSpecification","valueRequired":true,"valueName":"search_term_string"}}],"inLanguage":"sv-SE"},{"@type":"Organization","@id":"https:\/\/www.in2greece.com\/swedish\/#organization","name":"www.in2greece.com","url":"https:\/\/www.in2greece.com\/swedish\/","logo":{"@type":"ImageObject","inLanguage":"sv-SE","@id":"https:\/\/www.in2greece.com\/swedish\/#\/schema\/logo\/image\/","url":"https:\/\/www.in2greece.com\/swedish\/wp-content\/uploads\/2022\/02\/in2greece.png","contentUrl":"https:\/\/www.in2greece.com\/swedish\/wp-content\/uploads\/2022\/02\/in2greece.png","width":150,"height":149,"caption":"www.in2greece.com"},"image":{"@id":"https:\/\/www.in2greece.com\/swedish\/#\/schema\/logo\/image\/"},"sameAs":["https:\/\/www.facebook.com\/in2greece"]}]}},"_links":{"self":[{"href":"https:\/\/www.in2greece.com\/swedish\/wp-json\/wp\/v2\/pages\/1270","targetHints":{"allow":["GET"]}}],"collection":[{"href":"https:\/\/www.in2greece.com\/swedish\/wp-json\/wp\/v2\/pages"}],"about":[{"href":"https:\/\/www.in2greece.com\/swedish\/wp-json\/wp\/v2\/types\/page"}],"author":[{"embeddable":true,"href":"https:\/\/www.in2greece.com\/swedish\/wp-json\/wp\/v2\/users\/1"}],"replies":[{"embeddable":true,"href":"https:\/\/www.in2greece.com\/swedish\/wp-json\/wp\/v2\/comments?post=1270"}],"version-history":[{"count":0,"href":"https:\/\/www.in2greece.com\/swedish\/wp-json\/wp\/v2\/pages\/1270\/revisions"}],"up":[{"embeddable":true,"href":"https:\/\/www.in2greece.com\/swedish\/wp-json\/wp\/v2\/pages\/505"}],"wp:featuredmedia":[{"embeddable":true,"href":"https:\/\/www.in2greece.com\/swedish\/wp-json\/wp\/v2\/media\/508"}],"wp:attachment":[{"href":"https:\/\/www.in2greece.com\/swedish\/wp-json\/wp\/v2\/media?parent=1270"}],"curies":[{"name":"wp","href":"https:\/\/api.w.org\/{rel}","templated":true}]}}