{"id":1260,"date":"2024-07-02T11:30:07","date_gmt":"2024-07-02T11:30:07","guid":{"rendered":"https:\/\/www.in2greece.com\/swedish\/?page_id=1260"},"modified":"2024-07-02T11:32:35","modified_gmt":"2024-07-02T11:32:35","slug":"folegandros","status":"publish","type":"page","link":"https:\/\/www.in2greece.com\/swedish\/folegandros.html","title":{"rendered":"Folegandros"},"content":{"rendered":"\n<h2 class=\"wp-block-heading\">Uppt\u00e4ck \u00f6n Folegandros i Grekland<\/h2>\n\n\n<p><img decoding=\"async\" class=\"alignleft size-medium wp-image-1261\" src=\"https:\/\/www.in2greece.com\/swedish\/wp-content\/uploads\/2024\/07\/folegandros-300x210.jpg\" alt=\"folegandros\" width=\"300\" height=\"210\" srcset=\"https:\/\/www.in2greece.com\/swedish\/wp-content\/uploads\/2024\/07\/folegandros-300x210.jpg 300w, https:\/\/www.in2greece.com\/swedish\/wp-content\/uploads\/2024\/07\/folegandros.jpg 482w\" sizes=\"(max-width: 300px) 100vw, 300px\" \/> Folegandros \u00e4r en av de grekiska Kykladerna, bel\u00e4gen i Egeiska havet, 181 kilometer sydost om fastlandshamnen Pireus. Det \u00e4r en av kronjuvelerna i Kykladerna \u2013 en or\u00f6rd \u00f6paradis som lockar precis tillr\u00e4ckligt med bes\u00f6kare f\u00f6r att g\u00f6ra en vistelse h\u00e4r b\u00e5de bekv\u00e4m och of\u00f6rgl\u00f6mlig.<\/p>\n<p>Du beh\u00f6ver inte leva spartanskt p\u00e5 Folegandros, men du slipper ocks\u00e5 k\u00e4mpa dig genom de sommarhorder som pl\u00e5gar de mer kommersialiserade \u00f6arna i arkipelagen, s\u00e5som Mykonos och Santorini.<\/p>\n<p>Du kan n\u00e5 \u00f6n med f\u00e4rja fr\u00e5n Pireus (nio timmar) eller fr\u00e5n n\u00e5gon av de n\u00e4rliggande \u00f6arna. Det finns regelbundna f\u00e4rjef\u00f6rbindelser med Santorini, Ios, Paros, Naxos och Sikinos samt mindre frekventa tj\u00e4nster till Syros, Milos, Sifnos, Serifos, Kimolos och Anafi.<\/p>\n<p>Det enklaste s\u00e4ttet att n\u00e5 \u00f6n \u00e4r med f\u00e4rja fr\u00e5n Santorini (tv\u00e5 och en halv timme), som har regelbundna flyg med Olympic Airways till Aten.<\/p>\n<p><img decoding=\"async\" class=\"alignleft size-medium wp-image-1264\" src=\"https:\/\/www.in2greece.com\/swedish\/wp-content\/uploads\/2024\/07\/folegandros--300x210.jpg\" alt=\"folegandros\" width=\"300\" height=\"210\" srcset=\"https:\/\/www.in2greece.com\/swedish\/wp-content\/uploads\/2024\/07\/folegandros--300x210.jpg 300w, https:\/\/www.in2greece.com\/swedish\/wp-content\/uploads\/2024\/07\/folegandros-.jpg 482w\" sizes=\"(max-width: 300px) 100vw, 300px\" \/>Det finns inga banker eller uttagsautomater h\u00e4r, inga biluthyrningsfirmor eller nattklubbar fyllda med ton\u00e5ringar och unga vuxna. Men det finns precis tillr\u00e4ckligt med turister f\u00f6r att motivera ett bra urval av tavernor och livliga barer d\u00e4r du kan umg\u00e5s med \u00f6borna till sm\u00e5timmarna.<\/p>\n<p>Man kommer inte till Folegandros f\u00f6r dess nattliv. Detta \u00e4r en \u00f6 f\u00f6r dem som uppskattar natur, lugn, or\u00f6rda str\u00e4nder och en livsstil som knappt verkar ha f\u00f6r\u00e4ndrats p\u00e5 \u00e5rhundraden.<\/p>\n<p>Den avl\u00e5nga \u00f6n, bel\u00e4gen mellan Milos och Sikinos, \u00e4r bara 13 kilometer l\u00e5ng och 3,7 kilometer p\u00e5 sitt bredaste st\u00e4lle. Mitt p\u00e5 \u00f6n \u00e4r den bara en kilometer bred. Den 40 kilometer l\u00e5nga kusten \u00e4r full av avskilda vikar och str\u00e4nder, varav de flesta endast \u00e4r tillg\u00e4ngliga till fots.<\/p>\n<p>\u00d6n har varit bebodd i mer \u00e4n 3 000 \u00e5r. De f\u00f6rsta bos\u00e4ttarna tros ha varit kretensare fr\u00e5n den tidiga minoiska civilisationen; dorierna (en grekisk stam fr\u00e5n norr) bosatte sig h\u00e4r p\u00e5 800-talet f.Kr., romarna anv\u00e4nde senare \u00f6n som en plats f\u00f6r exil och den invaderades d\u00e4refter av venetianarna och senare turkarna. Men en invasion av massturism har hittills h\u00e5llits p\u00e5 avst\u00e5nd och h\u00e4r ligger \u00f6ns charm.<\/p>\n<p>Vandra l\u00e4ngs de robusta \u00f6lederna p\u00e5 v\u00e5ren och f\u00f6rsommaren n\u00e4r kullarna och f\u00e4lten \u00e4r t\u00e4ckta av vilda blommor och luften \u00e4r fylld med doften av timjan, oregano och kaprisblommor. Bes\u00f6k i slutet av h\u00f6sten efter att de sista sommarbes\u00f6karna har l\u00e4mnat, och du kan delta med \u00f6borna i den \u00e5rliga olivsk\u00f6rden.<\/p>\n<p>Men se till att boka i f\u00f6rv\u00e4g om du planerar att bes\u00f6ka mot slutet av juli eller n\u00e4r som helst i augusti eftersom \u00f6ns begr\u00e4nsade utbud av boende snabbt blir fullbokat.<\/p>\n<p>Kravfyllda turister snappar upp de b\u00e4sta platserna i den vackra huvudstaden Hora, som m\u00e5ste betraktas som en av de mest f\u00f6rtrollande st\u00e4derna i hela de grekiska \u00f6arna.<\/p>\n<p>Den medeltida delen av staden, bel\u00e4gen h\u00f6gt uppe p\u00e5 en klippkant, \u00e4r en h\u00e4rlig blandning av valvg\u00e5ngar fyllda med sockerbitsliknande hus dekorerade med bougainvillea, geranium och hibiskus.<\/p>\n<h3>Historia och Mytologi<\/h3>\n<p>Folegandros har en rik historia och mytologi som str\u00e4cker sig \u00f6ver 3 000 \u00e5r. De f\u00f6rsta bos\u00e4ttarna tros ha varit kretensare fr\u00e5n den tidiga minoiska civilisationen, en av de mest framst\u00e5ende kulturerna i forntidens Medelhavsomr\u00e5de.<\/p>\n<p>P\u00e5 800-talet f.Kr. bosatte sig dorierna, en grekisk stam fr\u00e5n norr, p\u00e5 \u00f6n. Under romartiden anv\u00e4ndes Folegandros som en plats f\u00f6r exil, och senare blev \u00f6n invaderad av venetianarna och turkarna.<\/p>\n<p>Varje period har satt sina sp\u00e5r p\u00e5 \u00f6n, vilket g\u00f6r den till en fascinerande plats f\u00f6r historie\u00e4lskare. Det \u00e4r just fr\u00e5nvaron av massturism som har bevarat denna unika historiska milj\u00f6 och gett Folegandros dess tidl\u00f6sa charm.<\/p>\n<h3>B\u00e4sta Tid att Bes\u00f6ka<\/h3>\n<p>Den b\u00e4sta tiden att bes\u00f6ka Folegandros \u00e4r under v\u00e5ren och tidig sommar n\u00e4r \u00f6n \u00e4r t\u00e4ckt av vilda blommor och luften \u00e4r fylld med doften av timjan, oregano och kaprisblommor.<\/p>\n<p>Under dessa m\u00e5nader \u00e4r temperaturen behaglig, och landskapet blomstrar i ett f\u00e4rgsprakande sk\u00e5despel. \u00c4ven sensommaren och tidig h\u00f6st \u00e4r idealiska perioder n\u00e4r v\u00e4dret fortfarande \u00e4r varmt men turiststr\u00f6mmen har avtagit, vilket g\u00f6r det l\u00e4ttare att hitta lugn och ro.<\/p>\n<p>Undvik att resa i slutet av juli och augusti om du vill undvika de st\u00f6rsta turistm\u00e4ngderna och s\u00e4kra boende i f\u00f6rv\u00e4g, d\u00e5 detta \u00e4r h\u00f6gs\u00e4song och m\u00e5nga boenden snabbt blir fullbokade.<\/p>\n<h3>Saker att G\u00f6ra och Se<\/h3>\n<p><img decoding=\"async\" class=\"alignleft size-medium wp-image-1262\" src=\"https:\/\/www.in2greece.com\/swedish\/wp-content\/uploads\/2024\/07\/folegandros-on-300x210.jpg\" alt=\"folegandros\" width=\"300\" height=\"210\" srcset=\"https:\/\/www.in2greece.com\/swedish\/wp-content\/uploads\/2024\/07\/folegandros-on-300x210.jpg 300w, https:\/\/www.in2greece.com\/swedish\/wp-content\/uploads\/2024\/07\/folegandros-on.jpg 482w\" sizes=\"(max-width: 300px) 100vw, 300px\" \/>Det finns mycket att g\u00f6ra och se p\u00e5 Folegandros. Utforska de robusta \u00f6lederna som erbjuder fantastisk utsikt \u00f6ver havet och landskapet. Vandringslederna tar dig genom vilda blommor, doftande \u00f6rter och erbjuder panoramavyer som \u00e4r perfekt f\u00f6r natur\u00e4lskare och fotografer.<\/p>\n<p>Bes\u00f6k den charmiga huvudstaden Hora, en av de mest pittoreska st\u00e4derna i hela Grekland, med dess vitkalkade hus, smala gr\u00e4nder och den imponerande klippkanten d\u00e4r staden ligger.<\/p>\n<p>Hora \u00e4r en plats d\u00e4r man verkligen kan uppskatta den traditionella kykladiska arkitekturen med sockerbitsliknande hus dekorerade med bougainvillea, geranium och hibiskus.<\/p>\n<p>Ett m\u00e5ste \u00e4r ocks\u00e5 att bes\u00f6ka den historiska kyrkan Panagia, som ligger p\u00e5 en kulle med panoramautsikt \u00f6ver \u00f6n. Kyrkan \u00e4r en viktig plats f\u00f6r b\u00e5de lokalbefolkningen och bes\u00f6kare, s\u00e4rskilt under religi\u00f6sa h\u00f6gtider.<\/p>\n<h3>Str\u00e4nder<\/h3>\n<p><img decoding=\"async\" class=\"alignleft size-medium wp-image-1263\" src=\"https:\/\/www.in2greece.com\/swedish\/wp-content\/uploads\/2024\/07\/folegandros-strand-300x210.jpg\" alt=\"folegandros-strand\" width=\"300\" height=\"210\" srcset=\"https:\/\/www.in2greece.com\/swedish\/wp-content\/uploads\/2024\/07\/folegandros-strand-300x210.jpg 300w, https:\/\/www.in2greece.com\/swedish\/wp-content\/uploads\/2024\/07\/folegandros-strand.jpg 482w\" sizes=\"(max-width: 300px) 100vw, 300px\" \/>Folegandros str\u00e4nder \u00e4r n\u00e5gra av de mest or\u00f6rda i Kykladerna. Str\u00e4nderna Agali, Katergo och Livadaki erbjuder kristallklart vatten och lugna omgivningar, perfekt f\u00f6r avkoppling och simning.<\/p>\n<p>Agali \u00e4r l\u00e4ttillg\u00e4nglig och erbjuder ett utm\u00e4rkt l\u00e4ge f\u00f6r sol och bad. Katergo \u00e4r k\u00e4nd f\u00f6r sin dramatiska sk\u00f6nhet och \u00e4r tillg\u00e4nglig med b\u00e5t eller en vandringsled, vilket ger en mer avskild k\u00e4nsla.<\/p>\n<p>Livadaki \u00e4r en annan avskild strand som \u00e4r perfekt f\u00f6r de som s\u00f6ker en tystare plats att njuta av solen. M\u00e5nga av str\u00e4nderna \u00e4r endast tillg\u00e4ngliga till fots eller med b\u00e5t, vilket bidrar till deras or\u00f6rda charm och g\u00f6r dem idealiska f\u00f6r de som s\u00f6ker avskildhet och naturlig sk\u00f6nhet.<\/p>\n<h3>Lokal Mat<\/h3>\n<p><img decoding=\"async\" class=\"alignleft size-medium wp-image-613\" src=\"https:\/\/www.in2greece.com\/swedish\/wp-content\/uploads\/2024\/04\/local-cuisine-300x204.jpg\" alt=\"mat\" width=\"300\" height=\"204\" srcset=\"https:\/\/www.in2greece.com\/swedish\/wp-content\/uploads\/2024\/04\/local-cuisine-300x204.jpg 300w, https:\/\/www.in2greece.com\/swedish\/wp-content\/uploads\/2024\/04\/local-cuisine-400x270.jpg 400w, https:\/\/www.in2greece.com\/swedish\/wp-content\/uploads\/2024\/04\/local-cuisine.jpg 516w\" sizes=\"(max-width: 300px) 100vw, 300px\" \/>Den lokala maten p\u00e5 Folegandros \u00e4r en fest f\u00f6r smakl\u00f6karna. Prova traditionella r\u00e4tter som matsata (en typ av handgjord pasta), kik\u00e4rtsbollar och f\u00e4rska skaldjur.<\/p>\n<p>Matsata serveras ofta med get- eller kycklingk\u00f6tt och \u00e4r en symbol f\u00f6r \u00f6ns kulinariska arv. Kik\u00e4rtsbollar, en popul\u00e4r f\u00f6rr\u00e4tt, \u00e4r krispiga och smakrika, perfekta f\u00f6r att dela med v\u00e4nner \u00f6ver en kall drink. Bes\u00f6k lokala tavernor och smaka p\u00e5 r\u00e4tter tillagade med lokala ingredienser och traditionella recept.<\/p>\n<p>M\u00e5nga tavernor ligger i Hora och erbjuder fantastisk utsikt \u00f6ver havet medan du njuter av din m\u00e5ltid. Missa inte att prova de lokala ostarna, som \u00e4r kr\u00e4miga och fulla av smak, och den ber\u00f6mda raki, en stark sprit som ofta serveras efter m\u00e5ltiden som en digestif.<\/p>\n<h3>Nattliv<\/h3>\n<p><img decoding=\"async\" class=\"alignleft size-medium wp-image-1265\" src=\"https:\/\/www.in2greece.com\/swedish\/wp-content\/uploads\/2024\/07\/natliv-300x226.jpg\" alt=\"natliv\" width=\"300\" height=\"226\" srcset=\"https:\/\/www.in2greece.com\/swedish\/wp-content\/uploads\/2024\/07\/natliv-300x226.jpg 300w, https:\/\/www.in2greece.com\/swedish\/wp-content\/uploads\/2024\/07\/natliv.jpg 356w\" sizes=\"(max-width: 300px) 100vw, 300px\" \/>Nattlivet p\u00e5 Folegandros \u00e4r lugnt och avslappnat j\u00e4mf\u00f6rt med andra grekiska \u00f6ar som Mykonos och Santorini.<\/p>\n<p>H\u00e4r hittar du inte stora nattklubbar eller livliga discon, utan ist\u00e4llet mysiga barer och tavernor d\u00e4r du kan njuta av en drink och samtal med b\u00e5de lokalbefolkning och andra bes\u00f6kare.<\/p>\n<p>St\u00e4mningen \u00e4r avslappnad och autentisk, perfekt f\u00f6r de som s\u00f6ker en lugnare upplevelse.<\/p>\n<p>Barerna i Hora erbjuder ofta fantastisk utsikt \u00f6ver det upplysta havet och skapar en magisk atmosf\u00e4r f\u00f6r en kv\u00e4llsdrink. H\u00e4r kan du njuta av traditionell grekisk musik och den g\u00e4stfrihet som Grekland \u00e4r k\u00e4nt f\u00f6r.<\/p>\n<h3>Att Ta sig Runt<\/h3>\n<p>Att ta sig runt p\u00e5 Folegandros \u00e4r enkelt trots \u00f6ns begr\u00e4nsade infrastruktur. Det finns inga taxibilar, bussar eller hyrfordon, s\u00e5 de flesta bes\u00f6kare utforskar \u00f6n till fots eller hyr cyklar och fyrhjulingar. V\u00e4gn\u00e4tet \u00e4r begr\u00e4nsat men v\u00e4l underh\u00e5llet, vilket g\u00f6r det l\u00e4tt att ta sig runt och uppt\u00e4cka de olika delarna av \u00f6n.<\/p>\n<p>F\u00f6r de som gillar \u00e4ventyr, \u00e4r vandring ett utm\u00e4rkt s\u00e4tt att utforska \u00f6ns dolda skatter. Fyrhjulingar \u00e4r popul\u00e4ra bland bes\u00f6kare och ger en flexibel och rolig metod f\u00f6r att navigera de slingrande v\u00e4garna och stigarna p\u00e5 Folegandros.<\/p>\n<p>Det \u00e4r ocks\u00e5 ett bra s\u00e4tt att n\u00e5 de mer avl\u00e4gsna str\u00e4nderna och utforska det vilda landskapet.<\/p>\n<h3>Boende<\/h3>\n<p>N\u00e4r det kommer till boende finns det flera alternativ p\u00e5 Folegandros. Fr\u00e5n lyxiga hotell till mysiga pensionat och traditionella hus, finns det n\u00e5got f\u00f6r alla smaker och budgetar. Den vackra huvudstaden Hora erbjuder ett bra urval av boenden, m\u00e5nga med fantastisk utsikt \u00f6ver havet och den omgivande landsbygden.<\/p>\n<p>Hora \u00e4r den perfekta basen f\u00f6r din vistelse, med sitt centrala l\u00e4ge och n\u00e4rhet till restauranger och sev\u00e4rdheter. F\u00f6r en mer avskild och lugn upplevelse kan du v\u00e4lja att bo i byarna Karavostasis eller Ano Meria. Karavostasis, som \u00e4r \u00f6ns hamn, erbjuder lugn och ro med n\u00e4rhet till stranden, medan Ano Meria ger en genuin inblick i det traditionella livet p\u00e5 Folegandros med sina pittoreska landskap och autentiska atmosf\u00e4r.<\/p>\n<h3>Att Ta sig Dit<\/h3>\n<p>Du kan n\u00e5 Folegandros med f\u00e4rja fr\u00e5n Pireus eller fr\u00e5n n\u00e5gon av de n\u00e4rliggande \u00f6arna. Det finns regelbundna f\u00e4rjef\u00f6rbindelser med Santorini, Ios, Paros, Naxos och Sikinos samt mindre frekventa tj\u00e4nster till Syros, Milos, Sifnos, Serifos, Kimolos och Anafi.<\/p>\n<p>Det enklaste s\u00e4ttet att n\u00e5 \u00f6n \u00e4r med f\u00e4rja fr\u00e5n Santorini (tv\u00e5 och en halv timme), som har regelbundna flyg med Olympic Airways till Aten. F\u00e4rjeturen erbjuder en fantastisk m\u00f6jlighet att njuta av den vackra egeiska kusten och \u00e4r en del av upplevelsen n\u00e4r du reser till Folegandros.<\/p>","protected":false},"excerpt":{"rendered":"<p>Uppt\u00e4ck \u00f6n Folegandros i Grekland Folegandros \u00e4r en av de grekiska Kykladerna, bel\u00e4gen i Egeiska havet, 181 kilometer sydost om fastlandshamnen Pireus. Det \u00e4r en av kronjuvelerna i Kykladerna \u2013 en or\u00f6rd \u00f6paradis som lockar precis tillr\u00e4ckligt med bes\u00f6kare f\u00f6r att g\u00f6ra en vistelse h\u00e4r b\u00e5de bekv\u00e4m och of\u00f6rgl\u00f6mlig. Du beh\u00f6ver inte leva spartanskt p\u00e5<br \/><a class=\"moretag\" href=\"https:\/\/www.in2greece.com\/swedish\/folegandros.html\">+ L\u00e4s Mer<\/a><\/p>\n","protected":false},"author":1,"featured_media":1261,"parent":522,"menu_order":0,"comment_status":"closed","ping_status":"closed","template":"","meta":{"footnotes":""},"class_list":["post-1260","page","type-page","status-publish","has-post-thumbnail","hentry"],"yoast_head":"<!-- This site is optimized with the Yoast SEO plugin v27.4 - https:\/\/yoast.com\/product\/yoast-seo-wordpress\/ -->\n<title>Uppt\u00e4ck \u00f6n Folegandros i Grekland<\/title>\n<meta name=\"description\" content=\"Folegandros erbjuder en unik blandning av or\u00f6rd natur, rik historia, charmig arkitektur och \u00e4kta grekisk g\u00e4stfrihet. Det \u00e4r en idealisk destination f\u00f6r dem som s\u00f6ker lugn och ro, bort fr\u00e5n de mer kommersialiserade turistm\u00e5len.\" \/>\n<meta name=\"robots\" content=\"index, follow, max-snippet:-1, max-image-preview:large, max-video-preview:-1\" \/>\n<link rel=\"canonical\" href=\"https:\/\/www.in2greece.com\/swedish\/folegandros.html\" \/>\n<meta property=\"og:locale\" content=\"sv_SE\" \/>\n<meta property=\"og:type\" content=\"article\" \/>\n<meta property=\"og:title\" content=\"Uppt\u00e4ck \u00f6n Folegandros i Grekland\" \/>\n<meta property=\"og:description\" content=\"Folegandros erbjuder en unik blandning av or\u00f6rd natur, rik historia, charmig arkitektur och \u00e4kta grekisk g\u00e4stfrihet. Det \u00e4r en idealisk destination f\u00f6r dem som s\u00f6ker lugn och ro, bort fr\u00e5n de mer kommersialiserade turistm\u00e5len.\" \/>\n<meta property=\"og:url\" content=\"https:\/\/www.in2greece.com\/swedish\/folegandros.html\" \/>\n<meta property=\"og:site_name\" content=\"Grekland\" \/>\n<meta property=\"article:publisher\" content=\"https:\/\/www.facebook.com\/in2greece\" \/>\n<meta property=\"article:modified_time\" content=\"2024-07-02T11:32:35+00:00\" \/>\n<meta property=\"og:image\" content=\"https:\/\/www.in2greece.com\/swedish\/wp-content\/uploads\/2024\/07\/folegandros.jpg\" \/>\n\t<meta property=\"og:image:width\" content=\"482\" \/>\n\t<meta property=\"og:image:height\" content=\"337\" \/>\n\t<meta property=\"og:image:type\" content=\"image\/jpeg\" \/>\n<meta name=\"twitter:card\" content=\"summary_large_image\" \/>\n<meta name=\"twitter:label1\" content=\"Ber\u00e4knad l\u00e4stid\" \/>\n\t<meta name=\"twitter:data1\" content=\"9 minuter\" \/>\n<script type=\"application\/ld+json\" class=\"yoast-schema-graph\">{\"@context\":\"https:\\\/\\\/schema.org\",\"@graph\":[{\"@type\":\"WebPage\",\"@id\":\"https:\\\/\\\/www.in2greece.com\\\/swedish\\\/folegandros.html\",\"url\":\"https:\\\/\\\/www.in2greece.com\\\/swedish\\\/folegandros.html\",\"name\":\"Uppt\u00e4ck \u00f6n Folegandros i Grekland\",\"isPartOf\":{\"@id\":\"https:\\\/\\\/www.in2greece.com\\\/swedish\\\/#website\"},\"primaryImageOfPage\":{\"@id\":\"https:\\\/\\\/www.in2greece.com\\\/swedish\\\/folegandros.html#primaryimage\"},\"image\":{\"@id\":\"https:\\\/\\\/www.in2greece.com\\\/swedish\\\/folegandros.html#primaryimage\"},\"thumbnailUrl\":\"https:\\\/\\\/www.in2greece.com\\\/swedish\\\/wp-content\\\/uploads\\\/2024\\\/07\\\/folegandros.jpg\",\"datePublished\":\"2024-07-02T11:30:07+00:00\",\"dateModified\":\"2024-07-02T11:32:35+00:00\",\"description\":\"Folegandros erbjuder en unik blandning av or\u00f6rd natur, rik historia, charmig arkitektur och \u00e4kta grekisk g\u00e4stfrihet. Det \u00e4r en idealisk destination f\u00f6r dem som s\u00f6ker lugn och ro, bort fr\u00e5n de mer kommersialiserade turistm\u00e5len.\",\"breadcrumb\":{\"@id\":\"https:\\\/\\\/www.in2greece.com\\\/swedish\\\/folegandros.html#breadcrumb\"},\"inLanguage\":\"sv-SE\",\"potentialAction\":[{\"@type\":\"ReadAction\",\"target\":[\"https:\\\/\\\/www.in2greece.com\\\/swedish\\\/folegandros.html\"]}]},{\"@type\":\"ImageObject\",\"inLanguage\":\"sv-SE\",\"@id\":\"https:\\\/\\\/www.in2greece.com\\\/swedish\\\/folegandros.html#primaryimage\",\"url\":\"https:\\\/\\\/www.in2greece.com\\\/swedish\\\/wp-content\\\/uploads\\\/2024\\\/07\\\/folegandros.jpg\",\"contentUrl\":\"https:\\\/\\\/www.in2greece.com\\\/swedish\\\/wp-content\\\/uploads\\\/2024\\\/07\\\/folegandros.jpg\",\"width\":482,\"height\":337,\"caption\":\"folegandros\"},{\"@type\":\"BreadcrumbList\",\"@id\":\"https:\\\/\\\/www.in2greece.com\\\/swedish\\\/folegandros.html#breadcrumb\",\"itemListElement\":[{\"@type\":\"ListItem\",\"position\":1,\"name\":\"Home\",\"item\":\"https:\\\/\\\/www.in2greece.com\\\/swedish\\\/\"},{\"@type\":\"ListItem\",\"position\":2,\"name\":\"Kykladerna\",\"item\":\"https:\\\/\\\/www.in2greece.com\\\/swedish\\\/kykladerna.html\"},{\"@type\":\"ListItem\",\"position\":3,\"name\":\"Folegandros\"}]},{\"@type\":\"WebSite\",\"@id\":\"https:\\\/\\\/www.in2greece.com\\\/swedish\\\/#website\",\"url\":\"https:\\\/\\\/www.in2greece.com\\\/swedish\\\/\",\"name\":\"Grekland\",\"description\":\"Reseguide till Grekland\",\"publisher\":{\"@id\":\"https:\\\/\\\/www.in2greece.com\\\/swedish\\\/#organization\"},\"potentialAction\":[{\"@type\":\"SearchAction\",\"target\":{\"@type\":\"EntryPoint\",\"urlTemplate\":\"https:\\\/\\\/www.in2greece.com\\\/swedish\\\/?s={search_term_string}\"},\"query-input\":{\"@type\":\"PropertyValueSpecification\",\"valueRequired\":true,\"valueName\":\"search_term_string\"}}],\"inLanguage\":\"sv-SE\"},{\"@type\":\"Organization\",\"@id\":\"https:\\\/\\\/www.in2greece.com\\\/swedish\\\/#organization\",\"name\":\"www.in2greece.com\",\"url\":\"https:\\\/\\\/www.in2greece.com\\\/swedish\\\/\",\"logo\":{\"@type\":\"ImageObject\",\"inLanguage\":\"sv-SE\",\"@id\":\"https:\\\/\\\/www.in2greece.com\\\/swedish\\\/#\\\/schema\\\/logo\\\/image\\\/\",\"url\":\"https:\\\/\\\/www.in2greece.com\\\/swedish\\\/wp-content\\\/uploads\\\/2022\\\/02\\\/in2greece.png\",\"contentUrl\":\"https:\\\/\\\/www.in2greece.com\\\/swedish\\\/wp-content\\\/uploads\\\/2022\\\/02\\\/in2greece.png\",\"width\":150,\"height\":149,\"caption\":\"www.in2greece.com\"},\"image\":{\"@id\":\"https:\\\/\\\/www.in2greece.com\\\/swedish\\\/#\\\/schema\\\/logo\\\/image\\\/\"},\"sameAs\":[\"https:\\\/\\\/www.facebook.com\\\/in2greece\"]}]}<\/script>\n<!-- \/ Yoast SEO plugin. -->","yoast_head_json":{"title":"Uppt\u00e4ck \u00f6n Folegandros i Grekland","description":"Folegandros erbjuder en unik blandning av or\u00f6rd natur, rik historia, charmig arkitektur och \u00e4kta grekisk g\u00e4stfrihet. Det \u00e4r en idealisk destination f\u00f6r dem som s\u00f6ker lugn och ro, bort fr\u00e5n de mer kommersialiserade turistm\u00e5len.","robots":{"index":"index","follow":"follow","max-snippet":"max-snippet:-1","max-image-preview":"max-image-preview:large","max-video-preview":"max-video-preview:-1"},"canonical":"https:\/\/www.in2greece.com\/swedish\/folegandros.html","og_locale":"sv_SE","og_type":"article","og_title":"Uppt\u00e4ck \u00f6n Folegandros i Grekland","og_description":"Folegandros erbjuder en unik blandning av or\u00f6rd natur, rik historia, charmig arkitektur och \u00e4kta grekisk g\u00e4stfrihet. Det \u00e4r en idealisk destination f\u00f6r dem som s\u00f6ker lugn och ro, bort fr\u00e5n de mer kommersialiserade turistm\u00e5len.","og_url":"https:\/\/www.in2greece.com\/swedish\/folegandros.html","og_site_name":"Grekland","article_publisher":"https:\/\/www.facebook.com\/in2greece","article_modified_time":"2024-07-02T11:32:35+00:00","og_image":[{"width":482,"height":337,"url":"https:\/\/www.in2greece.com\/swedish\/wp-content\/uploads\/2024\/07\/folegandros.jpg","type":"image\/jpeg"}],"twitter_card":"summary_large_image","twitter_misc":{"Ber\u00e4knad l\u00e4stid":"9 minuter"},"schema":{"@context":"https:\/\/schema.org","@graph":[{"@type":"WebPage","@id":"https:\/\/www.in2greece.com\/swedish\/folegandros.html","url":"https:\/\/www.in2greece.com\/swedish\/folegandros.html","name":"Uppt\u00e4ck \u00f6n Folegandros i Grekland","isPartOf":{"@id":"https:\/\/www.in2greece.com\/swedish\/#website"},"primaryImageOfPage":{"@id":"https:\/\/www.in2greece.com\/swedish\/folegandros.html#primaryimage"},"image":{"@id":"https:\/\/www.in2greece.com\/swedish\/folegandros.html#primaryimage"},"thumbnailUrl":"https:\/\/www.in2greece.com\/swedish\/wp-content\/uploads\/2024\/07\/folegandros.jpg","datePublished":"2024-07-02T11:30:07+00:00","dateModified":"2024-07-02T11:32:35+00:00","description":"Folegandros erbjuder en unik blandning av or\u00f6rd natur, rik historia, charmig arkitektur och \u00e4kta grekisk g\u00e4stfrihet. Det \u00e4r en idealisk destination f\u00f6r dem som s\u00f6ker lugn och ro, bort fr\u00e5n de mer kommersialiserade turistm\u00e5len.","breadcrumb":{"@id":"https:\/\/www.in2greece.com\/swedish\/folegandros.html#breadcrumb"},"inLanguage":"sv-SE","potentialAction":[{"@type":"ReadAction","target":["https:\/\/www.in2greece.com\/swedish\/folegandros.html"]}]},{"@type":"ImageObject","inLanguage":"sv-SE","@id":"https:\/\/www.in2greece.com\/swedish\/folegandros.html#primaryimage","url":"https:\/\/www.in2greece.com\/swedish\/wp-content\/uploads\/2024\/07\/folegandros.jpg","contentUrl":"https:\/\/www.in2greece.com\/swedish\/wp-content\/uploads\/2024\/07\/folegandros.jpg","width":482,"height":337,"caption":"folegandros"},{"@type":"BreadcrumbList","@id":"https:\/\/www.in2greece.com\/swedish\/folegandros.html#breadcrumb","itemListElement":[{"@type":"ListItem","position":1,"name":"Home","item":"https:\/\/www.in2greece.com\/swedish\/"},{"@type":"ListItem","position":2,"name":"Kykladerna","item":"https:\/\/www.in2greece.com\/swedish\/kykladerna.html"},{"@type":"ListItem","position":3,"name":"Folegandros"}]},{"@type":"WebSite","@id":"https:\/\/www.in2greece.com\/swedish\/#website","url":"https:\/\/www.in2greece.com\/swedish\/","name":"Grekland","description":"Reseguide till Grekland","publisher":{"@id":"https:\/\/www.in2greece.com\/swedish\/#organization"},"potentialAction":[{"@type":"SearchAction","target":{"@type":"EntryPoint","urlTemplate":"https:\/\/www.in2greece.com\/swedish\/?s={search_term_string}"},"query-input":{"@type":"PropertyValueSpecification","valueRequired":true,"valueName":"search_term_string"}}],"inLanguage":"sv-SE"},{"@type":"Organization","@id":"https:\/\/www.in2greece.com\/swedish\/#organization","name":"www.in2greece.com","url":"https:\/\/www.in2greece.com\/swedish\/","logo":{"@type":"ImageObject","inLanguage":"sv-SE","@id":"https:\/\/www.in2greece.com\/swedish\/#\/schema\/logo\/image\/","url":"https:\/\/www.in2greece.com\/swedish\/wp-content\/uploads\/2022\/02\/in2greece.png","contentUrl":"https:\/\/www.in2greece.com\/swedish\/wp-content\/uploads\/2022\/02\/in2greece.png","width":150,"height":149,"caption":"www.in2greece.com"},"image":{"@id":"https:\/\/www.in2greece.com\/swedish\/#\/schema\/logo\/image\/"},"sameAs":["https:\/\/www.facebook.com\/in2greece"]}]}},"_links":{"self":[{"href":"https:\/\/www.in2greece.com\/swedish\/wp-json\/wp\/v2\/pages\/1260","targetHints":{"allow":["GET"]}}],"collection":[{"href":"https:\/\/www.in2greece.com\/swedish\/wp-json\/wp\/v2\/pages"}],"about":[{"href":"https:\/\/www.in2greece.com\/swedish\/wp-json\/wp\/v2\/types\/page"}],"author":[{"embeddable":true,"href":"https:\/\/www.in2greece.com\/swedish\/wp-json\/wp\/v2\/users\/1"}],"replies":[{"embeddable":true,"href":"https:\/\/www.in2greece.com\/swedish\/wp-json\/wp\/v2\/comments?post=1260"}],"version-history":[{"count":0,"href":"https:\/\/www.in2greece.com\/swedish\/wp-json\/wp\/v2\/pages\/1260\/revisions"}],"up":[{"embeddable":true,"href":"https:\/\/www.in2greece.com\/swedish\/wp-json\/wp\/v2\/pages\/522"}],"wp:featuredmedia":[{"embeddable":true,"href":"https:\/\/www.in2greece.com\/swedish\/wp-json\/wp\/v2\/media\/1261"}],"wp:attachment":[{"href":"https:\/\/www.in2greece.com\/swedish\/wp-json\/wp\/v2\/media?parent=1260"}],"curies":[{"name":"wp","href":"https:\/\/api.w.org\/{rel}","templated":true}]}}