{"id":189,"date":"2024-09-27T13:02:43","date_gmt":"2024-09-27T11:02:43","guid":{"rendered":"https:\/\/www.in2greece.com\/griechenland\/?page_id=189"},"modified":"2024-09-27T13:17:07","modified_gmt":"2024-09-27T11:17:07","slug":"bildung-in-griechenland","status":"publish","type":"page","link":"https:\/\/www.in2greece.com\/griechenland\/bildung.html","title":{"rendered":"Bildung in Griechenland"},"content":{"rendered":"\n<h2 class=\"wp-block-heading\">Das Bildungssystem in Griechenland<\/h2>\n\n\n<p>Wie \u00fcberall in Europa ist das griechische Bildungssystem durch Gesetze und Verwaltungsakte geregelt. Der Minister f\u00fcr Nationale Erziehung und Religi\u00f6se Angelegenheiten, der f\u00fcr die Bildungspolitik zust\u00e4ndig ist, tr\u00e4gt die volle Verantwortung. Bildung ist f\u00fcr alle Kinder im Alter von 6 bis 15 Jahren Pflicht. Die offizielle Schulbildung ist gepr\u00e4gt von der festgelegten Dauer des Studiums, der M\u00f6glichkeit der Wiederholung und dem Erwerb eines formellen Abschlusszeugnisses, welches die offizielle Anerkennung darstellt. Ein Diplom (Abschlusszeugnis, Noten etc.) ist in jeder Ausbildungsstufe obligatorisch, um in die n\u00e4chste Stufe aufzusteigen.<\/p>\n<p>Geografische Erreichbarkeit Die Politik des Erziehungsministeriums zielt darauf ab, unabh\u00e4ngig von der Lage jede Schule zu unterst\u00fctzen. Deshalb wurden spezielle Ma\u00dfnahmen ergriffen, um sicherzustellen, dass Bildung auch die entlegensten Teile des Landes erreicht. Um den Sch\u00fclern zu dienen, gibt es in allen Landesteilen ein Angebot aller Schultypen, einschlie\u00dflich Nipiagogeia (Kinderg\u00e4rten, Vorschulen) und Dimotika Scholeia (Grundschulen), und ausgleichende Ma\u00dfnahmen wurden beschlossen, um Bildungsunterschiede zwischen zentralen und l\u00e4ndlichen Regionen abzuschaffen oder zumindest zu verringern. Die Art der Schule (von 1 bis 12 Lehrern) h\u00e4ngt von der Anzahl der Sch\u00fcler ab. Der Zugang f\u00fcr Sch\u00fcler, die in abgelegenen oder d\u00fcnn besiedelten Gebieten leben und keine Schule vor Ort haben, wird durch Langstreckenbusse oder andere Transportmittel, je nach Einzelfall, gew\u00e4hrleistet. Die vollen Kosten \u00fcbernimmt der Staat, ohne dass die Sch\u00fcler oder ihre Familien beteiligt werden.<\/p>\n<h3>Struktur<\/h3>\n<p>Das griechische Bildungssystem besteht aus drei aufeinanderfolgenden Stufen: Grundschule (Dimotiko), Mittelstufe (Gymnasio) und Vorbereitung auf die Hochschulreife. Allerdings kann das Schulleben bereits im Alter von 2,5 Jahren (Vorschulausbildung) in \u00f6ffentlichen und privaten Einrichtungen, den sogenannten Vrefonipiakoi Paidiki Stathmi (Kinderkrippen), beginnen. Die Grundschulbildung l\u00e4sst sich in Vorschule, Kindergarten (Nipiagogeia \u2013 nicht Pflicht) und die verpflichtende Grundschulausbildung unterteilen. F\u00fcr Vorschulkinder gibt es private Kinderg\u00e4rten, die jedoch teurer sein k\u00f6nnen.<\/p>\n<p>Die Aufnahme in den Kindergarten beginnt mit 4 Jahren und ist kostenlos. Sie m\u00fcssen nur Materialien wie Papier, Stifte und Klebstoff kaufen, die die Kinder mitbringen. Die erste Stufe der Pflichtschuljahre (Dimotiko Scholeio) umfasst Kinder von 5\/6 bis 12 Jahren. Die zweite Stufe ist in zwei Zyklen unterteilt. Der untere Level, der die Gymnasien betrifft, ist Pflicht bis 15 Jahre, nach denen die Kinder die Schule verlassen k\u00f6nnen.<\/p>\n<p>Die n\u00e4chste h\u00f6here Bildungsstufe ist nicht verpflichtend und kann entweder am Allgemeinen Lyzeum oder an der technischen Berufsschule absolviert werden. Schlie\u00dflich gibt es die dritte Stufe, die sich in Universit\u00e4tsausbildung, angeboten von Universit\u00e4ten, und nicht-universit\u00e4re Ausbildung, angeboten von Technischen Hochschulen und H\u00f6heren Bildungseinrichtungen, unterteilt. In vielen gro\u00dfen St\u00e4dten Griechenlands gibt es englischsprachige Schulen, in denen Kinder auch au\u00dferhalb des Schulunterrichts Englisch in Wort und Schrift lernen k\u00f6nnen.<\/p>\n<h3>Sekundarstufe<\/h3>\n<p>Per Gesetz m\u00fcssen alle Sch\u00fcler, die die Grundschule abgeschlossen haben, sich in einer weiterf\u00fchrenden Schule (Gymnasium) einschreiben und Kurse besuchen. In Griechenland gibt es verschiedene Arten von Gymnasien. Die meisten Sch\u00fcler besuchen das Gymnasium, dem sie zugewiesen werden, das sich in der Regel in ihrer Nachbarschaft befindet. Es gibt jedoch auch Alternativen, wie die Aufnahme in ein Experimental-Gymnasium durch ein Lotteriesystem oder der Besuch eines Modell-Gymnasiums nach einer landesweiten Aufnahmepr\u00fcfung.<\/p>\n<p>Sch\u00fcler, die besonderes Interesse an Malerei, Theater, Tanz oder Musik haben, k\u00f6nnen ein Gymnasium mit diesen Schwerpunkten besuchen. Es gibt auch Gymnasien f\u00fcr Sch\u00fcler aus multikulturellen Hintergr\u00fcnden sowie f\u00fcr Sch\u00fcler mit besonderen Bed\u00fcrfnissen. Die meisten Gymnasien haben Unterrichtszeiten von 8 Uhr bis 14 Uhr, aber es gibt auch Abendschulen, die von 19 Uhr bis 22 Uhr f\u00fcr Sch\u00fcler \u2013 haupts\u00e4chlich Erwachsene, die tags\u00fcber arbeiten \u2013 ge\u00f6ffnet sind.<\/p>\n<p>In Gymnasien werden eine Vielzahl von F\u00e4chern unterrichtet, darunter Neugriechische und Altgriechische Sprache, Mathematik, Physik, Chemie, Geografie, Geschichte, Sportunterricht, Religionswissenschaften, Musik und Kunst. Ein besonderes Augenmerk wird auf den Fremdsprachenunterricht gelegt, wobei die Sch\u00fcler sowohl Englisch als auch eine weitere europ\u00e4ische Sprache ihrer Wahl (in der Regel Franz\u00f6sisch oder Deutsch) lernen. Am Ende jedes Schuljahres legen die Sch\u00fcler in einigen dieser F\u00e4cher Pr\u00fcfungen ab.<\/p>\n<p>Obwohl der Besuch der Oberstufe (Lyzeum) in Griechenland nicht verpflichtend ist, besuchen die meisten Sch\u00fcler eine weiterf\u00fchrende Schule. Auf dieser Stufe k\u00f6nnen die Sch\u00fcler zwischen einem Allgemeinen Lyzeum, einem Experimentellen Allgemeinen Lyzeum oder einem Modell-Lyzeum (haupts\u00e4chlich f\u00fcr Absolventen von Experimentellen und Modell-Gymnasien) w\u00e4hlen oder ein Lyzeum mit Schwerpunkt Musik oder Kunst besuchen. Sch\u00fcler aus dem Ausland k\u00f6nnen sich in ein Multikulturelles Lyzeum einschreiben, w\u00e4hrend es spezielle Berufsausbildungsinstitute f\u00fcr Sch\u00fcler mit besonderen Bed\u00fcrfnissen gibt. Sch\u00fcler k\u00f6nnen auch eine berufliche Ausbildung in Berufsgymnasien absolvieren oder sich ab 16 Jahren in ein Abend-Berufsgymnasium einschreiben und nach vier Jahren abschlie\u00dfen. Zus\u00e4tzlich gibt es Berufsausbildungsschulen; in diesen Schulen sowie in allen Berufsgymnasien besuchen die Sch\u00fcler sowohl allgemeinbildende Kurse als auch praxisorientierte Kurse. In der letzten Phase ihrer Ausbildung k\u00f6nnen die Sch\u00fcler als Lehrlinge arbeiten und wertvolle Berufserfahrung sammeln. Seit September 2021 gibt es auch Modell-Berufsgymnasien.<\/p>\n<p>Griechische Lyzeen bieten eine Kombination aus allgemeinbildenden Kursen und Leistungskursen an. Sch\u00fcler, die ein Studium an einer Hochschule anstreben, nehmen an den landesweiten Panhellenischen Pr\u00fcfungen teil, die eine bestimmte Anzahl von Leistungskursen umfassen, die in eine der folgenden Kategorien fallen: Geisteswissenschaften, Naturwissenschaften und Medizinstudien, Wirtschaft und Informatik. Dieser Pr\u00fcfungsprozess gilt als anspruchsvoll und hochkompetitiv, da die Sch\u00fcler um den Zugang zu h\u00f6heren Bildungseinrichtungen k\u00e4mpfen.<\/p>\n<h3>Hochschulbildung<\/h3>\n<p>Der Anteil der Hochschulabsolventen ist in Griechenland erheblich hoch. Die meisten von ihnen absolvieren vierj\u00e4hrige Studieng\u00e4nge an Universit\u00e4tsabteilungen und an Technischen Universit\u00e4tsabteilungen sowie in den verschiedenen Abteilungen der Schule f\u00fcr P\u00e4dagogische und Technologische Ausbildung. Studenten, die an Technischen Universit\u00e4ten studieren \u2013 mit Schwerpunkten wie Architektur und Ingenieurwesen \u2013 schlie\u00dfen ihr Studium nach f\u00fcnf Jahren ab. Studierende, die an der Kunsthochschule immatrikuliert sind, legen spezielle Pr\u00fcfungen ab und absolvieren ihr Studium ebenfalls nach f\u00fcnf Jahren.<\/p>\n<p>Die Kurse an den Hochschulen in Griechenland werden in Form von Vorlesungen oder Seminaren angeboten, wobei die meisten Kurse ein Semester dauern, das mindestens 13 Wochen umfasst. Die meisten Universit\u00e4tsabteilungen in Griechenland bieten ein- oder zweij\u00e4hrige postgraduale Studieng\u00e4nge sowie die M\u00f6glichkeit, einen Doktortitel zu erwerben. Studierende k\u00f6nnen sich auch an der Griechischen Fernuniversit\u00e4t (Hellenic Open University) f\u00fcr Bachelor- oder Postgraduiertenstudien einschreiben. Dort werden Studiengeb\u00fchren erhoben, und die Aufnahme erfolgt \u00fcber ein j\u00e4hrliches Lotteriesystem.<\/p>\n<p><img decoding=\"async\" class=\"alignnone size-large wp-image-190\" src=\"https:\/\/www.in2greece.com\/griechenland\/wp-content\/uploads\/2024\/09\/bildung-in-griechenland-1024x607.jpg\" alt=\"bildung-in-griechenland\" width=\"1024\" height=\"607\" srcset=\"https:\/\/www.in2greece.com\/griechenland\/wp-content\/uploads\/2024\/09\/bildung-in-griechenland-1024x607.jpg 1024w, https:\/\/www.in2greece.com\/griechenland\/wp-content\/uploads\/2024\/09\/bildung-in-griechenland-300x178.jpg 300w, https:\/\/www.in2greece.com\/griechenland\/wp-content\/uploads\/2024\/09\/bildung-in-griechenland-768x455.jpg 768w, https:\/\/www.in2greece.com\/griechenland\/wp-content\/uploads\/2024\/09\/bildung-in-griechenland.jpg 1099w\" sizes=\"(max-width: 1024px) 100vw, 1024px\" \/><\/p>","protected":false},"excerpt":{"rendered":"<p>Das Bildungssystem in Griechenland Wie \u00fcberall in Europa ist das griechische Bildungssystem durch Gesetze und Verwaltungsakte geregelt. Der Minister f\u00fcr Nationale Erziehung und Religi\u00f6se Angelegenheiten, der f\u00fcr die Bildungspolitik zust\u00e4ndig ist, tr\u00e4gt die volle Verantwortung. Bildung ist f\u00fcr alle Kinder im Alter von 6 bis 15 Jahren Pflicht. Die offizielle Schulbildung ist gepr\u00e4gt von der<br \/><a class=\"moretag\" href=\"https:\/\/www.in2greece.com\/griechenland\/bildung.html\">+ Lesen Sie mehr<\/a><\/p>\n","protected":false},"author":1,"featured_media":191,"parent":0,"menu_order":0,"comment_status":"closed","ping_status":"closed","template":"","meta":{"footnotes":""},"class_list":["post-189","page","type-page","status-publish","has-post-thumbnail","hentry"],"yoast_head":"<!-- This site is optimized with the Yoast SEO plugin v27.4 - https:\/\/yoast.com\/product\/yoast-seo-wordpress\/ -->\n<title>Bildung in Griechenland<\/title>\n<meta name=\"description\" content=\"Wie \u00fcberall in Europa ist das griechische Bildungssystem durch Gesetze und Verwaltungsakte geregelt. Der Minister f\u00fcr Nationale Erziehung und Religi\u00f6se Angelegenheiten, der f\u00fcr die Bildungspolitik zust\u00e4ndig ist, tr\u00e4gt die volle Verantwortung\" \/>\n<meta name=\"robots\" content=\"index, follow, max-snippet:-1, max-image-preview:large, max-video-preview:-1\" \/>\n<link rel=\"canonical\" href=\"https:\/\/www.in2greece.com\/griechenland\/bildung.html\" \/>\n<meta property=\"og:locale\" content=\"de_DE\" \/>\n<meta property=\"og:type\" content=\"article\" \/>\n<meta property=\"og:title\" content=\"Bildung in Griechenland\" \/>\n<meta property=\"og:description\" content=\"Wie \u00fcberall in Europa ist das griechische Bildungssystem durch Gesetze und Verwaltungsakte geregelt. Der Minister f\u00fcr Nationale Erziehung und Religi\u00f6se Angelegenheiten, der f\u00fcr die Bildungspolitik zust\u00e4ndig ist, tr\u00e4gt die volle Verantwortung\" \/>\n<meta property=\"og:url\" content=\"https:\/\/www.in2greece.com\/griechenland\/bildung.html\" \/>\n<meta property=\"og:site_name\" content=\"Griechenland\" \/>\n<meta property=\"article:modified_time\" content=\"2024-09-27T11:17:07+00:00\" \/>\n<meta property=\"og:image\" content=\"https:\/\/www.in2greece.com\/griechenland\/wp-content\/uploads\/2024\/09\/kindergarten-buch-in-griechenland.jpg\" \/>\n\t<meta property=\"og:image:width\" content=\"355\" \/>\n\t<meta property=\"og:image:height\" content=\"406\" \/>\n\t<meta property=\"og:image:type\" content=\"image\/jpeg\" \/>\n<meta name=\"twitter:card\" content=\"summary_large_image\" \/>\n<meta name=\"twitter:label1\" content=\"Gesch\u00e4tzte Lesezeit\" \/>\n\t<meta name=\"twitter:data1\" content=\"6\u00a0Minuten\" \/>\n<script type=\"application\/ld+json\" class=\"yoast-schema-graph\">{\"@context\":\"https:\\\/\\\/schema.org\",\"@graph\":[{\"@type\":\"WebPage\",\"@id\":\"https:\\\/\\\/www.in2greece.com\\\/griechenland\\\/bildung.html\",\"url\":\"https:\\\/\\\/www.in2greece.com\\\/griechenland\\\/bildung.html\",\"name\":\"Bildung in Griechenland\",\"isPartOf\":{\"@id\":\"https:\\\/\\\/www.in2greece.com\\\/griechenland\\\/#website\"},\"primaryImageOfPage\":{\"@id\":\"https:\\\/\\\/www.in2greece.com\\\/griechenland\\\/bildung.html#primaryimage\"},\"image\":{\"@id\":\"https:\\\/\\\/www.in2greece.com\\\/griechenland\\\/bildung.html#primaryimage\"},\"thumbnailUrl\":\"https:\\\/\\\/www.in2greece.com\\\/griechenland\\\/wp-content\\\/uploads\\\/2024\\\/09\\\/kindergarten-buch-in-griechenland.jpg\",\"datePublished\":\"2024-09-27T11:02:43+00:00\",\"dateModified\":\"2024-09-27T11:17:07+00:00\",\"description\":\"Wie \u00fcberall in Europa ist das griechische Bildungssystem durch Gesetze und Verwaltungsakte geregelt. Der Minister f\u00fcr Nationale Erziehung und Religi\u00f6se Angelegenheiten, der f\u00fcr die Bildungspolitik zust\u00e4ndig ist, tr\u00e4gt die volle Verantwortung\",\"breadcrumb\":{\"@id\":\"https:\\\/\\\/www.in2greece.com\\\/griechenland\\\/bildung.html#breadcrumb\"},\"inLanguage\":\"de\",\"potentialAction\":[{\"@type\":\"ReadAction\",\"target\":[\"https:\\\/\\\/www.in2greece.com\\\/griechenland\\\/bildung.html\"]}]},{\"@type\":\"ImageObject\",\"inLanguage\":\"de\",\"@id\":\"https:\\\/\\\/www.in2greece.com\\\/griechenland\\\/bildung.html#primaryimage\",\"url\":\"https:\\\/\\\/www.in2greece.com\\\/griechenland\\\/wp-content\\\/uploads\\\/2024\\\/09\\\/kindergarten-buch-in-griechenland.jpg\",\"contentUrl\":\"https:\\\/\\\/www.in2greece.com\\\/griechenland\\\/wp-content\\\/uploads\\\/2024\\\/09\\\/kindergarten-buch-in-griechenland.jpg\",\"width\":355,\"height\":406,\"caption\":\"kindergarten-buch-in-griechenland\"},{\"@type\":\"BreadcrumbList\",\"@id\":\"https:\\\/\\\/www.in2greece.com\\\/griechenland\\\/bildung.html#breadcrumb\",\"itemListElement\":[{\"@type\":\"ListItem\",\"position\":1,\"name\":\"Startseite\",\"item\":\"https:\\\/\\\/www.in2greece.com\\\/griechenland\\\/\"},{\"@type\":\"ListItem\",\"position\":2,\"name\":\"Bildung in Griechenland\"}]},{\"@type\":\"WebSite\",\"@id\":\"https:\\\/\\\/www.in2greece.com\\\/griechenland\\\/#website\",\"url\":\"https:\\\/\\\/www.in2greece.com\\\/griechenland\\\/\",\"name\":\"Griechenland\",\"description\":\"\",\"publisher\":{\"@id\":\"https:\\\/\\\/www.in2greece.com\\\/griechenland\\\/#organization\"},\"potentialAction\":[{\"@type\":\"SearchAction\",\"target\":{\"@type\":\"EntryPoint\",\"urlTemplate\":\"https:\\\/\\\/www.in2greece.com\\\/griechenland\\\/?s={search_term_string}\"},\"query-input\":{\"@type\":\"PropertyValueSpecification\",\"valueRequired\":true,\"valueName\":\"search_term_string\"}}],\"inLanguage\":\"de\"},{\"@type\":\"Organization\",\"@id\":\"https:\\\/\\\/www.in2greece.com\\\/griechenland\\\/#organization\",\"name\":\"Griechenland\",\"url\":\"https:\\\/\\\/www.in2greece.com\\\/griechenland\\\/\",\"logo\":{\"@type\":\"ImageObject\",\"inLanguage\":\"de\",\"@id\":\"https:\\\/\\\/www.in2greece.com\\\/griechenland\\\/#\\\/schema\\\/logo\\\/image\\\/\",\"url\":\"https:\\\/\\\/www.in2greece.com\\\/griechenland\\\/wp-content\\\/uploads\\\/2022\\\/08\\\/griechenland.png\",\"contentUrl\":\"https:\\\/\\\/www.in2greece.com\\\/griechenland\\\/wp-content\\\/uploads\\\/2022\\\/08\\\/griechenland.png\",\"width\":400,\"height\":383,\"caption\":\"Griechenland\"},\"image\":{\"@id\":\"https:\\\/\\\/www.in2greece.com\\\/griechenland\\\/#\\\/schema\\\/logo\\\/image\\\/\"}}]}<\/script>\n<!-- \/ Yoast SEO plugin. -->","yoast_head_json":{"title":"Bildung in Griechenland","description":"Wie \u00fcberall in Europa ist das griechische Bildungssystem durch Gesetze und Verwaltungsakte geregelt. Der Minister f\u00fcr Nationale Erziehung und Religi\u00f6se Angelegenheiten, der f\u00fcr die Bildungspolitik zust\u00e4ndig ist, tr\u00e4gt die volle Verantwortung","robots":{"index":"index","follow":"follow","max-snippet":"max-snippet:-1","max-image-preview":"max-image-preview:large","max-video-preview":"max-video-preview:-1"},"canonical":"https:\/\/www.in2greece.com\/griechenland\/bildung.html","og_locale":"de_DE","og_type":"article","og_title":"Bildung in Griechenland","og_description":"Wie \u00fcberall in Europa ist das griechische Bildungssystem durch Gesetze und Verwaltungsakte geregelt. Der Minister f\u00fcr Nationale Erziehung und Religi\u00f6se Angelegenheiten, der f\u00fcr die Bildungspolitik zust\u00e4ndig ist, tr\u00e4gt die volle Verantwortung","og_url":"https:\/\/www.in2greece.com\/griechenland\/bildung.html","og_site_name":"Griechenland","article_modified_time":"2024-09-27T11:17:07+00:00","og_image":[{"width":355,"height":406,"url":"https:\/\/www.in2greece.com\/griechenland\/wp-content\/uploads\/2024\/09\/kindergarten-buch-in-griechenland.jpg","type":"image\/jpeg"}],"twitter_card":"summary_large_image","twitter_misc":{"Gesch\u00e4tzte Lesezeit":"6\u00a0Minuten"},"schema":{"@context":"https:\/\/schema.org","@graph":[{"@type":"WebPage","@id":"https:\/\/www.in2greece.com\/griechenland\/bildung.html","url":"https:\/\/www.in2greece.com\/griechenland\/bildung.html","name":"Bildung in Griechenland","isPartOf":{"@id":"https:\/\/www.in2greece.com\/griechenland\/#website"},"primaryImageOfPage":{"@id":"https:\/\/www.in2greece.com\/griechenland\/bildung.html#primaryimage"},"image":{"@id":"https:\/\/www.in2greece.com\/griechenland\/bildung.html#primaryimage"},"thumbnailUrl":"https:\/\/www.in2greece.com\/griechenland\/wp-content\/uploads\/2024\/09\/kindergarten-buch-in-griechenland.jpg","datePublished":"2024-09-27T11:02:43+00:00","dateModified":"2024-09-27T11:17:07+00:00","description":"Wie \u00fcberall in Europa ist das griechische Bildungssystem durch Gesetze und Verwaltungsakte geregelt. Der Minister f\u00fcr Nationale Erziehung und Religi\u00f6se Angelegenheiten, der f\u00fcr die Bildungspolitik zust\u00e4ndig ist, tr\u00e4gt die volle Verantwortung","breadcrumb":{"@id":"https:\/\/www.in2greece.com\/griechenland\/bildung.html#breadcrumb"},"inLanguage":"de","potentialAction":[{"@type":"ReadAction","target":["https:\/\/www.in2greece.com\/griechenland\/bildung.html"]}]},{"@type":"ImageObject","inLanguage":"de","@id":"https:\/\/www.in2greece.com\/griechenland\/bildung.html#primaryimage","url":"https:\/\/www.in2greece.com\/griechenland\/wp-content\/uploads\/2024\/09\/kindergarten-buch-in-griechenland.jpg","contentUrl":"https:\/\/www.in2greece.com\/griechenland\/wp-content\/uploads\/2024\/09\/kindergarten-buch-in-griechenland.jpg","width":355,"height":406,"caption":"kindergarten-buch-in-griechenland"},{"@type":"BreadcrumbList","@id":"https:\/\/www.in2greece.com\/griechenland\/bildung.html#breadcrumb","itemListElement":[{"@type":"ListItem","position":1,"name":"Startseite","item":"https:\/\/www.in2greece.com\/griechenland\/"},{"@type":"ListItem","position":2,"name":"Bildung in Griechenland"}]},{"@type":"WebSite","@id":"https:\/\/www.in2greece.com\/griechenland\/#website","url":"https:\/\/www.in2greece.com\/griechenland\/","name":"Griechenland","description":"","publisher":{"@id":"https:\/\/www.in2greece.com\/griechenland\/#organization"},"potentialAction":[{"@type":"SearchAction","target":{"@type":"EntryPoint","urlTemplate":"https:\/\/www.in2greece.com\/griechenland\/?s={search_term_string}"},"query-input":{"@type":"PropertyValueSpecification","valueRequired":true,"valueName":"search_term_string"}}],"inLanguage":"de"},{"@type":"Organization","@id":"https:\/\/www.in2greece.com\/griechenland\/#organization","name":"Griechenland","url":"https:\/\/www.in2greece.com\/griechenland\/","logo":{"@type":"ImageObject","inLanguage":"de","@id":"https:\/\/www.in2greece.com\/griechenland\/#\/schema\/logo\/image\/","url":"https:\/\/www.in2greece.com\/griechenland\/wp-content\/uploads\/2022\/08\/griechenland.png","contentUrl":"https:\/\/www.in2greece.com\/griechenland\/wp-content\/uploads\/2022\/08\/griechenland.png","width":400,"height":383,"caption":"Griechenland"},"image":{"@id":"https:\/\/www.in2greece.com\/griechenland\/#\/schema\/logo\/image\/"}}]}},"_links":{"self":[{"href":"https:\/\/www.in2greece.com\/griechenland\/wp-json\/wp\/v2\/pages\/189","targetHints":{"allow":["GET"]}}],"collection":[{"href":"https:\/\/www.in2greece.com\/griechenland\/wp-json\/wp\/v2\/pages"}],"about":[{"href":"https:\/\/www.in2greece.com\/griechenland\/wp-json\/wp\/v2\/types\/page"}],"author":[{"embeddable":true,"href":"https:\/\/www.in2greece.com\/griechenland\/wp-json\/wp\/v2\/users\/1"}],"replies":[{"embeddable":true,"href":"https:\/\/www.in2greece.com\/griechenland\/wp-json\/wp\/v2\/comments?post=189"}],"version-history":[{"count":0,"href":"https:\/\/www.in2greece.com\/griechenland\/wp-json\/wp\/v2\/pages\/189\/revisions"}],"wp:featuredmedia":[{"embeddable":true,"href":"https:\/\/www.in2greece.com\/griechenland\/wp-json\/wp\/v2\/media\/191"}],"wp:attachment":[{"href":"https:\/\/www.in2greece.com\/griechenland\/wp-json\/wp\/v2\/media?parent=189"}],"curies":[{"name":"wp","href":"https:\/\/api.w.org\/{rel}","templated":true}]}}