{"id":177,"date":"2024-07-03T21:44:32","date_gmt":"2024-07-03T19:44:32","guid":{"rendered":"https:\/\/www.in2greece.com\/griechenland\/?page_id=177"},"modified":"2024-07-03T21:46:13","modified_gmt":"2024-07-03T19:46:13","slug":"korfu","status":"publish","type":"page","link":"https:\/\/www.in2greece.com\/griechenland\/inseln\/korfu.html","title":{"rendered":"Korfu"},"content":{"rendered":"\n<h2 class=\"wp-block-heading\">Kotfu insel Griechenland<\/h2>\n\n\n<p><img decoding=\"async\" class=\"alignleft size-medium wp-image-178\" src=\"https:\/\/www.in2greece.com\/griechenland\/wp-content\/uploads\/2024\/07\/korfu-stadt-300x200.jpg\" alt=\"korfu-stadt\" width=\"300\" height=\"200\" srcset=\"https:\/\/www.in2greece.com\/griechenland\/wp-content\/uploads\/2024\/07\/korfu-stadt-300x200.jpg 300w, https:\/\/www.in2greece.com\/griechenland\/wp-content\/uploads\/2024\/07\/korfu-stadt.jpg 600w\" sizes=\"(max-width: 300px) 100vw, 300px\" \/>Urlauber kamen nach Korfu seit den 40er Jahren, und seitdem hat sich die Insel zu einer der meistbesuchten griechischen Inseln entwickelt. Wie jeder gr\u00f6\u00dfere Tourismuspunkt muss die Insel ihre Popularit\u00e4t damit bezahlen, dass manche sie w\u00e4hrend der Sommermonate als zu stressig und \u00fcberf\u00fcllt empfinden.<\/p>\n<p>Die Natur und die sch\u00f6nen Umgebungen sind au\u00dfergew\u00f6hnlich und laden den Besucher zum Erkunden sowie zum Entdecken und Tauchen ein. Neben dem Tourismus, von dem viele Einwohner direkt und indirekt leben, ist die Agrarwirtschaft ein weiterer wichtiger Einkommensfaktor der Insel.<\/p>\n<p>Beg\u00fcnstigt wird die Landwirtschaft durch den n\u00e4hrstoffreichen Boden sowie das feuchte Klima. Zu den Erzeugnissen geh\u00f6ren unter anderem Oliven, Fr\u00fcchte, Gew\u00fcrze und Weine.<\/p>\n<p>Viele Einwohner unterst\u00fctzen sich unter anderem durch Fischfang oder die Wartung von Fischerbooten w\u00e4hrend der Wintermonate. Im Jahre 1953 traf ein gro\u00dfes Erdbeben die Ionische Inselgruppe. W\u00e4hrend die meisten Inseln viele Verluste und Besch\u00e4digungen beklagen mussten, konnte Korfu das Erdbeben relativ unbeschadet \u00fcberstehen.<\/p>\n<p>Die Insel war und ist heute noch ein beliebter R\u00fcckzugspunkt von Adeligen und Prominenten. Zu den Adeligen geh\u00f6rte unter anderem die griechische K\u00f6nigsfamilie, die ihre Sommermonate hier verbrachte. Die \u00f6sterreichische Kaiserin Elisabeth besa\u00df zudem ein Schloss, das Achilleion, welches sp\u00e4ter von Kaiser Wilhelm II. aufgekauft wurde.<\/p>\n<p><img decoding=\"async\" class=\"alignleft size-medium wp-image-179\" src=\"https:\/\/www.in2greece.com\/griechenland\/wp-content\/uploads\/2024\/07\/korfu-plaz-300x200.jpg\" alt=\"korfu-plaz\" width=\"300\" height=\"200\" srcset=\"https:\/\/www.in2greece.com\/griechenland\/wp-content\/uploads\/2024\/07\/korfu-plaz-300x200.jpg 300w, https:\/\/www.in2greece.com\/griechenland\/wp-content\/uploads\/2024\/07\/korfu-plaz.jpg 600w\" sizes=\"(max-width: 300px) 100vw, 300px\" \/>Heute dient das Schloss als Kasino und Hotel. Der Ex-K\u00f6nig Konstantin versuchte, das Schloss zur\u00fcckzukaufen. In Griechenland jedoch wird dieses Vorhaben kontrovers diskutiert.<\/p>\n<p>Der Schutzpatron der Insel, St. Spyridon, ruht in einem silbernen Sarg in der nach ihm benannten Kirche aus dem 16. Jahrhundert. St. Spyridon war ein aus Zypern stammender Bischof aus dem 3. Jahrhundert, ihm wird heute noch nachgesagt, Wunder vollbringen zu k\u00f6nnen.<\/p>\n<p>Das Osterfest wird, im Gegensatz zu anderen Orten in Griechenland, auf Korfu etwas anders gefeiert. Es ist mittlerweile Tradition, am Freitag Porzellan zu zerbrechen. Man sollte deshalb darauf achten, wo man langgeht, da das Porzellan unter anderem auch aus dem Balkon geworfen wird.<\/p>\n<h3>Geschichte<\/h3>\n<p>Die fr\u00fchesten Erw\u00e4hnungen von Korfu lassen sich schon zu Homers Zeiten finden. Odysseus&#8216; letzter Halt war Korfu, oder wie es damals genannt wurde, die Insel der Ph\u00e4aken, wo er an die K\u00fcste gesp\u00fclt wurde, nachdem sein Schiff gesunken war.<\/p>\n<p>Die Venezianer herrschten \u00fcber die Insel von 1386 bis 1797, danach fiel sie in franz\u00f6sische H\u00e4nde und war dann f\u00fcr einige Jahre unter russisch-t\u00fcrkischer F\u00fchrung. Im Jahr 1815 stand Korfu dann f\u00fcr fast 50 Jahre unter britischer Regentschaft.<\/p>\n<p>Die Italiener besetzten die Insel von 1923 bis 1941. Auch Korfu blieb w\u00e4hrend des Zweiten Weltkrieges nicht von den Bombardements der Deutschen und der Alliierten Truppen verschont.<\/p>\n<h3>Sehensw\u00fcrdigkeiten<\/h3>\n<p><img decoding=\"async\" class=\"alignleft size-medium wp-image-180\" src=\"https:\/\/www.in2greece.com\/griechenland\/wp-content\/uploads\/2024\/07\/korfu-sehenwurdichkeiten-300x200.jpg\" alt=\"korfu-sehenwurdichkeiten\" width=\"300\" height=\"200\" srcset=\"https:\/\/www.in2greece.com\/griechenland\/wp-content\/uploads\/2024\/07\/korfu-sehenwurdichkeiten-300x200.jpg 300w, https:\/\/www.in2greece.com\/griechenland\/wp-content\/uploads\/2024\/07\/korfu-sehenwurdichkeiten.jpg 600w\" sizes=\"(max-width: 300px) 100vw, 300px\" \/>Zu nennen sind unter anderem die von den Venezianern errichtete Zitadelle am Hafen, der Regentschaftspalast, welcher von den Briten erbaut wurde, und eine von den Franzosen erbaute Kopie des in Paris liegenden Rue de Rivoli. All diese Bauten geben der Insel einen europ\u00e4ischen Stil.<\/p>\n<p>Um die ganze Sch\u00f6nheit der Insel zu sehen, empfiehlt es sich, ein Auto zu mieten und die umliegenden D\u00f6rfer und sandigen Str\u00e4nde zu erkunden. Unter anderem lohnen sich die Orte Sidari, Acharavi, Dassia, Ipsos, der Kanal der Liebe sowie die Fischerd\u00f6rfer Benitses, Moraitika und andere. Bei gutem Wetter kann man von Kassiopi aus bis zur albanischen K\u00fcste blicken.<\/p>\n<p>Wenn man den kosmopolitischen Teil von Korfu erleben m\u00f6chte, empfiehlt sich zum Kaffee trinken ein Besuch des bekanntesten Platzes der Stadt, Spianada. Dar\u00fcber hinaus lohnt sich ein Besuch des Achilleions, des Palastes, in dem die Kaiserin Sissi residierte.<\/p>\n<p><img decoding=\"async\" class=\"alignleft size-medium wp-image-181\" src=\"https:\/\/www.in2greece.com\/griechenland\/wp-content\/uploads\/2024\/07\/pontikonisi-300x200.jpg\" alt=\"pontikonisi\" width=\"300\" height=\"200\" srcset=\"https:\/\/www.in2greece.com\/griechenland\/wp-content\/uploads\/2024\/07\/pontikonisi-300x200.jpg 300w, https:\/\/www.in2greece.com\/griechenland\/wp-content\/uploads\/2024\/07\/pontikonisi.jpg 600w\" sizes=\"(max-width: 300px) 100vw, 300px\" \/>Das alte und neue Kastro sind einen Besuch wert, genauso wie St. Spyridon, welches den gr\u00f6\u00dften Glockenturm der Insel hat. Zu den weiteren interessanten Sehensw\u00fcrdigkeiten geh\u00f6ren Agios Michael und Georgiou sowie die Kirche von Vlahernas. Korfu bietet dar\u00fcber hinaus auch eine Reihe von arch\u00e4ologischen Museen.<\/p>\n<p>Etwas weiter au\u00dferhalb der Stadt befindet sich Pontikonisi, welches nicht nur durch seine Sch\u00f6nheit, sondern auch durch die Kirche zu Ehren der Jungfrau Maria einen Besuch wert ist. Dies ist der mit Abstand am meisten fotografierte Punkt auf Korfu. Auf einer Klippe neben dem bekannten Strand Paleokastritsa befindet sich ein Kloster aus dem 13. Jahrhundert, welches die Knochen eines Wals beherbergt.<\/p>\n<h3>T\u00e4tigkeiten<\/h3>\n<p>Wassersport l\u00e4sst sich an vielen Str\u00e4nden betreiben sowie Tauchen und Radfahren. Pferdereiten ist in Ermone und Sidari m\u00f6glich. In Sidari befinden sich au\u00dferdem auch ein paar gute Wanderwege. Korfu bietet zudem auch 18-Loch-Golfpl\u00e4tze sowie Cricketturniere in der Hauptstadt und f\u00fcr Spielfreudige auch ein Casino. Um die Insel herum \u2013 insbesondere in gr\u00f6\u00dferen Hotelanlagen \u2013 befinden sich auch Tennispl\u00e4tze.<\/p>\n<h3>Nachtleben<\/h3>\n<p>Die belebtesten Pl\u00e4tze befinden sich in Mandouki (auch als Clubmeile bekannt) und in der Hauptstadt Kerkyra. Der Bond-Film &#8222;In t\u00f6dlicher Mission&#8220; wurde hier gedreht.<\/p>\n<h3>Essen<\/h3>\n<p>Der einheimische Kuchen ist eine Kostprobe wert, ebenso wie Sofrito, ein Gericht aus gekochtem Fleisch mit Karotten, Knoblauch und Zwiebeln. Kumquat ist ein spezieller Lik\u00f6r, der aus lokal angebauten japanischen Orangen hergestellt wird.<\/p>\n<h3>Str\u00e4nde<\/h3>\n<p><img decoding=\"async\" class=\"alignleft size-medium wp-image-182\" src=\"https:\/\/www.in2greece.com\/griechenland\/wp-content\/uploads\/2024\/07\/korfu-strand-300x207.jpg\" alt=\"korfu-strand\" width=\"300\" height=\"207\" srcset=\"https:\/\/www.in2greece.com\/griechenland\/wp-content\/uploads\/2024\/07\/korfu-strand-300x207.jpg 300w, https:\/\/www.in2greece.com\/griechenland\/wp-content\/uploads\/2024\/07\/korfu-strand.jpg 473w\" sizes=\"(max-width: 300px) 100vw, 300px\" \/>Es gibt viele Str\u00e4nde um die Insel herum, die sich jedoch zumeist au\u00dferhalb der Stadt befinden. Der bekannteste Strand ist Paleokastritsa, an dem der Geschichte nach Odysseus nach einem Schiffbruch an Land gesp\u00fclt wurde. Dar\u00fcber hinaus gibt es viele weitere bekannte Str\u00e4nde, darunter Sidari, Ermones und Kavos.<\/p>\n<p>Korfu hat viele wundersch\u00f6ne Str\u00e4nde, die von einer magischen Kombination aus gr\u00fcner Landschaft, t\u00fcrkisblauem Wasser und wei\u00dfem Sand umgeben sind. Die Farben und Texturen machen die Str\u00e4nde von Korfu zu den besten in Griechenland.<\/p>\n<p>Die meisten wurden mit der Blauen Flagge ausgezeichnet und sind gut organisiert mit Angeboten f\u00fcr Wassersport, Tauchen, Windsurfen und Wasserski. Der Dassia-Strand befindet sich im touristischen Zentrum von Dassia und ist ein sandiger und gut organisierter Strand mit vielen Einrichtungen in der Umgebung.<\/p>\n<p>Hier finden Sie auch viele gute Hotels sowie einen Campingplatz. In der N\u00e4he von Dassia liegt Dafnila, ein weiterer gut organisierter Sandstrand.<\/p>\n<p><img decoding=\"async\" class=\"alignleft size-medium wp-image-183\" src=\"https:\/\/www.in2greece.com\/griechenland\/wp-content\/uploads\/2024\/07\/korfu-strab-300x197.jpg\" alt=\"korfu-strand\" width=\"300\" height=\"197\" srcset=\"https:\/\/www.in2greece.com\/griechenland\/wp-content\/uploads\/2024\/07\/korfu-strab-300x197.jpg 300w, https:\/\/www.in2greece.com\/griechenland\/wp-content\/uploads\/2024\/07\/korfu-strab.jpg 491w\" sizes=\"(max-width: 300px) 100vw, 300px\" \/>Agios Georgios befindet sich 20 Meilen s\u00fcdlich von Korfu-Stadt. In der Umgebung befinden sich die Str\u00e4nde von Malta und Gardenos. In der N\u00e4he der Stadt Korfu ist der Strand von Aliki. Die Gegend ist ein hochentwickelter Urlaubsort mit allen Arten von touristischen Unternehmen und Einrichtungen.<\/p>\n<p>Der Strand von Agios Gordios ist einer der ber\u00fchmtesten auf Korfu. Er liegt in dem beliebten Ferienort Agios Gordios mit seiner wunderbaren Landschaft und seinen Attraktionen. Gouvia befindet sich im Ferienort Gouvia, 6 Meilen n\u00f6rdlich der Hauptstadt. Der Strand ist f\u00fcr alle Arten von Wassersport ausgestattet und bietet Jachth\u00e4fen, Restaurants, Bars und Caf\u00e9s.<\/p>\n<p>Kassiopi liegt an der Nordseite der Insel und hat einen sch\u00f6nen Sandstrand. In der N\u00e4he befinden sich die ebenso attraktiven Str\u00e4nde Avlaki und Kalamionas. In einem der beliebtesten Ferienorte von Korfu, Paleokastritsa, finden Sie viele sch\u00f6ne und gut organisierte Str\u00e4nde.<\/p>\n<p>Der Moraitika-Strand liegt in der N\u00e4he von Messongi, 15 Meilen von Korfu entfernt. Das Dorf Nisaki, n\u00f6rdlich der Hauptstadt, hat viele wundersch\u00f6ne Str\u00e4nde, die ideal zum Schwimmen sind und verschiedene Arten von Wassersport bieten.<\/p>\n<p>Im Nordwesten, in der N\u00e4he der touristischen Ortschaft Pelekas, liegt der Strand von Glyfada. Dies ist ein wunderbares Gebiet mit \u00fcppiger Vegetation und Kiefernw\u00e4ldern. Im Bereich von Pyrgi, 10 Meilen n\u00f6rdlich von Korfu, befindet sich der Golden Mile Beach. Wie der Name schon sagt, ist es ein riesiger, weiter Strand mit goldenem Sand und kristallklarem blauen Wasser. In der N\u00e4he von Acharavi finden Sie viele sch\u00f6ne Str\u00e4nde, die Str\u00e4nde von Agios Stefanos, Almyros und Livadakia sind einen Besuch wert.<\/p>\n<h3>Einkaufen<\/h3>\n<p>Zu den typischen Souvenireink\u00e4ufen geh\u00f6ren lokal hergestellte Keramiken sowie Holzschnitzereien, Schmuck, Spielsachen, Haushaltswaren usw. Zu erwerben ist dar\u00fcber hinaus auch lokaler Wein oder, warum nicht, auch eine Flasche vom Kumquat-Lik\u00f6r. Lederwaren, Kleidung, Wolldecken und Stickereien geh\u00f6ren zu den weiteren beliebten Souvenirs.<\/p>\n<h3>Fortbewegung<\/h3>\n<p>Korfu bietet eine sehr gute Infrastruktur sowie einen lokalen Busbetreiber. Ferner ist es auch einfach, Leihwagen und Mopeds zu mieten.<\/p>\n<h3>Hinkommen<\/h3>\n<p>Korfu hat einen eigenen Flughafen, der t\u00e4gliche Verbindungen nach Athen bietet. Autof\u00e4hren und Schnellboote (Hydrofoils) fahren t\u00e4glich von Korfu nach Igoumenitsa. Die Fahrt mit der F\u00e4hre nimmt ungef\u00e4hr eine Stunde in Anspruch. Es ist auch m\u00f6glich, mit der F\u00e4hre von Patras nach Korfu zu reisen. Zudem werden mehrmals am Tag auch Verbindungen nach Italien angeboten.<\/p>","protected":false},"excerpt":{"rendered":"<p>Kotfu insel Griechenland Urlauber kamen nach Korfu seit den 40er Jahren, und seitdem hat sich die Insel zu einer der meistbesuchten griechischen Inseln entwickelt. Wie jeder gr\u00f6\u00dfere Tourismuspunkt muss die Insel ihre Popularit\u00e4t damit bezahlen, dass manche sie w\u00e4hrend der Sommermonate als zu stressig und \u00fcberf\u00fcllt empfinden. Die Natur und die sch\u00f6nen Umgebungen sind au\u00dfergew\u00f6hnlich<br \/><a class=\"moretag\" href=\"https:\/\/www.in2greece.com\/griechenland\/inseln\/korfu.html\">+ Lesen Sie mehr<\/a><\/p>\n","protected":false},"author":1,"featured_media":185,"parent":0,"menu_order":0,"comment_status":"closed","ping_status":"closed","template":"","meta":{"footnotes":""},"class_list":["post-177","page","type-page","status-publish","has-post-thumbnail","hentry"],"yoast_head":"<!-- This site is optimized with the Yoast SEO plugin v27.3 - https:\/\/yoast.com\/product\/yoast-seo-wordpress\/ -->\n<title>Korfu entdecken: Sehensw\u00fcrdigkeiten, Str\u00e4nde, Reisetipps<\/title>\n<meta name=\"description\" content=\"Urlauber kamen nach Korfu seit den 40er Jahren, und seitdem hat sich die Insel zu einer der meistbesuchten griechischen Inseln entwickelt.\" \/>\n<meta name=\"robots\" content=\"index, follow, max-snippet:-1, max-image-preview:large, max-video-preview:-1\" \/>\n<link rel=\"canonical\" href=\"https:\/\/www.in2greece.com\/griechenland\/inseln\/korfu.html\" \/>\n<meta property=\"og:locale\" content=\"de_DE\" \/>\n<meta property=\"og:type\" content=\"article\" \/>\n<meta property=\"og:title\" content=\"Korfu entdecken: Sehensw\u00fcrdigkeiten, Str\u00e4nde, Reisetipps\" \/>\n<meta property=\"og:description\" content=\"Urlauber kamen nach Korfu seit den 40er Jahren, und seitdem hat sich die Insel zu einer der meistbesuchten griechischen Inseln entwickelt.\" \/>\n<meta property=\"og:url\" content=\"https:\/\/www.in2greece.com\/griechenland\/inseln\/korfu.html\" \/>\n<meta property=\"og:site_name\" content=\"Griechenland\" \/>\n<meta property=\"article:modified_time\" content=\"2024-07-03T19:46:13+00:00\" \/>\n<meta property=\"og:image\" content=\"https:\/\/www.in2greece.com\/griechenland\/wp-content\/uploads\/2024\/07\/korfu-1.jpg\" \/>\n\t<meta property=\"og:image:width\" content=\"491\" \/>\n\t<meta property=\"og:image:height\" content=\"323\" \/>\n\t<meta property=\"og:image:type\" content=\"image\/jpeg\" \/>\n<meta name=\"twitter:card\" content=\"summary_large_image\" \/>\n<meta name=\"twitter:label1\" content=\"Gesch\u00e4tzte Lesezeit\" \/>\n\t<meta name=\"twitter:data1\" content=\"9\u00a0Minuten\" \/>\n<script type=\"application\/ld+json\" class=\"yoast-schema-graph\">{\"@context\":\"https:\\\/\\\/schema.org\",\"@graph\":[{\"@type\":\"WebPage\",\"@id\":\"https:\\\/\\\/www.in2greece.com\\\/griechenland\\\/inseln\\\/korfu.html\",\"url\":\"https:\\\/\\\/www.in2greece.com\\\/griechenland\\\/inseln\\\/korfu.html\",\"name\":\"Korfu entdecken: Sehensw\u00fcrdigkeiten, Str\u00e4nde, Reisetipps\",\"isPartOf\":{\"@id\":\"https:\\\/\\\/www.in2greece.com\\\/griechenland\\\/#website\"},\"primaryImageOfPage\":{\"@id\":\"https:\\\/\\\/www.in2greece.com\\\/griechenland\\\/inseln\\\/korfu.html#primaryimage\"},\"image\":{\"@id\":\"https:\\\/\\\/www.in2greece.com\\\/griechenland\\\/inseln\\\/korfu.html#primaryimage\"},\"thumbnailUrl\":\"https:\\\/\\\/www.in2greece.com\\\/griechenland\\\/wp-content\\\/uploads\\\/2024\\\/07\\\/korfu-1.jpg\",\"datePublished\":\"2024-07-03T19:44:32+00:00\",\"dateModified\":\"2024-07-03T19:46:13+00:00\",\"description\":\"Urlauber kamen nach Korfu seit den 40er Jahren, und seitdem hat sich die Insel zu einer der meistbesuchten griechischen Inseln entwickelt.\",\"breadcrumb\":{\"@id\":\"https:\\\/\\\/www.in2greece.com\\\/griechenland\\\/inseln\\\/korfu.html#breadcrumb\"},\"inLanguage\":\"de\",\"potentialAction\":[{\"@type\":\"ReadAction\",\"target\":[\"https:\\\/\\\/www.in2greece.com\\\/griechenland\\\/inseln\\\/korfu.html\"]}]},{\"@type\":\"ImageObject\",\"inLanguage\":\"de\",\"@id\":\"https:\\\/\\\/www.in2greece.com\\\/griechenland\\\/inseln\\\/korfu.html#primaryimage\",\"url\":\"https:\\\/\\\/www.in2greece.com\\\/griechenland\\\/wp-content\\\/uploads\\\/2024\\\/07\\\/korfu-1.jpg\",\"contentUrl\":\"https:\\\/\\\/www.in2greece.com\\\/griechenland\\\/wp-content\\\/uploads\\\/2024\\\/07\\\/korfu-1.jpg\",\"width\":491,\"height\":323,\"caption\":\"korfu\"},{\"@type\":\"BreadcrumbList\",\"@id\":\"https:\\\/\\\/www.in2greece.com\\\/griechenland\\\/inseln\\\/korfu.html#breadcrumb\",\"itemListElement\":[{\"@type\":\"ListItem\",\"position\":1,\"name\":\"Startseite\",\"item\":\"https:\\\/\\\/www.in2greece.com\\\/griechenland\\\/\"},{\"@type\":\"ListItem\",\"position\":2,\"name\":\"Korfu\"}]},{\"@type\":\"WebSite\",\"@id\":\"https:\\\/\\\/www.in2greece.com\\\/griechenland\\\/#website\",\"url\":\"https:\\\/\\\/www.in2greece.com\\\/griechenland\\\/\",\"name\":\"Griechenland\",\"description\":\"\",\"publisher\":{\"@id\":\"https:\\\/\\\/www.in2greece.com\\\/griechenland\\\/#organization\"},\"potentialAction\":[{\"@type\":\"SearchAction\",\"target\":{\"@type\":\"EntryPoint\",\"urlTemplate\":\"https:\\\/\\\/www.in2greece.com\\\/griechenland\\\/?s={search_term_string}\"},\"query-input\":{\"@type\":\"PropertyValueSpecification\",\"valueRequired\":true,\"valueName\":\"search_term_string\"}}],\"inLanguage\":\"de\"},{\"@type\":\"Organization\",\"@id\":\"https:\\\/\\\/www.in2greece.com\\\/griechenland\\\/#organization\",\"name\":\"Griechenland\",\"url\":\"https:\\\/\\\/www.in2greece.com\\\/griechenland\\\/\",\"logo\":{\"@type\":\"ImageObject\",\"inLanguage\":\"de\",\"@id\":\"https:\\\/\\\/www.in2greece.com\\\/griechenland\\\/#\\\/schema\\\/logo\\\/image\\\/\",\"url\":\"https:\\\/\\\/www.in2greece.com\\\/griechenland\\\/wp-content\\\/uploads\\\/2022\\\/08\\\/griechenland.png\",\"contentUrl\":\"https:\\\/\\\/www.in2greece.com\\\/griechenland\\\/wp-content\\\/uploads\\\/2022\\\/08\\\/griechenland.png\",\"width\":400,\"height\":383,\"caption\":\"Griechenland\"},\"image\":{\"@id\":\"https:\\\/\\\/www.in2greece.com\\\/griechenland\\\/#\\\/schema\\\/logo\\\/image\\\/\"}}]}<\/script>\n<!-- \/ Yoast SEO plugin. -->","yoast_head_json":{"title":"Korfu entdecken: Sehensw\u00fcrdigkeiten, Str\u00e4nde, Reisetipps","description":"Urlauber kamen nach Korfu seit den 40er Jahren, und seitdem hat sich die Insel zu einer der meistbesuchten griechischen Inseln entwickelt.","robots":{"index":"index","follow":"follow","max-snippet":"max-snippet:-1","max-image-preview":"max-image-preview:large","max-video-preview":"max-video-preview:-1"},"canonical":"https:\/\/www.in2greece.com\/griechenland\/inseln\/korfu.html","og_locale":"de_DE","og_type":"article","og_title":"Korfu entdecken: Sehensw\u00fcrdigkeiten, Str\u00e4nde, Reisetipps","og_description":"Urlauber kamen nach Korfu seit den 40er Jahren, und seitdem hat sich die Insel zu einer der meistbesuchten griechischen Inseln entwickelt.","og_url":"https:\/\/www.in2greece.com\/griechenland\/inseln\/korfu.html","og_site_name":"Griechenland","article_modified_time":"2024-07-03T19:46:13+00:00","og_image":[{"width":491,"height":323,"url":"https:\/\/www.in2greece.com\/griechenland\/wp-content\/uploads\/2024\/07\/korfu-1.jpg","type":"image\/jpeg"}],"twitter_card":"summary_large_image","twitter_misc":{"Gesch\u00e4tzte Lesezeit":"9\u00a0Minuten"},"schema":{"@context":"https:\/\/schema.org","@graph":[{"@type":"WebPage","@id":"https:\/\/www.in2greece.com\/griechenland\/inseln\/korfu.html","url":"https:\/\/www.in2greece.com\/griechenland\/inseln\/korfu.html","name":"Korfu entdecken: Sehensw\u00fcrdigkeiten, Str\u00e4nde, Reisetipps","isPartOf":{"@id":"https:\/\/www.in2greece.com\/griechenland\/#website"},"primaryImageOfPage":{"@id":"https:\/\/www.in2greece.com\/griechenland\/inseln\/korfu.html#primaryimage"},"image":{"@id":"https:\/\/www.in2greece.com\/griechenland\/inseln\/korfu.html#primaryimage"},"thumbnailUrl":"https:\/\/www.in2greece.com\/griechenland\/wp-content\/uploads\/2024\/07\/korfu-1.jpg","datePublished":"2024-07-03T19:44:32+00:00","dateModified":"2024-07-03T19:46:13+00:00","description":"Urlauber kamen nach Korfu seit den 40er Jahren, und seitdem hat sich die Insel zu einer der meistbesuchten griechischen Inseln entwickelt.","breadcrumb":{"@id":"https:\/\/www.in2greece.com\/griechenland\/inseln\/korfu.html#breadcrumb"},"inLanguage":"de","potentialAction":[{"@type":"ReadAction","target":["https:\/\/www.in2greece.com\/griechenland\/inseln\/korfu.html"]}]},{"@type":"ImageObject","inLanguage":"de","@id":"https:\/\/www.in2greece.com\/griechenland\/inseln\/korfu.html#primaryimage","url":"https:\/\/www.in2greece.com\/griechenland\/wp-content\/uploads\/2024\/07\/korfu-1.jpg","contentUrl":"https:\/\/www.in2greece.com\/griechenland\/wp-content\/uploads\/2024\/07\/korfu-1.jpg","width":491,"height":323,"caption":"korfu"},{"@type":"BreadcrumbList","@id":"https:\/\/www.in2greece.com\/griechenland\/inseln\/korfu.html#breadcrumb","itemListElement":[{"@type":"ListItem","position":1,"name":"Startseite","item":"https:\/\/www.in2greece.com\/griechenland\/"},{"@type":"ListItem","position":2,"name":"Korfu"}]},{"@type":"WebSite","@id":"https:\/\/www.in2greece.com\/griechenland\/#website","url":"https:\/\/www.in2greece.com\/griechenland\/","name":"Griechenland","description":"","publisher":{"@id":"https:\/\/www.in2greece.com\/griechenland\/#organization"},"potentialAction":[{"@type":"SearchAction","target":{"@type":"EntryPoint","urlTemplate":"https:\/\/www.in2greece.com\/griechenland\/?s={search_term_string}"},"query-input":{"@type":"PropertyValueSpecification","valueRequired":true,"valueName":"search_term_string"}}],"inLanguage":"de"},{"@type":"Organization","@id":"https:\/\/www.in2greece.com\/griechenland\/#organization","name":"Griechenland","url":"https:\/\/www.in2greece.com\/griechenland\/","logo":{"@type":"ImageObject","inLanguage":"de","@id":"https:\/\/www.in2greece.com\/griechenland\/#\/schema\/logo\/image\/","url":"https:\/\/www.in2greece.com\/griechenland\/wp-content\/uploads\/2022\/08\/griechenland.png","contentUrl":"https:\/\/www.in2greece.com\/griechenland\/wp-content\/uploads\/2022\/08\/griechenland.png","width":400,"height":383,"caption":"Griechenland"},"image":{"@id":"https:\/\/www.in2greece.com\/griechenland\/#\/schema\/logo\/image\/"}}]}},"_links":{"self":[{"href":"https:\/\/www.in2greece.com\/griechenland\/wp-json\/wp\/v2\/pages\/177","targetHints":{"allow":["GET"]}}],"collection":[{"href":"https:\/\/www.in2greece.com\/griechenland\/wp-json\/wp\/v2\/pages"}],"about":[{"href":"https:\/\/www.in2greece.com\/griechenland\/wp-json\/wp\/v2\/types\/page"}],"author":[{"embeddable":true,"href":"https:\/\/www.in2greece.com\/griechenland\/wp-json\/wp\/v2\/users\/1"}],"replies":[{"embeddable":true,"href":"https:\/\/www.in2greece.com\/griechenland\/wp-json\/wp\/v2\/comments?post=177"}],"version-history":[{"count":0,"href":"https:\/\/www.in2greece.com\/griechenland\/wp-json\/wp\/v2\/pages\/177\/revisions"}],"wp:featuredmedia":[{"embeddable":true,"href":"https:\/\/www.in2greece.com\/griechenland\/wp-json\/wp\/v2\/media\/185"}],"wp:attachment":[{"href":"https:\/\/www.in2greece.com\/griechenland\/wp-json\/wp\/v2\/media?parent=177"}],"curies":[{"name":"wp","href":"https:\/\/api.w.org\/{rel}","templated":true}]}}