{"id":1866,"date":"2023-06-18T20:08:36","date_gmt":"2023-06-18T18:08:36","guid":{"rendered":"https:\/\/www.mappagrecia.it\/?page_id=1866"},"modified":"2023-06-18T20:08:36","modified_gmt":"2023-06-18T18:08:36","slug":"naxos-mappa-2","status":"publish","type":"page","link":"https:\/\/www.in2greece.com\/grecia\/mappa\/cicladi\/naxos-mappa.html","title":{"rendered":"Naxos mappa"},"content":{"rendered":"\n<h2 class=\"wp-block-heading\">Mappa di Naxos<\/h2>\n\n\n<p>Naxos \u00e8 un&#8217;isola greca situata nel Mar Egeo, la pi\u00f9 grande delle isole Cicladi con una superficie di circa 429 km\u00b2. L&#8217;isola si trova tra Paros e Mykonos ed \u00e8 nota per le sue belle spiagge, le rovine antiche e le montagne imponenti.<\/p>\n<p>Il punto pi\u00f9 alto dell&#8217;isola \u00e8 il monte Zas che raggiunge i 1004 metri sul livello del mare. Il capoluogo dell&#8217;isola \u00e8 la citt\u00e0 di Naxos, situata sulla costa occidentale dell&#8217;isola.<\/p>\n<p>La popolazione residente \u00e8 di circa 18.000 persone, ed \u00e8 costituita principalmente da agricoltori e pescatori. Tra i luoghi di interesse dell&#8217;isola ci sono il Tempio di Apollo, le mura veneziane, il castello medievale di Chora, la Portara e il Kastro Veneziano.<\/p>\n<h3>Naxos Cartina<\/h3>\n<div style=\"width: 628px\" class=\"wp-caption alignnone\"><img decoding=\"async\" class=\"\" src=\"https:\/\/www.mappagrecia.it\/cicladi\/naxos.gif\" alt=\"Naxos\" width=\"618\" height=\"584\" \/><p class=\"wp-caption-text\"><strong>mappa di Naxos<\/strong><\/p><\/div>\n<p>\u00a0<\/p>","protected":false},"excerpt":{"rendered":"<p>Mappa di Naxos Naxos \u00e8 un&#8217;isola greca situata nel Mar Egeo, la pi\u00f9 grande delle isole Cicladi con una superficie di circa 429 km\u00b2. L&#8217;isola si trova tra Paros e Mykonos ed \u00e8 nota per le sue belle spiagge, le rovine antiche e le montagne imponenti. Il punto pi\u00f9 alto dell&#8217;isola \u00e8 il monte Zas<br \/><a class=\"moretag\" href=\"https:\/\/www.in2greece.com\/grecia\/mappa\/cicladi\/naxos-mappa.html\">+ Leggi di Pi\u00f9<\/a><\/p>\n","protected":false},"author":1,"featured_media":1867,"parent":0,"menu_order":0,"comment_status":"closed","ping_status":"closed","template":"","meta":{"footnotes":""},"class_list":["post-1866","page","type-page","status-publish","has-post-thumbnail","hentry"],"_links":{"self":[{"href":"https:\/\/www.in2greece.com\/grecia\/mappa\/wp-json\/wp\/v2\/pages\/1866","targetHints":{"allow":["GET"]}}],"collection":[{"href":"https:\/\/www.in2greece.com\/grecia\/mappa\/wp-json\/wp\/v2\/pages"}],"about":[{"href":"https:\/\/www.in2greece.com\/grecia\/mappa\/wp-json\/wp\/v2\/types\/page"}],"author":[{"embeddable":true,"href":"https:\/\/www.in2greece.com\/grecia\/mappa\/wp-json\/wp\/v2\/users\/1"}],"replies":[{"embeddable":true,"href":"https:\/\/www.in2greece.com\/grecia\/mappa\/wp-json\/wp\/v2\/comments?post=1866"}],"version-history":[{"count":0,"href":"https:\/\/www.in2greece.com\/grecia\/mappa\/wp-json\/wp\/v2\/pages\/1866\/revisions"}],"wp:featuredmedia":[{"embeddable":true,"href":"https:\/\/www.in2greece.com\/grecia\/mappa\/wp-json\/wp\/v2\/media\/1867"}],"wp:attachment":[{"href":"https:\/\/www.in2greece.com\/grecia\/mappa\/wp-json\/wp\/v2\/media?parent=1866"}],"curies":[{"name":"wp","href":"https:\/\/api.w.org\/{rel}","templated":true}]}}