{"id":1858,"date":"2023-06-18T19:47:08","date_gmt":"2023-06-18T17:47:08","guid":{"rendered":"https:\/\/www.mappagrecia.it\/?page_id=1858"},"modified":"2023-06-18T19:47:08","modified_gmt":"2023-06-18T17:47:08","slug":"kimolos-mappa-2","status":"publish","type":"page","link":"https:\/\/www.in2greece.com\/grecia\/mappa\/cicladi\/kimolos-mappa.html","title":{"rendered":"Kimolos mappa"},"content":{"rendered":"\n<h2 class=\"wp-block-heading\">Mappa di Kimolos<\/h2>\n\n\n<p><img decoding=\"async\" class=\"alignleft \" src=\"https:\/\/www.mappagrecia.it\/cicladi\/kimolos.gif\" alt=\"kimolos\" width=\"347\" height=\"280\" \/>Kimolos \u00e8 un&#8217;isola nella prefettura delle Cicladi in Grecia. Ha una superficie di 35,71 chilometri quadrati. Nel sud-ovest si trova Milos sulla Sud ad est di Poliegos isola e al nord-ovest di Sifnos.\u00a0 Il terreno \u00e8 di origine vulcanica e alluvionale nella regione settentrionale.<\/p>\n<p>La vetta pi\u00f9 alta \u00e8 Paliokastro (358 m). Contiene depositi argentifero barite e strati di gesso e calcare. Partendo dal promontorio settentrionale dell&#8217;isola, il Monastero, e seguendo il senso orario, troviamo la baia Vromo, le mantelle Praso e Anatoli, la piccola isola di Praso, l&#8217;isola Klima, la baia Psathi e gli isolotti Pyrgi, Agios Georgios.<\/p>\n<p>La lunghezza della linea costiera \u00e8 37,9 km Il clima \u00e8 mite e dolce. La vegetazione \u00e8 limitata a pochi olivi e viti<\/p>\n\n\n<h2 class=\"wp-block-heading\">Cartina Kimolos<\/h2>\n\n\n\n<figure class=\"wp-block-image size-full\"><img decoding=\"async\" width=\"800\" height=\"945\" src=\"https:\/\/www.in2greece.com\/grecia\/mappa\/wp-content\/uploads\/2023\/06\/kimolos-mappa-1.gif\" alt=\"kimolos-mappa\" class=\"wp-image-1859\"\/><figcaption class=\"wp-element-caption\"><strong>Mappa di Kimols<\/strong><\/figcaption><\/figure>\n","protected":false},"excerpt":{"rendered":"<p>Mappa di Kimolos Kimolos \u00e8 un&#8217;isola nella prefettura delle Cicladi in Grecia. Ha una superficie di 35,71 chilometri quadrati. Nel sud-ovest si trova Milos sulla Sud ad est di Poliegos isola e al nord-ovest di Sifnos.\u00a0 Il terreno \u00e8 di origine vulcanica e alluvionale nella regione settentrionale. La vetta pi\u00f9 alta \u00e8 Paliokastro (358 m).<br \/><a class=\"moretag\" href=\"https:\/\/www.in2greece.com\/grecia\/mappa\/cicladi\/kimolos-mappa.html\">+ Leggi di Pi\u00f9<\/a><\/p>\n","protected":false},"author":1,"featured_media":1859,"parent":0,"menu_order":0,"comment_status":"closed","ping_status":"closed","template":"","meta":{"footnotes":""},"class_list":["post-1858","page","type-page","status-publish","has-post-thumbnail","hentry"],"_links":{"self":[{"href":"https:\/\/www.in2greece.com\/grecia\/mappa\/wp-json\/wp\/v2\/pages\/1858","targetHints":{"allow":["GET"]}}],"collection":[{"href":"https:\/\/www.in2greece.com\/grecia\/mappa\/wp-json\/wp\/v2\/pages"}],"about":[{"href":"https:\/\/www.in2greece.com\/grecia\/mappa\/wp-json\/wp\/v2\/types\/page"}],"author":[{"embeddable":true,"href":"https:\/\/www.in2greece.com\/grecia\/mappa\/wp-json\/wp\/v2\/users\/1"}],"replies":[{"embeddable":true,"href":"https:\/\/www.in2greece.com\/grecia\/mappa\/wp-json\/wp\/v2\/comments?post=1858"}],"version-history":[{"count":0,"href":"https:\/\/www.in2greece.com\/grecia\/mappa\/wp-json\/wp\/v2\/pages\/1858\/revisions"}],"wp:featuredmedia":[{"embeddable":true,"href":"https:\/\/www.in2greece.com\/grecia\/mappa\/wp-json\/wp\/v2\/media\/1859"}],"wp:attachment":[{"href":"https:\/\/www.in2greece.com\/grecia\/mappa\/wp-json\/wp\/v2\/media?parent=1858"}],"curies":[{"name":"wp","href":"https:\/\/api.w.org\/{rel}","templated":true}]}}