{"id":1690,"date":"2023-06-15T13:23:07","date_gmt":"2023-06-15T11:23:07","guid":{"rendered":"https:\/\/www.mappagrecia.it\/?page_id=1690"},"modified":"2023-06-15T13:23:07","modified_gmt":"2023-06-15T11:23:07","slug":"lefkada-mappa","status":"publish","type":"page","link":"https:\/\/www.in2greece.com\/grecia\/mappa\/isole-ionie\/lefkada-mappa.html","title":{"rendered":"Lefkada Mappa"},"content":{"rendered":"\n<h2 class=\"wp-block-heading\">Mappa di Lefkada<\/h2>\n\n\n<div class=\"user_avatar\">Lefkada \u00e8 un&#8217;isola greca situata nel Mar Ionio, sulla costa occidentale della Grecia. Si trova a sud di Corf\u00f9 e a nord di Cefalonia. L&#8217;isola \u00e8 collegata al continente da una striscia di terra lunga circa 50 metri, chiamata istmo di Lefkada.<\/div>\n<div class=\"text\">\n<p>L&#8217;isola ha una superficie di circa 302 km\u00b2 ed \u00e8 caratterizzata da una geografia molto varia. La costa orientale dell&#8217;isola \u00e8 prevalentemente rocciosa e frastagliata, con ripide scogliere che si ergono dalla superficie del mare.<\/p>\n<p>La costa occidentale, invece, \u00e8 costituita da lunghe spiagge sabbiose e insenature protette, che creano baie naturali perfette per la balneazione.<\/p>\n<p>L&#8217;entroterra dell&#8217;isola \u00e8 montuoso e cosparsa di colline, con altitudini che raggiungono i 1162 metri sul monte Stavrota, il punto pi\u00f9 alto dell&#8217;isola. Lefkada \u00e8 coperta da una vegetazione rigogliosa e densa, con foreste di pini, ulivi, cipressi, querce e palme.<\/p>\n<\/div>\n\n\n<h2 class=\"wp-block-heading has-text-align-center\">Lefkada Cartina<\/h2>\n\n\n<div class=\"wp-block-image\">\n<figure class=\"aligncenter size-full\"><img decoding=\"async\" width=\"968\" height=\"1154\" src=\"https:\/\/www.in2greece.com\/grecia\/mappa\/wp-content\/uploads\/2023\/06\/lefkada-1.jpg\" alt=\"lefkada mappa\" class=\"wp-image-1691\" srcset=\"https:\/\/www.in2greece.com\/grecia\/mappa\/wp-content\/uploads\/2023\/06\/lefkada-1.jpg 968w, https:\/\/www.in2greece.com\/grecia\/mappa\/wp-content\/uploads\/2023\/06\/lefkada-1-252x300.jpg 252w, https:\/\/www.in2greece.com\/grecia\/mappa\/wp-content\/uploads\/2023\/06\/lefkada-1-859x1024.jpg 859w, https:\/\/www.in2greece.com\/grecia\/mappa\/wp-content\/uploads\/2023\/06\/lefkada-1-768x916.jpg 768w\" sizes=\"(max-width: 968px) 100vw, 968px\" \/><figcaption class=\"wp-element-caption\"><strong>MAPPA DI LEFKADA<\/strong><\/figcaption><\/figure>\n<\/div>","protected":false},"excerpt":{"rendered":"<p>Mappa di Lefkada Lefkada \u00e8 un&#8217;isola greca situata nel Mar Ionio, sulla costa occidentale della Grecia. Si trova a sud di Corf\u00f9 e a nord di Cefalonia. L&#8217;isola \u00e8 collegata al continente da una striscia di terra lunga circa 50 metri, chiamata istmo di Lefkada. L&#8217;isola ha una superficie di circa 302 km\u00b2 ed \u00e8<br \/><a class=\"moretag\" href=\"https:\/\/www.in2greece.com\/grecia\/mappa\/isole-ionie\/lefkada-mappa.html\">+ Leggi di Pi\u00f9<\/a><\/p>\n","protected":false},"author":1,"featured_media":1691,"parent":0,"menu_order":0,"comment_status":"closed","ping_status":"closed","template":"","meta":{"footnotes":""},"class_list":["post-1690","page","type-page","status-publish","has-post-thumbnail","hentry"],"_links":{"self":[{"href":"https:\/\/www.in2greece.com\/grecia\/mappa\/wp-json\/wp\/v2\/pages\/1690","targetHints":{"allow":["GET"]}}],"collection":[{"href":"https:\/\/www.in2greece.com\/grecia\/mappa\/wp-json\/wp\/v2\/pages"}],"about":[{"href":"https:\/\/www.in2greece.com\/grecia\/mappa\/wp-json\/wp\/v2\/types\/page"}],"author":[{"embeddable":true,"href":"https:\/\/www.in2greece.com\/grecia\/mappa\/wp-json\/wp\/v2\/users\/1"}],"replies":[{"embeddable":true,"href":"https:\/\/www.in2greece.com\/grecia\/mappa\/wp-json\/wp\/v2\/comments?post=1690"}],"version-history":[{"count":0,"href":"https:\/\/www.in2greece.com\/grecia\/mappa\/wp-json\/wp\/v2\/pages\/1690\/revisions"}],"wp:featuredmedia":[{"embeddable":true,"href":"https:\/\/www.in2greece.com\/grecia\/mappa\/wp-json\/wp\/v2\/media\/1691"}],"wp:attachment":[{"href":"https:\/\/www.in2greece.com\/grecia\/mappa\/wp-json\/wp\/v2\/media?parent=1690"}],"curies":[{"name":"wp","href":"https:\/\/api.w.org\/{rel}","templated":true}]}}