{"id":1668,"date":"2023-06-14T21:23:09","date_gmt":"2023-06-14T19:23:09","guid":{"rendered":"https:\/\/www.mappagrecia.it\/?page_id=1668"},"modified":"2023-06-14T21:23:09","modified_gmt":"2023-06-14T19:23:09","slug":"mappa-della-grecia-antica","status":"publish","type":"page","link":"https:\/\/www.in2greece.com\/grecia\/mappa\/antica-grecia.html","title":{"rendered":"Mappa della Grecia Antica"},"content":{"rendered":"\n<h2 class=\"wp-block-heading\">Antica Grecia Mappa<\/h2>\n\n\n<div class=\"text\">\n<p>L&#8217;Antica Grecia era una civilt\u00e0 che si svilupp\u00f2 attorno al I millennio a.C. nella regione del Mediterraneo orientale, corrispondente all&#8217;attuale territorio della Grecia moderna e di alcune regioni adiacenti. La geografia dell&#8217;Antica Grecia era molto varia, con numerose isole, catene montuose e pianure.<\/p>\n<p>La Grecia continentale era divisa in diverse regioni, tra cui l&#8217;Attica (dove si trovava la citt\u00e0 di Atene), la Beozia, l&#8217;Epiro, la Tessaglia, la Focide, la Acarnania, l&#8217;Elide, l&#8217;Arcadia, la Laconia e la Messenia. La maggior parte delle regioni era collinare o montuosa, ma ci sono anche alcune valli e pianure, come quella di Platea.<\/p>\n<p>Le isole greche erano molte e ciascuna aveva le proprie caratteristiche geografiche. Ad esempio, Creta \u00e8 la pi\u00f9 grande isola greca, mentre le Cicladi sono un gruppo di isole rocciose situate nel Mar Egeo e famose per le loro case bianche e il mare cristallino. Le isole del Dodecaneso, invece, sono pi\u00f9 vicine alla costa turca e hanno un aspetto pi\u00f9 orientale.<\/p>\n<p>La geografia dell&#8217;Antica Grecia ha avuto un grande impatto sulla civilt\u00e0 e sulla cultura di quei tempi. L&#8217;agricoltura era una delle principali fonti di sostentamento e molte attivit\u00e0 economiche erano basate sul commercio marittimo. Le montagne spesso hanno creato divisioni tra le comunit\u00e0 creando dei dialetti regionali e delle differenze culturali. Tuttavia, nonostante queste divisioni, l&#8217;Antica Grecia ha prodotto una delle maggiori civilt\u00e0 del mondo, che ci ha lasciato un patrimonio culturale senza precedenti nella storia.<\/p>\n<\/div>\n\n\n<h2 class=\"wp-block-heading has-text-align-center\">Mappa Antica Grecia<\/h2>\n\n\n<div class=\"wp-block-image\">\n<figure class=\"aligncenter size-full\"><img decoding=\"async\" width=\"2000\" height=\"1785\" src=\"https:\/\/www.in2greece.com\/grecia\/mappa\/wp-content\/uploads\/2023\/06\/Mappa-della-antica-Grecia-1.jpg\" alt=\"Mappa-della-antica-Grecia\" class=\"wp-image-1669\" srcset=\"https:\/\/www.in2greece.com\/grecia\/mappa\/wp-content\/uploads\/2023\/06\/Mappa-della-antica-Grecia-1.jpg 2000w, https:\/\/www.in2greece.com\/grecia\/mappa\/wp-content\/uploads\/2023\/06\/Mappa-della-antica-Grecia-1-300x268.jpg 300w, https:\/\/www.in2greece.com\/grecia\/mappa\/wp-content\/uploads\/2023\/06\/Mappa-della-antica-Grecia-1-1024x914.jpg 1024w, https:\/\/www.in2greece.com\/grecia\/mappa\/wp-content\/uploads\/2023\/06\/Mappa-della-antica-Grecia-1-768x685.jpg 768w, https:\/\/www.in2greece.com\/grecia\/mappa\/wp-content\/uploads\/2023\/06\/Mappa-della-antica-Grecia-1-1536x1371.jpg 1536w\" sizes=\"(max-width: 2000px) 100vw, 2000px\" \/><figcaption class=\"wp-element-caption\"><strong>MAPPA DELLA GRECIA ANTICA<\/strong><\/figcaption><\/figure>\n<\/div>","protected":false},"excerpt":{"rendered":"<p>Antica Grecia Mappa L&#8217;Antica Grecia era una civilt\u00e0 che si svilupp\u00f2 attorno al I millennio a.C. nella regione del Mediterraneo orientale, corrispondente all&#8217;attuale territorio della Grecia moderna e di alcune regioni adiacenti. La geografia dell&#8217;Antica Grecia era molto varia, con numerose isole, catene montuose e pianure. La Grecia continentale era divisa in diverse regioni, tra<br \/><a class=\"moretag\" href=\"https:\/\/www.in2greece.com\/grecia\/mappa\/antica-grecia.html\">+ Leggi di Pi\u00f9<\/a><\/p>\n","protected":false},"author":1,"featured_media":1669,"parent":0,"menu_order":0,"comment_status":"closed","ping_status":"closed","template":"","meta":{"footnotes":""},"class_list":["post-1668","page","type-page","status-publish","has-post-thumbnail","hentry"],"_links":{"self":[{"href":"https:\/\/www.in2greece.com\/grecia\/mappa\/wp-json\/wp\/v2\/pages\/1668","targetHints":{"allow":["GET"]}}],"collection":[{"href":"https:\/\/www.in2greece.com\/grecia\/mappa\/wp-json\/wp\/v2\/pages"}],"about":[{"href":"https:\/\/www.in2greece.com\/grecia\/mappa\/wp-json\/wp\/v2\/types\/page"}],"author":[{"embeddable":true,"href":"https:\/\/www.in2greece.com\/grecia\/mappa\/wp-json\/wp\/v2\/users\/1"}],"replies":[{"embeddable":true,"href":"https:\/\/www.in2greece.com\/grecia\/mappa\/wp-json\/wp\/v2\/comments?post=1668"}],"version-history":[{"count":0,"href":"https:\/\/www.in2greece.com\/grecia\/mappa\/wp-json\/wp\/v2\/pages\/1668\/revisions"}],"wp:featuredmedia":[{"embeddable":true,"href":"https:\/\/www.in2greece.com\/grecia\/mappa\/wp-json\/wp\/v2\/media\/1669"}],"wp:attachment":[{"href":"https:\/\/www.in2greece.com\/grecia\/mappa\/wp-json\/wp\/v2\/media?parent=1668"}],"curies":[{"name":"wp","href":"https:\/\/api.w.org\/{rel}","templated":true}]}}